{"id":8781,"date":"2019-03-04T13:29:08","date_gmt":"2019-03-04T18:29:08","guid":{"rendered":"http:\/\/egyptianwisdomcenter.org\/pavian\/"},"modified":"2023-01-08T06:51:51","modified_gmt":"2023-01-08T11:51:51","slug":"pavian","status":"publish","type":"page","link":"https:\/\/egyptianwisdomcenter.org\/hi\/pavian\/","title":{"rendered":"Pavian"},"content":{"rendered":"<h2 style=\"text-align: center;\"><span style=\"color: #ff0000;\"><strong>Pavian<\/strong><\/span><\/h2>\n<p>&nbsp;<\/p>\n<p>Der Pavian stellt den Ausgangspunkt eines Zyklus dar (eines Sch\u00f6pfungszyklus oder eines t\u00e4glichen Zyklus).<\/p>\n<p><a href=\"https:\/\/trfed2.pressbooks.com\/wp-content\/uploads\/sites\/42625\/2015\/11\/MasperoI-199-Soul-300x185.gif\"><img decoding=\"async\" class=\"wp-image-514 aligncenter\" src=\"https:\/\/trfed2.pressbooks.com\/wp-content\/uploads\/sites\/42625\/2015\/11\/MasperoI-199-Soul-300x185.gif\" alt=\"\" width=\"181\" height=\"261\" \/><\/a><\/p>\n<p>Der Pavian repr\u00e4sentiert diesen Punkt des Beginns sehr gut. Der Pavian ist fast menschlich; Und als solcher stellt sie diesen entscheidenden Moment dar, der dem Erwachen der Sonne vorausgeht.<\/p>\n<p>Der Pavian sendet einen knisternden Klang am Riss der Morgend\u00e4mmerung aus, Der Punkt des Anfangs.<\/p>\n<p>In einer solchen Rolle wird der Pavian mit Thoth [Tehuti] in Verbindung gebracht \u2014 der g\u00f6ttliche Zwischenraum zwischen dem Metaphysischen (die Dunkelheit vor der D\u00e4mmerung) und dem Physikalischen (wie das Licht hervorkommt).<\/p>\n<p>In den alten \u00e4gyptischen Traditionen wurden die Worte von Re (Ra), die durch Thoth (Hermes, Merkur) offenbart wurden, zu den Dingen und Gesch\u00f6pfen dieser Welt; Die W\u00f6rter (also Klangenergien) schufen die Formen im Universum. Als solches stellt Thoth die Verbindung zwischen dem metaphysischen (au\u00dfermenschlichen) und dem physikalischen (weltlichen) dar. Eine solche Verbindung von Thoth stellt den Riss der Morgend\u00e4mmerung dar, und daher ist Thoth mit dem Pavian verwandt.<\/p>\n<p>Der Pavian wird in der Regel als sitzend dargestellt und wartet auf Moment Null,<\/p>\n<p><a href=\"http:\/\/egyptianwisdomcenter.org\/wp-content\/uploads\/2019\/02\/ed-ch9-photo1-96c-179x300.jpg\"><img fetchpriority=\"high\" decoding=\"async\" class=\"size-medium wp-image-897 aligncenter\" src=\"http:\/\/egyptianwisdomcenter.org\/wp-content\/uploads\/2019\/02\/ed-ch9-photo1-96c-179x300.jpg\" alt=\"\" width=\"179\" height=\"300\" \/><\/a><\/p>\n<p>Oder steht auf, das Kommen eines neuen Zyklus rufend.<\/p>\n<p><a href=\"http:\/\/egyptianwisdomcenter.org\/wp-content\/uploads\/2019\/02\/ed-ch9-photo2-96c-167x300.jpg\"><img decoding=\"async\" class=\"size-medium wp-image-898 aligncenter\" src=\"http:\/\/egyptianwisdomcenter.org\/wp-content\/uploads\/2019\/02\/ed-ch9-photo2-96c-167x300.jpg\" alt=\"\" width=\"167\" height=\"300\" \/><\/a><\/p>\n<p>Im Einklang mit der Rolle des Pavians stellen wir fest, dass einer der vier Sch\u00fcler des Horus einen Paviankopf hat. Seine Rolle ist es, \u00fcber den \u00f6stlichen Quadranten \u2014 der Region zu wachen, in der eine neue, erneuerte Sch\u00f6pfung hervortritt.<\/p>\n<p><a href=\"https:\/\/trfed2.pressbooks.com\/wp-content\/uploads\/sites\/42625\/2015\/11\/uncg-31c-Ani-008c-263x300.gif\"><img loading=\"lazy\" decoding=\"async\" class=\"aligncenter wp-image-517\" src=\"https:\/\/de.egyptianwisdomcenter.org\/wp-content\/uploads\/\/2019\/02\/uncg-31c-Ani-008c-263x300-e1519754199749.gif\" alt=\"\" width=\"213\" height=\"89\" \/><\/a><\/p>\n<p>&nbsp;<\/p>\n<p><span style=\"color: #ff0000;\"><strong>[Ein \u00fcbersetzter Auszug aus dem Buch &#8220;Egyptian Divinities : The All Who Are The ONE&#8221;, 2. Ausgabe von Moustafa Gadalla]<\/strong><\/span><\/p>\n<div>\n<div>\n<div>\n<p><span style=\"color: #ff0000;\"><strong><a href=\"https:\/\/egyptianwisdomcenter.org\/hi\/product\/egyptian-divinities-the-all-who-are-the-one-2nd-edition\/\"><span style=\"color: #0000ff;\">https:\/\/egyptianwisdomcenter.org\/product\/egyptian-divinities-the-all-who-are-the-one-2nd-edition\/<\/span><\/a><\/strong><\/span><\/p>\n<p><img decoding=\"async\" class=\"aligncenter\" src=\"https:\/\/books2read-prod.s3.amazonaws.com\/CACHE\/images\/ubl_book_images\/book_display_image_qOuT56H\/40d95446cc17340ec7b02939eaa44c10\" \/><\/p>\n<p style=\"text-align: center;\"><a href=\"https:\/\/egyptianwisdomcenter.org\/hi\/product\/egyptian-divinities-the-all-who-are-the-one-2nd-edition\/\"><strong><span style=\"color: #ff0000;\"><span style=\"color: #0000ff;\">https:\/\/egyptianwisdomcenter.org\/product\/egyptian-divinities-the-all-who-are-the-one-2nd-edition\/<\/span><\/span><\/strong><\/a><\/p>\n<\/div>\n<\/div>\n<\/div>\n<p>&nbsp;<\/p>\n<p>&nbsp;<\/p>\n<p>&nbsp;<\/p>","protected":false},"excerpt":{"rendered":"<p>Pavian &nbsp; Der Pavian stellt den Ausgangspunkt eines Zyklus dar (eines Sch\u00f6pfungszyklus oder eines t\u00e4glichen Zyklus). Der Pavian repr\u00e4sentiert diesen Punkt des [&hellip;]<\/p>","protected":false},"author":3,"featured_media":0,"parent":0,"menu_order":0,"comment_status":"closed","ping_status":"closed","template":"","meta":{"footnotes":""},"class_list":["post-8781","page","type-page","status-publish","hentry"],"aioseo_notices":[],"_links":{"self":[{"href":"https:\/\/egyptianwisdomcenter.org\/hi\/wp-json\/wp\/v2\/pages\/8781","targetHints":{"allow":["GET"]}}],"collection":[{"href":"https:\/\/egyptianwisdomcenter.org\/hi\/wp-json\/wp\/v2\/pages"}],"about":[{"href":"https:\/\/egyptianwisdomcenter.org\/hi\/wp-json\/wp\/v2\/types\/page"}],"author":[{"embeddable":true,"href":"https:\/\/egyptianwisdomcenter.org\/hi\/wp-json\/wp\/v2\/users\/3"}],"replies":[{"embeddable":true,"href":"https:\/\/egyptianwisdomcenter.org\/hi\/wp-json\/wp\/v2\/comments?post=8781"}],"version-history":[{"count":0,"href":"https:\/\/egyptianwisdomcenter.org\/hi\/wp-json\/wp\/v2\/pages\/8781\/revisions"}],"wp:attachment":[{"href":"https:\/\/egyptianwisdomcenter.org\/hi\/wp-json\/wp\/v2\/media?parent=8781"}],"curies":[{"name":"wp","href":"https:\/\/api.w.org\/{rel}","templated":true}]}}