{"id":61665,"date":"2023-01-05T15:04:14","date_gmt":"2023-01-05T20:04:14","guid":{"rendered":"https:\/\/egyptianwisdomcenter.org\/?post_type=product&#038;p=61665"},"modified":"2024-06-01T04:53:51","modified_gmt":"2024-06-01T08:53:51","slug":"instruments-de-musique-egyptiens","status":"publish","type":"product","link":"https:\/\/egyptianwisdomcenter.org\/hi\/product\/instruments-de-musique-egyptiens\/","title":{"rendered":"Instruments de Musique \u00c9gyptiens"},"content":{"rendered":"<p><strong>R\u00e9sum\u00e9 Complet<\/strong><\/p>\n<p>Ce livre pr\u00e9sente les principaux instruments de musique de l\u2019ancienne \u00c9gypte, leurs gammes ainsi que les techniques de jeu.<\/p>\n<p>Ce livre se compose de cinq chapitres:<\/p>\n<p>Le chapitre 1: La richesse des instruments pr\u00e9sentera les caract\u00e9ristiques g\u00e9n\u00e9rales des instruments \u00e9gyptiens ainsi que les principaux composants de l\u2019orchestre de musique. Le chapitre 2: Les instruments \u00e0 cordes pr\u00e9sentera diff\u00e9rents instruments \u00e0 cordes de l\u2019\u00c9gypte antique, tels que les lyres, le tri-kanoun (cithare) et les harpes, accompagn\u00e9s de leurs techniques de jeu: Harpes \u2013 Techniques de jeu\u2009; les capacit\u00e9s globales des instruments de l\u2019Antiquit\u00e9\u2009; les instruments \u00e0 cordes avec un manche, comme le luth \u00e0 manche court\u2009; les guitares \u00e9gyptiennes \u00e0 manche long et les instruments \u00e0 archet [kamanche, rab\u00e2b].<\/p>\n<p>Le chapitre 3: Instruments \u00e0 vent pr\u00e9sentera la fl\u00fbte \u00e0 embouchure terminale\u2009; la fl\u00fbte traversi\u00e8re\u2009; la fl\u00fbte de pan\u2009; la fl\u00fbte \u00e0 anche simple (clarinette)\u2009; la fl\u00fbte double\u2009; la clarinette double\u2009; le double hautbois\u2009; l\u2019arghoul\u2009; d\u2019autres instruments (cornemuse et orgue) et enfin les cors\/trompettes.<\/p>\n<p>Le chapitre 4: Instruments \u00e0 percussion pr\u00e9sentera les instruments membranophones comme les tambours et les tambourins, les instruments non-membranophones (idiophones) comme les baguettes de percussion, les cliquettes, les sistres, les cymbales, les castagnettes, les cloches (chimes), le xylophone et le glockenspiel, ainsi que les parties du corps humain (mains, doigts, cuisses, pieds, etc.)<\/p>\n<p>Le chapitre 5: La repr\u00e9sentation musicale pr\u00e9sentera l\u2019importance et le r\u00f4le des doigts et de leurs jointures pour produire et diriger des repr\u00e9sentations musicales\u2009; il abordera \u00e9galement les diff\u00e9rentes m\u00e9thodes pour garder le rythme\/tempo, notamment en pronon\u00e7ant des syllabes.<\/p>","protected":false},"excerpt":{"rendered":"<p>\u092c\u0930\u093e\u092c\u0930\u00a0<a class=\"contributor-name\" translate=\"no\" href=\"https:\/\/egyptianwisdomcenter.org\/fr\/a-propos\/\" data-force-track=\"\" data-track-info=\"{&quot;description&quot;:&quot;authorSearch&quot;,&quot;author&quot;:&quot;Moustafa Gadalla&quot;}\">\u092e\u0941\u0938\u094d\u0924\u092b\u093c\u093e \u0917\u0926\u093e\u0932\u094d\u0932\u093e<\/a><\/p>\n<hr \/>\n<p><strong>R\u00e9sum\u00e9<\/strong><\/p>\n<p>Ce livre \u00e9lectronique traduit en fran\u00e7ais pr\u00e9sente les instruments de musique les plus importants de l&#8217;ancienne \u00c9gypte, leurs \u00e9tendues et leurs techniques de jeu.<\/p>\n<p>&#8211; La richesse des instruments<\/p>\n<p>&#8211; Les instruments \u00e0 cordes<\/p>\n<p>&#8211; Instruments \u00e0 vent<\/p>\n<p>&#8211; Instruments \u00e0 percussion<\/p>\n<p>&#8211; La repr\u00e9sentation musicale<\/p>\n<p>&nbsp;<\/p>\n<hr \/>\n<p><center><br \/>\n<a class=\"button minimal\" href=\"https:\/\/books2read.com\/u\/b6JKdp\" target=\"_blank\" rel=\"noopener\">VOIR LES OPTIONS D\u2019ACHAT<\/a><\/center><center><\/center><center><br \/>\n<a href=\"https:\/\/www.amazon.fr\/Instruments-musique-%C3%A9gyptiens-Moustafa-Gadalla-ebook\/dp\/B07CS9HMKZ\" target=\"_blank\" rel=\"noopener\"><img decoding=\"async\" class=\"alignnone size-full wp-image-68963\" src=\"https:\/\/egyptianwisdomcenter.org\/wp-content\/uploads\/2023\/01\/instrument.png\" alt=\"\" width=\"240\" height=\"41\" srcset=\"https:\/\/egyptianwisdomcenter.org\/wp-content\/uploads\/2023\/01\/instrument.png 240w, https:\/\/egyptianwisdomcenter.org\/wp-content\/uploads\/2023\/01\/instrument-18x3.png 18w, https:\/\/egyptianwisdomcenter.org\/wp-content\/uploads\/2023\/01\/instrument-230x39.png 230w\" sizes=\"(max-width: 240px) 100vw, 240px\" \/><\/a><\/center><\/p>","protected":false},"featured_media":61667,"comment_status":"open","ping_status":"closed","template":"","meta":[],"product_brand":[],"product_cat":[98,102],"product_tag":[],"class_list":{"0":"post-61665","1":"product","2":"type-product","3":"status-publish","4":"has-post-thumbnail","6":"product_cat-edition-francaise","7":"product_cat-edition-francaise-2","9":"first","10":"instock","11":"shipping-taxable","12":"product-type-simple"},"aioseo_notices":[],"_links":{"self":[{"href":"https:\/\/egyptianwisdomcenter.org\/hi\/wp-json\/wp\/v2\/product\/61665","targetHints":{"allow":["GET"]}}],"collection":[{"href":"https:\/\/egyptianwisdomcenter.org\/hi\/wp-json\/wp\/v2\/product"}],"about":[{"href":"https:\/\/egyptianwisdomcenter.org\/hi\/wp-json\/wp\/v2\/types\/product"}],"replies":[{"embeddable":true,"href":"https:\/\/egyptianwisdomcenter.org\/hi\/wp-json\/wp\/v2\/comments?post=61665"}],"wp:featuredmedia":[{"embeddable":true,"href":"https:\/\/egyptianwisdomcenter.org\/hi\/wp-json\/wp\/v2\/media\/61667"}],"wp:attachment":[{"href":"https:\/\/egyptianwisdomcenter.org\/hi\/wp-json\/wp\/v2\/media?parent=61665"}],"wp:term":[{"taxonomy":"product_brand","embeddable":true,"href":"https:\/\/egyptianwisdomcenter.org\/hi\/wp-json\/wp\/v2\/product_brand?post=61665"},{"taxonomy":"product_cat","embeddable":true,"href":"https:\/\/egyptianwisdomcenter.org\/hi\/wp-json\/wp\/v2\/product_cat?post=61665"},{"taxonomy":"product_tag","embeddable":true,"href":"https:\/\/egyptianwisdomcenter.org\/hi\/wp-json\/wp\/v2\/product_tag?post=61665"}],"curies":[{"name":"wp","href":"https:\/\/api.w.org\/{rel}","templated":true}]}}