{"id":61966,"date":"2023-01-06T16:04:17","date_gmt":"2023-01-06T21:04:17","guid":{"rendered":"https:\/\/egyptianwisdomcenter.org\/?post_type=product&#038;p=61966"},"modified":"2024-06-01T05:03:22","modified_gmt":"2024-06-01T09:03:22","slug":"isis-das-goettliche-weibliche-prinzip","status":"publish","type":"product","link":"https:\/\/egyptianwisdomcenter.org\/hi\/product\/isis-das-goettliche-weibliche-prinzip\/","title":{"rendered":"Isis \u2013 Das G\u00f6ttliche Weibliche Prinzip"},"content":{"rendered":"<p><strong>LANGE BESCHREIBUNG<\/strong><\/p>\n<p>Diese deutsche \u00dcbersetzung des Buches ist in f\u00fcnf Kapitel unterteilt und enth\u00e4lt einen Anhang:<\/p>\n<p>Kapitel 1: Die Mutter der Sch\u00f6pfung zeigt die Rolle der Isis bei der Sch\u00f6pfung als Abbild der Gesamtheit der Sch\u00f6pfung sowie ihre Beziehung zu Re und Osiris.<\/p>\n<p>Kapitel 2: Isis &amp; Osiris \u2013 das dynamische Duo zeigt die kombinierten Rollen von Isis und Osiris bei der Entwicklung und Entstehung aller Sch\u00f6pfungen im Universum.<\/p>\n<p>Kapitel 3: Die Vielzahl der Beinamen von Isis zeigt sechzehn weibliche Gottheiten \u2013 als eine Manifestation der Isis als das weibliche Prinzip des erschaffenen Universums.<\/p>\n<p>Kapitel 4: Die Geliebte aller L\u00e4nder zeigt die Ausbreitung der \u00e4gyptischen Religion auf der ganzen Welt und wie solche Glaubenss\u00e4tze im Christentum weiterleben. Es zeigt auch, wie die alt\u00e4gyptische Isis und die ihr zugeordneten religi\u00f6sen Feste im Christentum f\u00fcr Maria \u00fcbernommen wurden, und zwar an denselben Tagen wie im \u00e4gyptischen Kalender.<\/p>\n<p>Kapitel 5: Das machtvolle Herz zeigt den ewigen m\u00e4chtigen Einfluss der Isis auf die Menschheit als Suchende nach Trost und umfassender Heilung.<\/p>\n<p>Anhang: Herz und Seele \u2013 metaphysische Betrachtungen zeigt die metaphysischen Aspekte des Herzens (Isis) und der Seele (Osiris) und wie ein menschliches Wesen in der Lage ist, die Integration von diesem Herz und dieser Seele zu erreichen.<\/p>","protected":false},"excerpt":{"rendered":"<p>von <a href=\"https:\/\/egyptianwisdomcenter.org\/de\/uber-mich\/\">\u092e\u0941\u0938\u094d\u0924\u092b\u093c\u093e \u0917\u0926\u093e\u0932\u094d\u0932\u093e<\/a><\/p>\n<hr \/>\n<p><strong>Zusammenfassung<\/strong><\/p>\n<p>Diese in die deutsche Sprache \u00fcbersetzt Ausgabe erkl\u00e4rt das g\u00f6ttliche weibliche Prinzip als Quelle der Sch\u00f6pfung sowohl metaphysisch als auch physisch; die Beziehung (und Einheit) der weiblichen und m\u00e4nnlichen Prinzipien; Erkl\u00e4rung von rund zwanzig weiblichen Gottheiten als Manifestationen der weiblichen Attribute; die Rolle von Isis\u2018 Ideologie auf der ganzen Welt; und vieles mehr. Dieses Buch wird sowohl den Geist mit umfassenden Informationen sowie das Herz mit dem ganzen Spektrum an Emotionen f\u00fcllen.<\/p>\n<p><a href=\"https:\/\/egyptianwisdomcenter.org\/wp-content\/uploads\/2023\/01\/Isis-Das-gottliche-weibliche-Prinzip-1479509162.pdf\">Vorschau jetzt (PDF)<\/a><\/p>\n<hr \/>\n<p><center><br \/>\n<a class=\"button minimal\" href=\"https:\/\/books2read.com\/u\/4DjgpP\" target=\"_blank\" rel=\"noopener\">Kaufoptionen anzeigen<\/a><\/center><center><\/center><center><\/p>\n<div id='wpsr-reviews-slider-69144' class='wpsr-reviews-69144  wpsr-reviews-wrapper wpsr-feed-wrap wpsr_content  wpsr-reviews-slider-wrapper   wpsr-reviews-template-grid2 wpsr-reviews-layout-slider wpsr-header-enable' data-column='4' data-platforms='amazon' data-slider_settings='{&quot;autoplay&quot;:&quot;false&quot;,&quot;autoplay_speed&quot;:3000,&quot;slides_to_show&quot;:3,&quot;spaceBetween&quot;:20,&quot;responsive_slides_to_show&quot;:{&quot;desktop&quot;:2,&quot;tablet&quot;:2,&quot;mobile&quot;:1},&quot;slides_to_scroll&quot;:3,&quot;responsive_slides_to_scroll&quot;:{&quot;desktop&quot;:5,&quot;tablet&quot;:2,&quot;mobile&quot;:1},&quot;navigation&quot;:&quot;dot&quot;}'>\n<div class=\"wpsr-container wpsr-fixed-height\" style=\"\" >\n<div class=\"wpsr-business-info-wrapper\">\n<div class=\"wpsr-row\">\n<div class=\"wpsr-business-info  amazon\">\n<div class=\"wpsr-business-info-left\">\n<div class=\"wpsr-business-info-paltforms\"><img decoding=\"async\" src=\"https:\/\/egyptianwisdomcenter.org\/wp-content\/plugins\/wp-social-reviews\/assets\/images\/icon\/icon-amazon.png\" alt=\"amazon\"><\/div>\n<div class=\"wpsr-rating-and-count\"><span class=\"wpsr-total-rating\">4.3<\/span><span class=\"wpsr-rating\"><\/p>\n<div class=\"wpsr-star-container wpsr-star-background-filled\" style=\"--wpsr-review-star-fill: 100%;\">\n<div class=\"wpsr-star-empty\"><\/div>\n<div class=\"wpsr-star-filled\"><\/div>\n<\/p><\/div>\n<div class=\"wpsr-star-container wpsr-star-background-filled\" style=\"--wpsr-review-star-fill: 100%;\">\n<div class=\"wpsr-star-empty\"><\/div>\n<div class=\"wpsr-star-filled\"><\/div>\n<\/p><\/div>\n<div class=\"wpsr-star-container wpsr-star-background-filled\" style=\"--wpsr-review-star-fill: 100%;\">\n<div class=\"wpsr-star-empty\"><\/div>\n<div class=\"wpsr-star-filled\"><\/div>\n<\/p><\/div>\n<div class=\"wpsr-star-container wpsr-star-background-filled\" style=\"--wpsr-review-star-fill: 100%;\">\n<div class=\"wpsr-star-empty\"><\/div>\n<div class=\"wpsr-star-filled\"><\/div>\n<\/p><\/div>\n<div class=\"wpsr-star-container wpsr-star-background-filled\" style=\"--wpsr-review-star-fill: 30%;\">\n<div class=\"wpsr-star-empty\"><\/div>\n<div class=\"wpsr-star-filled\"><\/div>\n<\/p><\/div>\n<p><\/span><\/p>\n<div class=\"wpsr-total-reviews\">Based on <span>18<\/span> Reviews<\/div>\n<\/div>\n<\/div>\n<div class=\"wpsr-business-info-right\">\n<div class=\"wpsr-write-review-modal-wrapper\"><\/div>\n<\/div>\n<\/div>\n<\/div>\n<\/div>\n<div class=\"wpsr-row\" style=\"\">\n<div class=\"wpsr-reviews-slider-wrapper-inner\">\n<div class=\"wpsr-reviews-slider swiper-container wpsr-ai-summary-enabled-slider\" tabindex=\"0\">\n<div class=\"swiper-wrapper\">\n<div class=\"swiper-slide\" role=\"group\">\n<div class=\"wpsr-review-template wpsr-review-template-two wpsr-review-template-amazon\"\n                 style=\"\"\n                 data-index=\"0\"\n                 data-source_id=\"B0BCW199QF\"\n                 data-media_id=\"\"\n                 data-review_platform=\"amazon\"\n                 data-product_thumbnail=\"\"\n                 data-product_name=\"\"\n                 data-image_resize=\"full\"\n            ><\/p>\n<div class=\"wpsr-review-platform\">\n                <img decoding=\"async\" class=\"wpsr-review-platform-icon\" width=\"20\" height=\"20\" src=\"https:\/\/egyptianwisdomcenter.org\/wp-content\/plugins\/wp-social-reviews\/assets\/images\/icon\/icon-amazon-small.png\" alt=\"amazon\">\n    <\/div>\n<div class=\"wpsr-reviewer-image\">\n    <a class=\"wpsr-reviewer-image-url\" target=\"_blank\" rel=\"noopener noreferrer nofollow\" href=\"https:\/\/www.amazon.com\/Isis-G%C3%B6ttliche-Weibliche-Prinzip-German\/dp\/B0BCW199QF\"><br \/>\n                                    <img decoding=\"async\" class=\"wpsr-reviewer-avatar\" src=\"https:\/\/images-eu.ssl-images-amazon.com\/images\/S\/amazon-avatars-global\/default._CR0,0,1024,1024_SX48_.png\" alt=\"Lin\"\/><br \/>\n                        <\/a>\n<\/div>\n<div class=\"wpsr-review-info\">\n                        <a class=\"wpsr-reviewer-name-url\" target=\"_blank\" rel=\"noopener noreferrer nofollow\" href=\"https:\/\/www.amazon.com\/Isis-G%C3%B6ttliche-Weibliche-Prinzip-German\/dp\/B0BCW199QF\"><br \/>\n    <span class=\"wpsr-reviewer-name\">Lin<\/span><br \/>\n    <\/a><\/p>\n<div data-rating=\"3\" class=\"wpsr-rating-wrapper wpsr-rating\">\n<div class=\"wpsr-star-container wpsr-star-background-filled\" style=\"--wpsr-review-star-fill: 100%;\">\n<div class=\"wpsr-star-empty\"><\/div>\n<div class=\"wpsr-star-filled\"><\/div>\n<\/p><\/div>\n<div class=\"wpsr-star-container wpsr-star-background-filled\" style=\"--wpsr-review-star-fill: 100%;\">\n<div class=\"wpsr-star-empty\"><\/div>\n<div class=\"wpsr-star-filled\"><\/div>\n<\/p><\/div>\n<div class=\"wpsr-star-container wpsr-star-background-filled\" style=\"--wpsr-review-star-fill: 100%;\">\n<div class=\"wpsr-star-empty\"><\/div>\n<div class=\"wpsr-star-filled\"><\/div>\n<\/p><\/div>\n<div class=\"wpsr-star-container wpsr-star-background-empty\" style=\"--wpsr-review-star-fill: 0%;\">\n<div class=\"wpsr-star-empty\"><\/div>\n<div class=\"wpsr-star-filled\"><\/div>\n<\/p><\/div>\n<div class=\"wpsr-star-container wpsr-star-background-empty\" style=\"--wpsr-review-star-fill: 0%;\">\n<div class=\"wpsr-star-empty\"><\/div>\n<div class=\"wpsr-star-filled\"><\/div>\n<\/p><\/div>\n<\/p><\/div>\n<p><span data-time=\"4 \u0935\u0930\u094d\u0937 ago\" class=\"wpsr-review-date\"><br \/>\n     \u0905\u092a\u094d\u0930\u0948\u0932 15, 2022<\/span>                        <\/p><\/div>\n<div class=\"wpsr-reviews-content-footer\">\n<h3 class=\"wpsr-review-title\">\n    Hat niemand Korrektur gelesen??<\/h3>\n<div class=\"wpsr-review-content\" tabindex=\"0\">\n<p class=\"wpsr_add_read_more wpsr_show_less_content\" data-num-words-trim=\"10\">Die st\u00e4ndigen Wiederholungen von Textpassagen sind wirklich nervig. Es liest sich wie die Rohfassung, \u00fcber die kein Lektor dr\u00fcber gelesen hat. Es passiert, dass ein Textst\u00fcck innerhalb von zwei Seiten dreimal vorkommt. Das geht gar nicht und st\u00f6rt mit der Zeit einfach. Auch ist es nicht unbedingt sympathisch, st\u00e4ndig im Flie\u00dftext Werbung f\u00fcr seine anderen B\u00fccher zu machen. Die Erw\u00e4hnung des Bachelorabschlusses vom Autor soll wohl eine Wissenschaftsn\u00e4he suggerieren, auch wenn der Abschluss rein gar nichts mit \u00c4gyptologie zu tun hat. Wenn man einen spirituellen Text schreiben m\u00f6chte, kann man das auch einfach machen, ohne so zu tun als ob man daf\u00fcr eine wissenschaftliche Legitimation hat. Das ist irref\u00fchrend und &#8220;unabh\u00e4ngiger \u00c4gyptologie&#8221; hei\u00dft im Prinzip nichts anderes als &#8220;selbsternannter \u00c4gyptologe&#8221;.<\/p>\n<p>Der Inhalt an sich ist ok, ich habe nicht viel Wissen \u00fcber alt\u00e4gyptische Mythologie, daher w\u00e4ren Aspekte dabei, die ich spannend fand und die neu f\u00fcr mich waren. F\u00fcr bare M\u00fcnze w\u00fcrde ich es nicht nehmen. Einige Behauptungen des Autors sind sehr an den Haaren herbei gezogen. Wie zum Beispiel, dass die Mehrheit der \u00c4gypter noch heimlich der alt\u00e4gyptischen Weltanschauung folgt. Da ist eher der Wunsch der Vater des Gedankens&#8230; Auch die Gegen\u00fcberstellung von der \u00e4gyptischen Sprache, in der alles eine tiefere Bedeutung hat, im Vergleich zu der &#8220;Kultur der englischsprachigen V\u00f6lker&#8221; in der Dinge einfach nur Namen h\u00e4tten um sie voneinander zu unterscheiden zeugt jetzt nicht unbedingt von einem gro\u00dfen Wissen des Autors \u00fcber Linguistik und etymologischen Hintergr\u00fcnden der europ\u00e4ischen Sprachfamilien, die durchaus eine metaphysische Basis haben und viel \u00fcber Geistesvorstellungen erz\u00e4hlen k\u00f6nnen.<\/p>\n<p>Alles in allem eher entt\u00e4uschend. Wahrscheinlich gibt es wirklich bessere B\u00fccher zum Einstieg in die Thematik, sowohl von wissenschaftlicher als auch inspirierend-spiritueller Seite. <\/p>\n<\/p><\/div>\n<\/p><\/div>\n<\/p><\/div>\n<\/p><\/div>\n<div class=\"swiper-slide\" role=\"group\">\n<div class=\"wpsr-review-template wpsr-review-template-two wpsr-review-template-amazon\"\n                 style=\"\"\n                 data-index=\"1\"\n                 data-source_id=\"B0BCW199QF\"\n                 data-media_id=\"\"\n                 data-review_platform=\"amazon\"\n                 data-product_thumbnail=\"\"\n                 data-product_name=\"\"\n                 data-image_resize=\"full\"\n            ><\/p>\n<div class=\"wpsr-review-platform\">\n                <img decoding=\"async\" class=\"wpsr-review-platform-icon\" width=\"20\" height=\"20\" src=\"https:\/\/egyptianwisdomcenter.org\/wp-content\/plugins\/wp-social-reviews\/assets\/images\/icon\/icon-amazon-small.png\" alt=\"amazon\">\n    <\/div>\n<div class=\"wpsr-reviewer-image\">\n    <a class=\"wpsr-reviewer-image-url\" target=\"_blank\" rel=\"noopener noreferrer nofollow\" href=\"https:\/\/www.amazon.com\/Isis-G%C3%B6ttliche-Weibliche-Prinzip-German\/dp\/B0BCW199QF\"><br \/>\n                                    <img decoding=\"async\" class=\"wpsr-reviewer-avatar\" src=\"https:\/\/images-eu.ssl-images-amazon.com\/images\/S\/amazon-avatars-global\/default._CR0,0,1024,1024_SX48_.png\" alt=\"Diana Udesha\"\/><br \/>\n                        <\/a>\n<\/div>\n<div class=\"wpsr-review-info\">\n                        <a class=\"wpsr-reviewer-name-url\" target=\"_blank\" rel=\"noopener noreferrer nofollow\" href=\"https:\/\/www.amazon.com\/Isis-G%C3%B6ttliche-Weibliche-Prinzip-German\/dp\/B0BCW199QF\"><br \/>\n    <span class=\"wpsr-reviewer-name\">Diana Udesha<\/span><br \/>\n    <\/a><\/p>\n<div data-rating=\"5\" class=\"wpsr-rating-wrapper wpsr-rating\">\n<div class=\"wpsr-star-container wpsr-star-background-filled\" style=\"--wpsr-review-star-fill: 100%;\">\n<div class=\"wpsr-star-empty\"><\/div>\n<div class=\"wpsr-star-filled\"><\/div>\n<\/p><\/div>\n<div class=\"wpsr-star-container wpsr-star-background-filled\" style=\"--wpsr-review-star-fill: 100%;\">\n<div class=\"wpsr-star-empty\"><\/div>\n<div class=\"wpsr-star-filled\"><\/div>\n<\/p><\/div>\n<div class=\"wpsr-star-container wpsr-star-background-filled\" style=\"--wpsr-review-star-fill: 100%;\">\n<div class=\"wpsr-star-empty\"><\/div>\n<div class=\"wpsr-star-filled\"><\/div>\n<\/p><\/div>\n<div class=\"wpsr-star-container wpsr-star-background-filled\" style=\"--wpsr-review-star-fill: 100%;\">\n<div class=\"wpsr-star-empty\"><\/div>\n<div class=\"wpsr-star-filled\"><\/div>\n<\/p><\/div>\n<div class=\"wpsr-star-container wpsr-star-background-filled\" style=\"--wpsr-review-star-fill: 100%;\">\n<div class=\"wpsr-star-empty\"><\/div>\n<div class=\"wpsr-star-filled\"><\/div>\n<\/p><\/div>\n<\/p><\/div>\n<p><span data-time=\"4 \u0935\u0930\u094d\u0937 ago\" class=\"wpsr-review-date\"><br \/>\n     \u091c\u0928\u0935\u0930\u0940 14, 2022<\/span>                        <\/p><\/div>\n<div class=\"wpsr-reviews-content-footer\">\n<h3 class=\"wpsr-review-title\">\n    Ein Kleinod<\/h3>\n<div class=\"wpsr-review-content\" tabindex=\"0\">\n<p class=\"wpsr_add_read_more wpsr_show_less_content\" data-num-words-trim=\"10\">So ein wundersch\u00f6nes kleines B\u00fcchlein, das so tief geht und in seiner K\u00fcrze so viel mehr sagt, als viele dicke W\u00e4lzer.<br \/>\nDer Autor verbindet wachen, wissenschaftlichen Verstand mit einen weisen, f\u00fchlenden Herz und schenkt Isis, der g\u00f6ttlichen UrMutter, der Welten-Sch\u00f6pferin, dem g\u00f6ttlichen weibichen Prinzip ihren geb\u00fchrenden Platz in der Welt-Geschichte.<br \/>\nEin Buch, das in die Schulen geh\u00f6rt und jeder lesen sollte, um Heilung in alle Themen zu bringen, in denen wir durch Trennung Leid erfahren.<br \/>\nDieses Kleinod bringt die getrennten Aspekte wieder zur\u00fcck in die Ganzheit&#8230;. <\/p>\n<\/p><\/div>\n<\/p><\/div>\n<\/p><\/div>\n<\/p><\/div>\n<div class=\"swiper-slide\" role=\"group\">\n<div class=\"wpsr-review-template wpsr-review-template-two wpsr-review-template-amazon\"\n                 style=\"\"\n                 data-index=\"2\"\n                 data-source_id=\"B0BCW199QF\"\n                 data-media_id=\"\"\n                 data-review_platform=\"amazon\"\n                 data-product_thumbnail=\"\"\n                 data-product_name=\"\"\n                 data-image_resize=\"full\"\n            ><\/p>\n<div class=\"wpsr-review-platform\">\n                <img decoding=\"async\" class=\"wpsr-review-platform-icon\" width=\"20\" height=\"20\" src=\"https:\/\/egyptianwisdomcenter.org\/wp-content\/plugins\/wp-social-reviews\/assets\/images\/icon\/icon-amazon-small.png\" alt=\"amazon\">\n    <\/div>\n<div class=\"wpsr-reviewer-image\">\n    <a class=\"wpsr-reviewer-image-url\" target=\"_blank\" rel=\"noopener noreferrer nofollow\" href=\"https:\/\/www.amazon.com\/Isis-G%C3%B6ttliche-Weibliche-Prinzip-German\/dp\/B0BCW199QF\"><br \/>\n                                    <img decoding=\"async\" class=\"wpsr-reviewer-avatar\" src=\"https:\/\/images-eu.ssl-images-amazon.com\/images\/S\/amazon-avatars-global\/default._CR0,0,1024,1024_SX48_.png\" alt=\"Erzsucher\"\/><br \/>\n                        <\/a>\n<\/div>\n<div class=\"wpsr-review-info\">\n                        <a class=\"wpsr-reviewer-name-url\" target=\"_blank\" rel=\"noopener noreferrer nofollow\" href=\"https:\/\/www.amazon.com\/Isis-G%C3%B6ttliche-Weibliche-Prinzip-German\/dp\/B0BCW199QF\"><br \/>\n    <span class=\"wpsr-reviewer-name\">Erzsucher<\/span><br \/>\n    <\/a><\/p>\n<div data-rating=\"5\" class=\"wpsr-rating-wrapper wpsr-rating\">\n<div class=\"wpsr-star-container wpsr-star-background-filled\" style=\"--wpsr-review-star-fill: 100%;\">\n<div class=\"wpsr-star-empty\"><\/div>\n<div class=\"wpsr-star-filled\"><\/div>\n<\/p><\/div>\n<div class=\"wpsr-star-container wpsr-star-background-filled\" style=\"--wpsr-review-star-fill: 100%;\">\n<div class=\"wpsr-star-empty\"><\/div>\n<div class=\"wpsr-star-filled\"><\/div>\n<\/p><\/div>\n<div class=\"wpsr-star-container wpsr-star-background-filled\" style=\"--wpsr-review-star-fill: 100%;\">\n<div class=\"wpsr-star-empty\"><\/div>\n<div class=\"wpsr-star-filled\"><\/div>\n<\/p><\/div>\n<div class=\"wpsr-star-container wpsr-star-background-filled\" style=\"--wpsr-review-star-fill: 100%;\">\n<div class=\"wpsr-star-empty\"><\/div>\n<div class=\"wpsr-star-filled\"><\/div>\n<\/p><\/div>\n<div class=\"wpsr-star-container wpsr-star-background-filled\" style=\"--wpsr-review-star-fill: 100%;\">\n<div class=\"wpsr-star-empty\"><\/div>\n<div class=\"wpsr-star-filled\"><\/div>\n<\/p><\/div>\n<\/p><\/div>\n<p><span data-time=\"4 \u0935\u0930\u094d\u0937 ago\" class=\"wpsr-review-date\"><br \/>\n     \u0905\u0915\u094d\u091f\u0942\u092c\u0930 20, 2021<\/span>                        <\/p><\/div>\n<div class=\"wpsr-reviews-content-footer\">\n<h3 class=\"wpsr-review-title\">\n    Wundersch\u00f6ne und \u00fcberraschende Darstellung der Hintergr\u00fcnde des alt\u00e4gyptischen Glaubens<\/h3>\n<div class=\"wpsr-review-content\" tabindex=\"0\">\n<p class=\"wpsr_add_read_more wpsr_show_less_content\" data-num-words-trim=\"10\">Dieses kleine und auf den ersten Blick unscheinbare B\u00fcchlein begeistert durch eine auch den Kenner \u00fcberraschende Darstellung der theologischen Hintergr\u00fcnde alt\u00e4gyptischer Religion. Man erf\u00e4hrt u. a., dass der oberste und einzige Gott die Sch\u00f6pfung nur mit Hilfe des von Aset-Isis verk\u00f6rperten weiblichen Prinzips als &#8220;Geb\u00e4rmutter des Universums&#8221; in Gang setzen konnte. Der Verfasser Moustafa Gadalla bringt seine Thesen, welche zu naturwissenschaftlichen Erkenntnissen in Beziehung gesetzt werden, mit gro\u00dfer Liebe und Sensibilit\u00e4t f\u00fcr die alt\u00e4gyptische Religion zu Papier &#8211; sehr empfehlenswert! <\/p>\n<\/p><\/div>\n<\/p><\/div>\n<\/p><\/div>\n<\/p><\/div>\n<div class=\"swiper-slide\" role=\"group\">\n<div class=\"wpsr-review-template wpsr-review-template-two wpsr-review-template-amazon\"\n                 style=\"\"\n                 data-index=\"3\"\n                 data-source_id=\"B0BCW199QF\"\n                 data-media_id=\"\"\n                 data-review_platform=\"amazon\"\n                 data-product_thumbnail=\"\"\n                 data-product_name=\"\"\n                 data-image_resize=\"full\"\n            ><\/p>\n<div class=\"wpsr-review-platform\">\n                <img decoding=\"async\" class=\"wpsr-review-platform-icon\" width=\"20\" height=\"20\" src=\"https:\/\/egyptianwisdomcenter.org\/wp-content\/plugins\/wp-social-reviews\/assets\/images\/icon\/icon-amazon-small.png\" alt=\"amazon\">\n    <\/div>\n<div class=\"wpsr-reviewer-image\">\n    <a class=\"wpsr-reviewer-image-url\" target=\"_blank\" rel=\"noopener noreferrer nofollow\" href=\"https:\/\/www.amazon.com\/Isis-G%C3%B6ttliche-Weibliche-Prinzip-German\/dp\/B0BCW199QF\"><br \/>\n                                    <img decoding=\"async\" class=\"wpsr-reviewer-avatar\" src=\"https:\/\/images-eu.ssl-images-amazon.com\/images\/S\/amazon-avatars-global\/default._CR0,0,1024,1024_SX48_.png\" alt=\"T. Ahne\"\/><br \/>\n                        <\/a>\n<\/div>\n<div class=\"wpsr-review-info\">\n                        <a class=\"wpsr-reviewer-name-url\" target=\"_blank\" rel=\"noopener noreferrer nofollow\" href=\"https:\/\/www.amazon.com\/Isis-G%C3%B6ttliche-Weibliche-Prinzip-German\/dp\/B0BCW199QF\"><br \/>\n    <span class=\"wpsr-reviewer-name\">T. Ahne<\/span><br \/>\n    <\/a><\/p>\n<div data-rating=\"5\" class=\"wpsr-rating-wrapper wpsr-rating\">\n<div class=\"wpsr-star-container wpsr-star-background-filled\" style=\"--wpsr-review-star-fill: 100%;\">\n<div class=\"wpsr-star-empty\"><\/div>\n<div class=\"wpsr-star-filled\"><\/div>\n<\/p><\/div>\n<div class=\"wpsr-star-container wpsr-star-background-filled\" style=\"--wpsr-review-star-fill: 100%;\">\n<div class=\"wpsr-star-empty\"><\/div>\n<div class=\"wpsr-star-filled\"><\/div>\n<\/p><\/div>\n<div class=\"wpsr-star-container wpsr-star-background-filled\" style=\"--wpsr-review-star-fill: 100%;\">\n<div class=\"wpsr-star-empty\"><\/div>\n<div class=\"wpsr-star-filled\"><\/div>\n<\/p><\/div>\n<div class=\"wpsr-star-container wpsr-star-background-filled\" style=\"--wpsr-review-star-fill: 100%;\">\n<div class=\"wpsr-star-empty\"><\/div>\n<div class=\"wpsr-star-filled\"><\/div>\n<\/p><\/div>\n<div class=\"wpsr-star-container wpsr-star-background-filled\" style=\"--wpsr-review-star-fill: 100%;\">\n<div class=\"wpsr-star-empty\"><\/div>\n<div class=\"wpsr-star-filled\"><\/div>\n<\/p><\/div>\n<\/p><\/div>\n<p><span data-time=\"5 \u0935\u0930\u094d\u0937 ago\" class=\"wpsr-review-date\"><br \/>\n     \u091c\u0941\u0932\u093e\u0908 20, 2021<\/span>                        <\/p><\/div>\n<div class=\"wpsr-reviews-content-footer\">\n<h3 class=\"wpsr-review-title\">\n    Sehr interessant&#8230;<\/h3>\n<div class=\"wpsr-review-content\" tabindex=\"0\">\n<p class=\"wpsr_add_read_more wpsr_show_less_content\" data-num-words-trim=\"10\">Das Buch ist erhellend und liest sich gut. Wer sich f\u00fcr die vorpatriarchalische Zeit interessiert, sollte das Buch mal lesen. <\/p>\n<\/p><\/div>\n<\/p><\/div>\n<\/p><\/div>\n<\/p><\/div>\n<\/div>\n<\/div>\n<div class=\"wpsr-swiper-carousel-wrapper\">\n<div class=\"wpsr-swiper-pagination swiper-pagination\"><\/div>\n<\/div>\n<\/div>\n<\/div>\n<\/div>\n<\/div>\n<p><\/center><\/p>","protected":false},"featured_media":61979,"comment_status":"open","ping_status":"closed","template":"","meta":[],"product_brand":[],"product_cat":[104,105],"product_tag":[],"class_list":{"0":"post-61966","1":"product","2":"type-product","3":"status-publish","4":"has-post-thumbnail","6":"product_cat-deutsch","7":"product_cat-deutsche-ausgabe","9":"first","10":"instock","11":"shipping-taxable","12":"product-type-simple"},"aioseo_notices":[],"_links":{"self":[{"href":"https:\/\/egyptianwisdomcenter.org\/hi\/wp-json\/wp\/v2\/product\/61966","targetHints":{"allow":["GET"]}}],"collection":[{"href":"https:\/\/egyptianwisdomcenter.org\/hi\/wp-json\/wp\/v2\/product"}],"about":[{"href":"https:\/\/egyptianwisdomcenter.org\/hi\/wp-json\/wp\/v2\/types\/product"}],"replies":[{"embeddable":true,"href":"https:\/\/egyptianwisdomcenter.org\/hi\/wp-json\/wp\/v2\/comments?post=61966"}],"wp:featuredmedia":[{"embeddable":true,"href":"https:\/\/egyptianwisdomcenter.org\/hi\/wp-json\/wp\/v2\/media\/61979"}],"wp:attachment":[{"href":"https:\/\/egyptianwisdomcenter.org\/hi\/wp-json\/wp\/v2\/media?parent=61966"}],"wp:term":[{"taxonomy":"product_brand","embeddable":true,"href":"https:\/\/egyptianwisdomcenter.org\/hi\/wp-json\/wp\/v2\/product_brand?post=61966"},{"taxonomy":"product_cat","embeddable":true,"href":"https:\/\/egyptianwisdomcenter.org\/hi\/wp-json\/wp\/v2\/product_cat?post=61966"},{"taxonomy":"product_tag","embeddable":true,"href":"https:\/\/egyptianwisdomcenter.org\/hi\/wp-json\/wp\/v2\/product_tag?post=61966"}],"curies":[{"name":"wp","href":"https:\/\/api.w.org\/{rel}","templated":true}]}}