{"id":107,"date":"2018-10-30T00:00:00","date_gmt":"2018-10-30T04:00:00","guid":{"rendered":"http:\/\/egyptianwisdomcenter.org\/the-actual-incredible-remote-age-of-ancient-egypt\/"},"modified":"2023-01-02T01:08:01","modified_gmt":"2023-01-02T06:08:01","slug":"the-actual-incredible-remote-age-of-ancient-egypt-2","status":"publish","type":"page","link":"https:\/\/egyptianwisdomcenter.org\/it\/lincredibile-era-remota-dellantico-egitto-2\/","title":{"rendered":"L&#039;incredibile era remota dell&#039;antico Egitto"},"content":{"rendered":"<h2 style=\"text-align: center;\"><span style=\"color: #0000ff;\"><strong>L&#039;incredibile era remota dell&#039;antico Egitto<\/strong><\/span><\/h2>\n<p>&nbsp;<\/p>\n<h3><span style=\"color: #ff0000;\"><strong>1. La Valle che sale<\/strong><\/span><\/h3>\n<p>L\u2019Egitto \u00e8 (ed era) una delle zone pi\u00f9 aride del mondo. Pi\u00f9 di 90% dell&#039;Egitto sono costituiti da aree desertiche. Solo circa il 5% del vasto paese \u00e8 abitato, lungo le rive del Nilo e dei suoi rami. Questa fertile valle del Nilo \u00e8 una striscia larga 11-15 chilometri.<\/p>\n<p>Il Nilo attraversa l&#039;Egitto da sud a nord. Questo perch\u00e9 il paese degrada verso il Mar Mediterraneo. A nord del Cairo, il Nilo si divide in diversi affluenti che costituiscono il delta, un ampio ventaglio verde di campagna fertile con una superficie di circa 15.500 chilometri quadrati.<\/p>\n<p>Il fiume Nilo in Egitto riceveva (e continua a ricevere) 90% della sua acqua durante un periodo di piena di 100 giorni ogni anno, come notato da Erodoto in <em>Le Storie<\/em>, [2, 92], dove afferma:<\/p>\n<p style=\"padding-left: 30px;\"><strong><em>. . . l&#039;acqua comincia a salire al solstizio d&#039;estate, continua a farlo per un centinaio di giorni, e poi scende di nuovo alla fine di quel periodo, cos\u00ec che rimane bassa per tutto l&#039;inverno finch\u00e9 non si verifica di nuovo il solstizio d&#039;estate dell&#039;anno successivo.<\/em><\/strong><\/p>\n<p>Le acque alluvionali del Nilo sono il risultato della stagione delle piogge in Etiopia, che erode il limo degli altopiani etiopi e lo trasporta verso l&#039;Egitto lungo il Nilo Azzurro e altri affluenti. Nessuna quantit\u00e0 apprezzabile di acqua arriva in Egitto attraverso il Nilo Bianco, che parte dall&#039;Africa centrale. Il Nilo Bianco non trasporta limo, da qui il nome \u201cbianco\u201d significa limpido.<\/p>\n<p>L&#039;acqua impetuosa e fangosa stagionale del Nilo Azzurro rallenta quando raggiunge Assuan. A causa del rallentamento, il limo presente nell&#039;acqua in movimento si deposita sul fondo. Ci\u00f2 fa s\u00ec che il letto del fiume di tanto in tanto si innalzi gradualmente; e il livello del terreno, che va sempre di pari passo con quello del fiume, aumenta in misura diversa secondo la distanza a valle e la variante orografia del terreno. Ci\u00f2 a sua volta fa s\u00ec che la falda freatica diventi pi\u00f9 alta man mano che la superficie dell&#039;acqua aumenta in elevazione con l&#039;aumento delle elevazioni della Valle del Nilo e delle terre circostanti.<\/p>\n<p>Quindi, se guardiamo questi diagrammi, saremo in grado di illustrare la situazione.<\/p>\n<p>Il primo diagramma mostra come una certa quantit\u00e0 di acqua che scorre nel canale del Nilo pu\u00f2 raggiungere l&#039;elevazione della superficie dell&#039;acqua come mostrato.<\/p>\n<p><a href=\"http:\/\/egyptianwisdomcenter.org\/wp-content\/uploads\/2019\/02\/aecr-ch1-1colorcorrected.jpg\"><img decoding=\"async\" class=\"size-medium wp-image-713 aligncenter\" src=\"http:\/\/egyptianwisdomcenter.org\/wp-content\/uploads\/2019\/02\/aecr-ch1-1colorcorrected-300x97.jpg\" alt=\"\" width=\"300\" height=\"97\" \/><\/a><\/p>\n<p>&nbsp;<\/p>\n<p>Il secondo diagramma ci mostra come, quando l&#039;acqua rallenta, il limo si depositer\u00e0 sul fondo del canale, riducendo cos\u00ec la superficie per il deflusso dell&#039;acqua. Di conseguenza, l&#039;acqua superer\u00e0 gli argini. Il limo presente nell&#039;acqua si depositer\u00e0 poi sulle sponde del canale.<\/p>\n<p><a href=\"http:\/\/egyptianwisdomcenter.org\/wp-content\/uploads\/2019\/02\/aecr-ch1-2color.jpg\"><img decoding=\"async\" class=\"size-medium wp-image-715 aligncenter\" src=\"http:\/\/egyptianwisdomcenter.org\/wp-content\/uploads\/2019\/02\/aecr-ch1-2color-300x86.jpg\" alt=\"\" width=\"300\" height=\"86\" \/><\/a><\/p>\n<p>&nbsp;<\/p>\n<p>L\u2019anno successivo si ripeter\u00e0 la stessa cosa.<\/p>\n<p>Da qui possiamo vedere che l&#039;elevazione della Valle del Nilo aumenta ogni anno a causa delle inondazioni annuali durante il periodo estivo. Questi accumuli poco a poco si accumulano nel corso degli anni.<\/p>\n<p>Quando le acque del Nilo arrivano ad Assuan, iniziano il loro lento movimento, che provoca la deposizione del limo. Per controllare le acque alluvionali ad Assuan, la vecchia diga di Assuan fu costruita secoli fa. A causa del continuo insabbiamento, era spesso necessario aumentare l&#039;altezza della diga, ogni pochi decenni. [Vedi fotografie nell&#039;Appendice A.]<\/p>\n<p><img decoding=\"async\" class=\"aligncenter\" src=\"http:\/\/egyptianwisdomcenter.org\/wp-content\/uploads\/2019\/02\/IMG_4810-300x200.jpg\" alt=\"IMG_4810\" \/><\/p>\n<p>A Esna (ad esempio), il Nilo, depositando i suoi trascurabili \u00bc di pollice annuali di limo, fu in grado (in oltre 2 millenni) di seppellire virtualmente il tempio di Esna, con la moderna citt\u00e0 di Esna ora situata pi\u00f9 in alto del tetto del tempio. [Vedi fotografie nell&#039;Appendice A.]<\/p>\n<p><img decoding=\"async\" class=\"aligncenter\" src=\"http:\/\/egyptianwisdomcenter.org\/wp-content\/uploads\/2019\/02\/IMG_5766-300x199.jpg\" \/><\/p>\n<p>Questo tempio che vediamo qui \u00e8 stato costruito sopra templi precedenti a causa di precedenti depositi cumulativi di interramento annuali.<\/p>\n<p>Diverse altre localit\u00e0 in tutto l&#039;Egitto mostrano l&#039;impatto del problema dell&#039;insabbiamento in diversi templi sopravvissuti, come a Edfu, Luxor e Abydos. [Vedi fotografie nell&#039;Appendice A.]<\/p>\n<p>Molto pi\u00f9 nell&#039;entroterra e lontano dal fiume Nilo, troviamo un altro esempio ad Abydos, dove l&#039;antichissima struttura massiccia chiamata Oseirion si trova accanto al tempio di Osiride del Nuovo Regno, che fu costruito dal re Seti I (1333-1304 a.C. ) e il suo successore Ramses II. Questa struttura di Oseirion si trova molto al di sotto dell&#039;elevazione del Tempio di Osiride del Nuovo Regno ed \u00e8 parzialmente sommersa sotto la falda freatica. Le fondamenta della struttura ausariana si trovano molti piedi sotto l&#039;attuale livello della falda freatica, che \u00e8 aumentata di circa 20 piedi (7 m) dai tempi del Nuovo Regno.<\/p>\n<p>Va notato che molti faraoni hanno iscritto i loro nomi su edifici che non hanno mai costruito. Pertanto, solo perch\u00e9 Seti I ha iscritto il suo nome su alcune parti dell&#039;edificio Oseirion, ci\u00f2 non fa di lui il costruttore dell&#039;Oseirion.<\/p>\n<p>L&#039;enorme differenza di elevazione tra il Tempio di Ausarian e quello di Seti, cos\u00ec come la drammatica differenza di stile tra i due, suggeriscono a molti studiosi che l&#039;Oseirion sia un edificio molto pi\u00f9 antico. [Vedi fotografie nell&#039;Appendice A.]<\/p>\n<p><img decoding=\"async\" class=\"aligncenter\" src=\"http:\/\/egyptianwisdomcenter.org\/wp-content\/uploads\/2019\/02\/IMG_3705-300x199.jpg\" alt=\"IMG_3705\" \/><\/p>\n<p>Le prove all&#039;Oseirion sono coerenti con le prove a Giza e altrove riguardo alla maggiore antichit\u00e0 della civilt\u00e0 egizia.<\/p>\n<p>&nbsp;<\/p>\n<h3><span style=\"color: #ff0000;\"><strong>2. Il punto di inizio<\/strong><\/span><\/h3>\n<p>Erodoto rifer\u00ec di essere stato informato dai sacerdoti egiziani che il sole era tramontato due volte dove ora sorgeva, e due volte era sorto dove ora tramontava. L&#039;affermazione indica che gli antichi egizi contavano la loro storia per pi\u00f9 di un ciclo zodiacale di 25.920 anni.<\/p>\n<p>Il ciclo zodiacale di 25.920 anni \u00e8 il risultato della rotazione traballante della terra, che non gira correttamente sul suo asse ma \u00e8 pi\u00f9 simile a una trottola leggermente decentrata. [Vedi i diagrammi e le spiegazioni dei fondamenti di questo fenomeno nel Capitolo 11.] Questo movimento \u00e8 chiamato &#039;precessione&#039;. Come conseguenza dell&#039;oscillazione della terra attorno al suo asse, l&#039;equinozio di primavera sorge ogni anno su uno sfondo gradualmente mutevole delle costellazioni zodiacali.<\/p>\n<p>La precessione degli equinozi attraverso le costellazioni d\u00e0 i nomi alle dodici et\u00e0 dello zodiaco. Ci vogliono circa 2.160 anni affinch\u00e9 l&#039;equinozio precessioni attraverso un segno zodiacale. Pertanto, ci vogliono circa 25.920 anni affinch\u00e9 l\u2019equinozio di primavera attraversi l\u2019intero circuito delle costellazioni dei dodici segni zodiacali. Questo ciclo completo \u00e8 chiamato il Grande\/Intero Anno.<\/p>\n<p>Pertanto, l&#039;affermazione di Erodoto sul sole che tramonta\/sorge dove ora sorge\/tramonta significherebbe che gli egiziani contavano la loro storia indietro per pi\u00f9 di un ciclo zodiacale completo. I cicli precessionali dell&#039;equinozio venivano osservati e registrati nell&#039;Antico Egitto [vedi Astronomia nel capitolo 11].<\/p>\n<p>Il nostro attuale ciclo zodiacale (Grande\/Anno Completo) \u00e8 iniziato con l&#039;Era del Leone Leone, come segue:<\/p>\n<p style=\"padding-left: 30px;\">Et\u00e0 del LEONE: 10948\u20138788 a.C<br \/>\nEt\u00e0 del CANCRO: 8787\u20136628 a.C<br \/>\nEt\u00e0 dei GEMELLI: 6627\u20134468 a.C<br \/>\nEt\u00e0 di BULL: 4467\u20132308 a.C<br \/>\nEt\u00e0 dell&#039;ARIETE: 2307\u2013148 a.C<\/p>\n<p>La storia dell&#039;antico Egitto si estendeva a un ciclo zodiacale completo di 25.920 anni, pi\u00f9 un ciclo zodiacale parziale, tra il 10948 a.C. e la fine dell&#039;Era dell&#039;Ariete, quando l&#039;antico Egitto perse la sua indipendenza. Pertanto, l\u2019antichit\u00e0 dell\u2019Antico Egitto \u00e8 [25.920 + (10.948 \u2013 148)] = 36.720 anni. Riaffermeremo pi\u00f9 avanti questa antichit\u00e0 con un&#039;altra serie di calcoli.<\/p>\n<p>Il fatto che la civilt\u00e0 dell\u2019Antico Egitto abbia pi\u00f9 di 36.000 anni \u2013 e, per estensione, che la vita sulla Terra sia cos\u00ec antica \u2013 va contro le istituzioni cristiane\/occidentali.<\/p>\n<p>Entrambi hanno predeterminato che la vita sulla Terra abbia circa 5.000 anni. Di conseguenza, \u00e8 stato continuamente ripetuto che si ritiene che il faraone Mena (31\u00b0 secolo a.C. circa) abbia \u201cunificato l\u2019Egitto\u201d e dato inizio alla civilt\u00e0 dell\u2019antico Egitto.<\/p>\n<p>Questa ripetuta affermazione arbitraria e infondata secondo cui il faraone Mena (Menes) sarebbe l&#039;inizio della storia dell&#039;antico Egitto \u00e8 contraria alle prove. Gli scrittori greci e romani dell&#039;antichit\u00e0, basando i loro resoconti su informazioni ricevute di prima o di seconda mano da fonti egiziane, affermavano che la civilt\u00e0 egiziana avesse un&#039;antichit\u00e0 molto maggiore di quella stabilita arbitrariamente dagli accademici.<\/p>\n<p>La cronologia dei faraoni dell&#039;antico Egitto sin dai tempi di Mena proveniva fondamentalmente da Manetho nel III secolo a.C. L&#039;opera di Manetone non \u00e8 sopravvissuta: ne abbiamo solo i commenti di Sesto Africano [c. 221 d.C.] ed Eusebio di Cesarea [c. 264\u2013340 d.C.].<\/p>\n<p>Secondo Eusebio, Manetone attribuiva una grande antichit\u00e0 all&#039;Egitto faraonico con un&#039;et\u00e0 delle antichit\u00e0 dell&#039;antico Egitto di 36.000 anni, il che \u00e8 coerente con i racconti di Erodoto. Ci\u00f2 \u00e8 in accordo generale con altri resoconti e ritrovamenti probatori, come Diodoro di Sicilia [Diodoro I, 24] e il documento dell&#039;Antico Egitto noto come Papiro di Torino, un documento egiziano originale risalente alla XVII dinastia [c. 1400 a.C.].<\/p>\n<p>Le prove fisiche supportano anche questa remota antichit\u00e0 dell&#039;Antico Egitto, nonostante il fatto che cos\u00ec tante prove archeologiche di tempi cos\u00ec remoti siano state sepolte sotto gli attuali livelli delle acque sotterranee a causa del fenomeno dell&#039;innalzamento della Valle del Nilo [come spiegato nell&#039;Appendice B, con fotografie di supporto ]. Rimangono prove, provenienti da molti testi, templi e tombe dell&#039;Antico Egitto, che corroborano i resoconti degli scrittori greci e romani. Ad esempio, molti templi in tutto l\u2019Egitto fanno riferimento alla loro costruzione originaria molto prima della sua \u201cstoria dinastica\u201d. I testi iscritti nelle cripte del tempio di Het-Heru (Hathor) a Dendera affermano chiaramente che il tempio fu restaurato durante l&#039;era tolemaica, sulla base di disegni risalenti al re Pepi della VI dinastia (2400 a.C.). I disegni stessi sono copie di documenti pi\u00f9 antichi di migliaia di anni (dal tempo dei Servi di Heru). Il testo recita:<\/p>\n<p style=\"padding-left: 30px;\"><strong><em>La veneranda fondazione di Dendera \u00e8 stata ritrovata in scritti antichi, scritti su un rotolo di cuoio al tempo dei Servi di Heru (i re che precedettero Mena\/Menes), a Men-Nefer (Memphis), in uno scrigno, al tempo dei signore delle Due Terre\u2026 Pepi.<\/em><\/strong><\/p>\n<p>A causa della crescente elevazione del territorio egiziano, come spiegato in precedenza, diversi templi dell&#039;antico Egitto dovettero essere rialzati, come confermato da Erodoto e dalle prove fisiche in tutto l&#039;Egitto. Anche se alcuni templi dell&#039;Antico Egitto furono restaurati durante il periodo greco-romano, furono tutti ricostruiti secondo piani, simboli, divinit\u00e0, figure, ecc. dell&#039;Antico Egitto che furono trovati in numerosi templi e tombe in tutto il paese molto prima dell&#039;epoca greco-romana. Et\u00e0 romana.<\/p>\n<p>&nbsp;<\/p>\n<h3><span style=\"color: #ff0000;\"><strong>3. L&#039;et\u00e0 del Leone e della Sfinge<\/strong><\/span><\/h3>\n<p>Il nostro attuale ciclo zodiacale \u00e8 iniziato con l&#039;Era del Leone [10948\u20138788 a.C.] ed \u00e8 rappresentato dalla Grande Sfinge di Giza, con la sua testa umana e il corpo di un leone. Sia le prove storiche che quelle fisiche nel sito della Sfinge indicano la sua et\u00e0 remota, nonostante l&#039;idea comune (ma infondata) secondo cui la Sfinge fu costruita tra il 2520 e il 2494 a.C., durante il regno di Chefren.<\/p>\n<p>Erodoto, che scrisse dettagliatamente delle piramidi di Giza e dei faraoni costruttori (incluso Khafra), non attribu\u00ec mai la costruzione della Sfinge a Khafra. Altri scrittori dell&#039;antichit\u00e0 che scrissero sulla Sfinge non la attribuirono mai a nessun faraone in particolare.<\/p>\n<p>Una potente prova fisica riguardante l&#039;antichit\u00e0 della Grande Sfinge \u00e8 l&#039;antica stele egiziana comunemente nota come &quot;Stela dell&#039;inventario&quot;, che fu trovata a Giza nel XIX secolo. Questa stele descrive gli eventi durante il regno di Cheope [Cheope 2551\u20132528 a.C.], predecessore di Chefren, e indica che Cheope ordin\u00f2 la costruzione di un monumento accanto alla Sfinge. Ci\u00f2 significa che la Sfinge era gi\u00e0 l\u00ec prima del tempo di Cheope e quindi non avrebbe potuto essere costruita dal suo successore, Khafra [2520\u20132494 a.C.].<\/p>\n<p>Poich\u00e9 la &quot;Stele dell&#039;Inventario&quot; contraddiceva le precedenti affermazioni degli accademici occidentali riguardo al fatto che Khafra fosse il costruttore della Sfinge, essi respinsero la stele sulla base del fatto che le sue caratteristiche stilistiche sembravano provenire dal Nuovo Regno [1550-1070 aEV]. Questo non \u00e8 un motivo sufficiente per respingerlo, poich\u00e9 ci sono numerose stele e testi dell&#039;Antico Regno [2575-2150 a.C.] che furono successivamente copiati nel Nuovo Regno, e nessuno ne ha negato l&#039;autenticit\u00e0. Ovunque le persone copiano continuamente i documenti pi\u00f9 vecchi in modo da mantenere la loro conoscenza per le generazioni future.<\/p>\n<p>Nonostante la chiarezza del testo sulla stele dell&#039;inventario che affermava che la Sfinge era gi\u00e0 l\u00ec quando Khufu costru\u00ec la Grande Piramide, alcuni insistono che Khafra fosse il costruttore della Sfinge, il che si basa su due premesse altamente discutibili:<\/p>\n<ol>\n<li>Una stele attribuita al faraone Twt Homosis (Tuthomosis) IV [1413\u20131405 a.C.], che era posta tra le zampe della Sfinge. Si tratta di un testo lungo, e alcuni sostengono che vi compaia il nome di Khafra (Chepren), anche se il testo che circonda tale nome era illeggibile. Si tratta fondamentalmente di un tentativo disperato di collocare il nome Khafra nel sito della Sfinge.<\/li>\n<li>C&#039;\u00e8 una strada rialzata tra il Tempio Piramide di Khafra e il Tempio della Valle, lunga circa 500 metri. Anche se non ci sono iscrizioni sulla Sfinge o in questo tempio, il mondo accademico occidentale ha affermato che la presenza della strada rialzata \u00e8 una prova sufficiente di qualche tipo di collegamento con Khafra.<\/li>\n<li>Scavi successivi rinvennero in questo tempio un certo numero di statue che si diceva \u201csomigliassero\u201d alle caratteristiche della testa della Sfinge. Tuttavia, quando i profili facciali delle statue furono sovrapposti al profilo facciale della Sfinge, non vi fu alcuna corrispondenza.<\/li>\n<\/ol>\n<p>Anche ammettendo queste false premesse di un nome su una stele o su statue non correlate, o la presenza di una strada rialzata; nella migliore delle ipotesi, si giunger\u00e0 alla conclusione che Khafra potrebbe essere stato l&#039;ultimo faraone a restaurare la Sfinge prima di Twt Homosis IV, pi\u00f9 di 1.000 anni dopo l&#039;epoca di Khafra.<\/p>\n<p>Le prove fisiche nel sito della Sfinge supportano la sua antichit\u00e0 di appartenenza all&#039;et\u00e0 zodiacale del Leone.<\/p>\n<p>Il sito originale in cui si trova la Sfinge era una pianura in leggera pendenza con un affioramento di roccia pi\u00f9 dura. Le caratteristiche principali della Sfinge comprendono diverse condizioni geologiche, come segue:<\/p>\n<ol>\n<li>La testa della Sfinge \u00e8 stata scolpita in questo affioramento, in uno strato duro e resistente agli effetti degli elementi naturali.<\/li>\n<li>Il corpo della Sfinge \u00e8 stato formato estraendo la pietra da tutto il corpo che presto sarebbe diventato. Il corpo della Sfinge era costituito da strati calcarei pi\u00f9 morbidi, che a loro volta sono costituiti da strati alternati pi\u00f9 duri e pi\u00f9 morbidi. Questi strati alternati sono visibili sul posto come ondulazioni esposte alle intemperie, che si trovano a circa mezzo metro di profondit\u00e0 nel substrato roccioso.<\/li>\n<li>La base della Sfinge, cos\u00ec come il fondo della cava originaria, sono realizzati in pietra calcarea pi\u00f9 dura, resistente agli effetti degli elementi naturali.<\/li>\n<\/ol>\n<p>Poich\u00e9 il corpo della Sfinge si trova in una cavit\u00e0, ci vogliono meno di 20 anni per riempirla e ricoprire totalmente il corpo. Con l&#039;eccezione del secolo scorso, la Sfinge \u00e8 stata ricoperta dalla sabbia sin dal momento della sua creazione, migliaia di anni fa. Pertanto, la Sfinge era protetta dall&#039;esposizione agli agenti atmosferici, al vento e alla sabbia. Tuttavia, c&#039;\u00e8 un&#039;erosione profonda e liscia di mezzo metro sulla parete della cavit\u00e0 scavata (intorno al corpo della Sfinge), con schemi di erosione identici sul corpo della Sfinge. Ovviamente, sia la parete rocciosa che la Sfinge furono scolpite prima che si verificassero questi gravi agenti atmosferici.<\/p>\n<p>Molti accademici si sono rassegnati al fatto che l&#039;erosione del corpo della Sfinge sia stata causata dagli effetti dell&#039;acqua. La domanda diventa: quale acqua ha causato questo peculiare modello di erosione? Il fatto che le acque sotterranee abbiano causato tale erosione deve essere respinto, poich\u00e9 si stima che la falda freatica fosse di 9 metri [30 piedi] pi\u00f9 bassa al tempo di Khafra [2520-2494 aC] rispetto al suo livello attuale. In altre parole, \u00e8 impossibile che le acque sotterranee abbiano causato l\u2019erosione di canali profondi mezzo metro nel corpo della Sfinge e nelle pareti della cava.<\/p>\n<p>Come spiegato all&#039;inizio di questo capitolo, nel corso di migliaia di anni, l&#039;inondazione del Nilo aveva progressivamente depositato ulteriore limo sul terreno della Valle. Ogni volta che il terreno si alza, aumenta anche la falda freatica. Pertanto, le prove sono schiaccianti contro la teoria delle acque sotterranee come causa dell\u2019erosione nel sito della Sfinge. Non c&#039;\u00e8 altra risposta razionale se non che l&#039;erosione dell&#039;acqua si \u00e8 verificata alla fine dell&#039;ultima era glaciale [c. 15.000\u201310.000 a.C.]. I geologi concordano sul fatto che l\u2019Egitto fu soggetto a gravi inondazioni alla fine dell\u2019ultima era glaciale.<\/p>\n<p>Un&#039;altra prova potente riguardo all&#039;antichit\u00e0 della Sfinge \u00e8 la scoperta di un recente foro davanti al tempio in rovina della Sfinge (situato di fronte alla Sfinge e chiuso al pubblico) che ha rivelato la presenza di granito rosso a una profondit\u00e0 di 16,5 m [54 piedi]. Il granito non \u00e8 originario dell&#039;Egitto settentrionale e potrebbe provenire solo da Assuan, a oltre 1.600 miglia a sud. La presenza di granito a una tale profondit\u00e0 \u00e8 un&#039;ulteriore prova dell&#039;attivit\u00e0 edilizia avvenuta molto prima del 3000 aEV, quando l&#039;altitudine del suolo era di 16,5 metri al di sotto dell&#039;epoca attuale.<\/p>\n<p>In conclusione, le schiaccianti prove fisiche e storiche, come spiegato sopra, ci portano alla conclusione razionale che Chefren non ha e non avrebbe potuto costruire la Sfinge, ma \u00e8 stato uno dei tanti a restaurarla. Naturalmente, i monumenti dell\u2019Antico Egitto dovevano essere restaurati ogni pochi decenni\/secoli. Le prove presso la Sfinge di Giza mostrano che si tratta del segno dell&#039;antico Egitto dell&#039;et\u00e0 zodiacale di Leone il Leone - ca. 13.000 anni fa.<\/p>\n<p>Varie fotografie a supporto del testo di questo sottocapitolo si trovano nell&#039;Appendice B di questo libro. Le fotografie mostreranno: \u2013 Sfinge: sito generale. Il sito originale in cui si trova la Sfinge era una pianura in leggera pendenza con un affioramento di roccia pi\u00f9 dura.\u2013 Sphinx\u2014Testa della Sfinge<\/p>\n<p>\u2013 Sfinge: sito generale Il sito originale in cui si trova la Sfinge era una pianura in leggera pendenza con un affioramento di roccia pi\u00f9 dura.<br \/>\n\u2013 Sfinge: testa della Sfinge<br \/>\n\u2013 Sfinge: base dura della fossa della sfinge<br \/>\n\u2013 Sfinge: erosione sul corpo<br \/>\n\u2013 Sfinge: erosione sulle pareti della fossa della Sfinge<br \/>\n\u2013 Sfinge: modelli di erosione sul corpo e sulla cavit\u00e0<br \/>\n\u2013 Sfinge: protezione naturale dal vento e dalla sabbia<br \/>\n\u2013 Sfinge: inizio 19<sup>th<\/sup> secolo<br \/>\n\u2013 Sfinge: modelli di erosione simili al corpo della Sfinge nel Tempio Piramidale di Khafra che si trova a 46 m (150 piedi) sopra l&#039;altopiano. Sicuramente non c&#039;erano acque sotterranee nel caso di questo tempio. Allora come spieghiamo il modello di erosione simile? Non c&#039;\u00e8 altra risposta razionale se non che l&#039;erosione dell&#039;acqua si \u00e8 verificata alla fine dell&#039;ultima era glaciale c. 15.000-10.000 a.C.<\/p>\n<p><img decoding=\"async\" class=\"aligncenter\" src=\"http:\/\/egyptianwisdomcenter.org\/wp-content\/uploads\/2019\/02\/IMG_1841-300x200.jpg\" alt=\"IMG_1841\" \/><\/p>\n<p><img decoding=\"async\" class=\"aligncenter\" src=\"http:\/\/egyptianwisdomcenter.org\/wp-content\/uploads\/2019\/02\/IMG_1868-300x200.jpg\" alt=\"IMG_1868\" \/><\/p>\n<p><img decoding=\"async\" class=\"aligncenter\" src=\"http:\/\/egyptianwisdomcenter.org\/wp-content\/uploads\/2019\/02\/AE-13-pg-045-Sphinx-300x262.jpg\" alt=\"AE-13 pag 045 Sfinge\" \/><\/p>\n<p><img decoding=\"async\" class=\"aligncenter\" src=\"http:\/\/egyptianwisdomcenter.org\/wp-content\/uploads\/2019\/02\/IMG_1732-300x200.jpg\" alt=\"IMG_1732\" \/><\/p>\n<p>&nbsp;<\/p>\n<p><strong><span style=\"color: #ff0000;\">[Un estratto da\u00a0<\/span><\/strong><strong>Antico Egitto: cultura rivelata, seconda edizione<span style=\"color: #ff0000;\"> di Moustafa Gadalla]<br \/>\n<a href=\"https:\/\/egyptianwisdomcenter.org\/it\/prodotto\/lantica-cultura-egiziana-ha-rivelato-la-seconda-edizione\/\"><span style=\"color: #0000ff;\">https:\/\/egyptianwisdomcenter.org\/product\/alla-scoperta-della-cultura-dellantico-egitto\/<\/span><\/a><br \/>\n<\/span><\/strong><\/p>\n<p><img decoding=\"async\" class=\"aligncenter\" src=\"https:\/\/egyptianwisdomcenter.org\/wp-content\/uploads\/2023\/01\/a-cultura-do-antigo-egito-revelada-1.jpg\" \/><\/p>\n<div dir=\"auto\" style=\"text-align: center;\"><a href=\"https:\/\/egyptianwisdomcenter.org\/it\/prodotto\/lantica-cultura-egiziana-ha-rivelato-la-seconda-edizione\/\"><span style=\"color: #0000ff;\"><strong>https:\/\/egyptianwisdomcenter.org\/product\/alla-scoperta-della-cultura-dellantico-egitto\/<\/strong><\/span><\/a><\/div>","protected":false},"excerpt":{"rendered":"<p>The Actual Incredible Remote Age Of Ancient Egypt &nbsp; 1. The Rising Valley Egypt is (and was) one of the most arid [&hellip;]<\/p>","protected":false},"author":3,"featured_media":0,"parent":0,"menu_order":0,"comment_status":"closed","ping_status":"closed","template":"","meta":{"footnotes":""},"class_list":["post-107","page","type-page","status-publish","hentry"],"aioseo_notices":[],"_links":{"self":[{"href":"https:\/\/egyptianwisdomcenter.org\/it\/wp-json\/wp\/v2\/pages\/107","targetHints":{"allow":["GET"]}}],"collection":[{"href":"https:\/\/egyptianwisdomcenter.org\/it\/wp-json\/wp\/v2\/pages"}],"about":[{"href":"https:\/\/egyptianwisdomcenter.org\/it\/wp-json\/wp\/v2\/types\/page"}],"author":[{"embeddable":true,"href":"https:\/\/egyptianwisdomcenter.org\/it\/wp-json\/wp\/v2\/users\/3"}],"replies":[{"embeddable":true,"href":"https:\/\/egyptianwisdomcenter.org\/it\/wp-json\/wp\/v2\/comments?post=107"}],"version-history":[{"count":0,"href":"https:\/\/egyptianwisdomcenter.org\/it\/wp-json\/wp\/v2\/pages\/107\/revisions"}],"wp:attachment":[{"href":"https:\/\/egyptianwisdomcenter.org\/it\/wp-json\/wp\/v2\/media?parent=107"}],"curies":[{"name":"wp","href":"https:\/\/api.w.org\/{rel}","templated":true}]}}