{"id":117,"date":"2018-10-30T00:00:00","date_gmt":"2018-10-30T04:00:00","guid":{"rendered":"http:\/\/egyptianwisdomcenter.org\/the-perfect-egyptian-calendar\/"},"modified":"2023-01-02T01:09:23","modified_gmt":"2023-01-02T06:09:23","slug":"the-perfect-egyptian-calendar-2","status":"publish","type":"page","link":"https:\/\/egyptianwisdomcenter.org\/it\/il-calendario-egiziano-perfetto-2\/","title":{"rendered":"Il calendario egiziano perfetto"},"content":{"rendered":"<h2 style=\"text-align: center;\"><span style=\"color: #ff0000;\"><strong>Il calendario egiziano perfetto<\/strong><\/span><\/h2>\n<p>&nbsp;<\/p>\n<p>Ora rivolgiamo la nostra attenzione alla ricerca dell&#039;et\u00e0 dell&#039;antichit\u00e0 egiziana rivedendo il calendario dell&#039;antico Egitto.<\/p>\n<p>La conoscenza avanzata degli egiziani in astronomia, come si riflette nel loro calendario pi\u00f9 accurato, fu riconosciuta dal grande Strabone (64 a.C.-25 d.C.), che scrisse:<\/p>\n<p style=\"padding-left: 30px;\"><strong><em>Loro (i sacerdoti egiziani) rivelarono ai Greci i segreti dell&#039;intero anno, che questi ultimi ignorarono come molte altre cose...<\/em><\/strong><\/p>\n<p>L&#039;ingegnoso (e molto accurato) calendario egiziano era basato sull&#039;osservazione e sullo studio dei movimenti di Sabt (Sirio) nel cielo. Il calendario dell&#039;Antico Egitto \u00e8 quindi chiamato Calendario Sotico; cio\u00e8 di avere a che fare con Sirio (Sabt), la Stella del Cane.<\/p>\n<p>Gli antichi Egizi sapevano che l\u2019anno intero durava poco pi\u00f9 di 365 giorni e un quarto. La terra impiega 365,25636 giorni per completare una rivoluzione attorno al sole.<\/p>\n<p>Va notato che la cronologia di 3.000 anni di storia dell&#039;antico Egitto, da parte degli egittologi moderni, \u00e8 stata resa possibile solo perch\u00e9 gli antichi egizi seguivano l&#039;accurato anno sotico di 365,25636 giorni. Inoltre, \u00e8 proprio il calendario egiziano che ha permesso agli studenti di storia di tutto il mondo di stimare le date degli eventi in tutti gli altri paesi del mondo, paesi che non hanno mai avuto un calendario corretto (o alcuno).<\/p>\n<p>I pratici antichi egizi usavano un calendario composto da 12 mesi, ciascuno pari a 30 giorni. Le correzioni necessarie per realizzare un anno completo \u2013 ovvero la differenza tra 365,25636 giorni e i 360 (30 x 12) giorni \u2013 sono state apportate come segue:<\/p>\n<ol>\n<li>La differenza di 5,25 giorni si ottiene alla fine dell&#039;anno egiziano, aggiungendo 5 giorni ogni anno e un giorno in pi\u00f9 ogni 4 anni. L&#039;Anno dell&#039;Antico Egitto inizia attualmente (nel 2007) l&#039;11 settembre. I 5\/6 giorni aggiuntivi iniziano il 6 settembre.<\/li>\n<li>La differenza di 0,00636 giorni (365,25636 \u2013 365\u00bc giorni) per ogni anno richiede l&#039;aggiunta di un altro giorno ogni (1\/0,00636) 157\u00bc anni, cosa che gli egiziani hanno continuato a fare fino ai nostri giorni. Ci\u00f2 si ottiene aggiungendo un giorno in pi\u00f9 ogni ciclo di 157, 314, 471 e 629 anni. Gli aggiustamenti di cui sopra da parte degli egiziani possono essere chiaramente visti negli ultimi 2.000 anni confrontando il calendario dell\u2019Antico Egitto con il calendario \u201clatino\u201d [come spiegato di seguito].<\/li>\n<\/ol>\n<p>Dopo che Giulio Cesare visit\u00f2 l&#039;Egitto nel 48 aEV, incaric\u00f2 l&#039;astronomo Sosigene (di Alessandria) di introdurre un calendario nell&#039;Impero Romano. Ci\u00f2 ha portato al calendario giuliano di 365 giorni all&#039;anno e 366 giorni ogni anno bisestile. Il calendario romano (giuliano) era letteralmente fatto su misura per essere adatto a un re. Il primo giorno dell&#039;anno era il giorno dell&#039;incoronazione del re egiziano alla fine del giubileo annuale del ringiovanimento [Vedi <em>Mistici egiziani: cercatori della Via<\/em>, dello stesso autore, per maggiori informazioni].<\/p>\n<p>Tuttavia, il calendario latino non teneva conto del fatto che l\u2019anno \u00e8 poco pi\u00f9 lungo di 365 giorni e un quarto. La differenza tra 365,25 giorni e 365,25636 giorni, dal momento dell&#039;adozione del calendario giuliano fino ai giorni nostri, \u00e8 di 13 giorni. Tale differenza spiega la variazione di 13 giorni nelle osservazioni annuali di numerose feste cristiane tra le chiese ortodosse e non ortodosse. Il motivo \u00e8 che un gruppo seguiva l\u2019accurato calendario egiziano, mentre l\u2019altro gruppo seguiva l\u2019impreciso calendario giuliano.<\/p>\n<p>Quando fu adottato il calendario latino nel 48 a.C., il primo giorno del calendario egiziano era il 29 agosto. Ora \u00e8 l&#039;11 settembre: una differenza di 13 giorni, come abbiamo appena spiegato.<\/p>\n<p>Per trovare la data di inizio del calendario dell&#039;Antico Egitto (in termini del calendario latino (carente), dobbiamo tenere conto della differenza di 0,00636 giorni (365,25636 \u2013 365,25 giorni) per ogni anno tra il 29 agosto e il 21 giugno. 21 indica il solstizio d&#039;estate, che segna l&#039;inizio del calendario dell&#039;Antico Egitto, che segna l&#039;inizio del ciclo Sotico. Il ciclo sotico egiziano iniziava con il sorgere eliaco di Sabt (Sirio) sull&#039;orizzonte, insieme al sole, e rimaneva visibile per pochi istanti finch\u00e9 non svaniva con l&#039;avanzare dell&#039;alba.<\/p>\n<p>Innanzitutto troviamo che la differenza tra il 29 agosto e il 21 giugno \u00e8 di 69 giorni. Dividendo 69 giorni per 0,00636, il risultato \u00e8 10.849 anni. Pertanto, il 29 agosto dell&#039;anno 48 a.C., il calendario egiziano corrispondeva almeno al 10.897 a.C. (10.849 + 48).<\/p>\n<p>Confrontiamo i nostri calcoli del calendario sotico di 10.897 con i calcoli dello zodiaco. Come affermato in precedenza, l&#039;attuale ciclo zodiacale inizi\u00f2 nel 10.948 a.C. La differenza tra il 10.897 a.C. e l&#039;inizio dell&#039;Era del Leone [10.948 a.C.] \u00e8 di 51 anni. In altre parole, nel 48 a.C., il calendario dell&#039;Antico Egitto corrispondeva a 1\/3 del ciclo di un periodo di 157 anni.<\/p>\n<p>L&#039;anno 10.948 a.C., essendo l&#039;inizio dell&#039;Era del Leone, \u00e8 coerente con le dichiarazioni di tutti i primi scrittori greci e romani come Platone, il cui <em>Dialoghi raccolti<\/em> indicano che il canone delle proporzioni dell&#039;Antico Egitto per le arti e l&#039;architettura non \u00e8 cambiato nei 10.000 anni precedenti prima del tempo di Platone [428\u2013347 aEV]. Platone afferm\u00f2:<\/p>\n<p style=\"padding-left: 30px;\"><strong><em>Che i quadri e le statue realizzati diecimila anni fa non sono in alcun modo migliori o peggiori di quelli realizzati oggi.<\/em><\/strong><\/p>\n<p>A partire dall&#039;occupazione islamica\/araba dell&#039;Egitto [641 d.C.], il calendario dell&#039;antico Egitto divenne noto come calendario &quot;copto&quot;, anche se fu sviluppato migliaia di anni prima del cristianesimo. Gli egiziani moderni seguono ancora il calendario dell&#039;antico Egitto praticamente per tutte le innumerevoli feste annuali, l&#039;agricoltura, il clima e altre questioni (con solo una manciata di eccezioni). \u00c8 di gran lunga il calendario pi\u00f9 pratico e preciso in uso al mondo.<\/p>\n<p>&nbsp;<\/p>\n<p><strong><span style=\"color: #ff0000;\">[Un estratto da\u00a0<\/span><\/strong><strong>Antico Egitto: cultura rivelata, seconda edizione<span style=\"color: #ff0000;\"> di Moustafa Gadalla]<br \/>\n<a href=\"https:\/\/egyptianwisdomcenter.org\/it\/prodotto\/lantica-cultura-egiziana-ha-rivelato-la-seconda-edizione\/\"><span style=\"color: #0000ff;\">https:\/\/egyptianwisdomcenter.org\/product\/alla-scoperta-della-cultura-dellantico-egitto\/<\/span><\/a><br \/>\n<\/span><\/strong><\/p>\n<p><img decoding=\"async\" class=\"aligncenter\" src=\"https:\/\/egyptianwisdomcenter.org\/wp-content\/uploads\/2023\/01\/a-cultura-do-antigo-egito-revelada-1.jpg\" \/><\/p>\n<div dir=\"auto\" style=\"text-align: center;\"><a href=\"https:\/\/egyptianwisdomcenter.org\/it\/prodotto\/lantica-cultura-egiziana-ha-rivelato-la-seconda-edizione\/\"><span style=\"color: #0000ff;\"><strong>https:\/\/egyptianwisdomcenter.org\/product\/alla-scoperta-della-cultura-dellantico-egitto\/<\/strong><\/span><\/a><\/div>","protected":false},"excerpt":{"rendered":"<p>The Perfect Egyptian Calendar &nbsp; Now we turn our attention to finding the age of Egyptian antiquity by reviewing the Ancient Egyptian [&hellip;]<\/p>","protected":false},"author":3,"featured_media":0,"parent":0,"menu_order":0,"comment_status":"closed","ping_status":"closed","template":"","meta":{"footnotes":""},"class_list":["post-117","page","type-page","status-publish","hentry"],"aioseo_notices":[],"_links":{"self":[{"href":"https:\/\/egyptianwisdomcenter.org\/it\/wp-json\/wp\/v2\/pages\/117","targetHints":{"allow":["GET"]}}],"collection":[{"href":"https:\/\/egyptianwisdomcenter.org\/it\/wp-json\/wp\/v2\/pages"}],"about":[{"href":"https:\/\/egyptianwisdomcenter.org\/it\/wp-json\/wp\/v2\/types\/page"}],"author":[{"embeddable":true,"href":"https:\/\/egyptianwisdomcenter.org\/it\/wp-json\/wp\/v2\/users\/3"}],"replies":[{"embeddable":true,"href":"https:\/\/egyptianwisdomcenter.org\/it\/wp-json\/wp\/v2\/comments?post=117"}],"version-history":[{"count":0,"href":"https:\/\/egyptianwisdomcenter.org\/it\/wp-json\/wp\/v2\/pages\/117\/revisions"}],"wp:attachment":[{"href":"https:\/\/egyptianwisdomcenter.org\/it\/wp-json\/wp\/v2\/media?parent=117"}],"curies":[{"name":"wp","href":"https:\/\/api.w.org\/{rel}","templated":true}]}}