{"id":118,"date":"2018-10-30T00:00:00","date_gmt":"2018-10-30T04:00:00","guid":{"rendered":"http:\/\/egyptianwisdomcenter.org\/the-peoples-of-egypt-2\/"},"modified":"2023-01-02T01:12:23","modified_gmt":"2023-01-02T06:12:23","slug":"the-peoples-of-egypt-2","status":"publish","type":"page","link":"https:\/\/egyptianwisdomcenter.org\/it\/i-popoli-dellegitto-2\/","title":{"rendered":"I popoli dell&#039;Egitto"},"content":{"rendered":"<h2 style=\"text-align: center;\"><span style=\"color: #0000ff;\">I popoli dell&#039;Egitto<\/span><\/h2>\n<p>&nbsp;<\/p>\n<h3><span style=\"color: #ff0000;\">Gli egiziani immutabili<\/span><\/h3>\n<p>Gli egiziani sono straordinariamente tradizionalisti fino all\u2019eccesso. Nel corso della storia dell\u2019Egitto, l\u2019enfasi \u00e8 stata posta sull\u2019adesione alle tradizioni e gli egiziani non si sono MAI discostati da tali principi. Nel testo pi\u00f9 antico del mondo sopravvissuto (5.000 anni fa), lo scriba egiziano Ptah Hotep afferma:<\/p>\n<blockquote><p><strong><em>Non modificare\/cambiare nulla degli insegnamenti\/istruzioni di tuo padre (antenato), nemmeno una sola parola. E lasciamo che questo principio sia la pietra angolare degli insegnamenti alle generazioni future.<\/em><\/strong><\/p><\/blockquote>\n<p>Gli egiziani non si discostarono mai da questo principio. I primi storici hanno attestato questo fatto, come Erodoto, in\u00a0<em>Le Storie, Libro Secondo<\/em>, [79]:<\/p>\n<blockquote><p><strong><em>Gli egiziani mantengono le loro usanze native e non ne adottano mai dall&#039;estero.<\/em><\/strong><\/p><\/blockquote>\n<p>Erodoto, in\u00a0<em>Le Storie, Libro Secondo<\/em>, [91]:<\/p>\n<blockquote><p><strong><em>Gli egiziani non sono disposti ad adottare le usanze greche, o, per parlare in generale, quelle di qualsiasi altro paese.<\/em><\/strong><\/p><\/blockquote>\n<p>L&#039;essenza di tale tradizionalismo sta nella totale adesione degli egiziani alla precedenza stabilita dai loro antenati. Tutto ci\u00f2 che facevano, ogni azione, ogni movimento, ogni decreto doveva essere giustificato in termini di precedenza ancestrale a cui attenersi e spiegare le loro azioni e azioni. L&#039;intera sociologia ed esistenza degli antichi egiziani e dei Baladi, dall&#039;inizio alla fine, non \u00e8 altro che una lunga catena di precedenti ancestrali, ogni singolo anello e rivetto dei quali divenne un&#039;usanza e una legge, dai loro padri spirituali fino a loro stessi, nella carne. Platone e altri scrittori affermarono la completa adesione degli egiziani alle proprie tradizioni. Da allora non \u00e8 cambiato nulla in questo atteggiamento, perch\u00e9 ogni viaggiatore in Egitto da quel momento ha confermato la propria fedelt\u00e0 a tale conservatorismo.<\/p>\n<p>Con tutte le false affermazioni su come gli antichi egizi cambiarono i loro modi, le lingue, la religione, le tradizioni, ecc., uno studio attento mostrer\u00e0 che tali affermazioni sono semplici miraggi. La verit\u00e0 \u00e8 che le antiche tradizioni non sono mai morte, e continuano a sopravvivere all\u2019interno della maggioranza silenziosa, che si chiama (e si chiama)\u00a0<strong>Baladi<\/strong>, cio\u00e8 nativi. La rumorosa minoranza di egiziani (alti funzionari governativi, accademici, giornalisti e autoproclamati intellettuali) \u00e8 descritta dalla maggioranza silenziosa come\u00a0<strong>Afrangi<\/strong>, Senso\u00a0<em>stranieri<\/em>.<\/p>\n<p>Gli Afrangi sono il popolo egiziano che compromise l&#039;eredit\u00e0 egiziana per ottenere posizioni elevate e l&#039;approvazione degli invasori stranieri dell&#039;Egitto. Come strumento di forze straniere, come gli arabi, gli Afrangi governano e dominano i Baladi, i nativi. Gli Afrangi sono, come i loro padroni stranieri, arroganti, crudeli e vanitosi. Dopo che le forze straniere lasciarono l&#039;Egitto, gli Afrangi egiziani continuarono il loro ruolo di giusti governanti.<\/p>\n<p>Gli Immutabili Baladi: i tedofori degli antenati dell&#039;Antico Egitto furono sprezzantemente privati della loro nazionalit\u00e0, come spiegato di seguito.<\/p>\n<h3><span style=\"color: #ff0000;\">Le religioni razziali<\/span><\/h3>\n<p>\u00c8 comunemente riconosciuto che la storia \u00e8 scritta (pi\u00f9 correttamente dettata\/colorata) dai vincitori degli ultimi conflitti. Di conseguenza \u00e8 stato scritto e ripetuto: che gli Antichi Egizi accettarono il dominio delle dominazioni tolemaiche e romane; che avevano volontariamente cambiato le loro convinzioni religiose nel cristianesimo; e poco tempo dopo accettarono di buon grado l\u2019Islam come sostituto del cristianesimo. Di conseguenza, molte parti in conflitto (eurocentristi, afrocentristi, islamisti, cristiani, ecc.), che usano l\u2019Antico Egitto per promuovere la propria agenda, insistono sul fatto che l\u2019antica religione, la lingua e le tradizioni sono morte. Tali errori infondati furono rafforzati dalla minoranza egiziana Afrangi che serve gli interessi dei conquistatori arabi e che sin dal 640 d.C. dedicarono i loro sforzi a denunciare la loro eredit\u00e0 ancestrale.<\/p>\n<p>A causa della natura passiva degli egiziani Baladi, molte persone hanno inventato teorie sull&#039;identit\u00e0 degli egiziani che non hanno assolutamente alcuna base scientifica e\/o storica. La premessa delle loro affermazioni infondate \u00e8 la divisione e l&#039;identificazione razziale del popolo egiziano, basata sulle loro presunte religioni. Alcuni sostengono che la popolazione islamizzata dell&#039;Egitto (circa 90%) sia costituita da coloni arabi provenienti dalla penisola araba. La popolazione cristiana (circa 10%) \u00e8 considerata i veri egiziani, indicati come copti, discendenti degli antichi egizi. Altri sostengono che la popolazione islamizzata dell&#039;Egitto provenga da un sangue misto di antichi egizi e arabi che invasero l&#039;Egitto nel 640 d.C. Il sangue dell&#039;Antico Egitto non esiste pi\u00f9.<\/p>\n<p>In verit\u00e0, le centinaia di mummie dell&#039;Antico Egitto di tutte le et\u00e0, insieme ai test del DNA e alle numerose figure raffigurate nei templi e nelle tombe dell&#039;Antico Egitto mostrano che gli attuali egiziani musulmani sono la stessa razza dei loro antenati dell&#039;Antico Egitto.<\/p>\n<p>La popolazione cristiana dell&#039;Egitto \u00e8 notevolmente diversa dalla popolazione musulmana. In realt\u00e0, i cristiani in Egitto NON sono nativi dell&#039;Egitto, ma una minoranza straniera venuta in Egitto, dalla Giudea e dalla Siria per servire gli interessi dei romani per equipaggiare le loro guarnigioni militari e\/o per riscuotere le varie tasse imposte dai romani. Non \u00e8 una coincidenza che i centri concentrati in cui risiede l&#039;attuale popolazione cristiana dell&#039;Egitto siano esattamente gli stessi luoghi in cui i romani mantenevano i loro centri militari e amministrativi (riscossione delle tasse). Ora, 2.000 anni dopo, questo popolo siriaco \u00e8 facilmente distinguibile nell\u2019aspetto e nei modi dalla maggior parte dei nativi egiziani. I visitatori stranieri, come il ricercatore britannico EW Lane, hanno affermato tali differenze nel suo libro,\u00a0<em>Gli usi e i costumi degli egiziani moderni<\/em>\u00a0[1836].<\/p>\n<p>A differenza degli stranieri (siriaci e non) che vivono in Egitto, i nativi egiziani non si sono mai convertiti al cristianesimo. Fu la migrazione siriana ad Alessandria a costituire la maggior parte dei primi cristiani in Egitto. Nel 312 d.C. il cristianesimo divenne la religione ufficiale e unica dell\u2019Impero Romano. Poco tempo dopo l\u2019Impero Romano si divise. L&#039;Egitto divenne parte dell&#039;Impero d&#039;Oriente (o bizantino) nel 323 d.C. La dichiarazione di Costantino di fare del cristianesimo la religione ufficiale dell&#039;impero ebbe due effetti immediati sull&#039;Egitto. In primo luogo, ha permesso alla Chiesa di migliorare l&#039;organizzazione della sua struttura amministrativa e di acquisire notevoli ricchezze; e in secondo luogo, ha permesso ai fanatici cristiani di distruggere i diritti religiosi, le propriet\u00e0 e i templi dei nativi egiziani. Ad esempio, quando Teofilo fu nominato Patriarca di Alessandria nel 391 d.C. Un&#039;ondata di distruzione si abbatt\u00e9 sul paese d&#039;Egitto. Le tombe furono devastate, i muri degli antichi monumenti deturpati e le statue rovesciate. La famosa Biblioteca di Alessandria, che conteneva centinaia di migliaia di documenti, fu distrutta. I fanatici dei primi cristiani continuarono ad appropriarsi dei templi dell\u2019antico Egitto. Nel 4<sup>th<\/sup>\u00a0e 5<sup>th<\/sup>\u00a0secoli, molti antichi templi sulla riva occidentale di Ta-Apet (Tebe) furono convertiti in centri monastici.<\/p>\n<p>Non ci sono prove archeologiche, al di fuori di Alessandria, a sostegno delle affermazioni di popolarit\u00e0 eccessivamente esagerate dei cristiani. Gli antichi Egizi non avevano bisogno di alcuna nuova illuminazione da parte dei fanatici cristiani, poich\u00e9 proprio quella che oggi viene chiamata religione cristiana esisteva gi\u00e0 nell\u2019Antico Egitto, molto prima dell\u2019adozione del Nuovo Testamento. L&#039;egittologo britannico Sir EA Wallis Budge scrisse nel suo libro:\u00a0<em>Gli dei degli egiziani<\/em>\u00a0[1969],<\/p>\n<blockquote><p><strong><em>La nuova religione (cristianesimo) che vi fu predicata da San Marco e dai suoi immediati seguaci, somigliava in tutti i suoi elementi essenziali a quella che fu il risultato del culto di Osiride, Iside e Horus.<\/em><\/strong><\/p><\/blockquote>\n<p>La differenza principale tra la versione egiziana e quella del Nuovo Testamento \u00e8 che il racconto evangelico \u00e8 considerato storico e la storia egiziana di Ausar\/Auset\/Heru \u00e8 un&#039;allegoria. Lo studioso britannico AN Wilson ha sottolineato nel suo libro:\u00a0<em>Ges\u00f9<\/em>:<\/p>\n<blockquote><p><strong><em>Il Ges\u00f9 della storia e il Cristo della fede sono due esseri separati, con storie molto diverse.<\/em><\/strong><\/p><\/blockquote>\n<p>I primi cristiani confondevano la finzione con i fatti. Nella loro fanatica ignoranza, tradussero erroneamente il linguaggio allegorico spirituale dell\u2019Antico Egitto in presunta storia. Che Cristo sia dentro di te \u00e8 il messaggio di verit\u00e0 dell&#039;Antico Egitto, sepolto da coloro che vogliono fare della storia un&#039;allegoria spirituale. [Per ulteriori informazioni, vedere\u00a0<em>Le antiche radici egiziane del cristianesimo<\/em>, di M. Gadalla.]<\/p>\n<p>La storia delle lotte politiche e dottrinali all\u2019interno della Chiesa durante e dopo il IV secolo \u00e8 stata in gran parte scritta in termini di controversie sulla natura di Dio e Cristo e sulla relazione tra loro. Questi partiti erano distinti dai nomi familiari giacobita o copto e melchita o realista. I Giacobiti erano per credo monofisiti, per razza principalmente, anche se non esclusivamente, persone nate in Egitto, ma di discendenza straniera (erroneamente pensate come nativi egiziani); mentre i Melchiti erano seguaci ortodossi di Calcedonia e per la maggior parte di origine greca o europea.<\/p>\n<p>I monofisiti avevano, fin dall&#039;inizio, sposato una dottrina di Cristo, che poneva la massima enfasi possibile sulla sua divinit\u00e0, e rifiutava che avesse una natura umana. Quando i teologi ortodossi di Roma e Costantinopoli concordarono al Concilio di Calcedonia, nel 451, che Cristo dovesse essere adorato\u00a0<em>in due nature inseparabilmente unite<\/em>, l&#039;opposizione monofisita sosteneva che, sebbene Cristo potesse essere\u00a0<em>da due nature<\/em>, non poteva essere in due nature. Di conseguenza, nel 451, durante il regno del patriarca Dioscoro, la Chiesa monofisita in Egitto si stacc\u00f2 dalla Chiesa ortodossa melchita ed elesse il proprio patriarca. Dal Concilio di Calcedonia del 451, ciascuna delle due Chiese aveva il proprio patriarca e la propria amministrazione separati.<\/p>\n<p>Si sente parlare molto del processo contro i copti. Eppure furono loro a chiederlo, non accettando altre credenze religiose, compresi i loro correligionari cristiani melchiti. Il loro rifiuto dei diritti religiosi degli altri \u00e8 stato violento e distruttivo. Anche se potevano avere un proprio patriarca, insistevano nel negare ai melchiti e agli altri il diritto di adorare a modo loro. La cosiddetta persecuzione fu attribuita a Ciro, che fu inviato come patriarca imperiale ad Alessandria nel 631 d.C. Fu mantenuta la doppia successione dei pontefici. Ciro tent\u00f2 prima un compromesso tra le due fazioni (Melkiti e Monofisiti). Il compromesso fu rifiutato dai monofisiti che non ne riconobbero l&#039;autorit\u00e0.<\/p>\n<p>Ciro dovette ristabilire l&#039;ordine, per conto del suo imperatore, poich\u00e9 i monofisiti avevano terrorizzato e distrutto coloro che semplicemente non erano d&#039;accordo con le loro interpretazioni fanatiche. Ciro perseguit\u00f2 i monofisiti oppure essi chiesero la sua reazione rifiutando lui e la sua autorit\u00e0? Per estensione, avevano perseguitato la terra e il popolo dell&#039;Egitto (loro ospite) per diversi secoli e, ironicamente, Ciro, il cristiano, diede loro un assaggio della loro stessa medicina.<\/p>\n<p>Quando gli arabi musulmani, nel dicembre del 639 d.C., decisero di conquistare l&#039;Egitto con poche migliaia di uomini, il loro compito era relativamente semplice, aiutati dal sostegno attivo dei monofisiti cristiani non egiziani. Dopo meno di due anni di combattimenti e manovre politiche tra gli invasori arabi e i bizantini, Ciro firm\u00f2 un trattato con gli arabi musulmani l&#039;8 novembre 641, che prevedeva il ritiro totale dei soldati romani, imponendo un tributo a tutti i normodotati. maschi e una tassa su tutti i proprietari terrieri. Le uniche parti contraenti del trattato erano gli arabi musulmani e i cristiani non egiziani, che cedettero un paese (l&#039;Egitto) che non era il loro.<\/p>\n<p>Grazie all&#039;attiva cooperazione dei cristiani, i conquistatori arabi musulmani favorirono la Chiesa monofisita, utilizzandola per aiutarli a riscuotere l&#039;imposta fiscale imposta sui nativi egiziani. In altre parole, gli arabi mantennero la stessa amministrazione della riscossione delle tasse che era sotto il dominio romano\/bizantino. In cambio, ai cristiani veniva garantito il diritto di continuare a praticare la propria religione. La sconfitta definitiva del dominio bizantino in Egitto avvenne quando i loro soldati evacuarono Alessandria, nel 642 d.C. Da quella data, l&#039;Egitto divenne una colonia islamica\/araba governata da stranieri direttamente o indirettamente tramite gli egiziani Afrangi.<\/p>\n<p>Sotto il dominio islamico, una persona deve dichiarare ufficialmente la propria fedelt\u00e0 a una delle tre religioni approvate [Islam, Cristianesimo ed Ebraismo], poich\u00e9 la legge islamica impone una tassa speciale aggiuntiva (nota come Jizya) su cristiani ed ebrei. La popolazione egiziana, controllata o minacciata dagli invasori arabi (e dai loro esattori delle tasse, i cristiani), dovette dichiarare una delle tre religioni approvate. Tale dichiarazione fu una necessit\u00e0 e mai una vera conversione. Una volta che una persona annunciasse la sua islamizzazione, non potrebbe mai cambiare, poich\u00e9 ci\u00f2 sarebbe considerato blasfemia, punibile con la morte per mano di qualsiasi musulmano. Inoltre, tutti i discendenti di persone islamizzate sono automaticamente considerati musulmani secondo la legge islamica e quindi non possono mai denunciare l\u2019Islam.<\/p>\n<p>Il termine copto \u00e8 anteriore al cristianesimo ed \u00e8 la parola comune usata dai greci per indicare un egiziano. Gli arabi, dopo il 640 d.C., usarono questo termine generale per etichettare gli egiziani non musulmani e si riferirono alla popolazione islamizzata come arabi. In altre parole, i vincitori dell&#039;invasione del 640 d.C. cambiarono capricciosamente la razza degli egiziani in arabi a causa di una religione imposta loro dai conquistatori. Di conseguenza, nel VII secolo il termine copto assunse un significato diverso, per indicare cristiano invece che egiziano.<\/p>\n<p>Gli egiziani furono invasi pi\u00f9 e pi\u00f9 volte, senza mai opporre una reale resistenza. Gli egiziani Baladi impararono a mantenere le loro antiche tradizioni sotto un sottile strato di Islam. Un comune proverbio egiziano descrive la loro modalit\u00e0 di sopravvivenza,<\/p>\n<blockquote><p><strong><em>Lui\/lei gioca con un uovo e una pietra per proteggere il delicato uovo dalla rottura della pietra.<\/em><\/strong><\/p><\/blockquote>\n<p>[Maggiori informazioni sull&#039;islamizzazione dell&#039;Egitto in altri libri di Gadalla, come\u00a0<em>Mistici egiziani: cercatori della Via<\/em>,\u00a0<em>Il duraturo sistema musicale dell\u2019antico Egitto<\/em>, E\u00a0<em>Cosmologia egiziana: l&#039;universo animato<\/em>.]<\/p>\n<p>&nbsp;<\/p>\n<hr \/>\n<p><span style=\"color: #ff0000;\"><strong>Per ulteriori informazioni sulla popolazione egiziana antica (e attuale), sulla loro natura, abitazioni, ecc., fare riferimento a:<\/strong><\/span><\/p>\n<p><strong><span style=\"color: #ff0000;\">[Un estratto da\u00a0<\/span><\/strong><strong>Antico Egitto: cultura rivelata, seconda edizione<span style=\"color: #ff0000;\"> di Moustafa Gadalla]<br \/>\n<a href=\"https:\/\/egyptianwisdomcenter.org\/it\/prodotto\/lantica-cultura-egiziana-ha-rivelato-la-seconda-edizione\/\"><span style=\"color: #0000ff;\">https:\/\/egyptianwisdomcenter.org\/product\/alla-scoperta-della-cultura-dellantico-egitto\/<\/span><\/a><br \/>\n<\/span><\/strong><\/p>\n<p><img decoding=\"async\" class=\"aligncenter\" src=\"https:\/\/egyptianwisdomcenter.org\/wp-content\/uploads\/2023\/01\/a-cultura-do-antigo-egito-revelada-1.jpg\" \/><\/p>\n<div dir=\"auto\" style=\"text-align: center;\"><a href=\"https:\/\/egyptianwisdomcenter.org\/it\/prodotto\/lantica-cultura-egiziana-ha-rivelato-la-seconda-edizione\/\"><span style=\"color: #0000ff;\"><strong>https:\/\/egyptianwisdomcenter.org\/product\/alla-scoperta-della-cultura-dellantico-egitto\/<\/strong><\/span><\/a><\/div>\n<p>&nbsp;<\/p>\n<p><span style=\"color: #ff0000;\"><strong>[<\/strong><\/span><strong>Mistici egiziani: Cercatori della Via, 2a edizione<\/strong><span style=\"color: #ff0000;\"><strong> di Moustafa Gadalla]<br \/>\n<a href=\"https:\/\/egyptianwisdomcenter.org\/it\/prodotto\/mistici-egiziani-ricercatori-della-via-2a-edizione\/\"><span style=\"color: #0000ff;\">https:\/\/egyptianwisdomcenter.org\/product\/egyptian-mystics-seekers-of-the-way-2nd-edition\/<\/span><\/a><br \/>\n<\/strong><\/span><\/p>\n<p><img decoding=\"async\" class=\"aligncenter\" src=\"https:\/\/books2read-prod.s3.amazonaws.com\/CACHE\/images\/ubl_book_images\/book_display_image_zMMju8w\/f91add1cabf1165dc68c4ea720a7e73c\" \/><\/p>\n<div dir=\"auto\" style=\"text-align: center;\"><a href=\"https:\/\/egyptianwisdomcenter.org\/it\/prodotto\/mistici-egiziani-ricercatori-della-via-2a-edizione\/\"><span style=\"color: #ff0000;\"><strong><span style=\"color: #0000ff;\">https:\/\/egyptianwisdomcenter.org\/product\/egyptian-mystics-seekers-of-the-way-2nd-edition\/<\/span><\/strong><\/span><\/a><\/div>\n<div dir=\"auto\">\n<div dir=\"auto\">\n<p style=\"text-align: center;\">\n<\/div>\n<\/div>","protected":false},"excerpt":{"rendered":"<p>The Peoples Of Egypt &nbsp; The Unchanging Egyptians The Egyptians are remarkably traditionalist to a fault. Throughout the history of Egypt, the [&hellip;]<\/p>","protected":false},"author":3,"featured_media":0,"parent":0,"menu_order":0,"comment_status":"closed","ping_status":"closed","template":"","meta":{"footnotes":""},"class_list":["post-118","page","type-page","status-publish","hentry"],"aioseo_notices":[],"_links":{"self":[{"href":"https:\/\/egyptianwisdomcenter.org\/it\/wp-json\/wp\/v2\/pages\/118","targetHints":{"allow":["GET"]}}],"collection":[{"href":"https:\/\/egyptianwisdomcenter.org\/it\/wp-json\/wp\/v2\/pages"}],"about":[{"href":"https:\/\/egyptianwisdomcenter.org\/it\/wp-json\/wp\/v2\/types\/page"}],"author":[{"embeddable":true,"href":"https:\/\/egyptianwisdomcenter.org\/it\/wp-json\/wp\/v2\/users\/3"}],"replies":[{"embeddable":true,"href":"https:\/\/egyptianwisdomcenter.org\/it\/wp-json\/wp\/v2\/comments?post=118"}],"version-history":[{"count":0,"href":"https:\/\/egyptianwisdomcenter.org\/it\/wp-json\/wp\/v2\/pages\/118\/revisions"}],"wp:attachment":[{"href":"https:\/\/egyptianwisdomcenter.org\/it\/wp-json\/wp\/v2\/media?parent=118"}],"curies":[{"name":"wp","href":"https:\/\/api.w.org\/{rel}","templated":true}]}}