{"id":122,"date":"2018-10-30T00:00:00","date_gmt":"2018-10-30T04:00:00","guid":{"rendered":"http:\/\/egyptianwisdomcenter.org\/ancient-egyptian-settlements-throughout-the-world\/"},"modified":"2023-01-02T01:15:20","modified_gmt":"2023-01-02T06:15:20","slug":"ancient-egyptian-settlements-throughout-the-world-2","status":"publish","type":"page","link":"https:\/\/egyptianwisdomcenter.org\/it\/insediamenti-degli-antichi-egizi-nel-mondo-2\/","title":{"rendered":"Antichi insediamenti egiziani in tutto il mondo"},"content":{"rendered":"<h2 style=\"text-align: center;\"><span style=\"color: #ff0000;\"><strong>Antichi insediamenti egiziani in tutto il mondo<\/strong><\/span><\/h2>\n<p>&nbsp;<\/p>\n<p>L&#039;Egitto era il paese pi\u00f9 dominante, popoloso e famoso del mondo antico, come affermato da Diodoro, <em>Libro I<\/em>, [31, 6-9]:<\/p>\n<p style=\"padding-left: 30px;\"><strong><em><span style=\"text-decoration: underline;\">In termini di densit\u00e0 di popolazione l\u2019Egitto superava di gran lunga tutte le regioni conosciute del mondo abitato, e anche ai nostri giorni si ritiene non sia secondo a nessuno<\/span> . . .<\/em><\/strong><br \/>\n<strong><em>. . .La popolazione totale, dicono, era anticamente di circa sette milioni e il numero non \u00e8 rimasto inferiore fino ai nostri giorni.<\/em><\/strong><\/p>\n<p>Erodoto afferm\u00f2 che durante il regno di Amasis esistevano in Egitto 20.000 citt\u00e0 popolose. Diodoro rifer\u00ec che c&#039;erano 18.000 grandi villaggi e citt\u00e0 e afferm\u00f2 che, sotto Tolomeo Lagus, ammontavano a pi\u00f9 di 30.000 persone. Giuseppe Flavio stim\u00f2 la popolazione. durante il regno di Vespasiano, nella valle del Nilo erano 7,5 milioni, oltre alla popolazione di Alessandria (che era di circa 800.000 abitanti).<\/p>\n<p>Superficialmente, l\u2019Antico Egitto sembra isolato e distinto dal resto del mondo; isolata dai deserti che orlano la stretta valle del Nilo. Tuttavia, gli egiziani erano in costante contatto con altri paesi. Scrittori classici come Plutarco, Erodoto e Diodoro raccontarono come l&#039;antico Egitto avesse colonie pacifiche in tutto il mondo. Diodoro di Sicilia, <em>Libro I<\/em>, [29, 5], afferma:<\/p>\n<p style=\"padding-left: 30px;\"><strong><em>In generale gli Egiziani dicono che i loro antenati mandarono numerose colonie in molte parti del mondo abitato, a causa della preminenza dei loro antichi re e della loro eccessiva popolazione;<\/em><\/strong><\/p>\n<p>Diodoro, <em>Libro I<\/em>, [28, 1-4], racconta anche di alcune pacifiche colonie egiziane che gli furono segnalate in Asia e in Europa:<\/p>\n<p style=\"padding-left: 30px;\"><strong><em>. . . <span style=\"text-decoration: underline;\">un gran numero di colonie si diffusero dall&#039;Egitto in tutto il mondo abitato<\/span>. A Babilonia, ad esempio, i coloni furono guidati da Belo, ritenuto figlio di Poseidone e della Libia. . . . .<\/em><\/strong><br \/>\n<strong><em>. . . . . Dicono anche che lo stesso abbiano fatto quelli che partirono con Danao <span style=\"text-decoration: underline;\">dall&#039;Egitto, si stabil\u00ec quella che \u00e8 praticamente la citt\u00e0 pi\u00f9 antica della Grecia, Argo<\/span>, e che la nazione dei Colchi nel Ponto e quella degli Ebrei, che si trova tra l&#039;Arabia e la Siria, furono fondate come colonie da alcuni emigranti dal loro paese. . . . .<\/em><\/strong><\/p>\n<p>I coloni egiziani in Asia e in Europa, in virt\u00f9 della loro eminenza, giocarono un ruolo di primo piano nel paese dei loro nuovi insediamenti. Diodoro, <em>Libro I<\/em>, [28,6-7], discute il ruolo significativo dei coloni egiziani come governanti di queste nuove colonie:<\/p>\n<p style=\"padding-left: 30px;\"><strong><em>Inoltre, alcuni dei governanti di Atene erano originariamente egiziani, dicono. Petes, [chiamato Peteus nell&#039;Iliade 2. 552.] per esempio, il padre di quel Menesteo che prese parte alla spedizione contro Troia, essendo stato chiaramente un egiziano, ottenne in seguito la cittadinanza ad Atene e il regno.<\/em><\/strong><\/p>\n<p>Diodoro, <em>Libro I<\/em>, [29, 1-5], afferma anche:<\/p>\n<p style=\"padding-left: 30px;\"><strong><em>Allo stesso modo, continuano, <span style=\"text-decoration: underline;\">Anche Eretteo, egiziano di nascita, divenne re di Atene<\/span>. . . . Eretteo, per il suo legame razziale con l&#039;Egitto, port\u00f2 di l\u00ec ad Atene una grande fornitura di grano, e in cambio coloro che avevano goduto di questo aiuto nominarono re il loro benefattore.<span style=\"text-decoration: underline;\"> Dopo essersi assicurato il trono istitu\u00ec i riti iniziatici di Demetra ad Eleusi e stabil\u00ec i misteri, trasferendone il rituale dall&#039;Egitto. . . . . E i loro sacrifici e le loro antiche cerimonie sono osservati dagli Ateniesi allo stesso modo degli Egiziani<\/span>. . . . .<\/em><\/strong><br \/>\n<strong><em>. . . . . responsabile delle cerimonie religiose pi\u00f9 importanti dell&#039;Attica; i pastophoroi erano quei sacerdoti egiziani che portavano in processione piccoli santuari degli dei. Sono anche gli unici greci che giurano per Iside e somigliano molto agli egiziani sia nell&#039;aspetto che nei modi.<\/em><\/strong><\/p>\n<p>Erodoto [500 a.C.] afferm\u00f2 di provenire da Alicarnasso, una citt\u00e0 dorica. Ha affermato chiaramente la connessione tra i Dori e l&#039;Egitto <em>Le Storie, Libro 6<\/em>, [Sezioni 53-55]:<\/p>\n<p style=\"padding-left: 30px;\"><strong><em>[53] . . . se si dovesse risalire, generazione dopo generazione, alla stirpe di Danae, figlia di Acrisio, i capi dei Dori risulterebbe essere egiziani di nascita.<\/em><\/strong><\/p>\n<p style=\"padding-left: 30px;\"><strong><em>[55] Di tutto questo si \u00e8 detto abbastanza. Altri hanno spiegato come e attraverso quali conquiste divennero re sui Dori, nonostante fossero egiziani, quindi non entrer\u00f2 in questo argomento. Registrer\u00f2 cose che altri non hanno raccolto.<\/em><\/strong><\/p>\n<p>Erodoto, in [55] sopra, afferm\u00f2 che un fatto del genere era di dominio pubblico al suo tempo [500 a.C.] e non necessitava di elaborazione. Altri collegamenti tra i Dori e gli Egiziani furono menzionati pi\u00f9 volte da Erodoto, come ad esempio in <em>Le Storie, Libro 2<\/em>, [Sezione 91].<\/p>\n<p>Infine, va notato che i documenti dell\u2019Antico Egitto (cos\u00ec come quelli di altre aree) contengono innumerevoli nomi di luoghi nel mondo che non sono riconoscibili ai nostri giorni. I nomi di luoghi, gruppi etnici e paesi continuano a cambiare. I nomi dei paesi europei di appena 100 anni fa, ad esempio, sono irriconoscibili per la maggior parte degli europei di oggi. Alla fine, quando tra qualche secolo questi documenti scompariranno, i nomi di tali paesi saranno totalmente irriconoscibili.<\/p>\n<p>In numerose localit\u00e0 del mondo ci sono riferimenti a persone abbronzate\/dalla pelle scura che hanno fornito illuminazione alle regioni di tutto il mondo. Sono descritti come:<\/p>\n<ol>\n<li>Di origine e caratteristiche \u201corientali\u201d.<\/li>\n<li>Popolo non bellicoso che si stabil\u00ec pacificamente tra la popolazione locale.<\/li>\n<li>Molto avanzato nella metallurgia e produceva grandi quantit\u00e0 di prodotti in metallo.<\/li>\n<li>Altamente organizzato e molto talentuoso nella gestione.<\/li>\n<li>Molto avanzato nell&#039;agricoltura con clima secco, nell&#039;irrigazione, ecc.<\/li>\n<li>Costruttori e artigiani esperti che hanno costruito tombe megalitiche, ecc.<\/li>\n<li>Persone molto religiose che avevano credenze animistiche.<\/li>\n<\/ol>\n<p>Le descrizioni di cui sopra possono applicarsi solo a un paese: l&#039;Egitto. Combinando tradizioni orali, etnostoria e prove archeologiche (datazione di importanti insediamenti, tombe, attivit\u00e0 minerarie, ecc.) di tutte le popolazioni del bacino del Mediterraneo, si pu\u00f2 vedere che i nuovi arrivati civilizzati avrebbero potuto provenire solo dalla Valle del Nilo.<\/p>\n<p>L&#039;immigrazione dall&#039;Egitto \u00e8 avvenuta in diverse ondate. Era strettamente correlato agli eventi nell&#039;antico Egitto. Alcuni se ne andarono in tempi prosperi per perseguire contatti d&#039;affari. La maggioranza se ne and\u00f2 in tempi stressanti.<\/p>\n<p>&nbsp;<\/p>\n<p><strong><span style=\"color: #ff0000;\">[Un estratto da <\/span>Antico Egitto: cultura rivelata, seconda edizione di Moustafa Gadalla<span style=\"color: #ff0000;\">]<br \/>\n<a href=\"https:\/\/egyptianwisdomcenter.org\/it\/prodotto\/lantica-cultura-egiziana-ha-rivelato-la-seconda-edizione\/\"><span style=\"color: #0000ff;\">https:\/\/egyptianwisdomcenter.org\/product\/alla-scoperta-della-cultura-dellantico-egitto\/<\/span><\/a><\/span><\/strong><\/p>\n<p style=\"text-align: center;\"><img decoding=\"async\" class=\"aligncenter\" src=\"https:\/\/egyptianwisdomcenter.org\/wp-content\/uploads\/2023\/01\/a-cultura-do-antigo-egito-revelada-1.jpg\" \/><\/p>\n<p style=\"text-align: center;\"><a href=\"https:\/\/egyptianwisdomcenter.org\/it\/prodotto\/lantica-cultura-egiziana-ha-rivelato-la-seconda-edizione\/\"><strong><span style=\"color: #ff0000;\"><span style=\"color: #0000ff;\">https:\/\/egyptianwisdomcenter.org\/product\/alla-scoperta-della-cultura-dellantico-egitto\/<\/span><\/span><\/strong><\/a><\/p>\n<hr \/>\n<p><strong><span style=\"color: #000000;\">Romani egiziani: l&#039;essenza della Hispania, 2a edizione di Moustafa Gadalla<\/span><\/strong><br \/>\n<a href=\"https:\/\/egyptianwisdomcenter.org\/it\/prodotto\/egyptian-romany-the-essence-of-hispania-2nd-edition\/\"><span style=\"color: #0000ff;\"><strong>https:\/\/egyptianwisdomcenter.org\/product\/egyptian-romany-the-essence-of-hispania-2nd-edition\/<\/strong><\/span><\/a><\/p>\n<p><img decoding=\"async\" class=\"aligncenter\" src=\"https:\/\/books2read-prod.s3.amazonaws.com\/CACHE\/images\/ubl_book_images\/book_display_image_qaPDJrL\/0f50e50083bd15df18e00383d25e0605\" \/><\/p>\n<div dir=\"auto\">\n<div dir=\"auto\">\n<p style=\"text-align: center;\"><a href=\"https:\/\/egyptianwisdomcenter.org\/it\/prodotto\/egyptian-romany-the-essence-of-hispania-2nd-edition\/\"><span style=\"color: #0000ff;\"><strong>https:\/\/egyptianwisdomcenter.org\/product\/egyptian-romany-the-essence-of-hispania-2nd-edition\/<\/strong><\/span><\/a><\/p>\n<\/div>\n<\/div>","protected":false},"excerpt":{"rendered":"<p>Ancient Egyptian Settlements Throughout The World &nbsp; Egypt was the most dominant, populous, and famed country in the ancient world, as affirmed [&hellip;]<\/p>","protected":false},"author":3,"featured_media":0,"parent":0,"menu_order":0,"comment_status":"closed","ping_status":"closed","template":"","meta":{"footnotes":""},"class_list":["post-122","page","type-page","status-publish","hentry"],"aioseo_notices":[],"_links":{"self":[{"href":"https:\/\/egyptianwisdomcenter.org\/it\/wp-json\/wp\/v2\/pages\/122","targetHints":{"allow":["GET"]}}],"collection":[{"href":"https:\/\/egyptianwisdomcenter.org\/it\/wp-json\/wp\/v2\/pages"}],"about":[{"href":"https:\/\/egyptianwisdomcenter.org\/it\/wp-json\/wp\/v2\/types\/page"}],"author":[{"embeddable":true,"href":"https:\/\/egyptianwisdomcenter.org\/it\/wp-json\/wp\/v2\/users\/3"}],"replies":[{"embeddable":true,"href":"https:\/\/egyptianwisdomcenter.org\/it\/wp-json\/wp\/v2\/comments?post=122"}],"version-history":[{"count":0,"href":"https:\/\/egyptianwisdomcenter.org\/it\/wp-json\/wp\/v2\/pages\/122\/revisions"}],"wp:attachment":[{"href":"https:\/\/egyptianwisdomcenter.org\/it\/wp-json\/wp\/v2\/media?parent=122"}],"curies":[{"name":"wp","href":"https:\/\/api.w.org\/{rel}","templated":true}]}}