{"id":124,"date":"2018-10-30T00:00:00","date_gmt":"2018-10-30T04:00:00","guid":{"rendered":"http:\/\/egyptianwisdomcenter.org\/isis-the-seat-of-legitimacy\/"},"modified":"2023-01-03T00:54:25","modified_gmt":"2023-01-03T05:54:25","slug":"isis-the-seat-of-legitimacy-2","status":"publish","type":"page","link":"https:\/\/egyptianwisdomcenter.org\/it\/e-la-sede-della-legittimita-2\/","title":{"rendered":"Isis: la sede della legittimit\u00e0"},"content":{"rendered":"<h2 style=\"text-align: center;\"><span style=\"color: #ff0000;\">Isis: la sede della legittimit\u00e0<\/span><\/h2>\n<p>&nbsp;<\/p>\n<p>Nell&#039;Antico Egitto, cos\u00ec come in tutti i paesi attuali, il sedile\/trono\/sedia simboleggia legittimit\u00e0\/autorit\u00e0. La citt\u00e0 principale di una contea \u00e8 chiamata \u201csede della contea\u201d. Il titolo del capo dei capi si chiama &quot;<b>Sedia<\/b>uomo del Consiglio\u201d. Questa \u00e8 una delle innumerevoli influenze dell&#039;Antico Egitto sul mondo, passato e presente.<\/p>\n<p><img decoding=\"async\" class=\"aligncenter\" src=\"http:\/\/egyptianwisdomcenter.org\/wp-content\/uploads\/2019\/02\/isis-ch1-72c-1.jpg\" \/><\/p>\n<p>In Egitto, tuttavia, il significato dell&#039;Isis come sede\/autorit\u00e0\/legittimit\u00e0 \u00e8 stata la base per l&#039;adozione da parte dell&#039;Egitto del principio matrilineare\/matriarcale nella loro societ\u00e0.<\/p>\n<p>Nel corso della storia egiziana, \u00e8 stata la regina a trasmettere il sangue solare. La regina era la vera sovrana, proprietaria terriera, custode della regalit\u00e0 e custode della purezza della stirpe. L&#039;uomo che spos\u00f2 la maggiore principessa egiziana rivendic\u00f2 il diritto al trono. Attraverso il matrimonio, ha trasmesso la corona a suo marito, che ha agito solo come suo agente esecutivo. Questa legge sociale\/politica fu incorporata nella Storia Modello Egiziana, per cui Osiride divenne il primo Faraone d\u2019Egitto, in seguito al suo matrimonio con Iside. I Faraoni, cos\u00ec come i leader delle localit\u00e0 pi\u00f9 piccole, aderirono a questo sistema. Se il Faraone\/leader non aveva figlie, una dinastia finiva e ne iniziava una nuova, con una nuova donna venerata come nuovo seme per una nuova dinastia. Le pratiche matrilineari si applicavano anche a tutta la societ\u00e0, come risulta dalle stele funerarie di ogni genere di persone, dove \u00e8 consuetudine far risalire la discendenza del defunto per parte materna, e non per quella paterna. Viene specificata la madre della persona, ma non il padre, oppure viene menzionato solo incidentalmente. Questa tradizione sopravvive ancora segretamente tra i\u00a0<i>Baladi<\/i>\u00a0Egiziani.<\/p>\n<p><a href=\"https:\/\/egypt-tehuti.org\/wp-admin\/post.php?post=13748&amp;action=edit&amp;lang=en&amp;classic-editor\" target=\"_blank\" rel=\"noopener\">Mustafa Gadalla<\/a><\/p>\n<hr \/>\n<p><center><\/center><span style=\"color: #ff0000;\"><b>Per ulteriori informazioni leggere: <\/b><\/span><strong>Iside: La Divina Femmina di Moustafa Gadalla<\/strong><span style=\"color: #ff0000;\"><strong>]<br \/>\n<a href=\"https:\/\/egyptianwisdomcenter.org\/it\/prodotto\/isis-la-femmina-divina\/\"><span style=\"color: #0000ff;\">https:\/\/egyptianwisdomcenter.org\/product\/iside-la-divinita-femminile\/<\/span><\/a><br \/>\n<\/strong><\/span><\/p>\n<p><img decoding=\"async\" class=\"aligncenter\" src=\"https:\/\/egyptianwisdomcenter.org\/wp-content\/uploads\/2023\/01\/iside-la-divinita-femminile-2.jpg\" \/><\/p>\n<div dir=\"auto\">\n<p style=\"text-align: center;\"><a href=\"https:\/\/egyptianwisdomcenter.org\/it\/prodotto\/isis-la-femmina-divina\/\"><span style=\"color: #ff0000;\"><strong><span style=\"color: #0000ff;\">https:\/\/egyptianwisdomcenter.org\/product\/iside-la-divinita-femminile\/<\/span><\/strong><\/span><\/a><\/p>\n<\/div>\n<p>&nbsp;<\/p>\n<p><strong><span style=\"color: #ff0000;\">Cosmologia egiziana: l&#039;universo animato, terza edizione di Moustafa Gadalla<\/span><\/strong><br \/>\n<a href=\"https:\/\/egyptianwisdomcenter.org\/it\/prodotto\/cosmologia-egiziana-luniverso-animato-terza-edizione\/\"><span style=\"color: #0000ff;\"><strong>https:\/\/egyptianwisdomcenter.org\/product\/cosmologia-egizia-luniverso-animato-terza-edizione\/<\/strong><\/span><\/a><\/p>\n<p><img decoding=\"async\" class=\"aligncenter\" src=\"https:\/\/egyptianwisdomcenter.org\/wp-content\/uploads\/2023\/01\/cosmologia-egizia-l-universo-animato-terza-edizione-1.jpg\" \/><\/p>\n<div dir=\"auto\">\n<div dir=\"auto\" style=\"text-align: center;\"><a href=\"https:\/\/egyptianwisdomcenter.org\/it\/prodotto\/cosmologia-egiziana-luniverso-animato-terza-edizione\/\"><span style=\"color: #0000ff;\"><strong>https:\/\/egyptianwisdomcenter.org\/product\/cosmologia-egizia-luniverso-animato-terza-edizione\/<\/strong><\/span><\/a><\/div>\n<\/div>","protected":false},"excerpt":{"rendered":"<p>Isis: The Seat Of Legitimacy &nbsp; In Ancient Egypt, as well as in all countries nowadays, the seat\/throne\/chair symbolizes legitimacy\/authority. The principle [&hellip;]<\/p>","protected":false},"author":3,"featured_media":0,"parent":0,"menu_order":0,"comment_status":"closed","ping_status":"closed","template":"","meta":{"footnotes":""},"class_list":["post-124","page","type-page","status-publish","hentry"],"aioseo_notices":[],"_links":{"self":[{"href":"https:\/\/egyptianwisdomcenter.org\/it\/wp-json\/wp\/v2\/pages\/124","targetHints":{"allow":["GET"]}}],"collection":[{"href":"https:\/\/egyptianwisdomcenter.org\/it\/wp-json\/wp\/v2\/pages"}],"about":[{"href":"https:\/\/egyptianwisdomcenter.org\/it\/wp-json\/wp\/v2\/types\/page"}],"author":[{"embeddable":true,"href":"https:\/\/egyptianwisdomcenter.org\/it\/wp-json\/wp\/v2\/users\/3"}],"replies":[{"embeddable":true,"href":"https:\/\/egyptianwisdomcenter.org\/it\/wp-json\/wp\/v2\/comments?post=124"}],"version-history":[{"count":0,"href":"https:\/\/egyptianwisdomcenter.org\/it\/wp-json\/wp\/v2\/pages\/124\/revisions"}],"wp:attachment":[{"href":"https:\/\/egyptianwisdomcenter.org\/it\/wp-json\/wp\/v2\/media?parent=124"}],"curies":[{"name":"wp","href":"https:\/\/api.w.org\/{rel}","templated":true}]}}