{"id":127,"date":"2018-10-30T00:00:00","date_gmt":"2018-10-30T04:00:00","guid":{"rendered":"http:\/\/egyptianwisdomcenter.org\/matrilineal-matriarchal-society\/"},"modified":"2023-01-03T00:56:05","modified_gmt":"2023-01-03T05:56:05","slug":"matrilineal-matriarchal-society-2","status":"publish","type":"page","link":"https:\/\/egyptianwisdomcenter.org\/it\/societa-matriarcale-matrilineare-2\/","title":{"rendered":"Societ\u00e0 matrilineare\/matriarcale"},"content":{"rendered":"<h2 style=\"text-align: center;\"><span style=\"color: #ff0000;\"><strong>Societ\u00e0 matrilineare\/matriarcale<\/strong><\/span><\/h2>\n<p>&nbsp;<\/p>\n<p>Erodoto, nel 500 a.C., afferm\u00f2: \u201cDi tutte le nazioni del mondo, gli egiziani sono i pi\u00f9 felici, i pi\u00f9 sani e i pi\u00f9 religiosi\u201d. Questi sono i tre elementi \u2013 felice, sano e religioso \u2013 della societ\u00e0 ideale. La ragione di una societ\u00e0 cos\u00ec ideale \u00e8 la loro totale coscienza cosmica.<\/p>\n<p>Ci\u00f2 che consideriamo una struttura \u201cpolitica\u201d era, per loro, un aspetto naturale della loro struttura sociale. Per raggiungere la perfetta armonia universale, la struttura sociale deve rispecchiare la stessa ordinata gerarchia dell&#039;universo creato. La sopravvivenza e il successo umano richiedono il mantenimento della stessa struttura ordinata.<\/p>\n<p><em>Come sopra cos\u00ec sotto <\/em>\u00e8 l\u2019unico modo per raggiungere l\u2019ordine e l\u2019armonia. Di conseguenza, gli antichi egizi (e Baladi) adottarono il sistema matrilineare\/matriarcale come manifestazione sociale delle leggi planetarie.<\/p>\n<p>Come abbiamo visto in precedenza, il principio femminile divino \u00e8 che Iside rappresenta il sole e suo marito Osiride rappresenta la luna. La luce della luna (Osiride-maschio) \u00e8 un riflesso della luce del sole (Iside-femmina). Il sistema socio-politico dell\u2019Antico Egitto rispetta la relazione tra il sole (femmina) e la luna (maschio).<\/p>\n<p>Il nome egiziano di Iside significa <em>posto a sedere<\/em> (cio\u00e8, <em>autorit\u00e0<\/em>) ed \u00e8 il principio di legittimit\u00e0: il vero trono fisico, come raffigurato nel simbolismo dell&#039;Antico Egitto con Iside che indossa un trono\/sede sulla testa.<\/p>\n<p><a href=\"http:\/\/egyptianwisdomcenter.org\/wp-content\/uploads\/2019\/02\/isis-throne-crown.png\"><img decoding=\"async\" class=\"size-full wp-image-394 aligncenter\" src=\"http:\/\/egyptianwisdomcenter.org\/wp-content\/uploads\/2019\/02\/isis-throne-crown.png\" alt=\"\" width=\"138\" height=\"92\" \/><\/a><\/p>\n<p><strong>Ausar<\/strong> (Osiride) \u00e8 scritto in geroglifici con il glifo del trono e dell&#039;occhio, unendo i concetti di legittimit\u00e0 e divinit\u00e0.<\/p>\n<p><a href=\"http:\/\/egyptianwisdomcenter.org\/wp-content\/uploads\/2019\/02\/aerx-124top-72c-1-1.jpg\"><img decoding=\"async\" class=\"size-full wp-image-846 aligncenter\" src=\"http:\/\/egyptianwisdomcenter.org\/wp-content\/uploads\/2019\/02\/aerx-124top-72c-1-1.jpg\" alt=\"\" width=\"18\" height=\"33\" \/><\/a><\/p>\n<p><a href=\"http:\/\/egyptianwisdomcenter.org\/wp-content\/uploads\/2019\/02\/aerx-124bot-72c-1.jpg\"><img decoding=\"async\" class=\"size-full wp-image-847 aligncenter\" src=\"http:\/\/egyptianwisdomcenter.org\/wp-content\/uploads\/2019\/02\/aerx-124bot-72c-1.jpg\" alt=\"\" width=\"50\" height=\"14\" \/><\/a><\/p>\n<p>Nel corso della storia egiziana, \u00e8 stata la regina a trasmettere il sangue solare. La regina era la vera sovrana, custode della regalit\u00e0 e custode della purezza della stirpe. I re egiziani rivendicavano il diritto al trono attraverso il matrimonio con la principessa egiziana pi\u00f9 anziana. Con il matrimonio, ha trasmesso la corona a suo marito, ma lui ha agito solo come suo agente esecutivo.<\/p>\n<p>I faraoni, cos\u00ec come i leader delle localit\u00e0 pi\u00f9 piccole, aderirono a questo sistema matriarcale. Se il faraone\/leader non aveva figlie, allora una dinastia finiva e ne iniziava una nuova, con una nuova fanciulla venerata come nuovo seme per una nuova dinastia.<\/p>\n<p>Poich\u00e9 le donne erano le eredi legali al trono, svolgevano un ruolo importante negli affari di stato, comportandosi come una sorta di mediatrici di potere. Le regine d&#039;Egitto esercitavano un&#039;influenza eccezionale come consiglieri dei faraoni.<\/p>\n<p>I documenti sopravvissuti del Medio Regno (2040\u20131783 aEV) mostrano che i nomes (province) dell&#039;Egitto passarono da una famiglia all&#039;altra attraverso le ereditiere; cos\u00ec, colui che avesse sposato l&#039;ereditiera avrebbe governato la provincia.<\/p>\n<p>Le pratiche matrilineari in Egitto si applicavano anche all&#039;intera societ\u00e0, come risulta evidente dalle stele funerarie di tutti i tipi di persone in tutta la storia conosciuta dell&#039;Egitto, dove \u00e8 consuetudine tracciare la discendenza del defunto da parte di madre e non da parte di madre. su quello del padre. Viene specificata la madre della persona, ma non il padre; o se viene menzionato, \u00e8 solo incidentalmente.<\/p>\n<p>Questa tradizione sopravvive ancora segretamente (perch\u00e9 contraria all&#039;Islam) tra gli egiziani Baladi.<\/p>\n<p>[Per ulteriori informazioni sulle comunit\u00e0 matrilocali in Egitto, leggi <strong><span style=\"color: #ff0000;\">Antico Egitto: cultura rivelata, seconda edizione<\/span> di Moustafa Gadalla]<\/strong><\/p>\n<p><strong><span style=\"color: #ff0000;\">[Un estratto da <span style=\"color: #000000;\">Cosmologia egiziana: l&#039;universo animato, terza edizione<\/span> di Moustafa Gadalla]<br \/>\n<a href=\"https:\/\/egyptianwisdomcenter.org\/it\/prodotto\/cosmologia-egiziana-luniverso-animato-terza-edizione\/\"><span style=\"color: #0000ff;\">https:\/\/egyptianwisdomcenter.org\/product\/cosmologia-egizia-luniverso-animato-terza-edizione\/<\/span><\/a><\/span><\/strong><\/p>\n<p><img decoding=\"async\" class=\"aligncenter\" src=\"https:\/\/egyptianwisdomcenter.org\/wp-content\/uploads\/2023\/01\/cosmologia-egizia-l-universo-animato-terza-edizione-1.jpg\" \/><\/p>\n<p style=\"text-align: center;\"><a href=\"https:\/\/egyptianwisdomcenter.org\/it\/prodotto\/cosmologia-egiziana-luniverso-animato-terza-edizione\/\"><strong><span style=\"color: #ff0000;\"><span style=\"color: #0000ff;\">https:\/\/egyptianwisdomcenter.org\/product\/cosmologia-egizia-luniverso-animato-terza-edizione\/<\/span><\/span><\/strong><\/a><\/p>\n<hr \/>\n<p>&nbsp;<\/p>\n<p><strong><span style=\"color: #ff0000;\">Antico Egitto: cultura rivelata, seconda edizione<\/span> di Moustafa Gadalla<\/strong><br \/>\n<a href=\"https:\/\/egyptianwisdomcenter.org\/it\/prodotto\/lantica-cultura-egiziana-ha-rivelato-la-seconda-edizione\/\"><span style=\"color: #0000ff;\"><strong>https:\/\/egyptianwisdomcenter.org\/product\/alla-scoperta-della-cultura-dellantico-egitto\/<\/strong><\/span><\/a><\/p>\n<p><img decoding=\"async\" class=\"aligncenter\" src=\"https:\/\/egyptianwisdomcenter.org\/wp-content\/uploads\/2023\/01\/a-cultura-do-antigo-egito-revelada-1.jpg\" \/><\/p>\n<p style=\"text-align: center;\"><a href=\"https:\/\/egyptianwisdomcenter.org\/it\/prodotto\/lantica-cultura-egiziana-ha-rivelato-la-seconda-edizione\/\"><span style=\"color: #ff0000;\"><strong><span style=\"color: #0000ff;\">https:\/\/egyptianwisdomcenter.org\/product\/alla-scoperta-della-cultura-dellantico-egitto\/<\/span><\/strong><\/span><\/a><\/p>\n<p>&nbsp;<\/p>\n<p>&nbsp;<\/p>\n<p>&nbsp;<\/p>\n<div dir=\"auto\">\n<div dir=\"auto\"><\/div>\n<\/div>","protected":false},"excerpt":{"rendered":"<p>Matrilineal\/Matriarchal Society &nbsp; Herodotus, in 500 BCE, stated: \u201cOf all the nations of the world, Egyptians are the happiest, healthiest, and most [&hellip;]<\/p>","protected":false},"author":3,"featured_media":0,"parent":0,"menu_order":0,"comment_status":"closed","ping_status":"closed","template":"","meta":{"footnotes":""},"class_list":["post-127","page","type-page","status-publish","hentry"],"aioseo_notices":[],"_links":{"self":[{"href":"https:\/\/egyptianwisdomcenter.org\/it\/wp-json\/wp\/v2\/pages\/127","targetHints":{"allow":["GET"]}}],"collection":[{"href":"https:\/\/egyptianwisdomcenter.org\/it\/wp-json\/wp\/v2\/pages"}],"about":[{"href":"https:\/\/egyptianwisdomcenter.org\/it\/wp-json\/wp\/v2\/types\/page"}],"author":[{"embeddable":true,"href":"https:\/\/egyptianwisdomcenter.org\/it\/wp-json\/wp\/v2\/users\/3"}],"replies":[{"embeddable":true,"href":"https:\/\/egyptianwisdomcenter.org\/it\/wp-json\/wp\/v2\/comments?post=127"}],"version-history":[{"count":0,"href":"https:\/\/egyptianwisdomcenter.org\/it\/wp-json\/wp\/v2\/pages\/127\/revisions"}],"wp:attachment":[{"href":"https:\/\/egyptianwisdomcenter.org\/it\/wp-json\/wp\/v2\/media?parent=127"}],"curies":[{"name":"wp","href":"https:\/\/api.w.org\/{rel}","templated":true}]}}