{"id":131,"date":"2018-10-30T00:00:00","date_gmt":"2018-10-30T04:00:00","guid":{"rendered":"http:\/\/egyptianwisdomcenter.org\/the-pharaoh-s-role-the-master-servant\/"},"modified":"2023-01-03T00:57:11","modified_gmt":"2023-01-03T05:57:11","slug":"the-pharaoh-s-role-the-master-servant","status":"publish","type":"page","link":"https:\/\/egyptianwisdomcenter.org\/it\/il-ruolo-del-faraone-il-padrone-servitore\/","title":{"rendered":"Il ruolo del faraone: il servo principale"},"content":{"rendered":"<h2 style=\"text-align: center;\"><span style=\"color: #0000ff;\"><strong>Il ruolo del faraone: il servo principale<\/strong><\/span><\/h2>\n<p>&nbsp;<\/p>\n<h3><span style=\"color: #ff0000;\"><strong>1. Il potere eterno<\/strong><\/span><\/h3>\n<p>Contrariamente all&#039;immagine distorta della Bibbia e di Hollywood del faraone come un duro tiranno che vive una vita lussuosa, inutile e facile, il faraone non aveva potere politico, viveva in un&#039;abitazione di mattoni di fango e trascorreva il suo tempo svolgendo il suo dovere di agire come intermediario tra il mondo naturale e quello soprannaturale conducendo riti e sacrifici.<\/p>\n<p>Non ci si aspettava che i faraoni fossero capi di eserciti vittoriosi, ma ci si aspettava che assicurassero una successione regolare di ricchi raccolti.<\/p>\n<p>Il faraone era la fonte della prosperit\u00e0 e del benessere dello stato, per il suo popolo. Era il loro servitore; non il loro tiranno. Deponeva i semi all&#039;inizio della stagione e raccoglieva il \u201cfrutto\u201d al momento del raccolto. Trascorreva il suo tempo servendo gli interessi del suo popolo eseguendo i rituali necessari in tutto il paese. I faraoni venivano identificati con le colture e venivano chiamati come: <em>Il nostro raccolto <\/em>E <em>Il nostro raccolto<\/em>.<\/p>\n<p>In base al suo vasto addestramento con i poteri soprannaturali, si credeva che il corpo del faraone fosse carico di un dinamismo divino che si comunicava a tutto ci\u00f2 che toccava. Diodoro rifer\u00ec che il faraone conduceva tipicamente una vita ristretta. Nemmeno il pi\u00f9 intimo dei suoi cortigiani poteva vederlo mangiare o bere. Quando il re mangiava, lo faceva in privato. Il cibo gli veniva offerto con lo stesso rituale usato dai sacerdoti nell&#039;offrire il sacrificio ai neteru (dei, dee).<\/p>\n<p>Il diritto di governare era considerato una catena continua di legittimit\u00e0 basata su principi matriarcali secondo cui la linea di discendenza reale in Egitto avveniva attraverso la figlia maggiore. Chiunque spos\u00f2 divenne il faraone. Se il faraone non generava una figlia, si formava una nuova \u201cdinastia\u201d. Non esisteva \u201csangue reale\u201d nell\u2019antico Egitto.<\/p>\n<p>Il potere eterno del leader\/Re non muore mai. Il potere viene semplicemente trasferito da un corpo umano a un altro corpo umano (medio). Di conseguenza, tutti i Faraoni si identificarono con Horus come a <em>vita <\/em>Re e con l&#039;anima di Osiride come a <em>morto <\/em>Re.<\/p>\n<p>Ci\u00f2 \u00e8 illustrato in modo eloquente in diversi punti delle tombe e dei templi dell&#039;Antico Egitto, come mostrato di seguito, in cui Horus nasce da Osiride dopo la sua morte.<\/p>\n<p><a href=\"http:\/\/egyptianwisdomcenter.org\/wp-content\/uploads\/2019\/02\/admin-ajax.jpg\"><img decoding=\"async\" class=\"wp-image-881 aligncenter\" src=\"http:\/\/egyptianwisdomcenter.org\/wp-content\/uploads\/2019\/02\/admin-ajax.jpg\" alt=\"\" width=\"310\" height=\"105\" \/><\/a><\/p>\n<p>Anche gli inglesi di oggi seguono, inconsciamente, la stessa convinzione che il potere eterno si trasferisce da un corpo umano all&#039;altro, quando dicono:<\/p>\n<p><strong><em>\u00a0 \u00a0 \u00a0 \u00a0 &quot;Il re \u00e8 morto. Lunga vita al Re.&quot;<\/em><\/strong><\/p>\n<p>come a dire:<\/p>\n<p><strong><em>\u00a0 \u00a0 \u00a0 \u00a0 \u00a0 \u201cOsiride \u00e8 morto. Lunga vita a Horus.\u201d<\/em><\/strong><\/p>\n<p>&nbsp;<\/p>\n<h3><span style=\"color: #ff0000;\"><strong>2. Il padrone servitore<\/strong><\/span><\/h3>\n<p>L&#039;antico re egiziano, con l&#039;aiuto dei sacerdoti a lui associati e tramite gli spiriti ancestrali, stabil\u00ec un giusto rapporto tra il popolo e le forze soprannaturali. Si riteneva che il leader avesse un&#039;influenza personale sulle opere della natura, al quale venivano tributati gli onori divini e al quale venivano attribuiti poteri divini.<\/p>\n<p>L&#039;antico faraone egiziano era un&#039;immagine terrena della somma delle energie divine dell&#039;universo (neteru). In quanto tale, eseguiva continuamente i rituali necessari per una corretta relazione e comunicazione con i neteru (i poteri dell&#039;universo) al fine di mantenere il benessere dello stato e assicurare la fertilit\u00e0 della terra, affinch\u00e9 potesse produrre sostentamento.<\/p>\n<p>Ogni anno il re zappava il primo appezzamento di terreno agricolo e seminava i primi semi. Se il Faraone non celebrasse la liturgia quotidiana ai neteru (dei, dee), i raccolti perirebbero. Trascorreva il suo tempo svolgendo i suoi doveri verso il suo popolo eseguendo i rituali necessari, da un tempio all&#039;altro, in tutto il paese.<\/p>\n<p>Nonostante le ripetute accuse di vanit\u00e0 rivolte ai Faraoni, \u00e8 bene ricordare che le loro dimore terrene non furono mai di pietra, ma di mattoni di fango, lo stesso materiale utilizzato dai contadini pi\u00f9 umili. Questi umili monarchi mortali credevano che il corpo impermanente, formato di argilla da Khnum, il neter dalla testa di ariete, richiedesse una dimora altrettanto impermanente su questa terra. Le case terrene dei Re sono da tempo ritornate alla terra da cui furono sollevate.<\/p>\n<p>&nbsp;<\/p>\n<h3><span style=\"color: #ff0000;\"><strong>3. Mantenere viva la fiamma [Il Festival Heb-Sed]<\/strong><\/span><\/h3>\n<p>La fertilit\u00e0 del suolo, gli abbondanti raccolti, la salute delle persone e del bestiame, il normale svolgimento degli eventi e tutti i fenomeni della vita erano\/sono intimamente legati al potenziale della forza vitale del sovrano. \u00c8 quindi che il re egiziano non avrebbe dovuto (o addirittura non avrebbe potuto) regnare se non fosse in buona salute e di buon umore. Di conseguenza, era obbligato a ringiovanire la sua forza vitale frequentando regolarmente pratiche fisiche e metafisiche conosciute come rituali Heb-Sed.<\/p>\n<p>Lo scopo del festival annuale Heb-Sed dell&#039;Antico Egitto (che si teneva regolarmente verso la fine di dicembre) era quello di rinnovare il potere del faraone attraverso una serie di rituali tra cui il sacrificio rituale. I rituali di rinnovamento avevano lo scopo di portare una nuova forza vitale al re; cio\u00e8 una morte (figurativa) e una rinascita (figurativa) del re regnante. Uno dei rituali Heb-Sed consisteva nell&#039;indurre un&#039;esperienza di pre-morte in modo che il re potesse viaggiare nei regni superiori per ringiovanire i suoi poteri cosmici. Al suo ritorno sarebbe stato un \u201cnuovo\u201d re. Questo d\u00e0 pi\u00f9 significato alla frase:<\/p>\n<p><strong><em>\u00a0 \u00a0 \u00a0 \u00a0 \u00a0 Il re \u00e8 morto: lunga vita al re.<\/em><\/strong><\/p>\n<p>&nbsp;<\/p>\n<h3><span style=\"color: #ff0000;\"><strong>4. Il governo del popolo<\/strong><\/span><\/h3>\n<p>La condotta e il modo di vivere del Faraone erano regolati da regole prescritte, poich\u00e9 la sua funzione principale era quella di garantire la prosperit\u00e0 e il benessere dei suoi sudditi. Nei libri sacri erano stabilite leggi sull&#039;ordine e sulla natura delle sue occupazioni.<\/p>\n<p>Gli era proibito commettere eccessi. Anche il tipo e la qualit\u00e0 dei suoi cibi erano prescritti con precisione. Anche se il re avesse avuto i mezzi per sfidare le regole prescritte, la voce del popolo avrebbe potuto punirlo alla morte con l&#039;ignominia di escludere il suo corpo dalla sepoltura nella sua stessa tomba.<\/p>\n<p>Quando il corpo del re defunto fu posto in bella mostra vicino all&#039;ingresso della sua tomba, al popolo riunito fu chiesto se qualcuno si fosse opposto alla sepoltura del re perch\u00e9 non aveva adempiuto ai suoi doveri. Se il pubblico manifestava il proprio dissenso con alti mormorii, veniva privato dell&#039;onore del consueto funerale pubblico e della sepoltura nella sua tomba.<\/p>\n<p>Al corpo di un faraone egiziano incompleto, sebbene escluso dalla sepoltura nella necropoli, non fu negato il diritto di essere sepolto altrove. Un esempio calzante \u00e8 la tomba comune che fu trovata nel 1876 nelle immediate vicinanze del tempio commemorativo di Hatshepsut (erroneamente noto come \u201cobitorio\u201d) sulla riva occidentale del fiume Nilo a Luxor (Tebe). Coloro le cui prestazioni erano insoddisfacenti per la popolazione comune furono sepolti in questo luogo. Tali faraoni rifiutati includevano le mummie di nomi ben noti e influenti come Amenhotep I, Tuthomosis II e III, Seti I e Ramses I e III.<\/p>\n<p>Come verr\u00e0 mostrato pi\u00f9 avanti in questo libro, i testi egiziani affermano chiaramente che il re egiziano pu\u00f2 avere il suo posto in Paradiso solo se:<\/p>\n<p style=\"padding-left: 30px;\"><strong><em>&#8220;<span style=\"text-decoration: underline;\">non se n&#039;\u00e8 parlato contro sulla terra davanti agli uomini<\/span>, Lui<\/em><\/strong><br \/>\n<strong><em>non \u00e8 stato accusato di peccato in cielo prima del neteru <\/em><\/strong>(dei, dee)<strong><em>.&#8221;<\/em><\/strong><\/p>\n<p>&nbsp;<\/p>\n<h3><span style=\"color: #ff0000;\"><strong>5. Il re vittorioso<\/strong><\/span><\/h3>\n<p>Nei templi, nelle tombe e nei testi dell&#039;Antico Egitto, i vizi umani sono raffigurati come stranieri (il corpo malato \u00e8 malato perch\u00e9 \u00e8\/\u00e8 stato invaso da germi estranei). Gli stranieri sono raffigurati come sottomessi \u2013 con le braccia strette\/legate dietro la schiena \u2013 per rappresentare l\u2019autocontrollo interiore.<\/p>\n<p>L\u2019esempio pi\u00f9 vivido di autocontrollo \u00e8 la comune rappresentazione del Faraone (L\u2019Uomo Perfetto) sulle pareti esterne dei templi dell\u2019Antico Egitto, mentre sottomette\/controlla i nemici stranieri (i nemici [impurit\u00e0] all\u2019interno). Simboleggia le forze dell&#039;ordine che controllano il caos e la luce che trionfa sull&#039;oscurit\u00e0.<\/p>\n<p><a href=\"http:\/\/egyptianwisdomcenter.org\/wp-content\/uploads\/2019\/02\/aecr-ch6-2-72cc-1.jpg\"><img decoding=\"async\" class=\"wp-image-884 aligncenter\" src=\"http:\/\/egyptianwisdomcenter.org\/wp-content\/uploads\/2019\/02\/aecr-ch6-2-72cc-1.jpg\" alt=\"\" width=\"170\" height=\"180\" \/><\/a><\/p>\n<p>La stessa scena di \u201cguerra\u201d si ripete nei templi di tutto il paese, il che ne indica il simbolismo e non \u00e8 necessariamente una rappresentazione di eventi storici reali.<\/p>\n<p>Le scene di \u201cguerra\u201d simboleggiano la battaglia senza fine tra il Bene e il Male. In molti casi non esiste alcuna base storica per tali scene di guerra, anche se viene fornita una data precisa. Questo \u00e8 il caso delle scene di guerra sul pilone del tempio di Medinat Habu.<\/p>\n<p>Gli accademici occidentali sono incapaci di comprendere le realt\u00e0 metafisiche, e quindi \u201ccreano\u201d eventi storici a partire da concetti metafisici. La famosa \u201cBattaglia di Kadesh\u201d \u00e8 in realt\u00e0 il dramma personale del singolo uomo reale (il re in ognuno di noi) che da solo sottomette le forze interiori del caos e dell\u2019oscurit\u00e0. Kadesh significa <em>santo\/sacro<\/em>.<\/p>\n<p>Pertanto, la battaglia di Kadesh significa la lotta interiore, una guerra santa all\u2019interno di ogni individuo.<\/p>\n<p>&nbsp;<\/p>\n<div dir=\"auto\">\n<p><strong><span style=\"color: #ff0000;\">[Un estratto da <\/span>Cosmologia egiziana: l&#039;universo animato, terza edizione di Moustafa Gadalla<span style=\"color: #ff0000;\">]<br \/>\n<a href=\"https:\/\/egyptianwisdomcenter.org\/it\/prodotto\/cosmologia-egiziana-luniverso-animato-terza-edizione\/\"><span style=\"color: #0000ff;\">https:\/\/egyptianwisdomcenter.org\/product\/cosmologia-egizia-luniverso-animato-terza-edizione\/<\/span><\/a><\/span><\/strong><\/p>\n<p><img decoding=\"async\" class=\"aligncenter\" src=\"https:\/\/egyptianwisdomcenter.org\/wp-content\/uploads\/2023\/01\/cosmologia-egizia-l-universo-animato-terza-edizione-1.jpg\" \/><\/p>\n<div dir=\"auto\">\n<p style=\"text-align: center;\"><a href=\"https:\/\/egyptianwisdomcenter.org\/it\/prodotto\/cosmologia-egiziana-luniverso-animato-terza-edizione\/\"><strong><span style=\"color: #ff0000;\"><span style=\"color: #0000ff;\">https:\/\/egyptianwisdomcenter.org\/product\/cosmologia-egizia-luniverso-animato-terza-edizione\/<\/span><\/span><\/strong><\/a><\/p>\n<\/div>\n<\/div>","protected":false},"excerpt":{"rendered":"<p>The Pharaoh &#8216;s Role &#8211; The Master Servant &nbsp; 1. The Eternal Power Contrary to the Bible and Hollywood\u2019s distorted image of [&hellip;]<\/p>","protected":false},"author":3,"featured_media":0,"parent":0,"menu_order":0,"comment_status":"closed","ping_status":"closed","template":"","meta":{"footnotes":""},"class_list":["post-131","page","type-page","status-publish","hentry"],"aioseo_notices":[],"_links":{"self":[{"href":"https:\/\/egyptianwisdomcenter.org\/it\/wp-json\/wp\/v2\/pages\/131","targetHints":{"allow":["GET"]}}],"collection":[{"href":"https:\/\/egyptianwisdomcenter.org\/it\/wp-json\/wp\/v2\/pages"}],"about":[{"href":"https:\/\/egyptianwisdomcenter.org\/it\/wp-json\/wp\/v2\/types\/page"}],"author":[{"embeddable":true,"href":"https:\/\/egyptianwisdomcenter.org\/it\/wp-json\/wp\/v2\/users\/3"}],"replies":[{"embeddable":true,"href":"https:\/\/egyptianwisdomcenter.org\/it\/wp-json\/wp\/v2\/comments?post=131"}],"version-history":[{"count":0,"href":"https:\/\/egyptianwisdomcenter.org\/it\/wp-json\/wp\/v2\/pages\/131\/revisions"}],"wp:attachment":[{"href":"https:\/\/egyptianwisdomcenter.org\/it\/wp-json\/wp\/v2\/media?parent=131"}],"curies":[{"name":"wp","href":"https:\/\/api.w.org\/{rel}","templated":true}]}}