{"id":135,"date":"2018-10-30T00:00:00","date_gmt":"2018-10-30T04:00:00","guid":{"rendered":"http:\/\/egyptianwisdomcenter.org\/the-physical-metaphysical-society\/"},"modified":"2023-01-03T00:59:21","modified_gmt":"2023-01-03T05:59:21","slug":"the-physical-metaphysical-society-2","status":"publish","type":"page","link":"https:\/\/egyptianwisdomcenter.org\/it\/la-societa-fisica-metafisica-2-2\/","title":{"rendered":"La societ\u00e0 fisica\/metafisica"},"content":{"rendered":"<h2 style=\"text-align: center;\"><span style=\"color: #0000ff;\">La societ\u00e0 fisica\/metafisica<\/span><\/h2>\n<p>&nbsp;<\/p>\n<h3><span style=\"color: #ff0000;\"><strong>1. Cercare le altezze celesti<\/strong><\/span><\/h3>\n<p>Gli antichi egiziani e i Baladi non facevano\/fanno alcuna distinzione tra uno stato d&#039;essere metafisico e uno con un corpo materiale. Tale distinzione \u00e8 un&#039;illusione mentale, come \u00e8 ormai accettata nei circoli scientifici a partire dalla teoria della relativit\u00e0 di Einstein <em>la materia \u00e8 una forma di energia<\/em>.<\/p>\n<p>Proprio come le nostre vite non si fermano alla morte, cos\u00ec i nostri corpi non sono limitati dalle loro forme fisiche esteriori. Esistiamo su diversi livelli contemporaneamente, dal pi\u00f9 fisico al pi\u00f9 spirituale. In effetti, in un certo senso, non c\u2019\u00e8 differenza tra fisico e spirituale; solo le gradazioni che si trovano tra le due estremit\u00e0 dello spettro.<\/p>\n<p>La matrice energetica universale, secondo le tradizioni egiziane, consiste nell&#039;unit\u00e0 di nove (7 cieli e 2 terre) regni interpenetranti e interattivi. In quanto tali, gli antichi egizi e i Baladi mantenevano\/mantengono le comunicazioni tra il loro regno terreno e gli spiriti\/le energie dell&#039;altro mondo.<\/p>\n<p>Gli egiziani facevano due grandi distinzioni nella struttura metafisica gerarchica dei sette cieli:<\/p>\n<p style=\"padding-left: 30px;\">R. Al vertice pi\u00f9 alto di questo ordine celeste, esistono tre livelli in una sorta di corte o consiglio celeste che non sono coinvolti nelle attivit\u00e0 umane sulla terra. Tali regni sono gli equivalenti degli Arcangeli e degli Ordini degli Angeli che troviamo in altri sistemi religiosi.<\/p>\n<p style=\"padding-left: 30px;\">B. Gli egiziani distinguevano quattro gruppi inferiori che occupano le posizioni della gerarchia celeste e sono costituiti da coloro che hanno vissuto sulla terra per un periodo o per l&#039;altro e, dopo la loro dipartita terrena, continuano a essere coinvolti nelle attivit\u00e0 umane sulla terra. Tali regni sono identici a quelli di alcuni sistemi cristiani orientali, dei profeti, degli apostoli, dei martiri e di molti grandi santi.<\/p>\n<p>In tutti i periodi della storia egiziana si conosceva una classe di esseri; alcuni dei quali sono maschi e alcune femmine. Questi avevano molte forme e forme e potevano apparire sulla terra come uomini, donne, animali, uccelli, rettili, alberi, piante, ecc. Erano pi\u00f9 forti e pi\u00f9 intelligenti degli uomini, ma avevano passioni come gli uomini. Si attribuiva loro il possesso di alcuni poteri o caratteristiche divini, eppure potevano ammalarsi e morire.<\/p>\n<p>Gli egiziani parlano dei loro defunti come se fossero vivi, il che dimostra quanto sia ferma la convinzione che le anime dei defunti ritornino alle loro tombe\/santuari nei giorni specificati delle loro visite settimanali e annuali.<\/p>\n<p>&nbsp;<\/p>\n<h3><span style=\"color: #ff0000;\"><strong>2. Gli aiutanti celesti<\/strong><\/span><\/h3>\n<p>Evidenzieremo qui gli aiutanti celesti pi\u00f9 comuni, come:<\/p>\n<h5>i \u2013 Famiglia e parenti prossimi<\/h5>\n<p>Le comunicazioni pi\u00f9 comuni erano\/sono tra gli esseri terreni e i loro spiriti antenati. Questi spiriti soddisfano i bisogni dei singoli membri della famiglia.<\/p>\n<h5>ii \u2013 Patroni della comunit\u00e0: [Patronati ancestrali locali\/regionali]<\/h5>\n<p>Il carattere di tali anime defunte come patroni della comunit\u00e0 [\u201cdio locale\u201d] copre una vasta gamma, soddisfacendo le aspettative dei loro discendenti nella comunit\u00e0 in generale. Si comportano come esseri umani superiori con le stesse passioni e gli stessi bisogni; ma anche con potere trascendentale. La citt\u00e0 \u00e8 la \u201cCasa\u201d del &#039;patrono&#039;. Hanno santuari, oggetti sacri e statue. Possono apparire sotto forma di pietre, alberi, animali o esseri umani.<\/p>\n<p>\u00c8 concepibile che si creda che il patrono di una citt\u00e0 particolarmente grande e potente eserciti una sorta di patronato, sia politico che agricolo, su un&#039;area estesa, e il potere che avevano raggiunto determin\u00f2 la loro espansione di influenza su un&#039;area pi\u00f9 ampia, con conseguente diventandone un grande mecenate dal vasto territorio.<\/p>\n<p>Alcuni santuari mostrano che erano mecenati puramente locali; molti dei quali originariamente prendono il nome da citt\u00e0 come &quot;lui di Ombos&quot;, &quot;lui di Edfu&quot;, &quot;lei di Bast&quot; - in realt\u00e0 sono semplicemente i geni delle citt\u00e0. Molti si mostrano ai loro seguaci sotto forma di qualche oggetto in cui abitavano. Gli egiziani credevano che ogni luogo fosse abitato da un gran numero di spiriti e che i minori fossero soggetti allo spirito principale.<\/p>\n<p>Il patrono locale\/villaggio viene visitato settimanalmente ogni gioved\u00ec o venerd\u00ec. Inoltre, hanno i loro festival stagionali e annuali.<\/p>\n<h5>iii \u2013 Santi popolari<\/h5>\n<p>I Walis (santi popolari) sono le persone che sono riuscite a percorrere il Sentiero spirituale e che, di conseguenza, hanno raggiunto l&#039;unione con il Divino. Tale unificazione consente loro di compiere atti soprannaturali, influenzare e prevedere eventi futuri, ecc. Di conseguenza, diventano gli intermediari tra gli esseri viventi terreni e i regni soprannaturali e celesti.<\/p>\n<p>Dopo la loro morte terrena, si pensa che la loro forza\/benedizione spirituale aumenti e risieda nelle persone e in particolare nei luoghi da loro associati e scelti. Un santo popolare sceglie e trasmette i luoghi dei suoi santuari alla sua famiglia e ai suoi amici durante i sogni (e possibilmente anche alla coscienza di veglia). Di conseguenza, per lui\/lei viene messo a parte uno o pi\u00f9 santuari, di solito pi\u00f9 di due. Tali santuari, nella maggior parte dei casi, non sono le loro tombe. Questi santuari punteggiano il paesaggio egiziano sin dalla sua pi\u00f9 antica storia conosciuta.<\/p>\n<p>Gli antichi egiziani e i Baladi rimasero\/restano in contatto con i Walis. Le persone visitano regolarmente i Walis nei loro santuari, dalle comunit\u00e0 circostanti. Visitarli \u00e8 un obbligo sociale; soprattutto sul suo muled (celebrazione annuale).<\/p>\n<p>Oltre alle visite, le persone possono anche chiedere a questi Walis favori personali. I voti sono fatti da individui che se il Wali risolve una preoccupazione personale, il giurato doner\u00e0 determinati oggetti in beneficenza.<\/p>\n<p>A differenza dei santi cristiani, i Walis vengono scelti dalla gente comune in base alle prestazioni. Una volta che le persone possono vedere che questa persona ha effettivamente la capacit\u00e0 di influenzare le forze soprannaturali per aiutare coloro che sono sulla terra e, di conseguenza, soddisfa i loro desideri; quindi viene riconosciuto come Wali.<\/p>\n<p>Questi santi popolari vengono erroneamente chiamati \u201cdei minori\u201d dagli scrittori occidentali.<\/p>\n<p>[Per ulteriori informazioni su santi popolari, feste, ecc., leggere <em>Mistici egiziani: cercatori della Via <\/em>di Moustafa Gadalla.]<\/p>\n<p>&nbsp;<\/p>\n<h3><span style=\"color: #ff0000;\"><strong>3. Rilascio ordinato dei corpi metafisici [riti funebri]<\/strong><\/span><\/h3>\n<p>L&#039;esistenza di riti funebri in qualsiasi societ\u00e0 riflette la convinzione che qualcosa di essenziale sopravviva alla morte fisica dell&#039;uomo, e che la modalit\u00e0 di sepoltura influenzi in qualche modo l&#039;esistenza in quella regione spirituale.<\/p>\n<p>Da qui la grande importanza delle cerimonie e delle offerte funebri, che facevano s\u00ec che un corpo spirituale nascesse dal corpo fisico e che il &quot;Ka&quot; continuasse la sua esistenza dopo la morte del corpo a cui apparteneva.<\/p>\n<p>I rituali corretti sono prerequisiti per il processo di uscita ordinata da questo regno per andare in un altro. Inoltre, rituali corretti assicurano il ritorno del defunto durante le feste, ecc.<\/p>\n<p>Gli egiziani credevano in una vita futura. Ora dobbiamo cercare di scoprire, dalla loro letteratura religiosa,<\/p>\n<p style=\"padding-left: 30px;\">(1) quale parte dell&#039;entit\u00e0 di un uomo era quella che viveva dopo la morte del suo corpo;<br \/>\n(2) in quale forma viveva; E<br \/>\n(3) dove viveva<\/p>\n<p>Quando il corpo moriva, da esso poteva risorgere (per mezzo di parole sante o magiche e cerimonie eseguite dai sacerdoti) un corpo-spirito chiamato Sahu (#8) che entrava in cielo e viveva con i beati per tutta l&#039;eternit\u00e0.<\/p>\n<p>I Ka (#6), Ba (#5) e Shadow Khabet (#4) dimoravano nella tomba con il corpo o vagavano fuori e lontano da esso, quando lo desideravano. La loro esistenza era finita e sembra che terminasse ogni volta che non venivano loro offerte offerte funerarie.<\/p>\n<p>Per ulteriori informazioni sui ruoli e sulle interazioni tra queste componenti metafisiche, fare riferimento a Le nove componenti dell\u2019uomo nel capitolo 15.<\/p>\n<p>&nbsp;<\/p>\n<h3><span style=\"color: #ff0000;\"><strong>4. Gli alberi mediatori: il bosco sacro<\/strong><\/span><\/h3>\n<p>Gli alberi, come parte dell&#039;universo animato, fungono da comodo mezzo tra le anime terrene e quelle dei defunti. Il termine egiziano per bosco sacro \u00e8 <em>Ginne-na\/Guineana<\/em>, Senso <em>il luogo degli spiriti degli antenati<\/em>.<\/p>\n<p>Proprio come l&#039;albero di Natale \u00e8 importante nelle tradizioni natalizie, dove media tra San Nick e i suoi seguaci, cos\u00ec troviamo lo stesso nelle tradizioni egiziane, dove ogni santuario del santo popolare (Wali) deve essere accanto a un albero.<\/p>\n<p>Sotto l&#039;albero del santo vengono lasciate offerte di cibo e bevande.<\/p>\n<p>Gli stessi alberi sono i luoghi della contemplazione.<\/p>\n<p>Tutti i tipi di rituali venivano condotti accanto all&#039;Albero Sacro.<\/p>\n<p>L&#039;albero media la resurrezione, ritornando alla vita.<\/p>\n<p>Nell&#039;allegoria Iside\/Osiride, Osiride era custodito in un albero vivente.<\/p>\n<p>Se un albero di gin (antenato) (un albero con uno spirito che vive in esso) si trova nelle vicinanze, le persone spesso scrivono degli appunti e li attaccano ai rami dell&#039;albero.<\/p>\n<p>Uomini e donne saggi consultano costantemente gli spiriti dei defunti e periodicamente trascorrono diversi giorni con loro nel boschetto degli spiriti.<\/p>\n<p>[Maggiori informazioni sugli alberi e sull&#039;architettura del paesaggio nel nostro libro, <em>L\u2019architettura metafisica dell\u2019antico Egitto, <\/em>di Moustafa Gadalla.]<\/p>\n<p>&nbsp;<\/p>\n<h3><span style=\"color: #ff0000;\"><strong>5. La soglia del muro occidentale<\/strong><\/span><\/h3>\n<p>Sul lato occidentale di TUTTI i templi e le tombe egiziane c&#039;\u00e8 sempre una crepa nel muro, o ci\u00f2 che viene comunemente descritto come una <em>falsa porta<\/em>. La porta era una \u201cfalsa\u201d porta monolitica in calcare, con modanatura a toro e cornice a cavetto.<\/p>\n<p>La falsa porta era ad uso dei defunti e si credeva che il fantasma vi entrasse o uscisse a piacimento. Fungeva da interfaccia tra la sfera divina e quella umana.<\/p>\n<p>Il termine &quot;falsa porta&quot; \u00e8 di per s\u00e9 un termine improprio poich\u00e9, dal punto di vista egiziano, queste caratteristiche erano portali perfettamente funzionanti attraverso i quali lo spirito del defunto poteva uscire o entrare nella tomba interna per ricevere le offerte presentate loro.<\/p>\n<p>L&#039;ovest \u00e8 il punto d&#039;ingresso dello spirito defunto. \u00c8 la soglia tra il regno fisico terrestre e il regno metafisico. In quanto tale, il muro occidentale definisce l\u2019interfaccia tra il pubblico e i defunti. La tomba pi\u00f9 piccola dell&#039;attuale Egitto avrebbe una falsa porta o un buco\/crepa nel muro occidentale dove i vivi parlano con il defunto.<\/p>\n<p>[Per i dettagli di progettazione dei siti di visita sepolcrali e non sepolcrali, leggere <em>L&#039;architettura metafisica dell&#039;antico Egitto <\/em>di Moustafa Gadalla.]<\/p>\n<p>&nbsp;<\/p>\n<h3><span style=\"color: #ff0000;\"><strong>6. I Santuari Cosmici (Templi)<\/strong><\/span><\/h3>\n<p>I templi egiziani non furono costruiti per il culto pubblico, ma come santuari per i neteru (dei, dee) che rappresentano i diversi poteri del Dio Unico. Il tempio egizio \u00e8 l&#039;anello di congiunzione \u2013 la media proporzionale \u2013 tra il Macrocosmo (mondo) e il Microcosmo (uomo). Era un palcoscenico sul quale venivano messi in scena gli incontri tra il neter\/netert (dio\/dea) e il re, come rappresentante del popolo.<\/p>\n<p>Il tempio egizio era una macchina per mantenere e sviluppare l&#039;energia divina. Era il luogo in cui l&#039;energia cosmica, neter\/etert (dio\/dea), veniva a dimorare e irradiare la sua energia sulla terra e sulle persone.<\/p>\n<p>Solo dopo che i neteru (dei, dee) ebbero esaminato il tempio a loro destinato, vennero e vi dimorarono, come chiaramente affermato in questo testo dell&#039;Antico Egitto:<\/p>\n<p style=\"padding-left: 30px;\"><strong><em>&#039;Quando il grande scarabeo alato si alza dall&#039;oceano primordiale e naviga attraverso i cieli sotto le sembianze di Horus... si ferma in cielo davanti a questo tempio e il suo cuore \u00e8 pieno di gioia mentre lo guarda. Allora diventa tutt&#039;uno con la sua immagine, nel suo posto preferito.&#039;<\/em><\/strong><\/p>\n<p>Le pareti del tempio egizio erano ricoperte di immagini animate, compresi geroglifici, per facilitare la comunicazione tra il Sopra e il Sotto.<\/p>\n<p>Comprendere questa funzione ci aiuta a considerare l&#039;arte egiziana come qualcosa di vitale e vivo. Dobbiamo quindi rinunciare a considerare il tempio come un gioco di forme contro una vaga presentazione storica e archeologica. Dobbiamo invece cercare di vederlo come il rapporto tra forma e funzione.<\/p>\n<p>La forza armonica delle piante del tempio, le immagini incise sulle pareti e le forme di culto conducevano tutte allo stesso obiettivo; un obiettivo che era sia spirituale (poich\u00e9 implicava la messa in moto di forze sovrumane) che pratico (in quanto il risultato finale atteso era il mantenimento della prosperit\u00e0 del paese).<\/p>\n<p>I rituali del tempio erano basati e coordinati con i movimenti dei cieli che erano, a loro volta, manifestazioni della legge cosmica divina.<\/p>\n<p>I rituali del tempio includevano, tra le altre cose, la presentazione di offerte materiali: pane, birra, rotoli di lino, carne, pollame e altri beni.<\/p>\n<p>La natura degli oggetti materiali veniva trasmutata in entit\u00e0 spirituali quando venivano deposti sugli altari consacrati. Il carattere dell&#039;offerta egiziana \u00e8 mostrato dalla parola comune per offerta, <em>hetep<\/em>, il che significa a <em>dono della pace<\/em>, O <em>propiziazione<\/em>. Viene chiamata anche la tavoletta di pietra o di legno su cui venivano deposte le offerte <em>hetep<\/em>. Si credeva che l&#039;altare possedesse il potere di trasmutare le offerte che vi venivano deposte, trasformandole in entit\u00e0 spirituali di natura tale da diventare &quot;cibo&quot; adatto per i neteru\/spiriti. In altre parole, i neteru (dei, dee) consumano solo gli spiriti (o \u201cdoppi\u201d) del pane, della birra, delle verdure, della carne, dell&#039;olio, ecc. [Maggiori informazioni sulle offerte pi\u00f9 avanti in questo capitolo.]<\/p>\n<p><strong>[<\/strong>Maggiori informazioni sulla progettazione e costruzione dei templi sono disponibili <strong><span style=\"color: #ff0000;\">L&#039;architettura metafisica dell&#039;antico Egitto di Moustafa Gadalla<\/span>]<\/strong><\/p>\n<p>&nbsp;<\/p>\n<p><strong><span style=\"color: #ff0000;\">[Un estratto da <\/span>Cosmologia egiziana: l&#039;universo animato, terza edizione di Moustafa Gadalla<span style=\"color: #ff0000;\">]<br \/>\n<a href=\"https:\/\/egyptianwisdomcenter.org\/it\/prodotto\/cosmologia-egiziana-luniverso-animato-terza-edizione\/\"><span style=\"color: #0000ff;\">https:\/\/egyptianwisdomcenter.org\/product\/cosmologia-egizia-luniverso-animato-terza-edizione\/<\/span><\/a><\/span><\/strong><\/p>\n<p><img decoding=\"async\" class=\"aligncenter\" src=\"https:\/\/egyptianwisdomcenter.org\/wp-content\/uploads\/2023\/01\/cosmologia-egizia-l-universo-animato-terza-edizione-1.jpg\" \/><\/p>\n<div dir=\"auto\">\n<p style=\"text-align: center;\"><a href=\"https:\/\/egyptianwisdomcenter.org\/it\/prodotto\/cosmologia-egiziana-luniverso-animato-terza-edizione\/\"><strong><span style=\"color: #ff0000;\"><span style=\"color: #0000ff;\">https:\/\/egyptianwisdomcenter.org\/product\/cosmologia-egizia-luniverso-animato-terza-edizione\/<\/span><\/span><\/strong><\/a><\/p>\n<\/div>\n<p>&nbsp;<\/p>\n<p>&nbsp;<\/p>\n<p><span style=\"color: #ff0000;\"><strong>[<\/strong><\/span><strong>L&#039;architettura metafisica dell&#039;antico Egitto di Moustafa Gadalla<\/strong><span style=\"color: #ff0000;\"><strong>]<br \/>\n<a href=\"https:\/\/egyptianwisdomcenter.org\/it\/prodotto\/lantica-architettura-metafisica-egiziana\/\"><span style=\"color: #0000ff;\">https:\/\/egyptianwisdomcenter.org\/product\/the-ancient-egyptian-metaphysical-architecture\/<\/span><\/a><br \/>\n<\/strong><\/span><\/p>\n<p><img decoding=\"async\" class=\"aligncenter\" src=\"https:\/\/books2read-prod.s3.amazonaws.com\/CACHE\/images\/ubl_book_images\/book_display_image_DzTMfrV\/372fcbccd1ea208063914bdc7d930cad\" \/><\/p>\n<p style=\"text-align: center;\"><a href=\"https:\/\/egyptianwisdomcenter.org\/it\/prodotto\/lantica-architettura-metafisica-egiziana\/\"><span style=\"color: #ff0000;\"><strong><span style=\"color: #0000ff;\">https:\/\/egyptianwisdomcenter.org\/product\/the-ancient-egyptian-metaphysical-architecture\/<\/span><\/strong><\/span><\/a><\/p>\n<div dir=\"auto\"><\/div>","protected":false},"excerpt":{"rendered":"<p>The Physical\/Metaphysical Society &nbsp; 1. Seeking Heavenly Higher-Ups The Ancient and Baladi Egyptians made\/make no distinction between a metaphysical state of being [&hellip;]<\/p>","protected":false},"author":3,"featured_media":0,"parent":0,"menu_order":0,"comment_status":"closed","ping_status":"closed","template":"","meta":{"footnotes":""},"class_list":["post-135","page","type-page","status-publish","hentry"],"aioseo_notices":[],"_links":{"self":[{"href":"https:\/\/egyptianwisdomcenter.org\/it\/wp-json\/wp\/v2\/pages\/135","targetHints":{"allow":["GET"]}}],"collection":[{"href":"https:\/\/egyptianwisdomcenter.org\/it\/wp-json\/wp\/v2\/pages"}],"about":[{"href":"https:\/\/egyptianwisdomcenter.org\/it\/wp-json\/wp\/v2\/types\/page"}],"author":[{"embeddable":true,"href":"https:\/\/egyptianwisdomcenter.org\/it\/wp-json\/wp\/v2\/users\/3"}],"replies":[{"embeddable":true,"href":"https:\/\/egyptianwisdomcenter.org\/it\/wp-json\/wp\/v2\/comments?post=135"}],"version-history":[{"count":0,"href":"https:\/\/egyptianwisdomcenter.org\/it\/wp-json\/wp\/v2\/pages\/135\/revisions"}],"wp:attachment":[{"href":"https:\/\/egyptianwisdomcenter.org\/it\/wp-json\/wp\/v2\/media?parent=135"}],"curies":[{"name":"wp","href":"https:\/\/api.w.org\/{rel}","templated":true}]}}