{"id":137,"date":"2018-10-30T00:00:00","date_gmt":"2018-10-30T04:00:00","guid":{"rendered":"http:\/\/egyptianwisdomcenter.org\/the-cyclical-renewal-festivals\/"},"modified":"2023-01-03T01:00:08","modified_gmt":"2023-01-03T06:00:08","slug":"the-cyclical-renewal-festivals-2","status":"publish","type":"page","link":"https:\/\/egyptianwisdomcenter.org\/it\/le-feste-di-rinnovamento-ciclico-2\/","title":{"rendered":"I festival del rinnovamento ciclico"},"content":{"rendered":"<h2 style=\"text-align: center;\"><span style=\"color: #ff0000;\"><strong>I festival del rinnovamento ciclico<\/strong><\/span><\/h2>\n<p>&nbsp;<\/p>\n<p>Il tema principale dei testi dell&#039;Antico Egitto \u00e8 la natura ciclica dell&#039;universo e la costante necessit\u00e0 di rinnovare tali cicli attraverso feste ben designate.<\/p>\n<p>Gli egiziani consideravano queste feste come parte dell&#039;esistenza umana, che costituisce il ritmo della vita della comunit\u00e0 e dell&#039;individuo. Questo ritmo risulta dall&#039;ordine della vita cosmica.<\/p>\n<p>Il rinnovamento e il ringiovanimento della vita del cosmo, della comunit\u00e0 e dell&#039;individuo sono influenzati dai riti. Questi riti avevano\/hanno il potere di provocare il ringiovanimento e la rinascita della vita divina. Il mancato svolgimento dei festival nelle date e negli orari appropriati potrebbe benissimo produrre sentimenti di colpevolezza individuali o collettivi. In quanto tali, le feste egiziane finirono per avere la funzione di mettere in atto rinnovamenti cosmologici (religiosi).<\/p>\n<p>La maggior parte degli egiziani non solo si aspetta una benedizione dopo la loro partecipazione, ma teme anche che possa capitare loro qualche disgrazia se trascurano questo atto.<\/p>\n<p>Lo scopo delle feste egiziane era (e continua ad essere) il ringiovanimento e il rinnovamento delle energie cosmiche. Durante le numerose feste religiose dell&#039;Antico Egitto, i partecipanti si affidano alla verit\u00e0 archetipica della loro coscienza cosmica (Come sopra, cos\u00ec sotto, e come sotto, cos\u00ec sopra). Ogni festa sacra attualizza il ciclo sacro archetipico. Questi cicli sacri sono diventati parte del calendario. Pi\u00f9 precisamente, il calendario serviva a indicare quando si manifestavano i poteri cosmologici (neteru\/dei) e i loro cicli di rinnovamento. Tutti i primi scrittori greci e romani affermarono queste correlazioni cosmiche dell&#039;Antico Egitto, come Plutarco, nella sua <em>Moralia vol. V <\/em>(377,65):<\/p>\n<p style=\"padding-left: 30px;\"><strong><em>\u2026 Loro [gli egiziani] associano concetti teologici<\/em><\/strong><br \/>\n<strong><em>con i cambiamenti stagionali dell\u2019atmosfera circostante,<\/em><\/strong><br \/>\n<strong><em>o con la crescita dei raccolti e i tempi della semina e dell&#039;aratura.<\/em><\/strong><\/p>\n<p>Tutti gli elementi e le regole che governano le feste dell&#039;Antico Egitto sono esattamente applicabili alle feste odierne con schemi organizzati e dettagliati. Gli egiziani Baladi continuano a considerare le feste e i loro rituali come il culmine delle loro pratiche religiose, che sono molto cruciali per l&#039;ordine e l&#039;armonia del cosmo e, per estensione, per il benessere di tutti.<\/p>\n<p>Tutte le feste odierne (eccetto quella di Maometto e quelle dei suoi parenti stretti) sono una continuazione delle feste dell&#039;antico Egitto, camuffate sotto nomi islamici.<\/p>\n<p>Il numero ufficiale annuo di feste (mouleds) nell&#039;attuale Egitto, anche se contrarie all&#039;Islam, \u00e8 stimato a pi\u00f9 di 3.000. Non c&#039;\u00e8 un solo giorno in Egitto senza che qualcuno muoia da qualche parte, e la partecipazione \u00e8 molto profonda. Alla grande sfilata autunnale di elBadawi partecipano pi\u00f9 di due milioni di persone e a ciascuna delle altre due sfilate partecipano, rispettivamente, pi\u00f9 di un milione di visitatori.<\/p>\n<p>Tutto ci\u00f2 \u00e8 indicativo dell&#039;adesione di milioni di egiziani Baladi alle loro antiche tradizioni.<\/p>\n<p>&nbsp;<\/p>\n<div dir=\"auto\">\n<p><span style=\"color: #ff0000;\"><strong>[Un estratto da <\/strong><\/span><strong>Mistici egiziani: Cercatori della Via, 2a edizione<\/strong><span style=\"color: #ff0000;\"><strong> di Moustafa Gadalla]<br \/>\n<a href=\"https:\/\/egyptianwisdomcenter.org\/it\/prodotto\/mistici-egiziani-ricercatori-della-via-2a-edizione\/\"><span style=\"color: #0000ff;\">https:\/\/egyptianwisdomcenter.org\/product\/egyptian-mystics-seekers-of-the-way-2nd-edition\/<\/span><\/a><br \/>\n<\/strong><\/span><\/p>\n<p><img decoding=\"async\" class=\"aligncenter\" src=\"https:\/\/books2read-prod.s3.amazonaws.com\/CACHE\/images\/ubl_book_images\/book_display_image_zMMju8w\/f91add1cabf1165dc68c4ea720a7e73c\" \/><\/p>\n<div dir=\"auto\" style=\"text-align: center;\"><a href=\"https:\/\/egyptianwisdomcenter.org\/it\/prodotto\/mistici-egiziani-ricercatori-della-via-2a-edizione\/\"><span style=\"color: #ff0000;\"><strong><span style=\"color: #0000ff;\">https:\/\/egyptianwisdomcenter.org\/product\/egyptian-mystics-seekers-of-the-way-2nd-edition\/<\/span><\/strong><\/span><\/a><\/div>\n<\/div>","protected":false},"excerpt":{"rendered":"<p>The Cyclical Renewal Festivals &nbsp; The main theme of the Ancient Egyptian texts is the cyclical nature of the universe and the [&hellip;]<\/p>","protected":false},"author":3,"featured_media":0,"parent":0,"menu_order":0,"comment_status":"closed","ping_status":"closed","template":"","meta":{"footnotes":""},"class_list":["post-137","page","type-page","status-publish","hentry"],"aioseo_notices":[],"_links":{"self":[{"href":"https:\/\/egyptianwisdomcenter.org\/it\/wp-json\/wp\/v2\/pages\/137","targetHints":{"allow":["GET"]}}],"collection":[{"href":"https:\/\/egyptianwisdomcenter.org\/it\/wp-json\/wp\/v2\/pages"}],"about":[{"href":"https:\/\/egyptianwisdomcenter.org\/it\/wp-json\/wp\/v2\/types\/page"}],"author":[{"embeddable":true,"href":"https:\/\/egyptianwisdomcenter.org\/it\/wp-json\/wp\/v2\/users\/3"}],"replies":[{"embeddable":true,"href":"https:\/\/egyptianwisdomcenter.org\/it\/wp-json\/wp\/v2\/comments?post=137"}],"version-history":[{"count":0,"href":"https:\/\/egyptianwisdomcenter.org\/it\/wp-json\/wp\/v2\/pages\/137\/revisions"}],"wp:attachment":[{"href":"https:\/\/egyptianwisdomcenter.org\/it\/wp-json\/wp\/v2\/media?parent=137"}],"curies":[{"name":"wp","href":"https:\/\/api.w.org\/{rel}","templated":true}]}}