{"id":138,"date":"2018-10-30T00:00:00","date_gmt":"2018-10-30T04:00:00","guid":{"rendered":"http:\/\/egyptianwisdomcenter.org\/amen-renef-the-indefinable\/"},"modified":"2023-02-07T12:34:45","modified_gmt":"2023-02-07T17:34:45","slug":"amen-renef-the-indefinable-2","status":"publish","type":"page","link":"https:\/\/egyptianwisdomcenter.org\/it\/amen-rinnova-lindefinibile-2\/","title":{"rendered":"Amen-Renef: L&#039;Indefinibile"},"content":{"rendered":"<h2 style=\"text-align: center;\"><span style=\"color: #ff0000;\"><strong>Amen-Renef <\/strong><\/span><strong>:<\/strong><span style=\"color: #ff0000;\"><strong> <span style=\"color: #0000ff;\">L&#039;indefinibile<\/span><\/strong><\/span><\/h2>\n<p>&nbsp;<\/p>\n<p>Gli egiziani profondamente religiosi, riconoscendo che nessun essere umano pu\u00f2 definire l&#039;indefinibile, credevano nella presenza di un potere illimitato e inconoscibile che \u00e8 troppo maestoso per comunicare con l&#039;universo creato; ma senza questo potere nessuna creazione pu\u00f2 esistere.<\/p>\n<p>Al di fuori dell&#039;universo e della sua natura ciclica c&#039;\u00e8 ci\u00f2 che gli antichi egizi chiamavano &quot;Amen-Renef&quot;, che non \u00e8 il nome di alcuna entit\u00e0, ma una frase che significa <em>Quello con Essenza Sconosciuta<\/em>. In questo regno dell&#039;inconoscibile, nessuna parola in termini di pensiero umano poteva essere pronunciata, e gli egiziani profondamente religiosi non lo fecero mai, quindi potevano essere trasmesse solo attraverso la negazione di tutte le qualit\u00e0. Gli egiziani direbbero:<\/p>\n<p style=\"padding-left: 30px;\"><em><strong>\u2013 Il cui nome \u00e8 sconosciuto a tutti i neteru\u00a0<\/strong><\/em>(dei, dee)<br \/>\n<em><strong>\u2013 Chi non ha definizione, <\/strong><\/em>[cio\u00e8 non pu\u00f2 essere definito\/descritto con alcun termine umano]<br \/>\n<em><strong>\u2013 Chi non ha immagine.<\/strong><\/em><br \/>\n<em><strong>\u2013 Chi non ha forma.<\/strong><\/em><br \/>\n<em><strong>\u2013 Chi non ha inizio n\u00e9 fine; ecc., ecc.<\/strong><\/em><\/p>\n<p>In quanto tale, l&#039;antico egiziano <em>espressione<\/em> Amen-Renef trascende anche la qualit\u00e0 dell&#039;essere. Amen-Renef non \u00e8 il Creatore o la Prima Causa. Tutti i termini: Dio, Creatore, Padrone dell&#039;Universo, Causa Prima, La Prima, sono principi inferiori e separati da Amen-Renef.<\/p>\n<p>Gli egiziani non ne parlarono pi\u00f9 \u2013 e solo con infinita riservatezza, facendo sempre appello a un senso profondo dietro le parole: che Amen-Renef \u00e8 ovunque nel senso che senza la sua Super-Esistenza, nulla potrebbe esistere.<\/p>\n<p>Ora riconoscendo Amen-Renef, la cui essenza \u00e8 sconosciuta, possiamo entrare nei regni dei cicli di creazione, di cui facciamo parte.<\/p>\n<p>&nbsp;<\/p>\n<p><strong><span style=\"color: #ff0000;\">[Un estratto da <span style=\"color: #333300;\">Cosmologia egiziana: l&#039;universo animato, terza edizione <\/span><span style=\"color: #333300;\">di Moustafa Gadalla<\/span><br \/>\n<\/span><\/strong><\/p>\n<p><a href=\"https:\/\/egyptianwisdomcenter.org\/it\/prodotto\/cosmologia-egiziana-luniverso-animato-terza-edizione\/\"><span style=\"color: #0000ff;\"><strong>https:\/\/egyptianwisdomcenter.org\/product\/cosmologia-egizia-luniverso-animato-terza-edizione\/<\/strong><\/span><\/a><\/p>\n<p><img decoding=\"async\" class=\"aligncenter\" src=\"https:\/\/egyptianwisdomcenter.org\/wp-content\/uploads\/2023\/01\/cosmologia-egizia-l-universo-animato-terza-edizione-1.jpg\" \/><\/p>\n<div dir=\"auto\">\n<div dir=\"auto\" style=\"text-align: center;\"><a href=\"https:\/\/egyptianwisdomcenter.org\/it\/prodotto\/cosmologia-egiziana-luniverso-animato-terza-edizione\/\"><span style=\"color: #0000ff;\"><strong>https:\/\/egyptianwisdomcenter.org\/product\/cosmologia-egizia-luniverso-animato-terza-edizione\/<\/strong><\/span><\/a><\/div>\n<\/div>","protected":false},"excerpt":{"rendered":"<p>Amen-Renef : The Indefinable &nbsp; The deeply religious Egyptians, recognizing that no human being can define the indefinable, believed in the presence [&hellip;]<\/p>","protected":false},"author":3,"featured_media":0,"parent":0,"menu_order":0,"comment_status":"closed","ping_status":"closed","template":"","meta":{"footnotes":""},"class_list":["post-138","page","type-page","status-publish","hentry"],"aioseo_notices":[],"_links":{"self":[{"href":"https:\/\/egyptianwisdomcenter.org\/it\/wp-json\/wp\/v2\/pages\/138","targetHints":{"allow":["GET"]}}],"collection":[{"href":"https:\/\/egyptianwisdomcenter.org\/it\/wp-json\/wp\/v2\/pages"}],"about":[{"href":"https:\/\/egyptianwisdomcenter.org\/it\/wp-json\/wp\/v2\/types\/page"}],"author":[{"embeddable":true,"href":"https:\/\/egyptianwisdomcenter.org\/it\/wp-json\/wp\/v2\/users\/3"}],"replies":[{"embeddable":true,"href":"https:\/\/egyptianwisdomcenter.org\/it\/wp-json\/wp\/v2\/comments?post=138"}],"version-history":[{"count":0,"href":"https:\/\/egyptianwisdomcenter.org\/it\/wp-json\/wp\/v2\/pages\/138\/revisions"}],"wp:attachment":[{"href":"https:\/\/egyptianwisdomcenter.org\/it\/wp-json\/wp\/v2\/media?parent=138"}],"curies":[{"name":"wp","href":"https:\/\/api.w.org\/{rel}","templated":true}]}}