{"id":139,"date":"2018-10-30T00:00:00","date_gmt":"2018-10-30T04:00:00","guid":{"rendered":"http:\/\/egyptianwisdomcenter.org\/neteru-the-divine-energies\/"},"modified":"2023-01-02T01:18:18","modified_gmt":"2023-01-02T06:18:18","slug":"neteru-the-divine-energies-2","status":"publish","type":"page","link":"https:\/\/egyptianwisdomcenter.org\/it\/neteru-le-energie-divine-2\/","title":{"rendered":"Neteru: le energie divine"},"content":{"rendered":"<h2 style=\"text-align: center;\"><span style=\"color: #0000ff;\"><strong>Neteru: le energie divine<\/strong><\/span><\/h2>\n<h1><\/h1>\n<h3><span style=\"color: #ff0000;\"><strong>1. Nel principio pre-creazione: la monaca, il nulla<\/strong><\/span><\/h3>\n<div>\n<p>Ogni testo egiziano sulla creazione inizia con la stessa convinzione di base: che prima dell\u2019inizio delle cose esistesse un liquido abisso primordiale, ovunque, infinito e senza confini o direzioni. Gli egiziani chiamavano questo oceano cosmico\/caos acquatico Nu\/Ny\/Nun \u2013 lo stato non polarizzato della materia. L&#039;acqua \u00e8 senza forma e di per s\u00e9 non assume alcuna forma; n\u00e9 resiste a lasciarsi modellare.<\/p>\n<p>Gli scienziati concordano con la descrizione dell&#039;antico Egitto secondo cui l&#039;origine dell&#039;universo era un abisso. Gli scienziati chiamano questo abisso \u201czuppa di neutroni\u201d, dove non ci sono n\u00e9 elettroni n\u00e9 protoni; solo neutroni che formano un nucleo enorme ed estremamente denso.<\/p>\n<p>Tale caos, nello stato pre-creativo, era causato dalla compressione della materia; cio\u00e8 gli atomi non esistevano nel loro stato normale, ma erano cos\u00ec stretti insieme che molti nuclei atomici erano stipati in uno spazio precedentemente occupato da un singolo atomo normale. In tali condizioni, gli elettroni di questi atomi venivano spinti fuori dalle loro orbite e si muovevano liberamente, cio\u00e8 in uno stato caotico e degenerato.<\/p>\n<\/div>\n<p>Nu\/Ny\/Nun \u00e8 l&#039;\u201cEssere soggettivo\u201d; il simbolo dell&#039;energia\/materia informe, indefinita, indifferenziata, inerte o inattiva; lo stato increato prima della creazione \u2013 non pu\u00f2 essere la causa della sua trasformazione.<\/p>\n<p>Il termine \u201cinfinito\u201d, ovviamente, \u00e8 sinonimo di \u201cnon finito\u201d, indefinito, illimitato, informe, indifferenziato e cos\u00ec via. Ci\u00f2 significa che l\u2019energia\/materia da cui tutte le cose sono formate deve essere, nel suo stato essenziale, informata, indefinita, indifferenziata, ecc. Se la base materiale del mondo avesse delle definizioni (formazioni) essenziali, queste agirebbero come limitanti. fattori che ne determinano la capacit\u00e0 di trasformarsi all\u2019infinito. La sua essenziale mancanza di definizione \u00e8 un requisito assoluto dell&#039;onnipotenza creatrice di Dio.<\/p>\n<p>&nbsp;<\/p>\n<h3><span style=\"color: #ff0000;\"><strong>2. Che la creazione abbia inizio<\/strong><\/span><\/h3>\n<p>L&#039;energia condensata nella zuppa di neutroni pre-creazione si accumulava continuamente. Questa energia condensata raggiunse la concentrazione ottimale di energia di accumulo che port\u00f2 alla sua esplosione ed espansione verso l&#039;esterno, circa 15 miliardi di anni fa.<\/p>\n<p>Il forte suono di questa esplosione \u00e8 ci\u00f2 che ha causato la disgregazione delle parti costitutive dell&#039;universo.<\/p>\n<p>Allo stesso modo, i testi dell\u2019Antico Egitto sottolineavano ripetutamente che la voce divina dominante, ovvero il Suono Divino, era la causa della creazione.<\/p>\n<p>I primi testi dell&#039;antico Egitto recuperati 5.000 anni fa mostrano la convinzione che la Parola abbia causato la creazione del mondo. L&#039;egiziano <em>Libro della Venuta alla Luce <\/em>(erroneamente e comunemente tradotto come il <em>Libro del\u00a0<\/em><em>Morto<\/em>), il testo scritto pi\u00f9 antico del mondo, recita:<\/p>\n<p style=\"padding-left: 30px;\"><em><strong>\u201cIo sono l\u2019Eterno\u2026Io sono colui che cre\u00f2 il Verbo\u2026Io sono il Verbo\u2026\u201d<\/strong><\/em><\/p>\n<p>Troviamo anche, nel Libro della Vacca Divina (trovato nei santuari di Tut-Ankh-Amen), che i cieli e le loro schiere vennero all&#039;esistenza semplicemente pronunciando parole il cui solo suono evoca cose. Come viene pronunciato il suo nome, cos\u00ec la cosa nasce.<\/p>\n<p>Perch\u00e9 il nome \u00e8 una realt\u00e0; la cosa stessa. In altre parole: ogni suono particolare ha\/\u00e8 la sua forma corrispondente. La scienza moderna ha confermato una relazione diretta tra la frequenza e la forma delle onde sonore.<\/p>\n<p>La parola (qualsiasi parola) \u00e8, scientificamente, un elemento vibrazionale complesso che \u00e8 un fenomeno ondulatorio caratterizzato da movimenti di frequenza e intensit\u00e0 variabili. In altre parole, il suono \u00e8 causato dalla compressione delle particelle d&#039;aria, riorganizzando la spaziatura e il movimento delle particelle d&#039;aria, ovvero creando forme. Ogni frequenza dell&#039;onda sonora ha la propria forma geometrica corrispondente.<\/p>\n<p>Il suono divino trasformava l&#039;energia\/materia potenziale inerte di Nun nelle parti dell&#039;universo come energie cinetiche differenziate, ordinate, strutturate sotto forma di oggetti, pensieri, forze, fenomeni fisici, ecc.<\/p>\n<p>Trasformare un tipo di energia (potenziale) in un altro tipo (cinetica) ha dato vita all&#039;universo, nel suo insieme e nelle sue parti costitutive.<\/p>\n<p>\u00c8 tutta una questione di energie.<\/p>\n<p>&nbsp;<\/p>\n<h3><span style=\"color: #ff0000;\"><strong>3. Atam: l&#039;energia cosmica manifesta<\/strong><\/span><\/h3>\n<p>Come abbiamo visto, la creazione \u00e8 uscita dallo stato di non creazione. Gli egiziani la chiamavano Monaca. Nessuno o zero rappresenta anche lo stato pre-creazione dell&#039;universo. Non esiste NESSUN universo: NESSUNO NULLA ZERO. Un tale stato dell\u2019universo rappresenta l\u2019Essere Soggettivo: energia\/materia informata, indefinita e indifferenziata. La sua energia inerte \u00e8 inattiva.<\/p>\n<p>D&#039;altra parte, lo stato di creazione \u00e8 ordinato, formato, definito e differenziato. La totalit\u00e0 dell&#039;energia divina durante lo stato di creazione \u00e8 chiamata Atam dagli egiziani.<\/p>\n<p>La creazione \u00e8 lo smistamento (il dare definizione\/mettere ordine) a tutto il caos (l&#039;energia\/materia e coscienza indifferenziata) dello stato primordiale. Tutti i resoconti della creazione dell\u2019Antico Egitto lo mostrano con fasi ben definite e chiaramente delimitate.<\/p>\n<p>La prima tappa della creazione \u00e8 stata l&#039;autocreazione dell&#039;Essere Supremo come creatore ed Essere, cio\u00e8 il passaggio dall&#039;Essere Soggettivo (Nu\/Ny\/Nun) all&#039;Essere Oggettivo (Atam). In termini umani semplici, ci\u00f2 equivale al momento in cui si passa dal sonno (stato di incoscienza, essere soggettivo) all&#039;essere consapevoli di s\u00e9 (presa di coscienza, essere oggettivo). \u00c8 come stare su un terreno solido.<\/p>\n<p>Questa fase della creazione era rappresentata dai saggi egiziani come Atam\/Atum che emerge da Nu\/Ny\/Nun. Nei Testi Unas (cosiddetta Piramide) si trova la seguente invocazione:<\/p>\n<p style=\"padding-left: 30px;\"><em><strong>Saluti a te, Atam,<\/strong><\/em><br \/>\n<em><strong> Saluti a te, che vieni all&#039;esistenza da solo!<\/strong><\/em><br \/>\n<em><strong> Tu sei alto in questo tuo nome, Alto Tumulo,<\/strong><\/em><br \/>\n<em><strong> Tu sei nato in questo tuo nome Khepri<\/strong><\/em> (Diventare Uno). [\u00a71587]<\/p>\n<p>Atam significa il <em>Unicit\u00e0 di tutti<\/em>; Il completo. Atam \u00e8 connesso con la radice &#039;tam&#039; o &#039;tamam&#039;, che significa &quot;<em>essere completo<\/em>&quot; O &quot;<em>per farla finita<\/em>\u201d.<\/p>\n<p>Nei testi dell&#039;Antico Egitto Atam significa colui che completa o perfeziona, e nelle Litanie di Re, Atam \u00e8 riconosciuto come <em>l&#039;Uno Completo, il TUTTO<\/em><\/p>\n<p>I testi dell&#039;Antico Egitto sottolineano che il Completo contiene tutto. Il testo dell&#039;Antico Egitto recita:<\/p>\n<p style=\"padding-left: 30px;\"><em><strong>\u201cIo ho molti nomi e molte forme, e il mio Essere esiste in ogni rete\u201d.<\/strong><\/em><\/p>\n<p>Numericamente, uno non \u00e8 un numero, ma l&#039;essenza del principio sottostante del numero; tutti gli altri numeri ne sono fatti. Uno rappresenta l&#039;Unit\u00e0: l&#039;Assoluto come energia non polarizzata. Atam come numero Uno non \u00e8 n\u00e9 pari n\u00e9 dispari, ma entrambi. Atam non \u00e8 n\u00e9 femmina n\u00e9 maschio, ma entrambi.<\/p>\n<p>Atam \u00e8 la totalit\u00e0 della matrice energetica ordinata durante la fase di creazione, mentre Nun \u00e8 il composto energetico disordinato: l&#039;Essere Soggettivo. L&#039;energia divina totale all&#039;interno dell&#039;universo \u00e8 chiamata Nun nel suo stato caotico e Atam nella sua creazione ordinata e nel suo punto di stato\/processo.<\/p>\n<p>Atam rappresenta il rilascio, in sequenza ordinata, dell&#039;energia esistente all&#039;interno di Nun, ovvero il dargli vita. Questo rappresenta l&#039;Essere Oggettivo.<\/p>\n<p>Nun e Atam sono l&#039;immagine l&#039;uno dell&#039;altro, come i numeri 0 e 1. 0 \u00e8 niente, zero; e 1 significa \u201cil tutto\u201d.<\/p>\n<p>&nbsp;<\/p>\n<h3><span style=\"color: #ff0000;\"><strong>4. Esistenza del tutto: il divenire uno<\/strong><\/span><\/h3>\n<p>La creazione \u00e8 lo smistamento (il dare definizione\/mettere ordine) a tutto il caos (l&#039;energia\/materia e coscienza indifferenziata) dello stato primordiale. Tutti i resoconti della creazione dell&#039;Antico Egitto lo mostrano con fasi ben definite e chiaramente delimitate.<\/p>\n<p>Il seme della creazione da cui tutto ha avuto origine \u00e8 Atam. E, proprio come la pianta \u00e8 contenuta nel seme; quindi anche tutto ci\u00f2 che \u00e8 creato nell&#039;universo \u00e8 Atam.<\/p>\n<p>Atam, Colui che \u00e8 il Tutto, in quanto Padrone dell&#039;Universo, dichiara, nel papiro dell&#039;Antico Egitto comunemente noto come Papiro Bremner-Rhind:<\/p>\n<p style=\"padding-left: 30px;\"><em><strong>\u201cQuando mi sono manifestato nell\u2019esistenza, l\u2019esistenza esisteva.<\/strong><\/em><br \/>\n<em><strong>Sono venuto all&#039;esistenza nella forma dell&#039;Esistente, che \u00e8 venuto all&#039;esistenza nel Primo Tempo.<\/strong><\/em><br \/>\n<em><strong>Venendo all&#039;esistenza secondo il modo di esistenza dell&#039;Esistente, quindi esistevo.<\/strong><\/em><br \/>\n<em><strong>E fu cos\u00ec che l\u2019Esistente venne all\u2019esistenza\u201d.<\/strong><\/em><\/p>\n<p>In altre parole, quando il Maestro dell&#039;Universo venne all&#039;esistenza, tutta la creazione venne all&#039;esistenza, perch\u00e9 l&#039;Uno Completo contiene il tutto.<\/p>\n<p>&nbsp;<\/p>\n<h3><span style=\"color: #ff0000;\"><strong>5. Neteru: le energie divine<\/strong><\/span><\/h3>\n<p>Abbiamo appena visto che quando il Maestro dell&#039;Universo venne all&#039;esistenza, l&#039;intera creazione venne all&#039;esistenza, perch\u00e9 l&#039;Uno Completo contiene il tutto.<\/p>\n<p>Il ciclo della creazione \u00e8 causato e mantenuto da forze o energie divine. Queste energie, come il ciclo perpetuo della creazione, attraversano un processo di trasformazione da nascita-vita-invecchiamento-morte-morte alla rinascita. Noi, come esseri umani, abbiamo forze vitali simili che cambiano nel corso della nostra vita. I nostri corpi umani sono costituiti da numerosi cicli che governano la nostra esistenza vitale. Tutte le forze si estinguono quando moriamo.<\/p>\n<p>Gli egiziani chiamavano queste forze divine neteru. Il tema principale dell&#039;universo \u00e8 la sua natura ciclica. I NeTeRu sono le forze di NaTuRe, che fanno girare il mondo, per cos\u00ec dire. Chiamarli semplicemente dei e dee d\u00e0 una falsa impressione.<\/p>\n<p>L&#039;energia Divina che si manifesta nel ciclo della creazione \u00e8 definita dagli aspetti energetici che la costituiscono, che gli antichi egizi chiamavano neteru. Affinch\u00e9 la creazione esista e si mantenga, questa energia divina deve essere pensata in termini di principi maschili e femminili.<\/p>\n<p>Pertanto, gli antichi egizi esprimevano le forze energetiche cosmiche nei termini di netert (principio femminile) e neter (principio maschile).<\/p>\n<p>La parola egiziana &#039;neter&#039; (o natura o &#039;netjer&#039;) significa <em>un potere che \u00e8 in grado di generare vita e di mantenerla quando viene generata<\/em>. Come tutte le parti della creazione attraversano il ciclo di nascita-vita-morte-rinascita, cos\u00ec fanno le energie motrici, durante le fasi di questo ciclo. \u00c8 quindi che i neteru dell&#039;Antico Egitto, essendo energie divine, attraversarono (e continuano a attraversare) lo stesso ciclo di nascita-crescita-morte e rinnovamento. Tale comprensione era comune a tutti, come notato da Plutarco; che le molteplici forze della natura (conosciute come neteru) nascono o si creano, sono soggette a continui cambiamenti, invecchiano e muoiono, e rinascono.<\/p>\n<p>Possiamo fare l&#039;esempio del bruco che nasce, vive, poi costruisce il proprio bozzolo, dove muore \u2013 o meglio ancora, si trasforma in una farfalla che depone le uova, e cos\u00ec via. Ci\u00f2 che abbiamo qui \u00e8 la trasformazione ciclica da una forma\/stato di energia a un altro.<\/p>\n<p>Un altro esempio \u00e8 il ciclo dell\u2019acqua: l\u2019acqua che evapora, formando nuvole che riportano la pioggia sulla terra. \u00c8 tutta una trasformazione ciclica ordinata di energie in varie forme.<\/p>\n<p>Quando pensi a Neteru non come <em>di Dio <\/em>E <em>dee<\/em> ma come forze di energia cosmica, si pu\u00f2 vedere il sistema dell\u2019Antico Egitto come una brillante rappresentazione dell\u2019universo. Filosoficamente, questa trasformazione ciclica e naturale \u00e8 simile al nostro detto:<\/p>\n<p style=\"padding-left: 30px;\"><em><strong>\u201cPi\u00f9 le cose cambiano, pi\u00f9 restano le stesse\u201d.<\/strong><\/em><\/p>\n<p>Negli ambienti scientifici, questo \u00e8 noto come <strong>la legge naturale di conservazione dell\u2019energia<\/strong>, che \u00e8 descritto come il principio che <em>l&#039;energia non viene mai consumata, ma cambia solo forma, e l&#039;energia totale in un sistema fisico, come l&#039;universo, non pu\u00f2 essere aumentata o diminuita.<\/em><\/p>\n<p>&nbsp;<\/p>\n<h3><span style=\"color: #ff0000;\"><strong>6. La matrice energetica universale ed Einstein<\/strong><\/span><\/h3>\n<p>Questa matrice di energie \u00e8 il risultato dell&#039;atto iniziale di creazione e dei successivi effetti che hanno creato l&#039;universo. Questa matrice \u00e8 costituita da una gerarchia organizzata. Ogni livello della gerarchia dell&#039;esistenza \u00e8 una teofania, una creazione da parte della coscienza del livello dell&#039;essere al di sopra di esso. L&#039;autocontemplazione di ogni stadio dell&#039;esistenza porta all&#039;esistenza ogni stadio inferiore. In quanto tale, la gerarchia delle energie \u00e8 interconnessa e ogni livello \u00e8 sostenuto dal livello sottostante. Questa gerarchia di energie \u00e8 inserita perfettamente in una vasta matrice di leggi naturali profondamente interfacciate. \u00c8 sia fisico che metafisico.<\/p>\n<p>Gli antichi egiziani e i Baladi non facevano\/fanno alcuna distinzione tra uno stato d&#039;essere metafisico e uno con un corpo materiale. Una tale distinzione \u00e8 un\u2019illusione mentale. Esistiamo su diversi livelli contemporaneamente, dal pi\u00f9 fisico al pi\u00f9 metafisico. Einstein era d&#039;accordo con questi stessi principi.<\/p>\n<p>Sin dalla teoria della relativit\u00e0 di Einstein, \u00e8 noto e accettato che la materia \u00e8 una forma di energia; una coagulazione o condensazione di energia. Di conseguenza, la legge naturale per la conservazione della materia o della massa afferma analogamente che la materia non viene n\u00e9 creata n\u00e9 distrutta durante alcun cambiamento fisico o chimico.<\/p>\n<p>L&#039;energia \u00e8 costituita da molecole che ruotano o vibrano a varie velocit\u00e0. Nel mondo \u201cfisico\u201d, le molecole ruotano a una velocit\u00e0 molto lenta e costante. Ecco perch\u00e9 le cose sembrano solide, ai nostri sensi terreni: pi\u00f9 lenta \u00e8 la velocit\u00e0, pi\u00f9 densa o solida \u00e8 la cosa. Nel mondo metafisico (spirituale), le molecole vibrano a una velocit\u00e0 molto pi\u00f9 veloce o in una dimensione eterea dove le cose sono pi\u00f9 libere e meno dense.<\/p>\n<p>In questa luce, l\u2019universo \u00e8 fondamentalmente una gerarchia di energie a diversi ordini di densit\u00e0. I nostri sensi hanno accesso alla forma pi\u00f9 densa di energia, che \u00e8 la materia. La gerarchia delle energie \u00e8 interconnessa e ogni livello \u00e8 sostenuto dal livello sottostante. Questa gerarchia di energie \u00e8 inserita perfettamente in una vasta matrice di leggi naturali profondamente interfacciate. \u00c8 sia fisico che metafisico.<\/p>\n<p>La matrice energetica universale racchiude il mondo come prodotto di un complesso sistema di relazioni tra persone (vive e morte), animali, piante e fenomeni naturali e soprannaturali. Questa logica \u00e8 spesso chiamata Animismo a causa della sua premessa centrale secondo cui tutte le cose sono animate (energizzate) dalle forze vitali. Ogni minuscola particella di ogni cosa \u00e8 in costante movimento \u2013 cio\u00e8 energizzata, come riconosciuto nella teoria cinetica. In altre parole: tutto \u00e8 animato (energizzato) \u2013 animali, alberi, rocce, uccelli \u2013 anche l\u2019aria, il sole e la luna.<\/p>\n<p>La forma pi\u00f9 veloce di energie \u2013 queste energie invisibili nell\u2019universo \u2013 sono chiamate da molti spiriti. Gli spiriti\/energie sono organizzati a diversi ordini di densit\u00e0, che si riferiscono alle diverse velocit\u00e0 delle molecole. Queste energie pi\u00f9 veloci (invisibili) abitano determinate aree o sono associate a particolari fenomeni naturali. Gli spiriti (energie) esistono in gruppi di tipo familiare (cio\u00e8 legati tra loro).<\/p>\n<p>Le energie possono occupare, a volont\u00e0, un&#039;energia pi\u00f9 condensata (materia) come quella umana, animale, vegetale o qualsiasi altra forma. Lo spirito anima il corpo umano alla nascita e lo lascia alla morte. A volte pi\u00f9 di uno spirito energetico entra in un corpo.<\/p>\n<p>Spesso sentiamo dire che una persona &quot;non si sente se stessa&quot;, o \u00e8 &quot;temporaneamente pazza&quot;, &quot;posseduta&quot;, &quot;fuori di s\u00e9&quot;, o sentiamo parlare di una persona con personalit\u00e0 multiple. Le energie (spiriti) hanno un effetto su tutti noi, in un modo o nell&#039;altro.<\/p>\n<p>La presenza di energia in ogni cosa fu a lungo riconosciuta dagli antichi egiziani e dai Baladi. Che ci siano energie cosmiche (neteru) in ogni pietra, minerale, legno, ecc., \u00e8 affermato chiaramente nella Stele Shabaka (VIII secolo a.C.):<\/p>\n<p style=\"padding-left: 30px;\"><em><strong>\u201cE cos\u00ec il neteru <\/strong><\/em>(dei, dee)<em><strong> entr\u00f2 nei loro corpi, sotto forma di ogni sorta di legno, di ogni sorta di minerale, come ogni sorta di argilla, come tutto ci\u00f2 che cresce su di essa (che significa terra)\u201d.<\/strong><\/em><\/p>\n<p>&nbsp;<\/p>\n<h3><span style=\"color: #ff0000;\"><strong>7. Neteru e gli angeli<\/strong><\/span><\/h3>\n<p>I neteru (dei, dee) sono le energie\/poteri\/forze divine che, attraverso le loro azioni e interazioni, hanno creato e mantenuto (e continuano a mantenere) l&#039;universo.<\/p>\n<p>I neteru (dei, dee) e le loro funzioni furono successivamente riconosciuti da altri come <em>angeli<\/em>. Il Cantico di Mos\u00e8 nel Deuteronomio (32:43), trovato in una grotta a Qumran vicino al Mar Morto, menziona la parola <em>di Dio <\/em>nel <em>plurale<\/em>:<\/p>\n<p style=\"padding-left: 30px;\"><em><strong>\u201cRallegratevi, o cieli, con lui; e rendetegli omaggio, o dei\u201d.<\/strong><\/em><\/p>\n<p>Quando il passaggio \u00e8 citato nel Nuovo Testamento (Ebrei, 1:6), la parola &#039;dei&#039; \u00e8 sostituita con &#039;angeli di Dio&#039;.<\/p>\n<p>Le sfere di neteru (conosciute anche come angeli e arcangeli, nel cristianesimo) sono gerarchiche tra i livelli\/regni dell&#039;universo.<\/p>\n<p>&nbsp;<\/p>\n<h3><span style=\"color: #ff0000;\"><strong>8. Il ciclo della creazione<\/strong><\/span><\/h3>\n<p>Il sistema di creazione \u00e8 un sistema di emanazione, processione o irradiazione necessaria accompagnata dalla necessaria aspirazione o ritorno alla fonte. Tutte le forme e le fasi dell&#039;Esistenza scaturiscono dalla Divinit\u00e0 e tutte tendono a ritornarvi e a rimanervi.<\/p>\n<p>Come conseguenza del Big Bang, le forze di espulsione, che causano lo spostamento verso l&#039;esterno di tutte le galassie, vengono contrastate dalle forze gravitazionali\/di contrazione che tengono insieme le galassie. Attualmente le forze esterne superano le forze di contrazione; e quindi i limiti dell&#039;universo sono ancora in espansione.<\/p>\n<p>Gli scienziati ci dicono che ad un certo momento nel futuro, l\u2019universo smetter\u00e0 di espandersi e inizier\u00e0 a ridursi. La radiazione a microonde della palla di fuoco del Big Bang (che sta ancora correndo intorno) inizier\u00e0 a schiacciarsi, a riscaldarsi e a cambiare colore finch\u00e9 non sar\u00e0 nuovamente visibile. Il cielo diventer\u00e0 rosso, per poi diventare arancione, giallo, bianco\u2026 e finir\u00e0 nel Big Crunch; cio\u00e8, tutta la materia e tutta la radiazione nell&#039;universo si uniranno in un&#039;unica unit\u00e0.<\/p>\n<p>Il Big Crunch non \u00e8 fine a se stesso; poich\u00e9 l\u2019universo riunito e schiacciato (zuppa di neutroni) avr\u00e0 il potenziale per una nuova creazione, chiamata il Grande Rimbalzo.<\/p>\n<p>Quindi non sorprende che i testi dell\u2019Antico Egitto abbiano descritto, nei loro consueti termini simbolici egiziani, anche il Big Crunch e il Big Bounce.<\/p>\n<p>Il testo della bara egiziana, Incantesimo 130, ci dice che:<\/p>\n<p style=\"padding-left: 30px;\"><em><strong>\u201cDopo milioni di anni di creazione differenziata, ritorner\u00e0 il caos precedente alla creazione. Rimarranno solo il Completo [Atam] e Aus-Ra. . . non pi\u00f9 separati nello spazio e nel tempo\u201d.<\/strong><\/em><\/p>\n<p>Il testo dell&#039;Antico Egitto ci dice due punti. Il primo \u00e8 il ritorno dell\u2019universo creato al caos alla fine del ciclo di creazione, che significa il Big Crunch. Il secondo punto \u00e8 il potenziale per una nuova rinascita ciclica dell\u2019universo, simboleggiata dalla presenza di Aus-Ra.<\/p>\n<p><strong>Fermiamoci qui per qualche minuto per conoscere ci\u00f2 che \u00e8 stato pubblicizzato come \u201cnomi\u201d di divinit\u00e0 in Egitto.<\/strong><\/p>\n<p>Aus-Ra \u00e8 composto da due parole. La parola <strong>Aus <\/strong>significa <strong><em>il potere di<\/em><\/strong><em>, <\/em>O <strong><em>la radice di<\/em><\/strong>. In quanto tale, Aus-Ra significa <em>il potere di Ra<\/em>; significato: il <strong><em>rinascita di Ra<\/em><\/strong>.<\/p>\n<p>Il principio che fa nascere la vita dalla morte apparente era\/\u00e8 chiamato Aus-Ra, che simboleggia il potere del rinnovamento. Il tema principale dei testi dell&#039;Antico Egitto \u00e8 la natura ciclica della creazione che nasce, vive, muore e si rigenera nuovamente.<\/p>\n<p>&nbsp;<\/p>\n<p><span style=\"color: #ff0000;\"><strong>[Un estratto da Cosmologia Egizia: L&#039;Universo Animato, Terza Edizione di Moustafa Gadalla]<br \/>\n<a href=\"https:\/\/egyptianwisdomcenter.org\/it\/prodotto\/cosmologia-egiziana-luniverso-animato-terza-edizione\/\"><span style=\"color: #0000ff;\">https:\/\/egyptianwisdomcenter.org\/product\/cosmologia-egizia-luniverso-animato-terza-edizione\/<\/span><\/a><\/strong><\/span><\/p>\n<p><img decoding=\"async\" class=\"aligncenter\" src=\"https:\/\/egyptianwisdomcenter.org\/wp-content\/uploads\/2023\/01\/cosmologia-egizia-l-universo-animato-terza-edizione-1.jpg\" \/><\/p>\n<p style=\"text-align: center;\"><a href=\"https:\/\/egyptianwisdomcenter.org\/it\/prodotto\/cosmologia-egiziana-luniverso-animato-terza-edizione\/\"><strong><span style=\"color: #3366ff;\">https:\/\/egyptianwisdomcenter.org\/product\/cosmologia-egizia-luniverso-animato-terza-edizione\/<\/span><\/strong><\/a><\/p>\n<div dir=\"auto\"><\/div>","protected":false},"excerpt":{"rendered":"<p>Neteru\u2014The Divine Energies 1. In The Pre-Creation Beginning\u2014Nun\u2014Nothingness Every Egyptian creation text begins with the same basic belief: that before the beginning [&hellip;]<\/p>","protected":false},"author":3,"featured_media":0,"parent":0,"menu_order":0,"comment_status":"closed","ping_status":"closed","template":"","meta":{"footnotes":""},"class_list":["post-139","page","type-page","status-publish","hentry"],"aioseo_notices":[],"_links":{"self":[{"href":"https:\/\/egyptianwisdomcenter.org\/it\/wp-json\/wp\/v2\/pages\/139","targetHints":{"allow":["GET"]}}],"collection":[{"href":"https:\/\/egyptianwisdomcenter.org\/it\/wp-json\/wp\/v2\/pages"}],"about":[{"href":"https:\/\/egyptianwisdomcenter.org\/it\/wp-json\/wp\/v2\/types\/page"}],"author":[{"embeddable":true,"href":"https:\/\/egyptianwisdomcenter.org\/it\/wp-json\/wp\/v2\/users\/3"}],"replies":[{"embeddable":true,"href":"https:\/\/egyptianwisdomcenter.org\/it\/wp-json\/wp\/v2\/comments?post=139"}],"version-history":[{"count":0,"href":"https:\/\/egyptianwisdomcenter.org\/it\/wp-json\/wp\/v2\/pages\/139\/revisions"}],"wp:attachment":[{"href":"https:\/\/egyptianwisdomcenter.org\/it\/wp-json\/wp\/v2\/media?parent=139"}],"curies":[{"name":"wp","href":"https:\/\/api.w.org\/{rel}","templated":true}]}}