{"id":144,"date":"2018-10-30T00:00:00","date_gmt":"2018-10-30T04:00:00","guid":{"rendered":"http:\/\/egyptianwisdomcenter.org\/the-spitting-image-of-the-one-shu-and-tef-nut\/"},"modified":"2023-01-02T01:23:18","modified_gmt":"2023-01-02T06:23:18","slug":"the-spitting-image-of-the-one-shu-and-tef-nut","status":"publish","type":"page","link":"https:\/\/egyptianwisdomcenter.org\/it\/limmagine-sputata-di-quello-shu-e-tef-nut\/","title":{"rendered":"L&#039;immagine sputata dell&#039;Uno: Shu e Tef-nut"},"content":{"rendered":"<h2 style=\"text-align: center;\"><span style=\"color: #ff0000;\"><strong>L&#039;immagine sputata dell&#039;Uno: Shu e Tef-nut<\/strong><\/span><\/h2>\n<p>&nbsp;<\/p>\n<p>Il duale Shu e Tefnut rappresentano l&#039;atto iniziale della creazione che forma la bolla universale. La coppia di Shu e Tefnut rappresentata come marito e moglie \u00e8 il modo tipicamente egiziano di esprimere dualit\u00e0 e polarit\u00e0. Questa duplice natura si manifestava nei testi e nelle tradizioni dell&#039;antico Egitto, secondo i reperti archeologici recuperati.<\/p>\n<p>I testi pi\u00f9 antichi dell&#039;Antico Regno, vale a dire i Testi delle Piramidi \u00a71652, esprimono la duplice natura:<\/p>\n<p style=\"padding-left: 30px;\"><strong><em>\u2026e anche se hai sputato come Shu, e hai sputato come Tefnut.<\/em><\/strong><\/p>\n<p>Questa \u00e8 un\u2019analogia molto potente perch\u00e9 usiamo il termine \u201cimmagine sputata\u201d per significare <em>esattamente come l&#039;origine<\/em>.<\/p>\n<p>Il concetto dell\u2019universo dell\u2019Antico Egitto \u00e8 come una scatola. La prima cosa creata dal Divino \u00e8 una sorta di bolla in quello che altrimenti sarebbe un infinito oceano d&#039;acqua. Il cielo \u00e8 la pelle dell&#039;oceano infinito che contiene quella che chiamiamo atmosfera, creata da due forze che gli antichi egizi chiamavano Shu e Tefnut. Sia Shu (calore) che Tefnut (acqua\/umidit\u00e0) significano &quot;atmosfera&quot;. Nun (l&#039;oceano cosmico pre-creazione) \u00e8 la radice da cui furono creati Shu e Tefnut.<\/p>\n<p><a href=\"http:\/\/egyptianwisdomcenter.org\/wp-content\/uploads\/2019\/02\/tefnut-shu.png\"><img decoding=\"async\" class=\"size-full wp-image-365 aligncenter\" src=\"http:\/\/egyptianwisdomcenter.org\/wp-content\/uploads\/2019\/02\/tefnut-shu.png\" alt=\"\" width=\"184\" height=\"196\" \/><\/a><\/p>\n<p>Il calore (Shu) e l&#039;acqua (Tefnut) sono i due fattori di formazione pi\u00f9 universali delle forme di vita. Questi termini corrispondono rispettivamente al fuoco (calore) e all&#039;umidit\u00e0 e devono essere intesi come metafore e corrispondenze effettive per le qualit\u00e0 astratte che rappresentano. Shu, rappresentato da fuoco, aria e calore, corrisponde alla qualit\u00e0 dell&#039;espansivit\u00e0, dell&#039;ascendente, delle forze centrifughe, positive, maschili, estroverse, estroverse verso l&#039;esterno, ecc.<\/p>\n<p>Tefnut, rappresentato dall&#039;umidit\u00e0 e dalla base materiale oggettiva della manifestazione (Nut, il suffisso), corrisponde alla contrazione, al movimento verso il basso, alle forze centripete, negativo, femminile, ricettivo, interiore, introspezione, ecc.<\/p>\n<p>Il concetto dell&#039;Antico Egitto sopra esposto concorda con gli scienziati moderni, i quali ci dicono che le galassie sono soggette, oggi, principalmente a due forze opposte: 1) le forze di espulsione, che fanno s\u00ec che tutte le galassie si allontanino da noi; e 2) le forze gravitazionali\/contrazionali, che tengono insieme le galassie.<\/p>\n<p>&nbsp;<\/p>\n<p><strong><span style=\"color: #ff0000;\">[Un estratto da <\/span>Cosmologia egiziana: l&#039;universo animato, terza edizione di Moustafa Gadalla<span style=\"color: #ff0000;\">]<br \/>\n<a href=\"https:\/\/egyptianwisdomcenter.org\/it\/prodotto\/cosmologia-egiziana-luniverso-animato-terza-edizione\/\"><span style=\"color: #0000ff;\">https:\/\/egyptianwisdomcenter.org\/product\/cosmologia-egizia-luniverso-animato-terza-edizione\/<\/span><\/a><\/span><\/strong><\/p>\n<p><img decoding=\"async\" class=\"aligncenter\" src=\"https:\/\/egyptianwisdomcenter.org\/wp-content\/uploads\/2023\/01\/cosmologia-egizia-l-universo-animato-terza-edizione-1.jpg\" \/><\/p>\n<div dir=\"auto\">\n<p style=\"text-align: center;\"><a href=\"https:\/\/egyptianwisdomcenter.org\/it\/prodotto\/cosmologia-egiziana-luniverso-animato-terza-edizione\/\"><strong><span style=\"color: #ff0000;\"><span style=\"color: #0000ff;\">https:\/\/egyptianwisdomcenter.org\/product\/cosmologia-egizia-luniverso-animato-terza-edizione\/<\/span><\/span><\/strong><\/a><\/p>\n<\/div>\n<div dir=\"auto\">\n<p style=\"text-align: center;\">\n<\/div>","protected":false},"excerpt":{"rendered":"<p>The Spitting Image Of The One &#8211; Shu And Tef-nut &nbsp; The dual Shu and Tefnut represent the initial act of creation [&hellip;]<\/p>","protected":false},"author":3,"featured_media":0,"parent":0,"menu_order":0,"comment_status":"closed","ping_status":"closed","template":"","meta":{"footnotes":""},"class_list":["post-144","page","type-page","status-publish","hentry"],"aioseo_notices":[],"_links":{"self":[{"href":"https:\/\/egyptianwisdomcenter.org\/it\/wp-json\/wp\/v2\/pages\/144","targetHints":{"allow":["GET"]}}],"collection":[{"href":"https:\/\/egyptianwisdomcenter.org\/it\/wp-json\/wp\/v2\/pages"}],"about":[{"href":"https:\/\/egyptianwisdomcenter.org\/it\/wp-json\/wp\/v2\/types\/page"}],"author":[{"embeddable":true,"href":"https:\/\/egyptianwisdomcenter.org\/it\/wp-json\/wp\/v2\/users\/3"}],"replies":[{"embeddable":true,"href":"https:\/\/egyptianwisdomcenter.org\/it\/wp-json\/wp\/v2\/comments?post=144"}],"version-history":[{"count":0,"href":"https:\/\/egyptianwisdomcenter.org\/it\/wp-json\/wp\/v2\/pages\/144\/revisions"}],"wp:attachment":[{"href":"https:\/\/egyptianwisdomcenter.org\/it\/wp-json\/wp\/v2\/media?parent=144"}],"curies":[{"name":"wp","href":"https:\/\/api.w.org\/{rel}","templated":true}]}}