{"id":146,"date":"2018-10-30T00:00:00","date_gmt":"2018-10-30T04:00:00","guid":{"rendered":"http:\/\/egyptianwisdomcenter.org\/the-duality-of-ra-and-osiris\/"},"modified":"2023-01-02T01:24:08","modified_gmt":"2023-01-02T06:24:08","slug":"the-duality-of-ra-and-osiris-2","status":"publish","type":"page","link":"https:\/\/egyptianwisdomcenter.org\/it\/la-dualita-di-ra-e-osiride-2\/","title":{"rendered":"La dualit\u00e0 di Ra e Osiride"},"content":{"rendered":"<h2 style=\"text-align: center;\"><span style=\"color: #ff0000;\"><strong>La dualit\u00e0 di Ra e Osiride<\/strong><\/span><\/h2>\n<p>&nbsp;<\/p>\n<p>I testi egiziani si riferiscono a Re e Osiride come i <em>Anime Gemelle.<\/em><\/p>\n<p>Etimologicamente, la relazione tra Re\/Ra e Osiride diventa evidente. La parola egiziana per Osiride \u00e8 Aus-Ra.<\/p>\n<p>La parola Aus significa <em>il potere di<\/em>, O <em>la radice di<\/em>. Pertanto, il nome Ausar \u00e8 composto da due parti: Aus-Ra, che significa <em>il potere di Ra<\/em>, ovvero il <em>rinascita di Ra.<\/em><\/p>\n<p>Il ciclo perpetuo dell&#039;esistenza - il ciclo della vita e della morte - \u00e8 simboleggiato da Ra (Re) e Ausar (Osiride). Ra \u00e8 il neter vivente che discende nella morte per diventare Ausar, il neter dei morti. Ausar ascende e riprende vita come Ra. La creazione \u00e8 continua: \u00e8 un flusso di vita che procede verso la morte. Ma dalla morte nascer\u00e0 un nuovo Ra, che dar\u00e0 vita a una nuova vita. Ra \u00e8 il principio cosmico dell&#039;energia che si muove verso la morte e Ausar rappresenta il processo di rinascita. Pertanto, i termini di vita e morte diventano intercambiabili: vita significa morire lentamente e morte significa resurrezione a nuova vita. La persona morta nella morte viene identificata con Ausar, ma ritorner\u00e0 in vita e sar\u00e0 identificata con Ra.<\/p>\n<p>Il ciclo perpetuo di Ausar e Ra domina i testi dell&#039;antico Egitto, come:<\/p>\n<ul>\n<li>In <em>Il Libro della Venuta alla Luce<\/em>, sia Ausar che Ra vivono, muoiono e rinascono. Negli Inferi, le anime di Ausar e Ra si incontrano [vedi illustrazione dal Papiro di Ani, sotto] e sono unite per formare un&#039;entit\u00e0, descritta in modo cos\u00ec eloquente:<\/li>\n<\/ul>\n<p style=\"padding-left: 30px;\"><strong><em>Io sono le Sue Due Anime nei suoi Gemelli.<\/em><\/strong><\/p>\n<p><a href=\"http:\/\/egyptianwisdomcenter.org\/wp-content\/uploads\/2019\/02\/ra-ausar.png\"><img fetchpriority=\"high\" decoding=\"async\" class=\"size-full wp-image-368 aligncenter\" src=\"http:\/\/egyptianwisdomcenter.org\/wp-content\/uploads\/2019\/02\/ra-ausar.png\" alt=\"\" width=\"341\" height=\"239\" \/><\/a><\/p>\n<p>Nel capitolo 17 del <em>Il Libro della Venuta alla Luce<\/em>, il defunto, identificato con Ausar, dice:<\/p>\n<p style=\"padding-left: 30px;\"><strong><em>Sono ieri, conosco il domani.<\/em><\/strong><\/p>\n<ul>\n<li>E il commento egiziano a questo passaggio spiega:<\/li>\n<\/ul>\n<p style=\"padding-left: 30px;\"><em><strong>Cos&#039;\u00e8 questo? Ausar \u00e8 ieri, Ra \u00e8 domani?<\/strong><\/em><\/p>\n<ul>\n<li>Nella tomba della regina Nefertari (moglie di Ramses II) \u00e8 nota la rappresentazione del neter solare (dio) morto come un corpo mummiforme con testa di ariete, accompagnato da un&#039;iscrizione, a destra e a sinistra:<\/li>\n<\/ul>\n<p><a href=\"http:\/\/egyptianwisdomcenter.org\/wp-content\/uploads\/2019\/02\/ec3-ch6-1-72c.jpg\"><img decoding=\"async\" class=\"wp-image-876 aligncenter\" src=\"http:\/\/egyptianwisdomcenter.org\/wp-content\/uploads\/2019\/02\/ec3-ch6-1-72c.jpg\" alt=\"\" width=\"191\" height=\"242\" \/><\/a><\/p>\n<p style=\"text-align: center;\"><strong style=\"text-align: center;\"><em>Questo \u00e8 Ra che viene a riposare ad Ausar.<\/em><\/strong><\/p>\n<p style=\"padding-left: 30px; text-align: center;\"><strong><em>Questo \u00e8 Ausar che viene a riposare in Ra.<\/em><\/strong><\/p>\n<ul>\n<li>La Litania di Re \u00e8 sostanzialmente un&#039;amplificazione dettagliata di un breve passaggio del capitolo 17 di The <em>Libro della Venuta alla Luce<\/em>, descrivendo la fusione di Ausar e Ra in a <em><strong>Anima gemella<\/strong><\/em>.<\/li>\n<li><\/li>\n<\/ul>\n<p><strong><span style=\"color: #ff0000;\">[Un estratto da <\/span>Cosmologia egiziana: l&#039;universo animato, terza edizione di Moustafa Gadalla<span style=\"color: #ff0000;\">]<br \/>\n<a href=\"https:\/\/egyptianwisdomcenter.org\/it\/prodotto\/cosmologia-egiziana-luniverso-animato-terza-edizione\/\"><span style=\"color: #0000ff;\">https:\/\/egyptianwisdomcenter.org\/product\/cosmologia-egizia-luniverso-animato-terza-edizione\/<\/span><\/a><\/span><\/strong><\/p>\n<p><img decoding=\"async\" class=\"aligncenter\" src=\"https:\/\/egyptianwisdomcenter.org\/wp-content\/uploads\/2023\/01\/cosmologia-egizia-l-universo-animato-terza-edizione-1.jpg\" \/><\/p>\n<div dir=\"auto\">\n<p style=\"text-align: center;\"><a href=\"https:\/\/egyptianwisdomcenter.org\/it\/prodotto\/cosmologia-egiziana-luniverso-animato-terza-edizione\/\"><strong><span style=\"color: #ff0000;\"><span style=\"color: #0000ff;\">https:\/\/egyptianwisdomcenter.org\/product\/cosmologia-egizia-luniverso-animato-terza-edizione\/<\/span><\/span><\/strong><\/a><\/p>\n<\/div>","protected":false},"excerpt":{"rendered":"<p>The Duality Of Ra And Osiris &nbsp; Egyptian texts refer to Re and Osiris as the Twin Souls. Etymologically, the relationship between [&hellip;]<\/p>","protected":false},"author":3,"featured_media":0,"parent":0,"menu_order":0,"comment_status":"closed","ping_status":"closed","template":"","meta":{"footnotes":""},"class_list":["post-146","page","type-page","status-publish","hentry"],"aioseo_notices":[],"_links":{"self":[{"href":"https:\/\/egyptianwisdomcenter.org\/it\/wp-json\/wp\/v2\/pages\/146","targetHints":{"allow":["GET"]}}],"collection":[{"href":"https:\/\/egyptianwisdomcenter.org\/it\/wp-json\/wp\/v2\/pages"}],"about":[{"href":"https:\/\/egyptianwisdomcenter.org\/it\/wp-json\/wp\/v2\/types\/page"}],"author":[{"embeddable":true,"href":"https:\/\/egyptianwisdomcenter.org\/it\/wp-json\/wp\/v2\/users\/3"}],"replies":[{"embeddable":true,"href":"https:\/\/egyptianwisdomcenter.org\/it\/wp-json\/wp\/v2\/comments?post=146"}],"version-history":[{"count":0,"href":"https:\/\/egyptianwisdomcenter.org\/it\/wp-json\/wp\/v2\/pages\/146\/revisions"}],"wp:attachment":[{"href":"https:\/\/egyptianwisdomcenter.org\/it\/wp-json\/wp\/v2\/media?parent=146"}],"curies":[{"name":"wp","href":"https:\/\/api.w.org\/{rel}","templated":true}]}}