{"id":153,"date":"2018-10-30T00:00:00","date_gmt":"2018-10-30T04:00:00","guid":{"rendered":"http:\/\/egyptianwisdomcenter.org\/anubis-the-dog\/"},"modified":"2023-10-20T10:10:19","modified_gmt":"2023-10-20T14:10:19","slug":"anubis-the-dog-2","status":"publish","type":"page","link":"https:\/\/egyptianwisdomcenter.org\/it\/anubi-il-cane-2\/","title":{"rendered":"Anubi, il cane"},"content":{"rendered":"<h2 style=\"text-align: center;\"><span style=\"color: #ff0000;\"><strong>Anubi, il cane<\/strong><\/span><\/h2>\n<h4 style=\"text-align: center;\"><span style=\"color: #0000ff;\"><strong>Anubi (Anbu, Ubuat, Web-Wawet)<\/strong><\/span><\/h4>\n<p>&nbsp;<\/p>\n<p>Anubi rappresenta il principio divino del giusto senso dell&#039;orientamento.<\/p>\n<p>Il cane incarna l&#039;essenza della guida spirituale. Anubi viene spesso rappresentato come un cane\/sciacallo o come una figura umana con la testa di cane\/sciacallo. Il cane\/sciacallo \u00e8 famoso per il suo affidabile istinto di ricerca, di giorno e di notte. Il cane \u00e8 molto utile nelle ricerche, ed \u00e8 l&#039;animale preferito per guidare i non vedenti. In quanto tale, \u00e8 una scelta eccellente per guidare l&#039;anima del defunto attraverso le regioni della Duat.<\/p>\n<p><a href=\"http:\/\/egyptianwisdomcenter.org\/wp-content\/uploads\/2019\/02\/ed-ch10-photo1-96c.jpg\"><img fetchpriority=\"high\" decoding=\"async\" class=\"size-medium wp-image-926 aligncenter\" src=\"http:\/\/egyptianwisdomcenter.org\/wp-content\/uploads\/2019\/02\/ed-ch10-photo1-96c-300x217.jpg\" alt=\"\" width=\"300\" height=\"217\" \/><\/a><\/p>\n<p>Questa espressione simbolica di profonda comprensione spirituale \u00e8 stata presentata in due forme principali per Anubi: umano con la testa di animale o una forma animale pura, come vediamo qui.<\/p>\n<p><a href=\"http:\/\/egyptianwisdomcenter.org\/wp-content\/uploads\/2019\/02\/AE-20-011-1.gif\"><img decoding=\"async\" class=\"size-medium wp-image-550 aligncenter\" src=\"http:\/\/egyptianwisdomcenter.org\/wp-content\/uploads\/2019\/02\/AE-20-011-1-230x300.gif\" alt=\"\" width=\"230\" height=\"300\" \/><\/a><\/p>\n<p>Quando nell&#039;Antico Egitto viene presentato un animale totale, rappresenta una particolare funzione\/attributo nella sua forma pi\u00f9 pura.<\/p>\n<p><a href=\"http:\/\/egyptianwisdomcenter.org\/wp-content\/uploads\/2019\/02\/aecr-ch3-3-72c-1-copy.jpg\"><img decoding=\"async\" class=\"size-full wp-image-1046 aligncenter\" src=\"http:\/\/egyptianwisdomcenter.org\/wp-content\/uploads\/2019\/02\/aecr-ch3-3-72c-1-copy.jpg\" alt=\"\" width=\"166\" height=\"127\" \/><\/a><\/p>\n<p>Quando viene presentata una figura con la testa di un animale, trasmette quella particolare funzione\/attributo dell&#039;essere umano.<\/p>\n<p>Vari attributi associati sono tutti legati al cane. Esistono diverse forme di cani\/sciacallo, mostrati in varie posizioni in vari contesti. L&#039;attributo specifico sar\u00e0 determinato dal contesto.<\/p>\n<p>Analizzeremo le funzioni di Anubis come:<\/p>\n<p style=\"padding-left: 30px;\">\u2013 Il cercatore di percorsi<br \/>\n\u2013 La dieta dell\u2019alchimista<br \/>\n\u2013 Il cercatore di verit\u00e0<\/p>\n<p>\u2013 Nel nostro ritorno alla nostra origine divina, ognuno di noi ha bisogno di una guida\/angelo guida di cui possiamo fidarci per guidarci nella giusta direzione. Questo Path Finder \u00e8 Anubi che rappresenta il giusto senso dell&#039;orientamento: la Guida Divina. Il Path Finder \u00e8 incarnato in Anubis come DoG. DoG \u00e8 il contrario di Dio: dal mondo della materia al mondo dello spirito. Il cane\/sciacallo \u00e8 famoso per il suo affidabile istinto di ricerca, di giorno e di notte. In quanto tale, \u00e8 una scelta eccellente per guidare l&#039;anima del defunto attraverso le regioni della Duat.<\/p>\n<p>\u2013 Il ruolo metafisico di Anubi, il cane, si riflette nella sua dieta. Il cane\/sciacallo si nutre di carogne, trasformandole in un nutrimento benefico. In altre parole, Anubi rappresenta la capacit\u00e0 di trasformare i rifiuti in cibo utile per il corpo (e l&#039;anima) come nel modo alchemico di trasformare il piombo in oro.<\/p>\n<p>\u2013 Il senso assoluto di lealt\u00e0 \u00e8 incarnato nel cane, che \u00e8 raffigurato mentre conduce l&#039;anima del defunto nella Sala del Giudizio dove assicura anche l&#039;accuratezza simbolica del processo di pesatura del cuore. Anubi rappresenta il giusto senso di direzione in qualunque cosa facciamo, la lealt\u00e0 assoluta e la capacit\u00e0 di trasformare il piombo (carogna) in oro (dignit\u00e0).<\/p>\n<p>\u2013 Anubi rappresenta anche il Truth Finder. Nell&#039;allegoria di Iside\/Osiride, \u00e8 Anubi che aiuta Iside a trovare i pezzi sparsi di Osiride, come <em>il Manifestatore della Verit\u00e0.<\/em><\/p>\n<p>Trovare i pezzi rotti per riunirli insieme \u00e8 l&#039;essenza della religione. L\u2019origine della parola Re-ligio-n \u00e8 \u201clatino\u201d <em>Religione<\/em>, che significa <em>legare insieme<\/em>.<\/p>\n<p style=\"text-align: center;\"><strong>&#8212;&#8212;&#8212;&#8212;&#8212;<\/strong><\/p>\n<h3><span style=\"color: #ff0000;\"><strong>Anubi come stella del cane<\/strong><\/span><\/h3>\n<p>Analizzeremo le funzioni di Anubis come:<\/p>\n<p style=\"padding-left: 30px;\">UN. La stella di Iside: la grande protettrice<br \/>\nB. Il punto di origine nel calendario egiziano<\/p>\n<p><strong>UN.<\/strong> Anubi come Stella del Cane viene sempre mostrato mentre guida le arche nei loro viaggi verso il Divino. In quanto tale, Anubi rappresenta la Guida Divina.<\/p>\n<p>Sirio, la Stella del Cane, \u00e8 la dimora della madre universale Iside.<\/p>\n<p>Durante i periodi pi\u00f9 remoti della storia dell&#039;Antico Egitto, Iside era associata alla stella Sabt (Sirio), la stella pi\u00f9 luminosa del cielo, che era chiamata, come lei, la Grande Provveditrice; e il cui innalzamento annuale inaugurava l&#039;inondazione del Nilo.<\/p>\n<p><strong>B.<\/strong> Il calendario ingegnoso e molto accurato dell&#039;Egitto era basato sull&#039;osservazione e sullo studio dei movimenti di Sirio nel cielo. Questo fatto \u00e8 chiaramente riconosciuto nel dizionario Webster, che definisce l&#039;anno sotico (Sabt in egiziano) come:<\/p>\n<ul>\n<li>di avere a che fare con Sirio, la Stella del Cane.<\/li>\n<li>Designazione di un ciclo o periodo di tempo dell&#039;Antico Egitto basato su un anno fisso.<\/li>\n<\/ul>\n<p>Gli antichi Egizi sapevano che l\u2019anno intero durava poco pi\u00f9 di 365 giorni e un quarto. La terra impiega 365,25636 giorni per completare una rivoluzione attorno al sole: questa era\/\u00e8 la durata dell&#039;anno sotico egiziano. [Maggiori dettagli possono essere trovati in <em>Rivelata la cultura dell&#039;antico Egitto <\/em>di Moustafa Gadalla.]<\/p>\n<p>Lascia che gli attributi di Anubi dentro di te ti guidino nella giusta direzione.<\/p>\n<p>&nbsp;<\/p>\n<p><strong><span style=\"color: #ff0000;\">[Un estratto da <\/span>Divinit\u00e0 egiziane: tutti coloro che sono l&#039;UNO, 2a edizione di Moustafa Gadalla<span style=\"color: #ff0000;\">]<br \/>\n<a href=\"https:\/\/egyptianwisdomcenter.org\/it\/prodotto\/egyptian-divinities-the-all-who-are-the-one-2nd-edition\/\"><span style=\"color: #0000ff;\">https:\/\/egyptianwisdomcenter.org\/product\/egyptian-divinities-the-all-who-are-the-one-2nd-edition\/<\/span><\/a><\/span><\/strong><\/p>\n<p><img decoding=\"async\" class=\"aligncenter\" src=\"https:\/\/books2read-prod.s3.amazonaws.com\/CACHE\/images\/ubl_book_images\/book_display_image_qOuT56H\/40d95446cc17340ec7b02939eaa44c10\" \/><\/p>\n<div dir=\"auto\">\n<div dir=\"auto\">\n<p style=\"text-align: center;\"><a href=\"https:\/\/egyptianwisdomcenter.org\/it\/prodotto\/egyptian-divinities-the-all-who-are-the-one-2nd-edition\/\"><strong><span style=\"color: #ff0000;\"><span style=\"color: #0000ff;\">https:\/\/egyptianwisdomcenter.org\/product\/egyptian-divinities-the-all-who-are-the-one-2nd-edition\/<\/span><\/span><\/strong><\/a><\/p>\n<\/div>\n<\/div>","protected":false},"excerpt":{"rendered":"<p>Anubis, The Dog Anubis (Anbu, Ubuat, Web-Wawet) &nbsp; Anubis represents the divine principle of the right sense of direction. The dog embodies [&hellip;]<\/p>","protected":false},"author":3,"featured_media":0,"parent":0,"menu_order":0,"comment_status":"closed","ping_status":"closed","template":"","meta":{"footnotes":""},"class_list":["post-153","page","type-page","status-publish","hentry"],"aioseo_notices":[],"_links":{"self":[{"href":"https:\/\/egyptianwisdomcenter.org\/it\/wp-json\/wp\/v2\/pages\/153","targetHints":{"allow":["GET"]}}],"collection":[{"href":"https:\/\/egyptianwisdomcenter.org\/it\/wp-json\/wp\/v2\/pages"}],"about":[{"href":"https:\/\/egyptianwisdomcenter.org\/it\/wp-json\/wp\/v2\/types\/page"}],"author":[{"embeddable":true,"href":"https:\/\/egyptianwisdomcenter.org\/it\/wp-json\/wp\/v2\/users\/3"}],"replies":[{"embeddable":true,"href":"https:\/\/egyptianwisdomcenter.org\/it\/wp-json\/wp\/v2\/comments?post=153"}],"version-history":[{"count":1,"href":"https:\/\/egyptianwisdomcenter.org\/it\/wp-json\/wp\/v2\/pages\/153\/revisions"}],"predecessor-version":[{"id":68341,"href":"https:\/\/egyptianwisdomcenter.org\/it\/wp-json\/wp\/v2\/pages\/153\/revisions\/68341"}],"wp:attachment":[{"href":"https:\/\/egyptianwisdomcenter.org\/it\/wp-json\/wp\/v2\/media?parent=153"}],"curies":[{"name":"wp","href":"https:\/\/api.w.org\/{rel}","templated":true}]}}