{"id":169,"date":"2018-10-30T00:00:00","date_gmt":"2018-10-30T04:00:00","guid":{"rendered":"http:\/\/egyptianwisdomcenter.org\/scarab-beetle\/"},"modified":"2023-01-02T01:28:53","modified_gmt":"2023-01-02T06:28:53","slug":"scarab-beetle-2","status":"publish","type":"page","link":"https:\/\/egyptianwisdomcenter.org\/it\/scarabeo-2\/","title":{"rendered":"Scarabeo"},"content":{"rendered":"<h2 style=\"text-align: center;\"><span style=\"color: #ff0000;\"><strong>Scarabeo<\/strong><\/span><\/h2>\n<p>&nbsp;<\/p>\n<p>Re \u00e8 spesso rappresentato come un grande scarabeo nero seduto sulla barca solare e che fa rotolare il disco solare; o come un uomo la cui testa umana \u00e8 sostituita da uno scarabeo.<\/p>\n<p><a href=\"http:\/\/egyptianwisdomcenter.org\/wp-content\/uploads\/2019\/02\/ed-ch9-photo3-96c.jpg\"><img decoding=\"async\" class=\"size-medium wp-image-899 aligncenter\" src=\"http:\/\/egyptianwisdomcenter.org\/wp-content\/uploads\/2019\/02\/ed-ch9-photo3-96c-146x300.jpg\" alt=\"\" width=\"146\" height=\"300\" \/><\/a><\/p>\n<p>In quanto tale, Re \u00e8 lo scarabeo divino originale. Il nome egiziano dello scarabeo era Khepri, una parola multipla che significa:<\/p>\n<p style=\"padding-left: 30px;\"><strong><em>Questo che mette in essere.<\/em><\/strong><\/p>\n<p>Re (Ra) \u00e8 descritto nel <em>Testi funerari di Unas (piramide).<\/em>:<\/p>\n<p style=\"padding-left: 30px;\"><strong><em>\u201cTi fanno nascere come Re, nel nome di Khepri\u201d.<\/em><\/strong><\/p>\n<p>Khepri lo scarabeo \u00e8 una delle 75 Manifestazioni del processo di creazione: sono tutti aspetti di Re, la forza creativa divina.<\/p>\n<p>Orapollo Niliaeus spiega il simbolismo dello scarabeo in questo modo:<\/p>\n<p style=\"padding-left: 30px;\"><strong><em>\u201cPer significare l\u2019unigenito, o la nascita, o un padre, o il mondo, o l\u2019uomo, essi [gli egiziani] disegnano uno scarabeo. L&#039;unigenito, <span style=\"text-decoration: underline;\">perch\u00e9 questo animale \u00e8 autogenerato, non nato dalla femmina<\/span>. Perch\u00e9 la sua nascita avviene solo nel modo seguente. Quando il maschio desidera avere figli, prende dello sterco di vacca e ne fa una palla rotonda, molto simile alla forma del mondo. Facendolo rotolare con le zampe posteriori da est a ovest, \u00e8 rivolto verso est, in modo da dargli la forma del mondo, poich\u00e9 il mondo \u00e8 portato da est a ovest.<\/em><\/strong><\/p>\n<p>Nei testi trasformativi (funerari) dell&#039;Antico Egitto, il defunto, identificato con Osiride, attraversava fasi analoghe nella notte degli inferi e rinasceva come un nuovo Ra (Re) nella sua forma di Khepri (lo scarabeo) al mattino. . L\u2019analogia con il sole \u2013 che scompare di notte e appare al mattino \u2013 \u00e8 chiara. Lo scarabeo \u00e8 il simbolo della qualit\u00e0 trasformatrice del sole; la luce che esce dalle tenebre. Gli amuleti degli scarabei venivano solitamente sepolti con il defunto per favorire la rinascita.<\/p>\n<p>Lo scarabeo si trova quindi sempre all&#039;inizio di un ciclo.<\/p>\n<p>Qui \u00e8 associato all&#039;uovo cosmico.<\/p>\n<p><a href=\"http:\/\/egyptianwisdomcenter.org\/wp-content\/uploads\/2019\/02\/ed-ch9-photo4-96c.jpg\"><img fetchpriority=\"high\" decoding=\"async\" class=\"size-full wp-image-900 aligncenter\" src=\"http:\/\/egyptianwisdomcenter.org\/wp-content\/uploads\/2019\/02\/ed-ch9-photo4-96c.jpg\" alt=\"\" width=\"240\" height=\"220\" \/><\/a><\/p>\n<p>Qui siamo all&#039;inizio di un ciclo zodiacale che dura circa 26.000 anni a partire dall&#039;Era del Leone, il leone.<\/p>\n<p><a href=\"http:\/\/egyptianwisdomcenter.org\/wp-content\/uploads\/2019\/02\/ed-ch9-photo5-96c.jpg\"><img decoding=\"async\" class=\"size-medium wp-image-901 aligncenter\" src=\"http:\/\/egyptianwisdomcenter.org\/wp-content\/uploads\/2019\/02\/ed-ch9-photo5-96c-300x200.jpg\" alt=\"\" width=\"300\" height=\"200\" \/><\/a><\/p>\n<p>&nbsp;<\/p>\n<p><span style=\"color: #ff0000;\"><strong>[Un estratto da<\/strong><\/span><strong>Divinit\u00e0 egiziane: tutti coloro che sono l&#039;UNO, 2a edizione<\/strong><span style=\"color: #ff0000;\"><strong> di Moustafa Gadalla]<br \/>\n<a href=\"https:\/\/egyptianwisdomcenter.org\/it\/prodotto\/egyptian-divinities-the-all-who-are-the-one-2nd-edition\/\"><span style=\"color: #0000ff;\">https:\/\/egyptianwisdomcenter.org\/product\/egyptian-divinities-the-all-who-are-the-one-2nd-edition\/<\/span><\/a><br \/>\n<\/strong><\/span><\/p>\n<p><img decoding=\"async\" class=\"aligncenter\" src=\"https:\/\/books2read-prod.s3.amazonaws.com\/CACHE\/images\/ubl_book_images\/book_display_image_qOuT56H\/40d95446cc17340ec7b02939eaa44c10\" \/><\/p>\n<div dir=\"auto\">\n<div dir=\"auto\">\n<p style=\"text-align: center;\"><a href=\"https:\/\/egyptianwisdomcenter.org\/it\/prodotto\/egyptian-divinities-the-all-who-are-the-one-2nd-edition\/\"><span style=\"color: #ff0000;\"><strong><span style=\"color: #0000ff;\">https:\/\/egyptianwisdomcenter.org\/product\/egyptian-divinities-the-all-who-are-the-one-2nd-edition\/<\/span><\/strong><\/span><\/a><\/p>\n<\/div>\n<\/div>\n<div dir=\"auto\"><\/div>","protected":false},"excerpt":{"rendered":"<p>Scarab Beetle &nbsp; Re is frequently represented as a large black scarab beetle sitting in the solar boat and rolling the sun [&hellip;]<\/p>","protected":false},"author":3,"featured_media":0,"parent":0,"menu_order":0,"comment_status":"closed","ping_status":"closed","template":"","meta":{"footnotes":""},"class_list":["post-169","page","type-page","status-publish","hentry"],"aioseo_notices":[],"_links":{"self":[{"href":"https:\/\/egyptianwisdomcenter.org\/it\/wp-json\/wp\/v2\/pages\/169","targetHints":{"allow":["GET"]}}],"collection":[{"href":"https:\/\/egyptianwisdomcenter.org\/it\/wp-json\/wp\/v2\/pages"}],"about":[{"href":"https:\/\/egyptianwisdomcenter.org\/it\/wp-json\/wp\/v2\/types\/page"}],"author":[{"embeddable":true,"href":"https:\/\/egyptianwisdomcenter.org\/it\/wp-json\/wp\/v2\/users\/3"}],"replies":[{"embeddable":true,"href":"https:\/\/egyptianwisdomcenter.org\/it\/wp-json\/wp\/v2\/comments?post=169"}],"version-history":[{"count":0,"href":"https:\/\/egyptianwisdomcenter.org\/it\/wp-json\/wp\/v2\/pages\/169\/revisions"}],"wp:attachment":[{"href":"https:\/\/egyptianwisdomcenter.org\/it\/wp-json\/wp\/v2\/media?parent=169"}],"curies":[{"name":"wp","href":"https:\/\/api.w.org\/{rel}","templated":true}]}}