{"id":173,"date":"2018-10-30T00:00:00","date_gmt":"2018-10-30T04:00:00","guid":{"rendered":"http:\/\/egyptianwisdomcenter.org\/logic-and-forms-of-animal-representation\/"},"modified":"2023-01-02T01:26:12","modified_gmt":"2023-01-02T06:26:12","slug":"logic-and-forms-of-animal-representation","status":"publish","type":"page","link":"https:\/\/egyptianwisdomcenter.org\/it\/logica-e-forme-di-rappresentazione-degli-animali\/","title":{"rendered":"Logica e forme di rappresentazione degli animali"},"content":{"rendered":"<h2 style=\"text-align: center;\"><span style=\"color: #ff0000;\"><strong>Logica e forme di rappresentazione degli animali<\/strong><\/span><\/h2>\n<p>&nbsp;<\/p>\n<p>L&#039;attenta osservazione e la profonda conoscenza del mondo naturale da parte degli egiziani permisero loro di identificare alcuni animali con qualit\u00e0 specifiche che potevano simboleggiare determinate funzioni e principi divini in modo particolarmente puro e sorprendente. Pertanto, alcuni animali furono scelti come simboli per questi particolari aspetti della divinit\u00e0.<\/p>\n<p>Quando dici che qualcuno \u00e8 leale, la parola &quot;leale&quot; \u00e8 molto vaga. Ma se dici &#039;fedele come un cane&#039;, non lasci dubbi sulle tue intenzioni. Questo \u00e8 il potere dell\u2019analogia con gli animali.<\/p>\n<p>I neteru (dei, dee) con teste di animali o di animali erano espressioni simboliche di una profonda comprensione spirituale. Quando nell&#039;Antico Egitto viene presentato un animale totale, rappresenta una particolare funzione\/attributo nella sua forma pi\u00f9 pura. Quando viene presentata una figura con la testa di un animale, trasmette quella particolare funzione\/attributo dell&#039;essere umano. Le due forme di Anubi, nelle due illustrazioni qui riportate, distinguono chiaramente questi due aspetti.<\/p>\n<p><a href=\"http:\/\/egyptianwisdomcenter.org\/wp-content\/uploads\/2019\/02\/anubis.png\"><img decoding=\"async\" class=\"wp-image-359 aligncenter\" src=\"http:\/\/egyptianwisdomcenter.org\/wp-content\/uploads\/2019\/02\/anubis.png\" alt=\"\" width=\"218\" height=\"166\" \/><\/a><\/p>\n<p>Questa terza forma \u00e8 l&#039;opposto dell&#039;uomo con la testa di animale. In questo caso, abbiamo un uccello dalla testa umana \u2013 cio\u00e8 il Ba \u2013 che rappresenta il corpo\/anima che si libra sopra il corpo.<\/p>\n<p><a href=\"http:\/\/egyptianwisdomcenter.org\/wp-content\/uploads\/2019\/02\/ba.png\"><img decoding=\"async\" class=\"wp-image-360 aligncenter\" src=\"http:\/\/egyptianwisdomcenter.org\/wp-content\/uploads\/2019\/02\/ba.png\" alt=\"\" width=\"184\" height=\"106\" \/><\/a><\/p>\n<p>La raffigurazione del Ba, quindi, \u00e8 l&#039;aspetto divino del terrestre. Il Ba \u00e8 raffigurato come una cicogna. La cicogna \u00e8 nota per il suo istinto migratorio e di ritorno, ed \u00e8 anche conosciuta in tutto il mondo come l&#039;uccello che trasporta i neonati nelle loro nuove famiglie. La cicogna ritorna al proprio nido con costante precisione: quindi, \u00e8 un uccello migratore ed \u00e8 la scelta perfetta per rappresentare l&#039;anima.<\/p>\n<p>&nbsp;<\/p>\n<p><span style=\"color: #ff0000;\"><strong>[Altri esempi di simbolismo animale si trovano in <\/strong><\/span><strong>Divinit\u00e0 egiziane: tutti coloro che sono l&#039;UNO, 2a edizione<\/strong><span style=\"color: #ff0000;\"><strong> di Moustafa Gadalla]<br \/>\n<a href=\"https:\/\/egyptianwisdomcenter.org\/it\/prodotto\/egyptian-divinities-the-all-who-are-the-one-2nd-edition\/\"><span style=\"color: #0000ff;\">https:\/\/egyptianwisdomcenter.org\/product\/egyptian-divinities-the-all-who-are-the-one-2nd-edition\/<\/span><\/a><\/strong><\/span><\/p>\n<p><img decoding=\"async\" class=\"aligncenter\" src=\"https:\/\/books2read-prod.s3.amazonaws.com\/CACHE\/images\/ubl_book_images\/book_display_image_qOuT56H\/40d95446cc17340ec7b02939eaa44c10\" \/><\/p>\n<div dir=\"auto\">\n<div dir=\"auto\">\n<p style=\"text-align: center;\"><a href=\"https:\/\/egyptianwisdomcenter.org\/it\/prodotto\/egyptian-divinities-the-all-who-are-the-one-2nd-edition\/\"><span style=\"color: #ff0000;\"><strong><span style=\"color: #0000ff;\">https:\/\/egyptianwisdomcenter.org\/product\/egyptian-divinities-the-all-who-are-the-one-2nd-edition\/<\/span><\/strong><\/span><\/a><\/p>\n<\/div>\n<\/div>","protected":false},"excerpt":{"rendered":"<p>Logic And Forms Of Animal Representation &nbsp; Egyptians\u2019 careful observations and profound knowledge of the natural world enabled them to identify certain [&hellip;]<\/p>","protected":false},"author":3,"featured_media":0,"parent":0,"menu_order":0,"comment_status":"closed","ping_status":"closed","template":"","meta":{"footnotes":""},"class_list":["post-173","page","type-page","status-publish","hentry"],"aioseo_notices":[],"_links":{"self":[{"href":"https:\/\/egyptianwisdomcenter.org\/it\/wp-json\/wp\/v2\/pages\/173","targetHints":{"allow":["GET"]}}],"collection":[{"href":"https:\/\/egyptianwisdomcenter.org\/it\/wp-json\/wp\/v2\/pages"}],"about":[{"href":"https:\/\/egyptianwisdomcenter.org\/it\/wp-json\/wp\/v2\/types\/page"}],"author":[{"embeddable":true,"href":"https:\/\/egyptianwisdomcenter.org\/it\/wp-json\/wp\/v2\/users\/3"}],"replies":[{"embeddable":true,"href":"https:\/\/egyptianwisdomcenter.org\/it\/wp-json\/wp\/v2\/comments?post=173"}],"version-history":[{"count":0,"href":"https:\/\/egyptianwisdomcenter.org\/it\/wp-json\/wp\/v2\/pages\/173\/revisions"}],"wp:attachment":[{"href":"https:\/\/egyptianwisdomcenter.org\/it\/wp-json\/wp\/v2\/media?parent=173"}],"curies":[{"name":"wp","href":"https:\/\/api.w.org\/{rel}","templated":true}]}}