{"id":186,"date":"2018-10-30T00:00:00","date_gmt":"2018-10-30T04:00:00","guid":{"rendered":"http:\/\/egyptianwisdomcenter.org\/isis-the-divine-female\/"},"modified":"2023-01-02T11:47:02","modified_gmt":"2023-01-02T16:47:02","slug":"isis-the-divine-female-2","status":"publish","type":"page","link":"https:\/\/egyptianwisdomcenter.org\/it\/isis-la-femmina-divina-2\/","title":{"rendered":"Iside La Divina Femmina"},"content":{"rendered":"<h2 style=\"text-align: center;\"><span style=\"color: #0000ff;\"><strong>Iside La Divina Femmina<\/strong><\/span><\/h2>\n<h3><\/h3>\n<h3><span style=\"color: #ff0000;\"><strong>Il suo nome<\/strong><\/span><\/h3>\n<p>L&#039;uso comune attuale del nome Iside \u00e8 limitato al suo aspetto di devozione materna, fedelt\u00e0 e tenerezza. Ma lei \u00e8 molto pi\u00f9 di questo: rappresenta il principio divino femminile che include il potere creativo che ha concepito (sia fisicamente che metafisicamente) e ha dato alla luce tutte le creature viventi.<\/p>\n<p>Gli antichi egizi consideravano Iside il simbolo del principio cosmico femminile. Questo principio comprende migliaia di qualit\u00e0 e attributi femminili e gli egiziani avevano termini per descrivere ogni manifestazione di questo principio femminile.<\/p>\n<p>Nella cultura dei popoli di lingua inglese, a <em>nome <\/em>\u00e8 semplicemente un&#039;etichetta per distinguere qualcuno o qualcosa da un altro. Ma per gli egiziani (sia la maggioranza silenziosa antica che quella attuale), un \u201cnome\u201d comune rappresenta il riassunto o la sinossi delle qualit\u00e0 e degli attributi di un&#039;entit\u00e0. egiziano <em>nomi comuni <\/em>sono gli attributi e le qualit\u00e0 di qualsiasi entit\u00e0. Questo sar\u00e0 simile alle parole in lingua inglese per falegname, agricoltore, ecc., che rappresentano un&#039;attivit\u00e0 specifica.<\/p>\n<p>Nella lingua inglese ci riferiamo a lei <em>nome <\/em>come Iside, ma gli egiziani avevano un termine rappresentativo che riconosceva la totalit\u00e0 del suo principio cosmico femminile. Questa parola\/termine onnicomprensivo egiziano \u00e8 <strong>Auset<\/strong>. Allora, cosa c\u2019\u00e8 in questo \u201cnome\u201d dell\u2019Antico Egitto? Vediamo i significati di Auset, per dimostrare come un nome rappresenti qualit\u00e0 e attributi.<\/p>\n<p>Auset \u00e8 costituito dalla parola principale <strong>Aus <\/strong>e il suffisso <strong>et<\/strong>. Aus significa <em>la fonte<\/em>, <em>il potere<\/em>. In matematica si dice 2 elevato alla potenza di 2. Questa potenza matematica si chiama <strong><em>Aus<\/em><\/strong>. Il suffisso &#039;et&#039; alla fine di Aus-et \u00e8 una desinenza femminile.<\/p>\n<p>Inoltre <strong>Aus <\/strong>Senso <em>la fonte<\/em> E <em>il potere<\/em>, significa anche <em>l&#039;origine<\/em>, <em>la causa<\/em>.<\/p>\n<p>A questo proposito, mostreremo che Auset \u00e8 la fonte, il potere e la causa dell&#039;universo creato, compreso tutto ci\u00f2 che si trova in questo universo.<\/p>\n<p>Un altro significato interessante per Au-set \u00e8 <strong>La signora; <\/strong>e in effetti lei \u00e8 la Signora del Cielo e della Terra. Rappresenta il principio femminile nell&#039;universo. Questo principio si manifesta in diverse forme e modi, e per questo Iside era chiamata, dagli antichi Egizi, <strong><em>Auset [Iside] dei 10.000 Nomi (significato attributi)<\/em><\/strong>.<\/p>\n<p>Diverse parole derivano direttamente dal nome egiziano Auset, come ad esempio <strong><em>Setta<\/em><\/strong>, che significa il numero 6. Questo \u00e8 molto significativo perch\u00e9 6 \u00e8 il numero ultimo di spazio, volume e tempo. Il cubo con le sue sei superfici \u00e8 il modello della terra. In quanto tale, rappresenta il grembo dell&#039;universo cos\u00ec come la Terra, come discuteremo pi\u00f9 avanti in dettaglio.<\/p>\n<p>Un altro significato correlato al nome Auset \u00e8 la parola inglese &#039;<strong>posto a sedere<\/strong>&#039;. Iside \u00e8 raffigurata mentre indossa sempre un seggio o un trono sulla testa per simboleggiarla come fonte di legittimit\u00e0, che si manifesta nell&#039;adesione dell&#039;antico Egitto (cos\u00ec come dell&#039;attuale maggioranza silenziosa) alla societ\u00e0 matrilineare e matriarcale. Questo argomento verr\u00e0 discusso pi\u00f9 avanti in questo libro.<\/p>\n<p><a href=\"http:\/\/egyptianwisdomcenter.org\/wp-content\/uploads\/2019\/02\/isis-ch1-72c-1.jpg\"><img decoding=\"async\" class=\"size-full wp-image-663 aligncenter\" src=\"http:\/\/egyptianwisdomcenter.org\/wp-content\/uploads\/2019\/02\/isis-ch1-72c-1.jpg\" alt=\"\" width=\"63\" height=\"90\" \/><\/a><\/p>\n<p>Come abbiamo notato, l\u2019uso del nome comune nella lingua inglese di Iside ostacola la nostra comprensione di preziose informazioni, conoscenza e saggezza. Tuttavia, per rendere il tutto pi\u00f9 semplice per i lettori di lingua inglese, continueremo a utilizzare la parola Isis e altri nomi dell&#039;antico Egitto familiari al lettore di lingua inglese.<\/p>\n<p>Il ruolo di Iside come principio femminile divino nel processo di Creazione \u00e8 stato riconosciuto da tutti. Esiste ovunque ed \u00e8 conosciuta da tutti da tempo immemorabile.<\/p>\n<p>Plutarco ne ha preso nota nel suo <em>Moralia, vol. V<\/em>:<\/p>\n<p style=\"padding-left: 30px;\"><strong><em>\u201cIside \u00e8, infatti, il principio femminile della Natura, ed \u00e8 ricettivo di ogni forma di generazione, e dai pi\u00f9 \u00e8 stata chiamata con innumerevoli nomi, poich\u00e9, a causa della forza della Ragione, si volge a questa o quella cosa e \u00e8 ricettivo a tutti i tipi di forme e forme.<\/em><\/strong><\/p>\n<p>Apprezzare i ruoli di Isis <strong>come principio femminile <\/strong>della natura, dobbiamo ritrovare il suo ruolo cosmico primario nell&#039;ordinata sequenza della Creazione dell&#039;universo.<\/p>\n<p>&nbsp;<\/p>\n<p><span style=\"color: #ff0000;\"><strong>[Un estratto da <\/strong><\/span><strong>Iside: La Divina Femmina di Moustafa Gadalla<\/strong><span style=\"color: #ff0000;\"><strong>]<br \/>\n<a href=\"https:\/\/egyptianwisdomcenter.org\/it\/prodotto\/isis-la-femmina-divina\/\"><span style=\"color: #0000ff;\">https:\/\/egyptianwisdomcenter.org\/product\/iside-la-divinita-femminile\/<\/span><\/a><br \/>\n<\/strong><\/span><\/p>\n<p><img decoding=\"async\" class=\"aligncenter\" src=\"https:\/\/egyptianwisdomcenter.org\/wp-content\/uploads\/2023\/01\/iside-la-divinita-femminile-2.jpg\" \/><\/p>\n<div dir=\"auto\">\n<p style=\"text-align: center;\"><a href=\"https:\/\/egyptianwisdomcenter.org\/it\/prodotto\/isis-la-femmina-divina\/\"><span style=\"color: #ff0000;\"><strong><span style=\"color: #0000ff;\">https:\/\/egyptianwisdomcenter.org\/product\/iside-la-divinita-femminile\/<\/span><\/strong><\/span><\/a><\/p>\n<\/div>","protected":false},"excerpt":{"rendered":"<p>Isis The Divine Female Her Name The present-day common use of the name Isis is limited to her aspect of maternal devotion, [&hellip;]<\/p>","protected":false},"author":3,"featured_media":0,"parent":0,"menu_order":0,"comment_status":"closed","ping_status":"closed","template":"","meta":{"footnotes":""},"class_list":["post-186","page","type-page","status-publish","hentry"],"aioseo_notices":[],"_links":{"self":[{"href":"https:\/\/egyptianwisdomcenter.org\/it\/wp-json\/wp\/v2\/pages\/186","targetHints":{"allow":["GET"]}}],"collection":[{"href":"https:\/\/egyptianwisdomcenter.org\/it\/wp-json\/wp\/v2\/pages"}],"about":[{"href":"https:\/\/egyptianwisdomcenter.org\/it\/wp-json\/wp\/v2\/types\/page"}],"author":[{"embeddable":true,"href":"https:\/\/egyptianwisdomcenter.org\/it\/wp-json\/wp\/v2\/users\/3"}],"replies":[{"embeddable":true,"href":"https:\/\/egyptianwisdomcenter.org\/it\/wp-json\/wp\/v2\/comments?post=186"}],"version-history":[{"count":0,"href":"https:\/\/egyptianwisdomcenter.org\/it\/wp-json\/wp\/v2\/pages\/186\/revisions"}],"wp:attachment":[{"href":"https:\/\/egyptianwisdomcenter.org\/it\/wp-json\/wp\/v2\/media?parent=186"}],"curies":[{"name":"wp","href":"https:\/\/api.w.org\/{rel}","templated":true}]}}