{"id":187,"date":"2018-10-30T00:00:00","date_gmt":"2018-10-30T04:00:00","guid":{"rendered":"http:\/\/egyptianwisdomcenter.org\/lady-love-hathor-venus\/"},"modified":"2023-01-02T11:48:15","modified_gmt":"2023-01-02T16:48:15","slug":"lady-love-hathor-venus-2","status":"publish","type":"page","link":"https:\/\/egyptianwisdomcenter.org\/it\/signora-ama-hathor-venere-2\/","title":{"rendered":"Signora Amore: Hathor-Venere"},"content":{"rendered":"<h2 style=\"text-align: center;\"><span style=\"color: #ff0000;\"><strong>Signora Amore: Hathor-Venere<\/strong><\/span><\/h2>\n<p>&nbsp;<\/p>\n<p>Iside, nel suo ruolo di Nutritrice, \u00e8 riconosciuta come Hathor.<\/p>\n<p>Hathor \u00e8 in realt\u00e0 composto da due parole, Het-hor, che viene comunemente tradotto come \u201c<strong><em>casa di Horus<\/em><\/strong>\u201c.<\/p>\n<p>La prima parte-<strong>Ehi<\/strong>, tradotto come \u201ccasa\u201d, ha un significato pi\u00f9 ampio di una semplice casa. In realt\u00e0 significa <em>l&#039;utero come Matrix<\/em> all&#039;interno del quale qualcosa nasce, prende forma e si sviluppa fino alla piena maturit\u00e0.<\/p>\n<p>L\u2019utero fornisce nutrimento e protezione. In quanto tale, Hethor fornisce sia nutrimento che protezione. Horus rappresenta il principio divino realizzato, e Horus \u00e8 riconosciuto con vari nomi\/attributi mentre si sviluppa dall&#039;infanzia alla maturit\u00e0 all&#039;interno del grembo cosmico.<\/p>\n<p>Hathor rappresenta la matrice del principio spirituale metafisico, fornendo nutrimento spirituale, guarigione, gioia, fare l&#039;amore, musica e allegria.<\/p>\n<p><a href=\"http:\/\/egyptianwisdomcenter.org\/wp-content\/uploads\/2019\/02\/isis-ch6-photo-36-96c.jpg\"><img decoding=\"async\" class=\"size-full wp-image-618 aligncenter\" src=\"http:\/\/egyptianwisdomcenter.org\/wp-content\/uploads\/2019\/02\/isis-ch6-photo-36-96c.jpg\" alt=\"\" width=\"164\" height=\"250\" \/><\/a><\/p>\n<p>I testi dell&#039;Antico Egitto descrivono Iside dei 10.000 Nomi nel suo ruolo di Het-heru come:<\/p>\n<p style=\"padding-left: 30px;\"><strong><em>La mucca Heru-sekha, che genera tutte le cose.<\/em><\/strong><br \/>\n<strong><em>Chi ha nutrito il bambino Horus con il suo latte.<\/em><\/strong><br \/>\n<strong><em>Signora della gioia e della letizia.<\/em><\/strong><br \/>\n<strong><em>Signora dell&#039;Amore<\/em><\/strong><\/p>\n<p>Come modello per il nutrimento cosmico di ogni tipo, Hathor \u00e8 associato a diverse funzioni correlate. Menzioneremo brevemente alcune di queste applicazioni:<\/p>\n<p style=\"padding-left: 30px;\">A. Lady Amore-Venere<br \/>\nB. Il Nutritore Cosmico<br \/>\nC. Le sette fanciulle celesti \/ 7 regni celesti<br \/>\nD. Il Guaritore<br \/>\nE. Il suo albero della vita<br \/>\nF. Il Santuario Ultimo: Casa di Horus\/Re-horakhti<br \/>\nG. Scorta dei viaggiatori: Astarte<\/p>\n<h3><strong>A. Lady Amore-Venere<\/strong><\/h3>\n<p>Il dizionario ci dice che l&#039;origine del nome (o parola) Venere \u00e8 WENOS. Wenos o Wanas \u00e8 in realt\u00e0 una parola egiziana che significa &quot;compagnia animata&quot;, &quot;geniale&quot;, &quot;socievole&quot;, &quot;allegro&quot; e &quot;piacevole&quot;.<\/p>\n<p>La forma sostantiva di we-nos \u00e8 A-nesa [Aa-NES-sa], che significa &quot;fanciulla&quot;, con tutto ci\u00f2 che implica.<\/p>\n<p>La Venere egiziana, nel suo nome onnicomprensivo di Hathor, rappresenta la matrice del principio spirituale metafisico, fornendo nutrimento spirituale, guarigione, gioia, fare l&#039;amore, musica e allegria.<\/p>\n<p>&nbsp;<\/p>\n<h3><span style=\"color: #ff0000;\">[Un estratto da <\/span>Iside: La Divina Femmina di Moustafa Gadalla<span style=\"color: #ff0000;\">]<br \/>\n<a href=\"https:\/\/egyptianwisdomcenter.org\/it\/prodotto\/isis-la-femmina-divina\/\"><span style=\"color: #0000ff;\">https:\/\/egyptianwisdomcenter.org\/product\/iside-la-divinita-femminile\/<\/span><\/a><br \/>\n<\/span><\/h3>\n<p><img decoding=\"async\" class=\"aligncenter\" src=\"https:\/\/egyptianwisdomcenter.org\/wp-content\/uploads\/2023\/01\/iside-la-divinita-femminile-2.jpg\" \/><\/p>\n<div dir=\"auto\">\n<h3 style=\"text-align: center;\"><a href=\"https:\/\/egyptianwisdomcenter.org\/it\/prodotto\/isis-la-femmina-divina\/\"><span style=\"color: #ff0000;\"><span style=\"color: #0000ff;\">https:\/\/egyptianwisdomcenter.org\/product\/iside-la-divinita-femminile\/<\/span><\/span><\/a><\/h3>\n<\/div>","protected":false},"excerpt":{"rendered":"<p>Lady Love: Hathor\u2014Venus &nbsp; Isis, in her role as the Nourisher, is recognized as Hathor. Hathor is actually two words, Het-hor, which [&hellip;]<\/p>","protected":false},"author":3,"featured_media":0,"parent":0,"menu_order":0,"comment_status":"closed","ping_status":"closed","template":"","meta":{"footnotes":""},"class_list":["post-187","page","type-page","status-publish","hentry"],"aioseo_notices":[],"_links":{"self":[{"href":"https:\/\/egyptianwisdomcenter.org\/it\/wp-json\/wp\/v2\/pages\/187","targetHints":{"allow":["GET"]}}],"collection":[{"href":"https:\/\/egyptianwisdomcenter.org\/it\/wp-json\/wp\/v2\/pages"}],"about":[{"href":"https:\/\/egyptianwisdomcenter.org\/it\/wp-json\/wp\/v2\/types\/page"}],"author":[{"embeddable":true,"href":"https:\/\/egyptianwisdomcenter.org\/it\/wp-json\/wp\/v2\/users\/3"}],"replies":[{"embeddable":true,"href":"https:\/\/egyptianwisdomcenter.org\/it\/wp-json\/wp\/v2\/comments?post=187"}],"version-history":[{"count":0,"href":"https:\/\/egyptianwisdomcenter.org\/it\/wp-json\/wp\/v2\/pages\/187\/revisions"}],"wp:attachment":[{"href":"https:\/\/egyptianwisdomcenter.org\/it\/wp-json\/wp\/v2\/media?parent=187"}],"curies":[{"name":"wp","href":"https:\/\/api.w.org\/{rel}","templated":true}]}}