{"id":189,"date":"2018-10-30T00:00:00","date_gmt":"2018-10-30T04:00:00","guid":{"rendered":"http:\/\/egyptianwisdomcenter.org\/our-holy-lady-of-the-sea-notre-dame-de-la-mer\/"},"modified":"2023-01-02T11:49:50","modified_gmt":"2023-01-02T16:49:50","slug":"our-holy-lady-of-the-sea-notre-dame-de-la-mer-2","status":"publish","type":"page","link":"https:\/\/egyptianwisdomcenter.org\/it\/nostra-santa-signora-del-mare-notre-dame-de-la-mer-2\/","title":{"rendered":"Nostra (Santa) Signora del Mare \u2013 Notre Dame De La Mer"},"content":{"rendered":"<h2 style=\"text-align: center;\"><span style=\"color: #ff0000;\"><strong>La Nostra (Santa) Signora del Mare \u2013<\/strong><\/span><\/h2>\n<h2 style=\"text-align: center;\"><span style=\"color: #ff0000;\"><strong>\u00a0Notre Dame De La Mer<\/strong><\/span><\/h2>\n<p>&nbsp;<\/p>\n<p>Come modello per il nutrimento cosmico di ogni tipo, Hathor \u00e8 associato a diverse funzioni correlate. Menzioneremo brevemente alcune di queste applicazioni:<\/p>\n<p style=\"padding-left: 30px;\">A. Lady Amore-Venere<br \/>\nB. Il Nutritore Cosmico<br \/>\nC. Le sette fanciulle celesti \/ 7 regni celesti<br \/>\nD. Il Guaritore<br \/>\nE. Il suo albero della vita<br \/>\nF. Il Santuario Ultimo: Casa di Horus\/Re-horakhti<br \/>\nG.T<span style=\"color: #000000;\">ravelers Escort-Astarte<\/span><\/p>\n<p>Una delle manifestazioni di Iside \u00e8 Hathor\/Astarte: come altre divinit\u00e0 egizie, \u00e8 anche comunemente conosciuta come Asera\/Serah\/Sarah, che significa <strong><em>nobile signora<\/em><\/strong>.<\/p>\n<p>Per non lasciare dubbi sulla sua origine egiziana, Aserah \u00e8 sempre raffigurata nella sua forma egiziana, con una mezzaluna e un disco sul copricapo.<\/p>\n<p>Hathor rappresenta la matrice del principio spirituale metafisico, fornendo nutrimento spirituale, guarigione, gioia, fare l&#039;amore, musica e allegria.<\/p>\n<p>Hathor, come simbolo del nutrimento spirituale, gioca anche un ruolo importante nei testi trasformazionali (funerari), fornendo il nutrimento\/guida spirituale richiesto dall&#039;anima del defunto mentre viaggia attraverso il mare cosmico. Di conseguenza, Hathor\/Aserah \u00e8 la patrona egiziana dei viaggi e della navigazione; e, di conseguenza, appare in questo ruolo pi\u00f9 spesso fuori dall&#039;Egitto.<\/p>\n<p>Un testo su una bara egiziana [testo sulla bara n. 61] del Medio Regno (2040\u20131783 aEV) la descrive come Hathor:<\/p>\n<p style=\"padding-left: 30px;\"><strong><em>la Signora che si dice &quot;tenga i remi del timone di&quot;. . . abbaia&#039;.<\/em><\/strong><\/p>\n<p>La testa di Hathor \u00e8 quindi sempre raffigurata proprio sopra la poppa delle navi dove erano montati i doppi timoni (che i piloti esperti usavano per guidare la nave).<\/p>\n<p>Nel suo ruolo di guardiana dei viaggiatori, Hathor si chiama Astarte. I suoi templi furono trovati nelle citt\u00e0 di confine, poich\u00e9 era una protettrice dei viaggiatori. Il suo tempio a Cadice, in Spagna, era uno dei principali monumenti di questa citt\u00e0 santa. Il ruolo di Astarte nell&#039;antico Egitto \u00e8 ben documentato. Da piccoli frammenti risalenti all&#039;epoca di Ramses II (1304\u20131237 aEV), \u00e8 evidente il ruolo di Astarte come protettrice dei viaggi all&#039;estero. In un frammento \u00e8 chiaramente affermato il ruolo di Astarte come protettrice della marinara:<\/p>\n<p style=\"padding-left: 30px;\"><strong><em> . . . Ecco, Astarte abita nella regione del mare. . .\u201d<\/em><\/strong><\/p>\n<p>Per non lasciare dubbi sulla sua origine egiziana, Astarte \u00e8 sempre raffigurata nella sua forma egiziana con una mezzaluna e un disco sul copricapo.<\/p>\n<p>In un altro frammento, Renenutet si rivolge ad Astarte:<\/p>\n<p style=\"padding-left: 30px;\"><strong><em>Ecco, se gli porti un tributo, sar\u00e0 clemente<\/em><\/strong><br \/>\n<strong><em>ti. . .Dunque dategli il suo tributo in argento, oro, lapislazzuli<\/em><\/strong><br \/>\n<strong><em>lazuli e. . . legna.<\/em><\/strong><br \/>\n<strong><em>E disse all&#039;Ennead degli dei:<\/em><\/strong><br \/>\n<strong><em>. . . il tributo del mare; possa egli ascoltarci. . .<br \/>\n<\/em><\/strong><\/p>\n<p>Durante (e successivamente) i tempi turbolenti della Riconquista, molte persone fuggirono dalla penisola iberica verso il Nord Africa, l&#039;Egitto e la Francia. La festa pi\u00f9 importante nel sud della Francia \u00e8 organizzata dai rom (egiziani) in riva al Mar Mediterraneo, verso la fine della primavera. Meta del pellegrinaggio \u00e8 la Chiesa di <strong>Notre Dame de la Mer<\/strong>.<\/p>\n<p>Il nome della chiesa nella lingua dell&#039;antico Egitto significa: Notre (la nostra santa\/dea), Dame (Da-me significa &quot;la madre&quot;), de La Mer (significa corpo idrico\/mare, lo stesso che in spagnolo).<\/p>\n<p>Questo pellegrinaggio dei romani al sito di questa chiesa \u00e8 il pi\u00f9 antico di Francia.<\/p>\n<p>La tradizione \u201cstorica\u201d associata a questa festa rom aveva un solido legame con l\u2019Egitto. Secondo la tradizione, una fanciulla egiziana dalla pelle scura chiamata Santa Sara arriv\u00f2 su una piccola barca senza remi n\u00e9 vela, insieme a due fanciulle dalla pelle bianca i cui nomi sono Mary Salome e Mary Jacobe. Si dice che la loro barca sia approdata su questa parte della costa mediterranea, dopo essere andata alla deriva attraverso il Mar Mediterraneo, intorno al 42 d.C.<\/p>\n<p>Significativo \u00e8 anche il \u201cnome\u201d del personaggio protagonista di questo festival. Il suo nome, Sarah, \u00e8 una parola dell&#039;antico Egitto che \u00e8 la forma femminile di Sar che equivale a una persona di status elevato\/nobile. Sarah significa quindi il <strong><em>Nobile Signora<\/em><\/strong>, nella lingua dell&#039;antico Egitto. Nelle tradizioni dell&#039;antico Egitto, Santa Sara \u00e8 Hathor, patrona dei viaggiatori sull&#039;acqua. Il suo nome, Sarah, \u00e8 coerente con il suo essere <strong><em>La nostra Santa Madre del Mare<\/em><\/strong>, come detto sopra.<\/p>\n<p>Resoconti simili di un&#039;arca alla deriva sulle coste della penisola iberica si trovano in molti luoghi. Tali resoconti si trovano, tra gli altri luoghi, a Elche, in Spagna e a Santiago de Compostela.<\/p>\n<p>Non \u00e8 un caso che il tema di una santa (donna) e dei suoi due angeli custodi (Maria Salome e Maria Jacobe) che troviamo nel sud della Francia si trova anche a Elche e in numerosi luoghi dove queste persone dalla pelle scura\/abbronzata, i discendenti di i Faraoni egiziani si trovano.<\/p>\n<p>Le \u201cDue Marie\u201d sono le sorelle gemelle Iside e Nefti, i due angeli guida che li accompagnano descritti in precedenza in questo libro.<\/p>\n<p>&nbsp;<\/p>\n<p><span style=\"color: #ff0000;\"><strong>[Un estratto da Iside: <\/strong><\/span><strong>La Divina Femmina<\/strong><span style=\"color: #ff0000;\"><strong> di Moustafa Gadalla]<br \/>\n<a href=\"https:\/\/egyptianwisdomcenter.org\/it\/prodotto\/isis-la-femmina-divina\/\"><span style=\"color: #0000ff;\">https:\/\/egyptianwisdomcenter.org\/product\/iside-la-divinita-femminile\/<\/span><\/a><\/strong><\/span><\/p>\n<p><img decoding=\"async\" class=\"aligncenter\" src=\"https:\/\/egyptianwisdomcenter.org\/wp-content\/uploads\/2023\/01\/iside-la-divinita-femminile-2.jpg\" \/><\/p>\n<p style=\"text-align: center;\"><a href=\"https:\/\/egyptianwisdomcenter.org\/it\/prodotto\/isis-la-femmina-divina\/\"><span style=\"color: #ff0000;\"><strong><span style=\"color: #0000ff;\">https:\/\/egyptianwisdomcenter.org\/product\/iside-la-divinita-femminile\/<\/span><\/strong><\/span><\/a><\/p>\n<p>&nbsp;<\/p>\n<p>&nbsp;<\/p>\n<p><span style=\"color: #ff0000;\"><strong>[Un estratto da Egyptian Romany: The Essence of Hispania, 2a edizione di Moustafa Gadalla]<\/strong><\/span><\/p>\n<p><a href=\"https:\/\/egyptianwisdomcenter.org\/it\/prodotto\/egyptian-romany-the-essence-of-hispania-2nd-edition\/\"><span style=\"color: #ff0000;\"><strong><span style=\"color: #0000ff;\">https:\/\/egyptianwisdomcenter.org\/product\/egyptian-romany-the-essence-of-hispania-2nd-edition\/<\/span><\/strong><\/span><\/a><\/p>\n<p><img decoding=\"async\" class=\"aligncenter\" src=\"https:\/\/books2read-prod.s3.amazonaws.com\/CACHE\/images\/ubl_book_images\/book_display_image_qaPDJrL\/0f50e50083bd15df18e00383d25e0605\" \/><\/p>\n<div dir=\"auto\">\n<p style=\"text-align: center;\"><a href=\"https:\/\/egyptianwisdomcenter.org\/it\/prodotto\/egyptian-romany-the-essence-of-hispania-2nd-edition\/\"><span style=\"color: #ff0000;\"><strong><span style=\"color: #0000ff;\">https:\/\/egyptianwisdomcenter.org\/product\/egyptian-romany-the-essence-of-hispania-2nd-edition\/<\/span><\/strong><\/span><\/a><\/p>\n<\/div>","protected":false},"excerpt":{"rendered":"<p>Our (Holy) Lady Of The Sea &#8211; \u00a0Notre Dame De La Mer &nbsp; As the model for cosmic nourishment of all kinds, [&hellip;]<\/p>","protected":false},"author":3,"featured_media":0,"parent":0,"menu_order":0,"comment_status":"closed","ping_status":"closed","template":"","meta":{"footnotes":""},"class_list":["post-189","page","type-page","status-publish","hentry"],"aioseo_notices":[],"_links":{"self":[{"href":"https:\/\/egyptianwisdomcenter.org\/it\/wp-json\/wp\/v2\/pages\/189","targetHints":{"allow":["GET"]}}],"collection":[{"href":"https:\/\/egyptianwisdomcenter.org\/it\/wp-json\/wp\/v2\/pages"}],"about":[{"href":"https:\/\/egyptianwisdomcenter.org\/it\/wp-json\/wp\/v2\/types\/page"}],"author":[{"embeddable":true,"href":"https:\/\/egyptianwisdomcenter.org\/it\/wp-json\/wp\/v2\/users\/3"}],"replies":[{"embeddable":true,"href":"https:\/\/egyptianwisdomcenter.org\/it\/wp-json\/wp\/v2\/comments?post=189"}],"version-history":[{"count":0,"href":"https:\/\/egyptianwisdomcenter.org\/it\/wp-json\/wp\/v2\/pages\/189\/revisions"}],"wp:attachment":[{"href":"https:\/\/egyptianwisdomcenter.org\/it\/wp-json\/wp\/v2\/media?parent=189"}],"curies":[{"name":"wp","href":"https:\/\/api.w.org\/{rel}","templated":true}]}}