{"id":227,"date":"2018-10-30T00:00:00","date_gmt":"2018-10-30T04:00:00","guid":{"rendered":"http:\/\/egyptianwisdomcenter.org\/the-human-being-the-universal-replica-9-components\/"},"modified":"2023-01-03T00:30:53","modified_gmt":"2023-01-03T05:30:53","slug":"the-human-being-the-universal-replica-9-components","status":"publish","type":"page","link":"https:\/\/egyptianwisdomcenter.org\/it\/lessere-umano-la-replica-universale-9-componenti-3\/","title":{"rendered":"L&#039;essere umano: la replica universale [9 componenti]"},"content":{"rendered":"<h2 style=\"text-align: center;\"><span style=\"color: #0000ff;\"><strong>L&#039;essere umano: la replica universale [9 componenti]<\/strong><\/span><\/h2>\n<p>&nbsp;<\/p>\n<h3><span style=\"color: #ff0000;\"><strong>1. Quelli Uniti<\/strong><\/span><\/h3>\n<p>Se l\u2019uomo \u00e8 l\u2019universo in miniatura, allora tutti i fattori dell\u2019uomo sono duplicati su scala pi\u00f9 grande nell\u2019universo. Tutti gli impulsi e le forze, che sono potenti nell&#039;uomo, lo sono anche nell&#039;universo in generale. In accordo con la coscienza cosmica degli egiziani, si ritiene che ogni azione compiuta dall&#039;uomo sia collegata a uno schema pi\u00f9 grande nell&#039;universo, inclusi starnutire, sbattere le palpebre, sputare, gridare, piangere, ballare, giocare, mangiare, bere e rapporti sessuali.<\/p>\n<p>Per gli antichi egizi l&#039;uomo, in quanto universo in miniatura, rappresenta l&#039;immagine creata di tutta la creazione. Poich\u00e9 Re \u2013 l\u2019impulso creativo cosmico \u2013 \u00e8 chiamato:<\/p>\n<p style=\"padding-left: 30px;\"><strong><em>Colui che \u00e8 unito, che esce dalle sue proprie membra,<\/em><\/strong><\/p>\n<p>cos\u00ec anche l\u2019essere umano (l\u2019immagine della creazione) \u00e8, <em>Uno unito insieme<\/em>. Il corpo umano \u00e8 un&#039;unit\u00e0 composta da diverse parti, unite insieme. Nel <em>Litanie di Re<\/em>, le parti del corpo dell&#039;uomo divino sono identificate ciascuna con un neter (dio) o un netert (dea).<\/p>\n<p>L&#039;uomo, per gli antichi egizi, era l&#039;incarnazione delle leggi della creazione. In quanto tali, le funzioni e i processi fisiologici delle varie parti del corpo erano visti come manifestazioni di funzioni cosmiche. Gli arti e gli organi avevano una funzione metafisica, oltre al loro scopo fisico. Le parti del corpo erano consacrate a uno dei neteru (principi divini), che apparivano nei documenti egiziani nel corso della sua storia recuperata. In aggiunta a <em>Litanie di Re<\/em>, ecco altri esempi:<\/p>\n<ul>\n<li>L&#039;espressione 215 \u00a7 148-149, dalla Camera del sarcofago della tomba di Unas (piramide di macerie) a Saqqara, identifica le parti del corpo (testa, naso, denti, braccia, gambe, ecc.), Ciascuna con il divino neteru (dei , dee):<\/li>\n<\/ul>\n<p><strong><em>\u00a0 \u00a0 \u00a0 \u00a0 La tua testa \u00e8 quella di Horus<\/em><\/strong><br \/>\n<strong><em>\u00a0 \u00a0 \u00a0 \u00a0 \u00a0. . .<\/em><\/strong><br \/>\n<strong><em>\u00a0 \u00a0 \u00a0 \u00a0 \u00a0il tuo naso \u00e8 Anubi<\/em><\/strong><br \/>\n<strong><em>\u00a0 \u00a0 \u00a0 \u00a0 i tuoi denti sono Sopdu<\/em><\/strong><br \/>\n<strong><em>\u00a0 \u00a0 \u00a0 \u00a0 le tue braccia sono Hapy e Dua-mutef,<\/em><\/strong><br \/>\n<strong><em>\u00a0 \u00a0 \u00a0 \u00a0. . .<\/em><\/strong><br \/>\n<strong><em>\u00a0 \u00a0 \u00a0 \u00a0le tue gambe sono Imesty e Kebeh-senuf,<\/em><\/strong><br \/>\n<strong><em>\u00a0 \u00a0 \u00a0 \u00a0 . . .<\/em><\/strong><br \/>\n<strong><em>\u00a0 \u00a0 \u00a0 Tutti i tuoi membri sono i gemelli di Atam.<\/em><\/strong><\/p>\n<ul>\n<li>Dal Papiro di Ani, [pl. 32, punto 42]:<\/li>\n<\/ul>\n<p style=\"padding-left: 30px;\"><strong><em>I miei capelli sono suora; il mio volto \u00e8 Re; i miei occhi sono Hathor; le mie orecchie sono Wep-wawet; il mio naso \u00e8 Colei che presiede alla sua foglia di loto; le mie labbra sono Anubi; i miei molari sono Selket; i miei incisivi sono Iside; le mie braccia sono l&#039;Ariete, il Signore di Mendes; il mio seno \u00e8 Neith; la mia schiena \u00e8 Seth; il mio fallo \u00e8 Osiride; . . . il mio ventre e la mia spina dorsale sono Sekhmet; le mie natiche sono l&#039;Occhio di Horus; le mie cosce e i miei polpacci sono noci; i miei piedi sono Ptah; . . . non c&#039;\u00e8 nessun mio membro privo di un neter (dio), e Thoth \u00e8 la protezione di tutta la mia carne.<\/em><\/strong><\/p>\n<p>Il testo sopra non lascia dubbi sulla divinit\u00e0 di ciascun membro:<\/p>\n<p style=\"padding-left: 30px;\"><strong><em>non c&#039;\u00e8 nessun mio membro privo di un neter (dio),<\/em><\/strong><\/p>\n<p>&nbsp;<\/p>\n<h3><span style=\"color: #ff0000;\"><strong>2. Funzioni metafisiche\/fisiche delle parti del corpo<\/strong><\/span><\/h3>\n<p>\u00c8 un istinto umano in tutto il mondo utilizzare un organo\/parte umana per descrivere un aspetto metafisico. I testi e i simboli dell&#039;Antico Egitto sono permeati di questa completa comprensione che l&#039;uomo (nel tutto e nelle parti) \u00e8 l&#039;immagine dell&#039;universo (nel tutto e nelle parti).<\/p>\n<p>Ecco alcuni esempi nell&#039;Antico Egitto delle funzioni metafisiche\/fisiche di alcune parti umane:<\/p>\n<ul>\n<li>Il cuore<\/li>\n<\/ul>\n<p>Il cuore era\/\u00e8 considerato un simbolo di percezioni intellettuali, coscienza e coraggio morale. Il cuore \u00e8 simboleggiato da Horus.<\/p>\n<ul>\n<li>La lingua<\/li>\n<\/ul>\n<p>La lingua \u00e8 il muscolo pi\u00f9 forte del corpo umano. Un uomo di parola significa che qualunque cosa comander\u00e0 con la sua lingua sar\u00e0 manifestata. La lingua \u00e8 simboleggiata da Thoth.<\/p>\n<ul>\n<li>Sia il cuore che la lingua si completano a vicenda, come affermato chiaramente nella Stele Shabaka (716\u2013701 a.C.), che \u00e8 una riproduzione del 3<sup>rd<\/sup> Dinastia:<\/li>\n<\/ul>\n<p style=\"padding-left: 30px;\"><strong><em>il Cuore pensa tutto ci\u00f2 che desidera, e la Lingua<\/em><\/strong><br \/>\n<strong><em>offre tutto ci\u00f2 che desidera.<\/em><\/strong><\/p>\n<p>[Maggiori informazioni sui ruoli del cuore e della lingua nel libro.]<\/p>\n<ul>\n<li>La colonna vertebrale e il ventre<\/li>\n<\/ul>\n<p>Nelle nostre societ\u00e0 moderne, il coraggio e la colonna vertebrale sono simboli di coraggio fisico. Questo concetto ha radici nell\u2019antico Egitto. Nel <em>Papiro di Ani<\/em> [pl.32 punto 42], leggiamo,<\/p>\n<p style=\"padding-left: 30px;\"><strong><em>la mia pancia e la mia colonna vertebrale sono Sekhmet<\/em><\/strong><\/p>\n<p>Sekhmet \u00e8 una netert (dea) dalla testa di leonessa. La leonessa \u00e8 l&#039;animale pi\u00f9 impavido.<\/p>\n<p>[Le funzioni metafisiche di alcune altre parti umane sono descritte in tutto il libro.]<\/p>\n<p>&nbsp;<\/p>\n<h3><span style=\"color: #ff0000;\"><strong>3. Le nove componenti dell&#039;uomo<\/strong><\/span><\/h3>\n<p>Esistiamo su diversi livelli contemporaneamente, dal pi\u00f9 fisico al pi\u00f9 spirituale. In effetti, in un certo senso non c&#039;\u00e8 differenza tra fisico e spirituale; solo le gradazioni che si trovano tra le due estremit\u00e0 dello spettro.<\/p>\n<p>Si credeva che, alla nascita, l&#039;essere umano possedesse un corpo fisico (Khat) e un doppio immateriale (Ka), che viveva all&#039;interno del corpo ed era strettamente associato al Ba, che abitava nel cuore, e che sembra avere stato collegato con l&#039;ombra del corpo fisico. Da qualche parte nel corpo viveva il Khu o l&#039;Anima Spirituale; la cui natura era immutabile, incorruttibile e immortale.<\/p>\n<p>Tutti questi, tuttavia, erano legati insieme inseparabilmente, e il benessere di ognuno di essi riguardava il benessere di tutti; e gi\u00e0 nei Testi Unas (comunemente noto come \u201cPiramide\u201d) essi sono saldati insieme. Ognuno ha la propria distinzione e poteri; ma esistono rapporti bilaterali e trilaterali tra le singole componenti.<\/p>\n<p>Nella cosmologia dell&#039;Antico Egitto, l&#039;uomo intero \u00e8 costituito da nove componenti come segue:<\/p>\n<p style=\"padding-left: 30px;\">1. una forza vitale, chiamata Sekhem<br \/>\n2. un nome [segreto] chiamato Ren<br \/>\n3. un&#039;anima spirituale, chiamata Khu<br \/>\n4. un&#039;ombra, chiamata Khaibet<br \/>\n5. un&#039;Anima del Cuore [corpo eterico] \u2013 chiamata Ba<br \/>\n6. una doppia\/immagine, chiamata Ka<br \/>\n7. un cuore [coscienza]\u2014chiamato Ab<br \/>\n8. un corpo spirituale, chiamato Sahu<br \/>\n9. un corpo naturale, chiamato Khat<\/p>\n<p style=\"padding-left: 30px;\"><strong> 1. Sekhem<\/strong><\/p>\n<p>Sekhem rappresenta il potere vitale.<\/p>\n<p>Si chiama Re <em>il Grande Sekhem<\/em>.<\/p>\n<p>Sekhem \u00e8 menzionato insieme a Ba e khu.<\/p>\n<p>Il Sekhem \u00e8 imparentato con [associato al] Khu.<\/p>\n<p style=\"padding-left: 30px;\"><strong> 2. Ren<\/strong><\/p>\n<p>Ren, poich\u00e9 si credeva che il nome [segreto] di un uomo esistesse in cielo, e nei testi Unas (\u201cPiramide\u201d) ci viene detto che:<\/p>\n<p><strong><em>\u00a0 \u00a0 il suo nome, vive con il suo Ka.<\/em><\/strong><\/p>\n<p style=\"padding-left: 30px;\"><strong> 3. Lo Spirito-Anima (Khu)<\/strong><\/p>\n<p>Il khu \u00e8 un elemento spirituale superiore. \u00c8 una componente splendente e luminosa. I Khu sono anche esseri celesti che vivono con i neteru (dei, dee). Ogni khu pu\u00f2 quindi essere equivalente all&#039;angelo custode.<\/p>\n<p>Il Khu \u00e8 menzionato in connessione con il Ba e il Khai-bit (anima e ombra), e con il Ba e il Ka (anima e doppio), ma \u00e8 chiaro che \u00e8 qualcosa di ben distinto da Ka, Ba e Khaibit; anche se per certi aspetti doveva possedere caratteristiche simili a queste entit\u00e0 immateriali dell&#039;uomo.<\/p>\n<p style=\"padding-left: 30px;\"><strong> 4. Khai-bit<\/strong><\/p>\n<p>Khaibit \u00e8 l&#039;ombra o l&#039;ombra, ci\u00f2 che intercetta la luce. Sembra che questa fosse un&#039;entit\u00e0 che serviva a focalizzare o unire i Ka inferiori con tutti i loro appetiti e desideri carnali. Il khai-bit sembra corrispondere alla nostra nozione di fantasma che appare soprattutto nei cimiteri.<\/p>\n<p>Gli egiziani Baladi credono che ogni persona abbia un&#039;ombra, un&#039;entit\u00e0 separata, che lo segue nella vita, muore e va nella tomba con lui.<\/p>\n<p>\u00c8 interessante notare che la parola egiziana &quot;Khai&quot; significa compagno\/fratello.<\/p>\n<p style=\"padding-left: 30px;\"><strong> 5. Ba: l&#039;anima del cuore (corpo eterico)<\/strong><\/p>\n<p>Mentre il componente #3 sopra \u00e8 khu the<em> anima spirituale<\/em>, il 5<sup>th<\/sup> componente qui rappresenta il <em>anima del cuore<\/em>.<\/p>\n<p>Pi\u00f9 avanti lo troveremo <em>cuore Ab<\/em> [Ba scritto al contrario] come 7<sup>th<\/sup> componente.<\/p>\n<p>Bisogna sempre ricordare che il termine <em>cuore<\/em> non significa un organo fisico umano, ma coscienza.<\/p>\n<p>Pertanto Ba come cuore-anima rappresenta la totalit\u00e0 delle forze vitali dell&#039;uomo che comprendono sia le capacit\u00e0 fisiche che quelle psichiche. In quanto tale, il Ba \u00e8 raffigurato come un uccello dalla testa umana.<\/p>\n<p>L&#039;uccello Benu rappresenta la totalit\u00e0 del concetto di Ba nell&#039;universo.<\/p>\n<p>Nel ciclo della creazione che riflette il ruolo del duale Ra e Osiride\/Aus-Ra, l&#039;uccello Bennu viene indicato sia come <em>Ba di Ra<\/em> e Ba di Osiride\/Aus-Ra: il BA onnicomprensivo.<\/p>\n<p>In sintesi, il Ba rappresenta:<\/p>\n<p style=\"padding-left: 30px;\">\u2013 Manifestazione esterna<br \/>\n\u2013 Incarnazione del potere\/forza vitale<\/p>\n<p>La manifestazione del potere o il potere manifestato non pu\u00f2 esistere indipendentemente (dal corpo); e quindi il Ba umano deve mantenere il contatto con il corpo.<\/p>\n<p style=\"padding-left: 30px;\"><strong> 6. Il Ka o Doppio (corpo astrale)<\/strong><\/p>\n<p>Ka \u00e8 il potere che fissa e rende individuale lo spirito animatore che \u00e8 BA.<\/p>\n<p>Ka \u00e8 il complesso dei poteri attrattivi o magnetici il cui risultato \u00e8 quella che oggi chiameremmo personalit\u00e0: il senso pervasivo dell&#039;io che abita il corpo ma che non \u00e8 il corpo. (\u201cIo\u201d pu\u00f2 essere presente anche quando il senso del corpo \u00e8 completamente perso, come nella paralisi totale o in certi tipi di anestesia.)<\/p>\n<p>Il Ka \u00e8 complesso.<\/p>\n<p style=\"padding-left: 30px;\">1. C&#039;\u00e8 l&#039;animale Ka interessato ai desideri del corpo;<\/p>\n<p style=\"padding-left: 30px;\">2. il divino Ka che ascolta la chiamata dello spirito; E<\/p>\n<p style=\"padding-left: 30px;\">3. il Ka intermedio, che fornisce l&#039;impulso a coloro che sono sul sentiero per acquisire gradualmente il controllo del Ka animale e metterlo al servizio del Ka divino.<\/p>\n<p>Alla radice del concetto Ka c&#039;\u00e8 la convinzione che la vita cosciente e attiva non \u00e8 una funzione del corpo, ma scaturisce da una forza superiore che attiva il corpo ed \u00e8 quindi il vero veicolo della vita. Il potere vitale \u00e8 il Ka. Non esiste vita cosciente senza di essa. Esiste solo grazie al suo effetto.<\/p>\n<p>Quando il corpo nacque, venne all&#039;esistenza con esso un&#039;individualit\u00e0 astratta o un essere spirituale che era del tutto indipendente e distinto dal corpo fisico, ma la sua dimora era il corpo, le cui azioni avrebbe dovuto dirigere, guidare e vigilare. ; e visse nel corpo finch\u00e9 il corpo mor\u00ec. Nessun bambino sano nacque mai senza questo essere spirituale, e quando gli egiziani lo disegnavano lo facevano sempre somigliare al corpo a cui apparteneva. In altre parole, lo consideravano il suo \u201cDOPPIO\u201d. Il suo nome in egiziano era Ka.<\/p>\n<p>Ka, essendo doppio, \u00e8 la doppia immagine del suo Ba.<\/p>\n<p style=\"padding-left: 30px;\"><strong> 7. Il cuore (Ab)<\/strong><\/p>\n<p>L&#039;Ab \u00e8 il cuore, che corrisponde alla coscienza. (Ba inverso = cuore-anima)<\/p>\n<p>Horus \u00e8 chiamato il \u201cabitante dei cuori\u201d, il \u201csignore dei cuori\u201d e l\u2019\u201duccisore del cuore\u201d.<\/p>\n<p style=\"padding-left: 30px;\"><strong> 8. Sahu<\/strong><\/p>\n<p>Sahu \u00e8 definito come un corpo-spirito: il corpo metafisico [spirituale].<\/p>\n<p>Gli antichi Egizi non si aspettavano mai che il corpo fisico risorgesse \u2013 al contrario, i testi affermano chiaramente che \u201c<strong><em>l&#039;anima \u00e8 in cielo, il corpo in terra<\/em><\/strong>\u201c. Gli egiziani credevano che una sorta di corpo risorgesse dai morti e continuasse la sua esistenza nell&#039;Altro Mondo.<\/p>\n<p>Il corpo spirituale poteva emergere dal corpo fisico attraverso i riti e le cerimonie che venivano eseguiti su di esso.<\/p>\n<p>Il giorno della sepoltura, mediante preghiere e rituali adeguati, il corpo fisico ha il potere di trasformarsi in un Sahu, un corpo metafisico (spirituale); sveglio.<\/p>\n<p>Corpo spirituale = duraturo e incorruttibile<\/p>\n<p>Gli antichi testi egiziani recitano:<\/p>\n<p style=\"padding-left: 30px;\"><strong><em>Fiorisco\/germoglio come le piante<\/em><\/strong><br \/>\n<strong><em>La mia carne fiorisce<\/em><\/strong><\/p>\n<p>Il corpo che diventa un Sahu ha il potere di associarsi con l&#039;anima e di conversare con essa. Pu\u00f2 ascendere e dimorare con neteru (dei, dee) nei loro <strong><em>Sahus<\/em><\/strong>.<\/p>\n<p>Sahu, raffigurato come una mummia distesa su una bara, indica un corpo spirituale duraturo e incorruttibile.<\/p>\n<p>La parola \u201csahu\u201d sembra significare qualcosa come \u201clibero\u201d, \u201cnobile\u201d o \u201ccapo\u201d; e in questo caso sembra essere usato come nome di un corpo che, per mezzo delle cerimonie religiose che sono state compiute su di esso, ha ottenuto la libert\u00e0 dal corpo materiale e dal potere per cui \u00e8 diventato incorruttibile ed eterno.<\/p>\n<p>Da qui la grande importanza delle cerimonie e delle offerte funebri, che facevano s\u00ec che un corpo spirituale scaturisse dal corpo fisico e che il Ka continuasse la sua esistenza dopo la morte del corpo a cui apparteneva.<\/p>\n<p>Attraverso i poteri delle preghiere e dei rituali, il corpo pu\u00f2 trasformarsi in Sahu, come le Due Sorelle [Iside e Nefti] che risvegliano (Sahu) Osiride.<\/p>\n<p>Come il corpo fisico costituiva la dimora del Ka e dell&#039;anima, cos\u00ec si credeva che il corpo spirituale fornisse una dimora per l&#039;anima; poich\u00e9 \u00e8 detto chiaramente che \u201cle anime entrano nel loro Sahu\u201d. E il corpo spirituale aveva il potere di viaggiare ovunque in cielo e sulla terra.<\/p>\n<p style=\"padding-left: 30px;\"><strong> 9. Quello<\/strong><\/p>\n<p>Khat \u00e8 definito come un corpo fisico\/naturale, corruttibile.<\/p>\n<p>Khat \u2013 che significa corruttibile \u2013 \u00e8 il contrario di Akh (luminoso, incorruttibile).<\/p>\n<p>Khat \u00e8 soggetto a decomposizione, ma potrebbe anche riferirsi ad un corpo mummificato.<\/p>\n<p>&nbsp;<\/p>\n<p>Quanto sopra mostra i nove componenti in ordine decrescente dalla loro origine divina. Dalla terra, e spostarsi verso l&#039;alto attraverso i livelli, \u00e8 un processo di eliminazione di queste diverse \u201cguaine\u201d e di movimento attraverso i vari regni fino al punto pi\u00f9 alto di cui l&#039;anima \u00e8 capace prima di discendere di nuovo nella rinascita.<\/p>\n<p>&nbsp;<\/p>\n<p><span style=\"color: #ff0000;\"><strong>[Un estratto da <a href=\"https:\/\/egypt-tehuti.org\/product\/egyptian-cosmology-current\/\">Cosmologia egiziana: l&#039;universo animato, 3a edizione di Moustafa Gadalla<\/a>]<\/strong><\/span><\/p>\n<p><img decoding=\"async\" class=\"aligncenter\" src=\"https:\/\/egyptianwisdomcenter.org\/wp-content\/uploads\/2023\/01\/cosmologia-egizia-l-universo-animato-terza-edizione-1.jpg\" \/><\/p>\n<div dir=\"auto\" style=\"text-align: center;\"><a href=\"https:\/\/egyptianwisdomcenter.org\/it\/prodotto\/cosmologia-egiziana-luniverso-animato-terza-edizione\/\"><span style=\"color: #0000ff;\">https:\/\/egyptianwisdomcenter.org\/product\/cosmologia-egizia-luniverso-animato-terza-edizione\/<\/span><\/a><\/div>","protected":false},"excerpt":{"rendered":"<p>The Human Being\u2014The Universal Replica [9 Components] &nbsp; 1. The One Joined Together If man is the universe in miniature, then all [&hellip;]<\/p>","protected":false},"author":3,"featured_media":0,"parent":0,"menu_order":0,"comment_status":"closed","ping_status":"closed","template":"","meta":{"footnotes":""},"class_list":["post-227","page","type-page","status-publish","hentry"],"aioseo_notices":[],"_links":{"self":[{"href":"https:\/\/egyptianwisdomcenter.org\/it\/wp-json\/wp\/v2\/pages\/227","targetHints":{"allow":["GET"]}}],"collection":[{"href":"https:\/\/egyptianwisdomcenter.org\/it\/wp-json\/wp\/v2\/pages"}],"about":[{"href":"https:\/\/egyptianwisdomcenter.org\/it\/wp-json\/wp\/v2\/types\/page"}],"author":[{"embeddable":true,"href":"https:\/\/egyptianwisdomcenter.org\/it\/wp-json\/wp\/v2\/users\/3"}],"replies":[{"embeddable":true,"href":"https:\/\/egyptianwisdomcenter.org\/it\/wp-json\/wp\/v2\/comments?post=227"}],"version-history":[{"count":0,"href":"https:\/\/egyptianwisdomcenter.org\/it\/wp-json\/wp\/v2\/pages\/227\/revisions"}],"wp:attachment":[{"href":"https:\/\/egyptianwisdomcenter.org\/it\/wp-json\/wp\/v2\/media?parent=227"}],"curies":[{"name":"wp","href":"https:\/\/api.w.org\/{rel}","templated":true}]}}