{"id":228,"date":"2018-10-30T00:00:00","date_gmt":"2018-10-30T04:00:00","guid":{"rendered":"http:\/\/egyptianwisdomcenter.org\/the-awakening-potentials-awaken-your-inner-osiris\/"},"modified":"2023-01-02T12:03:11","modified_gmt":"2023-01-02T17:03:11","slug":"the-awakening-potentials-awaken-your-inner-osiris","status":"publish","type":"page","link":"https:\/\/egyptianwisdomcenter.org\/it\/i-potenziali-di-risveglio-risvegliano-il-tuo-osiride-interiore\/","title":{"rendered":"I potenziali del risveglio \u2013 Risveglia il tuo Osiride interiore!"},"content":{"rendered":"<h2 style=\"text-align: center;\"><span style=\"color: #0000ff;\"><strong>I potenziali del risveglio\u00a0\u00a0<\/strong><\/span><\/h2>\n<h2 style=\"text-align: center;\"><span style=\"color: #ff0000;\">Risveglia il tuo Osiride interiore!<\/span><\/h2>\n<p>&nbsp;<\/p>\n<p>Nella storia modello egiziana [nel capitolo precedente], Osiride all&#039;inizio non era effettivamente morto: era in coma; uno stato di completa inconsapevolezza in cui le persone pensano di essere svegli e consapevoli, ma non lo sono. Per realizzare la Speranza [Horus] e renderla manifesta, le persone devono resuscitare Osiride per farlo uscire dal coma. \u00c8 cos\u00ec che le nostre anime, i nostri spiriti e l&#039;essenza vitale possono passare da questo mondo agli stati pi\u00f9 evoluti della creazione verso l&#039;unione divina.<\/p>\n<p>L\u2019egittologo britannico Sir EA Wallis Budge lo riassume a pagina vii del suo libro: <em>Osiride e la resurrezione egiziana, vol. IO<\/em>, come segue:<\/p>\n<p style=\"padding-left: 30px;\"><strong><em>La figura centrale dell&#039;antica religione egiziana era Osiride, e i principali fondamenti del suo culto erano la fede nella sua divinit\u00e0, nella morte, nella resurrezione e nel controllo assoluto dei destini dei corpi e delle anime degli uomini. Il punto centrale della religione di ogni osiriano era la sua speranza di resurrezione in un corpo trasformato e di immortalit\u00e0, che poteva essere realizzata solo da lui attraverso la morte e la resurrezione di Osiride.<\/em><\/strong><\/p>\n<p>Tutte le persone morte erano\/sono equiparate a Osiride, perch\u00e9 Osiride \u00e8 un principio cosmico e non una persona storica. La religione egiziana era una religione inclusiva in cui Osiride vive dentro ognuno di noi, il che facilitava una vera comprensione di chi siamo e di chi siamo destinati a diventare.<\/p>\n<p>Il principio che fa nascere la vita dalla morte apparente era\/\u00e8 chiamato Osiride, che simboleggia il potere del rinnovamento. Osiride rappresenta il processo, la crescita e gli aspetti ciclici sottostanti dell&#039;universo.<\/p>\n<p>Fin dai primi periodi della storia dell&#039;antico Egitto, gli egiziani credevano che Osiride fosse di origine divina, in parte divina e in parte umana, che fosse risorto dai morti senza aver visto la corruzione. Ci\u00f2 che Osiride aveva realizzato per se stesso, poteva realizzarlo per l&#039;uomo. Come modello, gli antichi egizi credevano che ci\u00f2 che faceva Osiride, potevano farlo anche loro. Poich\u00e9 aveva vinto la morte, anche i giusti avrebbero potuto vincere la morte e ottenere la vita eterna. Sarebbero risorti e avrebbero ottenuto la vita eterna.<\/p>\n<p>Di seguito \u00e8 mostrata una delle numerose illustrazioni che mostrano il Principio della Resurrezione: Osiride. A sinistra, il neter barbuto (dio) gli presenta la \u201cvita\u201d (l\u2019ankh) ed esprime parole di potere.<\/p>\n<p><a href=\"http:\/\/egyptianwisdomcenter.org\/wp-content\/uploads\/2019\/02\/admin-ajax-2.jpg\"><img decoding=\"async\" class=\"size-full wp-image-582 aligncenter\" src=\"http:\/\/egyptianwisdomcenter.org\/wp-content\/uploads\/2019\/02\/admin-ajax-2.jpg\" alt=\"\" width=\"179\" height=\"163\" \/><\/a><\/p>\n<p>Il tema in <em>Libro egiziano delle caverne<\/em> parla della necessit\u00e0 della morte e della dissoluzione (del carnale e del materiale) prima della nascita dello spirituale.<\/p>\n<p>A questo fa eco il Ges\u00f9 biblico quando dice:<\/p>\n<p style=\"padding-left: 30px;\"><strong><em>Se il chicco di grano caduto in terra non muore, rimane solitario; ma se muore, produce molto frutto<\/em><\/strong><strong> [Giovanni 12:24]<\/strong><\/p>\n<p>Anche Paolo fa riferimento allo stesso principio in I Corinzi 15:36:<\/p>\n<p style=\"padding-left: 30px;\"><strong><em>\u2026 ci\u00f2 che semini non \u00e8 vivificato, a meno che non muoia.<\/em><\/strong><\/p>\n<p><a href=\"http:\/\/egyptianwisdomcenter.org\/wp-content\/uploads\/2019\/02\/image101.jpg\"><img decoding=\"async\" class=\"size-full wp-image-111 aligncenter\" src=\"http:\/\/egyptianwisdomcenter.org\/wp-content\/uploads\/2019\/02\/image101.jpg\" alt=\"\" width=\"268\" height=\"114\" \/><\/a><\/p>\n<p>Un altro esempio \u00e8 il simbolismo biblico del vino, che pu\u00f2 essere fatto risalire all&#039;Antico Egitto, dove le pareti delle tombe dell&#039;Antico Egitto mostrano vignaioli che pressano il vino nuovo [come nella scena della tomba dell&#039;Antico Egitto sopra], e la vinificazione \u00e8 ovunque una metafora costante di spiritualit\u00e0. processi e i temi della trasformazione e del potere interiore.<\/p>\n<p>In alcuni punti delle scritture egiziane, Osiride stesso era caratterizzato come la vite.<\/p>\n<p>L&#039;anima, o la porzione di <em>Dio<\/em> interiormente, provoca il fermento divino nel corpo della vita. Si sviluppa l\u00ec, come sulla vite, dal sole dell&#039;io spirituale dell&#039;uomo. La potenza fermentata del vino era, al suo livello spirituale pi\u00f9 profondo, un simbolo della presenza del Dio incarnato nella persona spiritualmente consapevole.<\/p>\n<p>La progressione lungo il Sentiero spirituale si acquisisce attraverso l\u2019impegno ed \u00e8 una questione di azione cosciente e disciplinata. Ogni nuova\/innalzata coscienza equivale ad un nuovo risveglio. I livelli di coscienza sono indicati come <em>morte-rinascita<\/em>. Tale pensiero ha pervaso l\u2019Antico (e l\u2019attuale) Egitto, dove <em>nascita<\/em> E <em>rinascita<\/em> sono un tema costante. La parola <em>morte<\/em> \u00e8 impiegato in senso figurato. Il tema che l&#039;uomo deve <em>\u201cmorire prima di morire\u201d<\/em> o che deve esserlo <em>&quot;nato di nuovo&quot;<\/em> nella sua vita presente \u00e8 preso simbolicamente, oppure \u00e8 commemorato da un rituale. In questo, il candidato deve passare attraverso alcune specifiche esperienze (tecnicamente denominate \u201c<em>deceduti<\/em>&quot;). Un buon esempio \u00e8 il battesimo, che era l\u2019obiettivo principale della Pasqua, dopo la Quaresima, e rappresentava la morte del vecchio s\u00e9 immergendosi nell\u2019acqua e la risalita del s\u00e9 nuovo\/rinnovato uscendo dall\u2019acqua.<\/p>\n<p>&nbsp;<\/p>\n<div dir=\"auto\">\n<p><strong><span style=\"color: #ff0000;\">[Un estratto da <\/span>Antiche radici egiziane del cristianesimo, 2a edizione<span style=\"color: #ff0000;\"> di Moustafa Gadalla]<br \/>\n<a href=\"https:\/\/egyptianwisdomcenter.org\/it\/prodotto\/le-antiche-radici-egiziane-del-cristianesimo-2a-edizione\/\"><span style=\"color: #0000ff;\">https:\/\/egyptianwisdomcenter.org\/product\/le-radici-del-cristianesimo-nellantico-egitto\/<\/span><\/a><br \/>\n<\/span><\/strong><\/p>\n<p><img decoding=\"async\" class=\"aligncenter\" src=\"https:\/\/egyptianwisdomcenter.org\/wp-content\/uploads\/2023\/01\/le-radici-del-cristianesimo-nell-antico-egitto-4.jpg\" \/><\/p>\n<p style=\"text-align: center;\"><a href=\"https:\/\/egyptianwisdomcenter.org\/it\/prodotto\/le-antiche-radici-egiziane-del-cristianesimo-2a-edizione\/\"><strong><span style=\"color: #ff0000;\"><span style=\"color: #0000ff;\">https:\/\/egyptianwisdomcenter.org\/product\/le-radici-del-cristianesimo-nellantico-egitto\/<\/span><\/span><\/strong><\/a><\/p>\n<\/div>","protected":false},"excerpt":{"rendered":"<p>The Awakening Potentials\u00a0\u00a0 Awaken Your Inner Osiris! &nbsp; In the Egyptian model story [in the previous chapter], Osiris wasn\u2019t actually dead at [&hellip;]<\/p>","protected":false},"author":3,"featured_media":0,"parent":0,"menu_order":0,"comment_status":"closed","ping_status":"closed","template":"","meta":{"footnotes":""},"class_list":["post-228","page","type-page","status-publish","hentry"],"aioseo_notices":[],"_links":{"self":[{"href":"https:\/\/egyptianwisdomcenter.org\/it\/wp-json\/wp\/v2\/pages\/228","targetHints":{"allow":["GET"]}}],"collection":[{"href":"https:\/\/egyptianwisdomcenter.org\/it\/wp-json\/wp\/v2\/pages"}],"about":[{"href":"https:\/\/egyptianwisdomcenter.org\/it\/wp-json\/wp\/v2\/types\/page"}],"author":[{"embeddable":true,"href":"https:\/\/egyptianwisdomcenter.org\/it\/wp-json\/wp\/v2\/users\/3"}],"replies":[{"embeddable":true,"href":"https:\/\/egyptianwisdomcenter.org\/it\/wp-json\/wp\/v2\/comments?post=228"}],"version-history":[{"count":0,"href":"https:\/\/egyptianwisdomcenter.org\/it\/wp-json\/wp\/v2\/pages\/228\/revisions"}],"wp:attachment":[{"href":"https:\/\/egyptianwisdomcenter.org\/it\/wp-json\/wp\/v2\/media?parent=228"}],"curies":[{"name":"wp","href":"https:\/\/api.w.org\/{rel}","templated":true}]}}