{"id":232,"date":"2018-10-30T00:00:00","date_gmt":"2018-10-30T04:00:00","guid":{"rendered":"http:\/\/egyptianwisdomcenter.org\/climbing-the-heavenly-ladder-life-after-earth\/"},"modified":"2023-02-07T14:21:55","modified_gmt":"2023-02-07T19:21:55","slug":"climbing-the-heavenly-ladder-life-after-earth","status":"publish","type":"page","link":"https:\/\/egyptianwisdomcenter.org\/it\/salire-la-scala-celeste-nella-vita-dopo-la-terra\/","title":{"rendered":"Salire la scala celeste: la vita dopo la terra"},"content":{"rendered":"<h2 style=\"text-align: center;\"><strong><span style=\"color: #ff0000;\">Salire la scala celeste<\/span>\u2014<\/strong><\/h2>\n<h2 style=\"text-align: center;\"><span style=\"color: #0000ff;\"><strong>La vita dopo la Terra<\/strong><\/span><\/h2>\n<h1><\/h1>\n<h3><span style=\"color: #ff0000;\"><strong>1. La trasmigrazione dell&#039;anima\u00a0<\/strong><\/span><\/h3>\n<p>La preoccupazione \u2013 quasi un&#039;ossessione \u2013 degli egiziani per le idee di nascita e rinascita era un elemento fondamentale delle loro credenze funerarie: la rinascita era una delle fasi dell&#039;esistenza nell&#039;aldil\u00e0. I testi egiziani lo affermano chiaramente <strong><em>\u201cL\u2019anima \u00e8 in cielo, il corpo in terra\u201d <\/em><\/strong>[Tomba Pepi I]; cio\u00e8, non si aspettavano mai che il corpo fisico risorgesse.<\/p>\n<p>Il primo riferimento noto ad una \u201cseconda nascita\u201d si trova nel CLXXXII<sup>nd<\/sup> Capitolo di <em>IL<\/em> <em>Libro dell&#039;Uscire dalla Luce<\/em>, in cui Osiride \u00e8 indicato come:<\/p>\n<p style=\"padding-left: 30px;\"><strong><em>\u2026colui [Osiride] che d\u00e0 alla luce uomini e donne una seconda volta.<\/em><\/strong><\/p>\n<p><strong><em>\u201cGli Egiziani\u201d,<\/em><\/strong> secondo Erodoto, <strong><em>\u201cfurono i primi a sostenere che l\u2019anima dell\u2019uomo \u00e8 immortale\u201d<\/em><\/strong>. La dottrina della trasmigrazione \u00e8 menzionata anche da Plutarco, Platone e altri scrittori antichi come la credenza generale tra gli egiziani, e fu adottata da Pitagora e dal suo precettore Ferecide, cos\u00ec come da altri filosofi greci.<\/p>\n<p>&nbsp;<\/p>\n<h3><span style=\"color: #ff0000;\"><strong>2. Valutazione delle prestazioni<\/strong><\/span><\/h3>\n<p>In un libro di istruzioni, un re egiziano consigliava a suo figlio, il principe, di raggiungere le qualit\u00e0 pi\u00f9 elevate perch\u00e9 alla sua morte avrebbe visto tutta la sua vita in un solo istante e il suo rendimento sulla terra sarebbe stato esaminato e valutato dai giudici. . Gi\u00e0 nel periodo della VI dinastia troviamo l&#039;idea che il paradiso fosse riservato a coloro che avevano compiuto il loro dovere verso l&#039;uomo e verso i poteri divini mentre erano sulla terra. Non furono fatte eccezioni per un re o chiunque altro.<\/p>\n<p>Ad esempio, al faraone Unas (2323 a.C.), prima di essere pronto a volare dalla terra al cielo, non era permesso di iniziare a meno che i neteru (che stavano per aiutarlo) non fossero soddisfatti della realt\u00e0 del suo valore morale. Chiesero che nessun uomo avrebbe dovuto pronunciare una parola contro di lui sulla Terra, e che nessuna lamentela sarebbe stata fatta contro di lui in cielo davanti ai neteru (dei). Pertanto, nel testo di Unas, leggiamo:<\/p>\n<p style=\"padding-left: 30px;\"><strong><em>Di Unas non si \u00e8 parlato contro sulla terra davanti agli uomini,<\/em><\/strong><br \/>\n<strong><em>non \u00e8 stato accusato di peccato in cielo prima del neteru <\/em><\/strong>(dei, dee)<strong><em>.<\/em><\/strong><\/p>\n<p>Come affermato in precedenza, gli antichi egizi esprimevano le loro credenze metafisiche in forma di racconto, come un dramma sacro o un&#039;opera misteriosa. Le seguenti sono le rappresentazioni simboliche degli egiziani del processo del Mistero del Giorno del Giudizio:<\/p>\n<p style=\"padding-left: 30px;\">1. L&#039;anima del defunto viene condotta nella Sala del Giudizio del Doppio-Ma-at. \u00c8 doppia perch\u00e9 la bilancia si bilancia solo quando c&#039;\u00e8 uguaglianza delle forze opposte. Il simbolo di Ma-at \u00e8 la piuma di struzzo, che rappresenta il giudizio o la verit\u00e0. La sua piuma \u00e8 solitamente montata sulla bilancia.<\/p>\n<p style=\"padding-left: 30px;\">2. Anubi, come apripista, guida il defunto sulla bilancia e pesa il cuore.<\/p>\n<p><a href=\"http:\/\/egyptianwisdomcenter.org\/wp-content\/uploads\/2019\/02\/aerx-120-72c-1-1.jpg\"><img fetchpriority=\"high\" decoding=\"async\" class=\"wp-image-901 aligncenter\" src=\"http:\/\/egyptianwisdomcenter.org\/wp-content\/uploads\/2019\/02\/aerx-120-72c-1-1.jpg\" alt=\"\" width=\"352\" height=\"149\" \/><\/a><\/p>\n<p style=\"text-align: center;\"><strong>1. Ma-at, 2. Anubi, 3. Amam (Ammit), 4. Thoth, <\/strong><\/p>\n<p style=\"text-align: center;\"><strong>5. Il defunto, 6. Horus, 7. Osiride, 8. 42 Giudici\/Periti<\/strong><\/p>\n<p>&nbsp;<\/p>\n<p style=\"padding-left: 30px;\">Il cuore, come metafora della coscienza, viene pesato contro la piuma della verit\u00e0, per determinare il destino del defunto.<\/p>\n<p style=\"padding-left: 30px;\">3. Osiride seduto presiede la Sala della Giustizia. La giuria \u00e8 composta da 42 giudici\/valutatori. Ogni giudice ha una giurisdizione specifica su un peccato o una colpa specifici. Ognuno porta una piuma di verit\u00e0 sulla testa.<\/p>\n<p style=\"padding-left: 30px;\">4. Lo spirito del defunto nega di aver commesso ogni peccato\/colpa davanti al giudice assegnato, recitando le 42 Confessioni Negative. Queste Confessioni Negative provengono dal Capitolo CXXV del <em>Il Libro della Venuta alla Luce<\/em> (comunemente conosciuto come <em>Il Libro dei Morti<\/em>).<\/p>\n<p style=\"padding-left: 30px;\">Il giurato\/giudice incaricato dichiarer\u00e0 la propria accettazione mediante dichiarazione <em><strong>Maa-Kheru<\/strong><\/em> (Vero per voce\/azione).<\/p>\n<p style=\"padding-left: 30px;\">Ecco una traduzione delle 42 Confessioni Negative. Alcuni di essi possono sembrare ripetitivi, ma ci\u00f2 \u00e8 causato dall\u2019incapacit\u00e0 di tradurre l\u2019esatto intento e significato della lingua originale.<\/p>\n<p style=\"padding-left: 60px;\"><em><strong>1. Non ho commesso iniquit\u00e0.<\/strong><\/em><br \/>\n<em><strong> 2. Non ho derubato con violenza.<\/strong><\/em><br \/>\n<em><strong> 3. Non ho rubato.<\/strong><\/em><br \/>\n<em><strong> 4. Non ho commesso alcun omicidio; Non ho fatto alcun male.<\/strong><\/em><br \/>\n<em><strong> 5. Non ho frodato le offerte.<\/strong><\/em><br \/>\n<em><strong> 6. Non ho diminuito gli obblighi.<\/strong><\/em><br \/>\n<em><strong> 7. Non ho saccheggiato il neteru.<\/strong><\/em><br \/>\n<em><strong> 8. Non ho detto bugie.<\/strong><\/em><br \/>\n<em><strong> 9. Non ho pronunciato parole malvagie.<\/strong><\/em><br \/>\n<em><strong> 10. Non ho causato dolore.<\/strong><\/em><br \/>\n<em><strong> 11. Non ho commesso fornicazione.<\/strong><\/em><br \/>\n<em><strong> 12. Non ho causato il versamento di lacrime.<\/strong><\/em><br \/>\n<em><strong> 13. Non mi sono comportato in modo ingannevole.<\/strong><\/em><br \/>\n<em><strong> 14. Non ho trasgredito.<\/strong><\/em><br \/>\n<em><strong> 15. Non ho agito in modo astuto.<\/strong><\/em><br \/>\n<em><strong> 16. Non ho devastato la terra arata.<\/strong><\/em><br \/>\n<em><strong>17. Non sono stato un origliatore.<\/strong><\/em><br \/>\n<em><strong> 18. Non ho mosso le mie labbra (contro nessun uomo).<\/strong><\/em><br \/>\n<em><strong> 19. Non sono stato arrabbiato e adirato se non per una giusta causa.<\/strong><\/em><br \/>\n<em><strong> 20. Non ho contaminato la moglie di nessun uomo.<\/strong><\/em><br \/>\n<em><strong> 21. Non sono stato un uomo arrabbiato.<\/strong><\/em><br \/>\n<em><strong> 22. Non mi sono inquinato.<\/strong><\/em><br \/>\n<em><strong> 23. Non ho causato terrore.<\/strong><\/em><br \/>\n<em><strong> 24. Non sono bruciato di rabbia.<\/strong><\/em><br \/>\n<em><strong> 25. Non ho tappato le mie orecchie contro le parole di Giusto e Verit\u00e0. (Ma-at)<\/strong><\/em><br \/>\n<em><strong> 26. Non ho lavorato sul dolore.<\/strong><\/em><br \/>\n<em><strong> 27. Non ho agito con insolenza.<\/strong><\/em><br \/>\n<em><strong> 28. Non ho suscitato conflitti.<\/strong><\/em><br \/>\n<em><strong> 29. Non ho giudicato affrettatamente.<\/strong><\/em><br \/>\n<em><strong> 30. Non ho cercato distinzioni.<\/strong><\/em><br \/>\n<em><strong>31. Non ho moltiplicato eccessivamente le parole.<\/strong><\/em><br \/>\n<em><strong> 32. Non ho fatto n\u00e9 male n\u00e9 male.<\/strong><\/em><br \/>\n<em><strong> 33. Non ho maledetto il re. (ovvero violazione delle leggi)<\/strong><\/em><br \/>\n<em><strong> 34. Non ho sporcato l&#039;acqua.<\/strong><\/em><br \/>\n<em><strong> 35. Non ho parlato con disprezzo.<\/strong><\/em><br \/>\n<em><strong> 36. Non ho mai maledetto il neteru.<\/strong><\/em><br \/>\n<em><strong> 37. Non ho rubato.<\/strong><\/em><br \/>\n<em><strong> 38. Non ho defraudato le offerte del neteru.<\/strong><\/em><br \/>\n<em><strong> 39. Non ho saccheggiato le offerte dei beati morti.<\/strong><\/em><br \/>\n<em><strong> 40. Non ho rubato il cibo del bambino.<\/strong><\/em><br \/>\n<em><strong> 41. Non ho peccato contro il neter della mia citt\u00e0 natale.<\/strong><\/em><br \/>\n<em><strong> 42. Non ho macellato con cattive intenzioni il bestiame del neter.<\/strong><\/em><\/p>\n<p style=\"padding-left: 30px;\">5. Thoth, scriba dei neteru (dei, dee), registra il verdetto mentre Anubi soppesa il cuore contro la piuma della verit\u00e0. Il risultato \u00e8:<\/p>\n<p style=\"padding-left: 60px;\">UN. Se i piatti non sono in equilibrio significa che questa persona viveva semplicemente come materia. Di conseguenza, Amam (Ammit) mangerebbe questo cuore. Amam \u00e8 un incrocio proteiforme.<\/p>\n<p style=\"padding-left: 60px;\">L&#039;anima non perfetta rinascer\u00e0 nuovamente (reincarnarsi) in un nuovo veicolo fisico (corpo), per fornire all&#039;anima un&#039;opportunit\u00e0 per un ulteriore sviluppo sulla terra. Questo ciclo di vita\/morte\/rinnovamento continua finch\u00e9 l&#039;anima non viene perfezionata, adempiendo alle 42 Confessioni Negative, durante la sua vita sulla terra.<\/p>\n<p style=\"padding-left: 60px;\">B. Se i due piatti sono perfettamente in equilibrio, Osiride d\u00e0 giudizio favorevole, e d\u00e0 la sua finale <em><strong>Maa-Kheru<\/strong><\/em> (Vero della voce).<\/p>\n<p style=\"padding-left: 60px;\">L&#039;anima perfetta attraverser\u00e0 il processo di trasformazione e successiva rinascita. L&#039;esito della sua valutazione determiner\u00e0 quale livello celeste (2-6) raggiunge una persona.<\/p>\n<p>&nbsp;<\/p>\n<h3><span style=\"color: #ff0000;\"><strong>3. Testi trasformazionali<\/strong><\/span><\/h3>\n<p>Lo scopo di tutti i testi trasformazionali (funerari) dell&#039;Antico Egitto era lo stesso, vale a dire procurare la resurrezione e l&#039;immortalit\u00e0 delle persone per conto delle quali erano scritti e recitati. I testi di accompagnamento al defunto variavano nel contenuto e nello stile. Nessun testo trasformazionale (\u201cfunerario\u201d) di due persone qualsiasi \u00e8 mai stato lo stesso. Questi testi sono stati adattati per corrispondere al percorso di ogni individuo. Ritroviamo la stessa individualit\u00e0 di testi nei cosiddetti papiri \u201cmagici\u201d. I testi egiziani descrivevano dettagliatamente le fasi del processo di trasformazione dall&#039;esistenza terrena dell&#039;uomo ai diversi regni metafisici.<\/p>\n<p>Tutti questi temi sono trattati con profusione di dettagli <em>Il libro della venuta alla luce<\/em> (Per-em-hru), erroneamente tradotto e comunemente noto come <em>Il Libro egiziano dei morti<\/em>. Si compone di oltre cento capitoli di varia lunghezza, che sono strettamente correlati ai testi trasformativi (funerari) di Unas a Saqqara. Questo libro si trova, nella sua forma completa, solo sui rotoli di papiro che furono avvolti nella fascia della mummia del defunto e sepolti con lui.<\/p>\n<p>Anche altri scritti trasformazionali (i cosiddetti funerari e religiosi) sono strettamente correlati ai gi\u00e0 citati Testi funerari trasformativi (piramide) di Unas. Ogni testo\/scritto esplora lo stesso tema fondamentale di vita\/morte\/rinascita \u2013 ovvero la trasformazione dell&#039;anima nella regione della Duat dopo la morte \u2013 da una prospettiva diversa. Poich\u00e9 non esistono due persone uguali, non esistono due testi trasformazionali uguali. Queste composizioni sono conosciute come: <em>Il Libro di ci\u00f2 che c&#039;\u00e8 nella Duat <\/em>(o Inferi), <em>Il Libro delle Porte<\/em>, <em>Il Libro delle caverne<\/em>, <em>Le litanie di Ra<\/em>, <em>Il Libro di Aker<\/em>, <em>Il Libro del Giorno<\/em>, E <em>Il Libro della Notte<\/em>.<\/p>\n<p>&nbsp;<\/p>\n<h3><span style=\"color: #ff0000;\"><strong>4. Ammissione al nuovo regno<\/strong><\/span><\/h3>\n<p>Come risultato della valutazione delle prestazioni, gli spiriti dei defunti vanno in vari regni a seconda del livello raggiunto da ciascuno durante la loro esistenza terrena.<\/p>\n<p>I testi di trasformazione mettono in moto il processo attraverso il quale la nuova anima progredisce da un regno all&#039;altro. Lui\/lei deve soddisfare altri requisiti ed essere accettato prima di procedere oltre. Per essere ammessi in un nuovo regno, gli abitanti di ciascun regno devono trovare il nuovo arrivato qualificato e degno di unirsi a quel regno o di attraversarlo. I diritti degli inquilini nel mondo spirituale sono gli stessi che nel regno terreno. [Vedi i dettagli in un capitolo precedente di questo libro.]<\/p>\n<p>Il nuovo arrivato ha bisogno sia dell&#039;accettazione che dell&#039;assistenza di ciascun abitante del regno mentre ascende sempre pi\u00f9 in alto. Quindi, nella tomba di Unas (piramide di macerie) a Saqqara, troviamo che gli abitanti dei regni superiori - Il Popolo della Luce - trovarono Unas (~ 2323 a.C.) degno, e quindi lo accettano e lo aiutano ad ascendere e a vivi tra loro:<\/p>\n<p style=\"padding-left: 30px;\">Espressione 336<\/p>\n<p style=\"padding-left: 30px;\"><strong><em>Il Popolo della Luce gli ha reso testimonianza;<\/em><\/strong><br \/>\n<strong><em>lo colp\u00ec la grandine del cielo.<\/em><\/strong><br \/>\n<strong><em>Lasciarono che Unas salisse a Re.<\/em><\/strong><\/p>\n<p style=\"padding-left: 30px;\">Espressione 377<\/p>\n<p style=\"padding-left: 30px;\"><strong><em>Il tuo odore arriva a Unas, ye neteru <\/em><\/strong>(dei, dee)<strong><em>,<\/em><\/strong><br \/>\n<strong><em>l&#039;odore di Unas arriva a te, ye neteru.<\/em><\/strong><br \/>\n<strong><em>Che Unas sia con te, ye neteru,<\/em><\/strong><br \/>\n<strong><em>che tu possa stare insieme a Unas, ye neteru.<\/em><\/strong><br \/>\n<strong><em>Possa Unas vivere con te, ye neteru,<\/em><\/strong><br \/>\n<strong><em>che tu possa vivere insieme a Unas, ye neteru<\/em><\/strong><\/p>\n<p>&nbsp;<\/p>\n<h3><span style=\"color: #ff0000;\"><strong>5. La Gloria<\/strong><\/span><\/h3>\n<p>Nei testi dell&#039;Antico Egitto, l&#039;anima realizzata raggiunge la gloria e si unisce all&#039;Origine Divina.<\/p>\n<p>Dopo una lunga serie di viaggi avventurosi, l\u2019anima risorta, giustificata e rigenerata, otterr\u00e0 un posto nel seguito dei neteru (dei, dee) \u2013 le forze cosmiche \u2013 e alla fine prender\u00e0 parte all\u2019incessante ciclo di attivit\u00e0 che permette all\u2019universo di sopravvivere. un&#039;esistenza continuata.<\/p>\n<p>Nei testi dell&#039;Antico Egitto, l&#039;anima realizzata raggiunge la gloria e si unisce all&#039;Origine Divina. Allo stesso modo, la Bibbia ci dice che si dice che Ges\u00f9 abbia raggiunto la gloria solo dopo la sua morte e risurrezione:<\/p>\n<p style=\"padding-left: 30px;\"><strong><em>\u2026 Dio, che lo ha risuscitato dai morti e gli ha dato gloria\u2026<\/em><\/strong><strong> [I Pietro, 1:21]<\/strong><\/p>\n<p>La gloria \u00e8 la radiosa bellezza dello splendore e della magnificenza \u2013 il paradiso o la beatitudine del paradiso \u2013 che si ottiene con il raggiungimento pi\u00f9 alto. La gloria \u00e8 rappresentata nelle opere d&#039;arte come un alone o un cerchio di luce. Nell&#039;Antico Egitto, il neter (dio) Re rappresenta la Luce ed \u00e8 raffigurato come un cerchio.<\/p>\n<p>La relazione tra il ciclo della morte e della resurrezione si riflette nella forma egiziana del \u201cnome\u201d dell&#039;essere Osiride\u00a0<strong>Ausar<\/strong>, che consiste di due sillabe\u2014<strong>Aus-Ra<\/strong>. Si pronuncia la prima sillaba del nome (Aus-Ra). <em>Aus<\/em> O <em>Os<\/em>, che significa \u201cforza, potenza, potere\u201d. Il nome del <strong>neter<\/strong> (dio) significa qualcosa come <em>forza di Re<\/em>. Questo significato descrive la vera essenza del neter (dio) Osiride.<\/p>\n<p>Nel ciclo di <strong>Aus-Ra<\/strong>, <strong>Ausar<\/strong> (Osiride) si identifica con la luna, la luce delle regioni notturne dei morti. <strong>Quello di Ausar<\/strong> La luce \u00e8 un riflesso di <strong>RA <\/strong>(Re), in una delle sue manifestazioni come sole.<\/p>\n<p><strong>Ausar<\/strong> mor\u00ec (analogamente alla partenza della luna, verso la fine del mese lunare) e resuscit\u00f2 il terzo giorno dopo. Il terzo giorno \u00e8 l&#039;inizio di una luna nuova, cio\u00e8 rinnovata <strong>Ausar<\/strong>. Questo ricorda la celebrazione della Pasqua dove, tipo <strong>Ausar<\/strong>, il Ges\u00f9 biblico mor\u00ec venerd\u00ec e fu resuscitato il terzo giorno (domenica) come una nuova vita.<\/p>\n<p><strong>Ausar<\/strong> (Osiride) \u00e8 scritto in geroglifici con il glifo del trono e dell&#039;occhio, unendo i concetti di legittimit\u00e0 e divinit\u00e0.<\/p>\n<p><a href=\"http:\/\/egyptianwisdomcenter.org\/wp-content\/uploads\/2019\/02\/image127.jpg\"><img decoding=\"async\" class=\"size-full wp-image-118 aligncenter\" src=\"http:\/\/egyptianwisdomcenter.org\/wp-content\/uploads\/2019\/02\/image127.jpg\" alt=\"\" width=\"19\" height=\"36\" \/><\/a><\/p>\n<p><a href=\"http:\/\/egyptianwisdomcenter.org\/wp-content\/uploads\/2019\/02\/image129.jpg\"><img decoding=\"async\" class=\"size-full wp-image-119 aligncenter\" src=\"http:\/\/egyptianwisdomcenter.org\/wp-content\/uploads\/2019\/02\/image129.jpg\" alt=\"\" width=\"88\" height=\"24\" \/><\/a><\/p>\n<p><strong>RA<\/strong> (Re) \u00e8 associato al glifo dell&#039;occhio. Il simbolo egiziano pi\u00f9 caratteristico \u00e8 l&#039;occhio, che svolge molti ruoli complessi e sottili. L&#039;occhio \u00e8 la parte del corpo in grado di percepire la luce, ed \u00e8 quindi simbolo di capacit\u00e0 spirituale.<\/p>\n<p><strong>RA <\/strong>(Re) \u00e8 il principio cosmico dell&#039;energia che si muove verso la morte, e <strong>Ausar <\/strong>(Osiride) rappresenta il processo di rinascita. Pertanto, i termini di vita e morte diventano intercambiabili: vita significa morire lentamente; la morte significa resurrezione a nuova vita. Si identifica la persona morta nella morte <strong>Ausar<\/strong>, ma ritorner\u00e0 in vita e sar\u00e0 identificato con lui <strong>RA<\/strong>.<\/p>\n<p>La scrittura egiziana lo descrive:<\/p>\n<p style=\"padding-left: 30px;\"><em><strong>diventa una stella d&#039;oro e si unisce alla compagnia di Re, e naviga con lui attraverso il cielo nella sua barca di milioni di anni.<\/strong><\/em><\/p>\n<p>&nbsp;<\/p>\n<p><span style=\"color: #ff0000;\"><strong>Estratti da <\/strong><\/span><strong>Cosmologia egiziana: l&#039;universo animato, terza edizione di Moustafa Gadalla<\/strong><span style=\"color: #ff0000;\"><strong><br \/>\n<a href=\"https:\/\/egyptianwisdomcenter.org\/it\/prodotto\/cosmologia-egiziana-luniverso-animato-terza-edizione\/\"><span style=\"color: #0000ff;\">https:\/\/egyptianwisdomcenter.org\/product\/cosmologia-egizia-luniverso-animato-terza-edizione\/<\/span><\/a><\/strong><\/span><\/p>\n<p><img decoding=\"async\" class=\"aligncenter\" src=\"https:\/\/egyptianwisdomcenter.org\/wp-content\/uploads\/2023\/01\/cosmologia-egizia-l-universo-animato-terza-edizione-1.jpg\" \/><\/p>\n<p style=\"text-align: center;\"><a href=\"https:\/\/egyptianwisdomcenter.org\/it\/prodotto\/cosmologia-egiziana-luniverso-animato-terza-edizione\/\"><span style=\"color: #ff0000;\"><strong><span style=\"color: #0000ff;\">https:\/\/egyptianwisdomcenter.org\/product\/cosmologia-egizia-luniverso-animato-terza-edizione\/<\/span><\/strong><\/span><\/a><\/p>\n<p>&nbsp;<\/p>\n<p style=\"text-align: left;\"><span style=\"color: #ff0000;\"><strong>E<\/strong><\/span><span style=\"color: #ff0000;\"><strong> da <\/strong><\/span><strong>Antiche radici egiziane del cristianesimo, 2a edizione di Moustafa Gadalla<\/strong><span style=\"color: #ff0000;\"><strong><br \/>\n<a href=\"https:\/\/egyptianwisdomcenter.org\/it\/prodotto\/le-antiche-radici-egiziane-del-cristianesimo-2a-edizione\/\"><span style=\"color: #0000ff;\">https:\/\/egyptianwisdomcenter.org\/product\/le-radici-del-cristianesimo-nellantico-egitto\/<\/span><\/a><\/strong><\/span><\/p>\n<p><img decoding=\"async\" class=\"aligncenter\" src=\"https:\/\/egyptianwisdomcenter.org\/wp-content\/uploads\/2023\/01\/le-radici-del-cristianesimo-nell-antico-egitto-4.jpg\" \/><\/p>\n<p style=\"text-align: center;\"><a href=\"https:\/\/egyptianwisdomcenter.org\/it\/prodotto\/le-antiche-radici-egiziane-del-cristianesimo-2a-edizione\/\"><span style=\"color: #ff0000;\"><strong><span style=\"color: #0000ff;\">https:\/\/egyptianwisdomcenter.org\/product\/le-radici-del-cristianesimo-nellantico-egitto\/<\/span><\/strong><\/span><\/a><\/p>","protected":false},"excerpt":{"rendered":"<p>Climbing The Heavenly Ladder\u2014 Life After Earth 1. The Soul Transmigration\u00a0 The Egyptians\u2019 preoccupation\u2014almost obsession\u2014 with the ideas of birth and rebirth [&hellip;]<\/p>","protected":false},"author":3,"featured_media":0,"parent":0,"menu_order":0,"comment_status":"closed","ping_status":"closed","template":"","meta":{"footnotes":""},"class_list":["post-232","page","type-page","status-publish","hentry"],"aioseo_notices":[],"_links":{"self":[{"href":"https:\/\/egyptianwisdomcenter.org\/it\/wp-json\/wp\/v2\/pages\/232","targetHints":{"allow":["GET"]}}],"collection":[{"href":"https:\/\/egyptianwisdomcenter.org\/it\/wp-json\/wp\/v2\/pages"}],"about":[{"href":"https:\/\/egyptianwisdomcenter.org\/it\/wp-json\/wp\/v2\/types\/page"}],"author":[{"embeddable":true,"href":"https:\/\/egyptianwisdomcenter.org\/it\/wp-json\/wp\/v2\/users\/3"}],"replies":[{"embeddable":true,"href":"https:\/\/egyptianwisdomcenter.org\/it\/wp-json\/wp\/v2\/comments?post=232"}],"version-history":[{"count":0,"href":"https:\/\/egyptianwisdomcenter.org\/it\/wp-json\/wp\/v2\/pages\/232\/revisions"}],"wp:attachment":[{"href":"https:\/\/egyptianwisdomcenter.org\/it\/wp-json\/wp\/v2\/media?parent=232"}],"curies":[{"name":"wp","href":"https:\/\/api.w.org\/{rel}","templated":true}]}}