{"id":241,"date":"2018-11-02T00:00:00","date_gmt":"2018-11-02T04:00:00","guid":{"rendered":"http:\/\/egyptianwisdomcenter.org\/the-golden-goal-alchemy-2\/"},"modified":"2023-01-01T14:48:12","modified_gmt":"2023-01-01T19:48:12","slug":"the-golden-goal-alchemy-2","status":"publish","type":"page","link":"https:\/\/egyptianwisdomcenter.org\/it\/the-golden-goal-alchemy-2\/","title":{"rendered":"L&#039;obiettivo d&#039;oro: l&#039;alchimia"},"content":{"rendered":"<h2 style=\"text-align: center;\"><span style=\"color: #ff0000;\"><strong>L&#039;obiettivo d&#039;oro: l&#039;alchimia<\/strong><\/span><\/h2>\n<p>&nbsp;<\/p>\n<p>Alchimia significa il metodo\/potere\/processo di trasmutazione di una cosa in qualcosa di migliore \u2013 simbolicamente, il piombo in oro.<\/p>\n<p>L&#039;oro nella vera alchimia \u00e8 una metafora della realizzazione spirituale finale. Il vero alchimista non praticava una forma sbagliata di chimica, come piace credere agli scienziati moderni: era impegnato in una ricerca spirituale per trasformare la materia grossolana (piombo) in un veicolo per lo spirito (oro).<\/p>\n<p>Questa tradizione alchimista\/sufi \u2013 di trasformare la materia in oro \u2013 \u00e8 di origine egiziana, come si riflette nella loro lingua come segue:<\/p>\n<p>\u2013 Nella lingua egiziana si chiama materia caotica <em><strong>Ben,<\/strong><\/em> che ha diversi significati correlati: <em>la pietra primordiale, il tumulo della creazione, il primo stato della materia, opposizione\/negazione, non \u00e8, non c&#039;\u00e8, e molteplicit\u00e0.<\/em><\/p>\n<p>\u2013 L\u2019immagine speculare di <em><strong>Ben<\/strong><\/em> \u00c8 <em><strong>Neb<\/strong><\/em> (Ben scritto al contrario), che ha anche diversi significati correlati: <em>oro<\/em> (tradizionalmente, il prodotto finale finito e perfezionato: l&#039;obiettivo dell&#039;alchimista),<em> signore, padrone, tutto, affermazione e puro.<\/em><\/p>\n<p>Thoth, il neter (dio) dell&#039;antico Egitto, \u00e8 riconosciuto da tutti i primi (e successivi) scrittori sufi come l&#039;antico modello di alchimia, misticismo e tutti gli argomenti correlati. Il noto scrittore sufi Idries Shah ammette il ruolo dell&#039;Egitto tramite Thoth e Dhu&#039;I-Nun nel sufismo e nell&#039;alchimia come segue:<\/p>\n<p style=\"padding-left: 30px;\"><strong><em>&quot;. . . la tradizione alchemica proveniva dall&#039;Egitto direttamente dagli scritti di Thoth<\/em><\/strong><br \/>\n<strong><em> . . . Secondo la tradizione sufi la tradizione fu trasmessa attraverso Dhu&#039;i-Nun l&#039;egiziano, il re o signore dei pesci, uno dei pi\u00f9 famosi insegnanti sufi classici. [I Sufi, 1964]<\/em><\/strong><\/p>\n<p>Il nome di Thoth appare tra gli antichi maestri di quello che oggi viene chiamato <em>Via dei Sufi<\/em>. In altre parole: sia i sufi che gli alchimisti riconoscono in Thoth il fondamento della loro conoscenza.<\/p>\n<p>Idries Shah fa anche un riferimento diretto allo storico arabo spagnolo Said di Toledo (morto nel 1069), che riporta questa tradizione dell&#039;antico egiziano Thoth:<\/p>\n<p style=\"padding-left: 30px;\"><strong><em>\u201cI saggi affermano che tutte le scienze antidiluviane hanno origine dall\u2019egiziano Hermes [Thoth], nell\u2019Alto Egitto (vale a dire Khmunu (Hermopolis)). Gli ebrei lo chiamano Enoch e i musulmani Idris. Fu il primo a parlare della materia del mondo superiore e dei movimenti planetari. . . La medicina e la poesia erano le sue funzioni. . . [cos\u00ec come] le scienze, comprese l&#039;alchimia e la magia<\/em><\/strong>. [Cfr. Asin Palacios, Ibn Masarra, p. 13] Masarra significa egiziano<\/p>\n<p>Il misticismo egiziano comprende fondamentalmente due tipi di esperienza spirituale:<\/p>\n<ol>\n<li>Una ricerca per l\u2019autosviluppo spirituale sotto forma di autocontrollo etico e intuizione religiosa personale mondana. L&#039;aspirante che \u00e8 in grado di purificarsi \u00e8 ora pronto per la seconda ricerca.<\/li>\n<li>La ricerca per trovare Dio nel mondo manifestato cos\u00ec come trovare il mondo manifestato in Dio. Ci\u00f2 si ottiene acquisendo conoscenza utilizzando sia l&#039;intelletto che l&#039;intuizione per trascendere i limiti dei nostri sensi umani.<\/li>\n<\/ol>\n<p>[Informazioni pi\u00f9 dettagliate su questo argomento in <span style=\"color: #ff0000;\"><strong>Mistici egiziani: Cercatori della Via di Moustafa Gadalla<\/strong><\/span> ]<\/p>\n<p>&nbsp;<\/p>\n<p><span style=\"color: #ff0000;\"><strong>[Un estratto da <a href=\"https:\/\/egypt-tehuti.org\/product\/egyptian-cosmology-current\/\">Cosmologia egiziana: l&#039;universo animato, 3a edizione di Moustafa Gadalla<\/a>]<\/strong><\/span><\/p>\n<p><a href=\"https:\/\/egypt-tehuti.org\/product\/egyptian-cosmology-current\/\"><img decoding=\"async\" class=\"aligncenter\" src=\"http:\/\/egyptianwisdomcenter.org\/wp-content\/uploads\/2019\/02\/cover-ec-225x338-225x338.jpg\" alt=\"Egyptian Cosmology, The Animated Universe, 3rd edition\" \/><\/a><\/p>\n<p>&#8212;&#8212;&#8212;&#8212;&#8212;&#8212;&#8212;&#8212;&#8212;&#8212;&#8212;&#8212;&#8212;&#8212;&#8212;&#8212;&#8212;&#8212;&#8212;&#8212;&#8212;&#8212;&#8212;&#8212;&#8212;&#8212;&#8212;&#8212;&#8212;&#8212;&#8212;&#8212;&#8212;&#8212;&#8212;&#8212;&#8212;&#8212;&#8212;<\/p>\n<p><span style=\"color: #ff0000;\"><strong>[<\/strong><\/span><strong>Mistici egiziani: Cercatori della Via, 2a edizione<\/strong><span style=\"color: #ff0000;\"><strong> di Moustafa Gadalla]<br \/>\n<span style=\"color: #0000ff;\">https:\/\/egyptianwisdomcenter.org\/product\/egyptian-mystics-seekers-of-the-way-2nd-edition\/<\/span><br \/>\n<\/strong><\/span><\/p>\n<p><img decoding=\"async\" class=\"aligncenter\" src=\"https:\/\/books2read-prod.s3.amazonaws.com\/CACHE\/images\/ubl_book_images\/book_display_image_zMMju8w\/f91add1cabf1165dc68c4ea720a7e73c\" \/><\/p>\n<div dir=\"auto\" style=\"text-align: center;\"><span style=\"color: #ff0000;\"><strong><span style=\"color: #0000ff;\">https:\/\/egyptianwisdomcenter.org\/product\/egyptian-mystics-seekers-of-the-way-2nd-edition\/<\/span><\/strong><\/span><\/div>\n<p>&nbsp;<\/p>\n<p>&nbsp;<\/p>","protected":false},"excerpt":{"rendered":"<p>The Golden Goal\u2014Alchemy &nbsp; Alchemy signifies the method\/power\/process of transmutation of one thing into something better\u2014symbolically, lead into gold. Gold in true [&hellip;]<\/p>","protected":false},"author":3,"featured_media":0,"parent":0,"menu_order":0,"comment_status":"closed","ping_status":"closed","template":"","meta":{"footnotes":""},"class_list":["post-241","page","type-page","status-publish","hentry"],"aioseo_notices":[],"_links":{"self":[{"href":"https:\/\/egyptianwisdomcenter.org\/it\/wp-json\/wp\/v2\/pages\/241","targetHints":{"allow":["GET"]}}],"collection":[{"href":"https:\/\/egyptianwisdomcenter.org\/it\/wp-json\/wp\/v2\/pages"}],"about":[{"href":"https:\/\/egyptianwisdomcenter.org\/it\/wp-json\/wp\/v2\/types\/page"}],"author":[{"embeddable":true,"href":"https:\/\/egyptianwisdomcenter.org\/it\/wp-json\/wp\/v2\/users\/3"}],"replies":[{"embeddable":true,"href":"https:\/\/egyptianwisdomcenter.org\/it\/wp-json\/wp\/v2\/comments?post=241"}],"version-history":[{"count":0,"href":"https:\/\/egyptianwisdomcenter.org\/it\/wp-json\/wp\/v2\/pages\/241\/revisions"}],"wp:attachment":[{"href":"https:\/\/egyptianwisdomcenter.org\/it\/wp-json\/wp\/v2\/media?parent=241"}],"curies":[{"name":"wp","href":"https:\/\/api.w.org\/{rel}","templated":true}]}}