{"id":254,"date":"2018-11-02T00:00:00","date_gmt":"2018-11-02T04:00:00","guid":{"rendered":"http:\/\/egyptianwisdomcenter.org\/the-cosmic-proportion-of-the-human-figure\/"},"modified":"2023-01-23T08:43:11","modified_gmt":"2023-01-23T13:43:11","slug":"the-cosmic-proportion-of-the-human-figure-2","status":"publish","type":"page","link":"https:\/\/egyptianwisdomcenter.org\/it\/la-proporzione-cosmica-della-figura-umana-2\/","title":{"rendered":"La proporzione cosmica della figura umana"},"content":{"rendered":"<h2 style=\"text-align: center;\"><span style=\"color: #ff0000;\"><strong>La proporzione cosmica della figura umana<\/strong><\/span><\/h2>\n<p>&nbsp;<\/p>\n<p>La proporzione \u00e8 la commisurazione delle varie parti costituenti con il tutto. Il corpo umano \u00e8 un ottimo esempio di tale proporzione armonica, dove la struttura umana \u00e8 stata formata con tale propriet\u00e0 che i diversi membri sono commisurati al tutto.<\/p>\n<p>Il canone dell&#039;Antico Egitto per la proporzione armonica delle figure umane differiva solo tra bambini e adulti. Le differenze riflettevano le effettive differenze fisiche in queste due fasi. Alla nascita \u00e8 l&#039;ombelico che divide l&#039;altezza del bambino in due met\u00e0. Dopo la maturazione (raggiungimento della pubert\u00e0), la giunzione di entrambe le gambe (organi riproduttivi) \u00e8 a met\u00e0 altezza della figura adulta. La posizione dell&#039;ombelico divide ora l&#039;altezza in parti disuguali che compongono le parti e l&#039;insieme nel rispetto della Proporzione Neb (Aurea).<\/p>\n<p>I documenti pi\u00f9 antichi scoperti risalenti alla V dinastia mostrano che il punto pi\u00f9 alto definito lungo l&#039;asse verticale \u00e8 l&#039;attaccatura dei capelli della testa della persona, quando presentata nel regno terreno.<\/p>\n<p>Le figurazioni egiziane segnano attentamente, con una fascia, una corona, un diadema o una giuntura, una linea di demarcazione per la parte superiore del cranio dell&#039;uomo terreno, separando cos\u00ec la corona del cranio. L&#039;altezza del corpo \u00e8 stata misurata escludendo la corona, come mostrato qui in questa griglia dell&#039;Antico Egitto recuperata.<\/p>\n<p><a href=\"http:\/\/egyptianwisdomcenter.org\/wp-content\/uploads\/2019\/02\/proportion.png\"><img fetchpriority=\"high\" decoding=\"async\" class=\"size-full wp-image-312 aligncenter\" src=\"http:\/\/egyptianwisdomcenter.org\/wp-content\/uploads\/2019\/02\/proportion.png\" alt=\"\" width=\"445\" height=\"333\" \/><\/a><\/p>\n<p>La rappresentazione dei neteru (dei\/dee) e\/o degli esseri umani nell&#039;aldil\u00e0 sono mostrati su una griglia di 18 quadrati, per l&#039;intera altezza fino alla sommit\u00e0 della testa (compresa cio\u00e8 la corona della testa).<\/p>\n<p>La differenza di altezza tra i due regni riflette la profonda comprensione degli antichi egizi della fisiologia e del ruolo degli esseri umani sulla Terra.<\/p>\n<p>L&#039;asportazione di questa parte del cervello umano (la sommit\u00e0 della testa) lascia l&#039;uomo in vita ma senza discernimento, quindi senza giudizio personale. La persona \u00e8 in uno stato vegetativo, vive e agisce solo come esecutore di un impulso che riceve, senza una vera scelta. \u00c8 come una persona in coma.<\/p>\n<p>L&#039;ombelico si trova a circa 11,1 quadrati della griglia dalla parte inferiore del tallone sul sistema a griglia di 18 quadrati (o lo stesso rapporto equivalente 0,618 per i sistemi a griglia o senza griglia). Tale divisione segue le leggi dell&#039;armonia tra le due parti stesse, e le parti rispetto al tutto, secondo i due seguenti rapporti:<\/p>\n<p style=\"padding-left: 30px;\">1. Il rapporto tra le due parti (superiore e inferiore) dell&#039;altezza divina (18 quadrati della griglia) \u00e8 armonico.<\/p>\n<p style=\"padding-left: 60px;\">Superiore: inferiore \u00e8 0,618<br \/>\nInferiore: il massimo \u00e8 1.618<\/p>\n<p><a href=\"http:\/\/egyptianwisdomcenter.org\/wp-content\/uploads\/2019\/02\/human-figuration.png\"><img decoding=\"async\" class=\"wp-image-313 aligncenter\" src=\"http:\/\/egyptianwisdomcenter.org\/wp-content\/uploads\/2019\/02\/human-figuration.png\" alt=\"\" width=\"377\" height=\"493\" \/><\/a><\/p>\n<p style=\"padding-left: 30px;\">2. Tra le Due Parti e l&#039;Unit\u00e0 intera (altezza divina) \u2014 prendendo l&#039;intera altezza (fino all&#039;attaccatura dei capelli della testa dell&#039;uomo terreno) come 1 \u2014 il corpo dai piedi all&#039;ombelico, nel canone egiziano, \u00e8 uguale a reciproco della proporzione Neb (aurea) (1\/N), cio\u00e8 0,618. La porzione dall&#039;ombelico all&#039;attaccatura dei capelli della testa \u00e8 uguale alla potenza 2 del reciproco della proporzione Neb (Aurea) (1\/N2), o 0,382.<\/p>\n<p style=\"text-align: left; padding-left: 60px;\">1\/N+1\/N<sup>2<\/sup> = 1<br \/>\n0.618 + 0.382 = 1<br \/>\ndove N = la proporzione Neb (aurea) (1,618)<\/p>\n<p style=\"padding-left: 30px;\">A causa dell&#039;intima relazione tra la Serie della Somma e la proporzione Neb (Aurea), troviamo che anche le diverse parti della figura seguono la Serie della Somma [come raffigurata nella griglia originale sopra da KV22 di Amenhotep III].<\/p>\n<p><strong>Maggiori informazioni sulla matematica nell&#039;antico Egitto nella sezione appendici di questo libro.<\/strong><\/p>\n<p>&nbsp;<\/p>\n<p><span style=\"color: #ff0000;\"><strong>[Un estratto da <\/strong><\/span><strong>L&#039;architettura metafisica dell&#039;antico Egitto di Moustafa Gadalla<\/strong><span style=\"color: #ff0000;\"><strong>]<br \/>\n<a href=\"https:\/\/egyptianwisdomcenter.org\/it\/prodotto\/lantica-architettura-metafisica-egiziana\/\"><span style=\"color: #0000ff;\">https:\/\/egyptianwisdomcenter.org\/product\/the-ancient-egyptian-metaphysical-architecture\/<\/span><\/a><br \/>\n<\/strong><\/span><\/p>\n<p><img decoding=\"async\" class=\"aligncenter\" src=\"https:\/\/books2read-prod.s3.amazonaws.com\/CACHE\/images\/ubl_book_images\/book_display_image_DzTMfrV\/372fcbccd1ea208063914bdc7d930cad\" \/><\/p>\n<p style=\"text-align: center;\"><a href=\"https:\/\/egyptianwisdomcenter.org\/it\/prodotto\/lantica-architettura-metafisica-egiziana\/\"><span style=\"color: #ff0000;\"><strong><span style=\"color: #0000ff;\">https:\/\/egyptianwisdomcenter.org\/product\/the-ancient-egyptian-metaphysical-architecture\/<\/span><\/strong><\/span><\/a><\/p>\n<div dir=\"auto\"><\/div>","protected":false},"excerpt":{"rendered":"<p>The Cosmic Proportion Of The Human Figure &nbsp; Proportion is the commensuration of the various constituent parts with the whole. The human [&hellip;]<\/p>","protected":false},"author":3,"featured_media":0,"parent":0,"menu_order":0,"comment_status":"closed","ping_status":"closed","template":"","meta":{"footnotes":""},"class_list":["post-254","page","type-page","status-publish","hentry"],"aioseo_notices":[],"_links":{"self":[{"href":"https:\/\/egyptianwisdomcenter.org\/it\/wp-json\/wp\/v2\/pages\/254","targetHints":{"allow":["GET"]}}],"collection":[{"href":"https:\/\/egyptianwisdomcenter.org\/it\/wp-json\/wp\/v2\/pages"}],"about":[{"href":"https:\/\/egyptianwisdomcenter.org\/it\/wp-json\/wp\/v2\/types\/page"}],"author":[{"embeddable":true,"href":"https:\/\/egyptianwisdomcenter.org\/it\/wp-json\/wp\/v2\/users\/3"}],"replies":[{"embeddable":true,"href":"https:\/\/egyptianwisdomcenter.org\/it\/wp-json\/wp\/v2\/comments?post=254"}],"version-history":[{"count":0,"href":"https:\/\/egyptianwisdomcenter.org\/it\/wp-json\/wp\/v2\/pages\/254\/revisions"}],"wp:attachment":[{"href":"https:\/\/egyptianwisdomcenter.org\/it\/wp-json\/wp\/v2\/media?parent=254"}],"curies":[{"name":"wp","href":"https:\/\/api.w.org\/{rel}","templated":true}]}}