{"id":267,"date":"2018-11-02T00:00:00","date_gmt":"2018-11-02T04:00:00","guid":{"rendered":"http:\/\/egyptianwisdomcenter.org\/energy-flow-and-connectivity-in-egyptian-works\/"},"modified":"2023-01-03T01:28:25","modified_gmt":"2023-01-03T06:28:25","slug":"energy-flow-and-connectivity-in-egyptian-works-2","status":"publish","type":"page","link":"https:\/\/egyptianwisdomcenter.org\/it\/flusso-energetico-e-connettivita-nelle-opere-egiziane-2\/","title":{"rendered":"Flusso energetico e connettivit\u00e0 nelle opere egiziane"},"content":{"rendered":"<h2 style=\"text-align: center;\"><span style=\"color: #ff0000;\"><strong>Flusso energetico e connettivit\u00e0 <\/strong><\/span><\/h2>\n<h2 style=\"text-align: center;\"><span style=\"color: #ff0000;\"><strong>Nelle opere egiziane<\/strong><\/span><\/h2>\n<p>&nbsp;<\/p>\n<p>&nbsp;<\/p>\n<p>Nel <em>Litanie di Re<\/em>, la forza creativa cosmica, l&#039;essere Re, \u00e8 descritta come:<\/p>\n<p style=\"padding-left: 30px;\"><strong><em>\u201cColui che \u00e8 unito, che esce dalle sue proprie membra\u201d.<\/em><\/strong><\/p>\n<p>Questa \u00e8 la definizione perfetta dell&#039;unit\u00e0 delle molteplicit\u00e0 come archetipo dell&#039;universo creato.<\/p>\n<p>Per garantire la funzione di un tempio, di una statua, ecc. <strong>come un organismo vivente<\/strong>, i suoi componenti devono essere collegati in modo che l&#039;energia cosmica possa fluire senza ostacoli.<\/p>\n<p>Non \u00e8 corretto pensare semplicemente che il collegamento tra due componenti\/parti serva solo a garantire la stabilit\u00e0 strutturale della\/e parte\/i e dell&#039;intero edificio.<\/p>\n<p>Possiamo prendere indizi dal corpo umano (la casa dell&#039;anima) quando esaminiamo il tempio egizio (la casa dell&#039;anima\/energia\/neter cosmico).<\/p>\n<p>Il corpo umano \u00e8 collegato ai muscoli, ecc., ma le vene e i nervi non sono interrotti nelle articolazioni ossee dello scheletro. Il tempio vivente dell&#039;antico Egitto \u00e8 stato progettato allo stesso modo.<\/p>\n<p>L&#039;unit\u00e0 delle componenti del tempio deve essere come le componenti del corpo umano. Le pareti di un tempio sono costituite da blocchi e angoli, e tali componenti (blocchi) devono essere collegati tra loro in modo da consentire il flusso dell&#039;energia divina, proprio come le parti di un essere umano.<\/p>\n<p>Bassorilievi di tutte le dimensioni, cos\u00ec come i simboli geroglifici, si estendono su due blocchi adiacenti con totale perfezione. L&#039;intento \u00e8 molto chiaro: creare un ponte sulla giunzione tra blocchi adiacenti uno accanto all&#039;altro o uno sopra l&#039;altro.<\/p>\n<p><a href=\"http:\/\/egyptianwisdomcenter.org\/wp-content\/uploads\/2019\/02\/ema-ch5-photo11-72c-1.jpg\"><img decoding=\"async\" class=\"wp-image-2685 aligncenter\" src=\"http:\/\/egyptianwisdomcenter.org\/wp-content\/uploads\/2019\/02\/ema-ch5-photo11-72c-1.jpg\" alt=\"\" width=\"216\" height=\"182\" \/><\/a><\/p>\n<p>I blocchi stessi erano uniti insieme in una sorta di sistema nervoso\/energetico. La continuazione del flusso energetico richiedeva speciali schemi di incastro.<\/p>\n<p>La pratica di unire insieme i blocchi prevalse in ogni tempio egiziano in tutta la storia conosciuta dell&#039;Antico Egitto. Ecco alcuni esempi di richieste di adesione:<\/p>\n<p>1. Incidere in ogni blocco di pietra una tacca superficiale a coda di rondine, profonda 2 cm, che collegava la pietra al<br \/>\nla pietra adiacente. Queste mortase collegano un blocco all&#039;altro: una sorta di sistema nervoso o arterioso che corre attraverso l&#039;intero tempio.<\/p>\n<p><a href=\"http:\/\/egyptianwisdomcenter.org\/wp-content\/uploads\/2019\/02\/eh-133top-1.jpg\"><img decoding=\"async\" class=\"size-full wp-image-1389 aligncenter\" src=\"http:\/\/egyptianwisdomcenter.org\/wp-content\/uploads\/2019\/02\/eh-133top-1.jpg\" alt=\"\" width=\"264\" height=\"82\" \/><\/a><\/p>\n<p>Nessun materiale legante \u00e8 mai stato trovato in queste tacche poco profonde a coda di rondine. Non esiste alcuna struttura architettonica o strutturale<br \/>\nalcuna importanza per tali tacche, con o senza tenoni di legno.<\/p>\n<p><a href=\"http:\/\/egyptianwisdomcenter.org\/wp-content\/uploads\/2019\/02\/eh-133middle-1.jpg\"><img decoding=\"async\" class=\"size-full wp-image-1390 aligncenter\" src=\"http:\/\/egyptianwisdomcenter.org\/wp-content\/uploads\/2019\/02\/eh-133middle-1.jpg\" alt=\"\" width=\"252\" height=\"150\" \/><\/a><\/p>\n<p>2. Sulla parte superiore dei blocchi sono presenti segni di martello frequenti, intenzionali, ben definiti, rettangolari, netti, realizzati dall&#039;uomo.<br \/>\nAncora una volta, questi non hanno alcun valore strutturale. [Vedi l&#039;illustrazione sopra]<\/p>\n<p>3. Le colonne costituite da singoli blocchi circolari hanno le sezioni collegate da un cerchio ben definito di martello pulito<br \/>\nsegni. Ancora una volta, questi non hanno alcun valore strutturale. [Vedi illustrazione sotto]<\/p>\n<p><a href=\"http:\/\/egyptianwisdomcenter.org\/wp-content\/uploads\/2019\/02\/eh-133bottom-1.jpg\"><img loading=\"lazy\" decoding=\"async\" class=\"size-full wp-image-1392 aligncenter\" src=\"http:\/\/egyptianwisdomcenter.org\/wp-content\/uploads\/2019\/02\/eh-133bottom-1.jpg\" alt=\"\" width=\"279\" height=\"155\" \/><\/a><\/p>\n<p>4. Si \u00e8 scoperto che le colonne costruite con blocchi semicircolari (che esprimono dualit\u00e0) hanno un incavo a coda di rondine superficiale, profondo 1\u2033 (2 cm) tra i due blocchi semicircolari. Ancora una volta, queste tacche sono architettonicamente e strutturalmente<br \/>\nsenza senso.[Vedi illustrazione sopra]<\/p>\n<p>5. I blocchi di pavimentazione all&#039;interno e intorno agli edifici dell&#039;Antico Egitto sono disposti in stile mosaico, per evitare punte<br \/>\nangoli e linee di fessura continue, come gli enormi blocchi di pavimentazione attorno alle piramidi di Giza. Si possono vedere chiaramente questi blocchi molto resistenti, perfettamente adattati, ad angolo quadrato, che sono lunghi diversi metri.<\/p>\n<p><a href=\"http:\/\/egyptianwisdomcenter.org\/wp-content\/uploads\/2019\/02\/eh-134-1.jpg\"><img loading=\"lazy\" decoding=\"async\" class=\"wp-image-1394 aligncenter\" src=\"http:\/\/egyptianwisdomcenter.org\/wp-content\/uploads\/2019\/02\/eh-134-1.jpg\" alt=\"\" width=\"156\" height=\"116\" \/><\/a><\/p>\n<p>Gli antichi egizi, nel corso della storia, hanno evitato i semplici incastri bruschi. La creazione di angoli continui e ininterrotti ha permesso alle energie di fluire senza ostacoli. Ecco alcuni esempi di richieste di adesione, trovate in varie localit\u00e0 dell&#039;Egitto:<\/p>\n<p><strong>1.<\/strong>\u00a0Nel Tempio della Valle della Piramide di Khafra a Giza, vicino alla Sfinge.<\/p>\n<p>Molte delle pietre sono incastonate ad angoli diversi. Questa pratica, comune negli edifici egiziani, non presenta alcun vantaggio strutturale rispetto ai corsi regolari. I calcoli aggiuntivi e la manodopera coinvolti in questo tipo di giunzione sono considerevoli, e questa nozione occidentale di \u201caspetti pratici di progettazione\u201d o \u201cconsiderazione economica\u201d non dovrebbe mai essere presa in considerazione nell\u2019Antico Egitto.<\/p>\n<p><a href=\"http:\/\/egyptianwisdomcenter.org\/wp-content\/uploads\/2019\/02\/ema-ch5-photo12-72c-1.jpg\"><img loading=\"lazy\" decoding=\"async\" class=\"wp-image-2686 aligncenter\" src=\"http:\/\/egyptianwisdomcenter.org\/wp-content\/uploads\/2019\/02\/ema-ch5-photo12-72c-1.jpg\" alt=\"\" width=\"183\" height=\"276\" \/><\/a><\/p>\n<p>Gli angoli della pietra non sono a coda di rondine regolari e ad incastro, ma piuttosto a conci inversi alternati. Le giunture vanno dietro gli angoli. Per formare tali angoli, l\u2019intera faccia della pietra \u00e8 stata scolpita, in alcuni casi in modo drammatico, per pi\u00f9 di un piede (30 cm) \u2013 in altri casi, creando a malapena un ritorno di soli un pollice (2 cm) circa.<\/p>\n<p>Questo metodo unico per creare angoli era comunemente usato in tutta la storia egiziana. Lo scopo di questa caratteristica unica \u00e8 quello di evitare crepe continue, in modo da mantenere l&#039;unit\u00e0 del tempio. Di conseguenza, i componenti del tempio devono essere collegati in modo che l&#039;energia cosmica possa fluire ovunque senza ostacoli.<\/p>\n<p><a href=\"http:\/\/egyptianwisdomcenter.org\/wp-content\/uploads\/2019\/02\/ema-ch5-photo13-72c-1.jpg\"><img loading=\"lazy\" decoding=\"async\" class=\"wp-image-2687 aligncenter\" src=\"http:\/\/egyptianwisdomcenter.org\/wp-content\/uploads\/2019\/02\/ema-ch5-photo13-72c-1.jpg\" alt=\"\" width=\"214\" height=\"160\" \/><\/a><\/p>\n<p>&nbsp;<\/p>\n<p><strong>2.<\/strong> Trovato anche a Saqqara dell&#039;era dell&#039;Antico Regno.<\/p>\n<p>Dopo essere andati all&#039;ingresso attraverso il muro di recinzione, troviamo le stesse tecniche di schema di giunzione:<\/p>\n<p><a href=\"http:\/\/egyptianwisdomcenter.org\/wp-content\/uploads\/2019\/02\/ema-ch5-photo14-72c-1.jpg\"><img loading=\"lazy\" decoding=\"async\" class=\"wp-image-2688 aligncenter\" src=\"http:\/\/egyptianwisdomcenter.org\/wp-content\/uploads\/2019\/02\/ema-ch5-photo14-72c-1.jpg\" alt=\"\" width=\"235\" height=\"161\" \/><\/a><\/p>\n<p><a href=\"http:\/\/egyptianwisdomcenter.org\/wp-content\/uploads\/2019\/02\/ema-ch5-photo15-72c-1.jpg\"><img loading=\"lazy\" decoding=\"async\" class=\"wp-image-2689 aligncenter\" src=\"http:\/\/egyptianwisdomcenter.org\/wp-content\/uploads\/2019\/02\/ema-ch5-photo15-72c-1.jpg\" alt=\"\" width=\"169\" height=\"254\" \/><\/a><\/p>\n<p>&nbsp;<\/p>\n<p><strong>3.<\/strong> Pi\u00f9 a sud, in Egitto, nel Complesso dei Templi di Karnak, troviamo la stessa tecnica nell&#039;unire i blocchi e le raffigurazioni su di essi.<\/p>\n<p><a href=\"http:\/\/egyptianwisdomcenter.org\/wp-content\/uploads\/2019\/02\/ema-ch5-photo16-72c-1.jpg\"><img loading=\"lazy\" decoding=\"async\" class=\"wp-image-2690 aligncenter\" src=\"http:\/\/egyptianwisdomcenter.org\/wp-content\/uploads\/2019\/02\/ema-ch5-photo16-72c-1.jpg\" alt=\"\" width=\"150\" height=\"276\" \/><\/a><\/p>\n<p>&nbsp;<\/p>\n<p><strong>4.<\/strong> Andando pi\u00f9 a sud lungo il fiume Nilo, arriviamo al Tempio di Kom Ombo. Anche in questo caso troviamo simboli geroglifici che si estendono su due blocchi adiacenti con totale perfezione.<\/p>\n<p><a href=\"http:\/\/egyptianwisdomcenter.org\/wp-content\/uploads\/2019\/02\/ema-ch5-photo17-72c-1.jpg\"><img loading=\"lazy\" decoding=\"async\" class=\"wp-image-2691 aligncenter\" src=\"http:\/\/egyptianwisdomcenter.org\/wp-content\/uploads\/2019\/02\/ema-ch5-photo17-72c-1.jpg\" alt=\"\" width=\"235\" height=\"156\" \/><\/a><\/p>\n<p><a href=\"http:\/\/egyptianwisdomcenter.org\/wp-content\/uploads\/2019\/02\/ema-ch5-photo18-72c-1.jpg\"><img loading=\"lazy\" decoding=\"async\" class=\"wp-image-2692 aligncenter\" src=\"http:\/\/egyptianwisdomcenter.org\/wp-content\/uploads\/2019\/02\/ema-ch5-photo18-72c-1.jpg\" alt=\"\" width=\"232\" height=\"164\" \/><\/a><\/p>\n<p>Al termine di questo particolare muro incontriamo i collegamenti organici interni tra i blocchi delle mura del tempio. Qui troviamo segni di martello intenzionali, ben definiti, netti, realizzati dall&#039;uomo sul lato dei blocchi. Tale opera non ha assolutamente alcun valore strutturale (e lo dico con piena autorit\u00e0, dato che sono un ingegnere civile con oltre 40 anni di esperienza).<\/p>\n<p>Sulla parte superiore dei blocchi sono presenti segni di martello frequenti, intenzionali, ben definiti, rettangolari, netti, realizzati dall&#039;uomo. Ancora una volta, questi non hanno alcun valore strutturale. Questo martellamento pulito e intenzionale \u00e8 coerente con <strong>uno scopo organico e non strutturale.<\/strong><\/p>\n<p><a href=\"http:\/\/egyptianwisdomcenter.org\/wp-content\/uploads\/2019\/02\/ema-ch5-photo19-72c-1.jpg\"><img loading=\"lazy\" decoding=\"async\" class=\"wp-image-2693 aligncenter\" src=\"http:\/\/egyptianwisdomcenter.org\/wp-content\/uploads\/2019\/02\/ema-ch5-photo19-72c-1.jpg\" alt=\"\" width=\"231\" height=\"164\" \/><\/a><\/p>\n<p>Nella parte inferiore di questo particolare muro del tempio, incontriamo altri dettagli di design organico. In ciascun blocco di pietra viene tagliata una tacca superficiale a coda di rondine profonda 2 cm (1 pollice) che collegava la pietra a quella adiacente. Queste mortase collegano un blocco all&#039;altro: una sorta di sistema nervoso o arterioso che attraversa tutto il tempio.<\/p>\n<p><a href=\"http:\/\/egyptianwisdomcenter.org\/wp-content\/uploads\/2019\/02\/ema-ch5-photo20-72c-1.jpg\"><img loading=\"lazy\" decoding=\"async\" class=\"wp-image-2694 aligncenter\" src=\"http:\/\/egyptianwisdomcenter.org\/wp-content\/uploads\/2019\/02\/ema-ch5-photo20-72c-1.jpg\" alt=\"\" width=\"227\" height=\"209\" \/><\/a><\/p>\n<p>Ovunque si trovano tacche pi\u00f9 organiche a coda di rondine. Nessun materiale legante \u00e8 mai stato trovato in queste tacche poco profonde a coda di rondine. Non vi \u00e8 alcuna importanza architettonica o strutturale per tali tacche, con o senza tenoni in legno. Troviamo anche segni di martello frequenti, intenzionali, ben definiti, rettangolari, netti, realizzati dall&#039;uomo sulla parte superiore dei blocchi. Ancora una volta, questi non hanno alcun valore strutturale.<\/p>\n<p><a href=\"http:\/\/egyptianwisdomcenter.org\/wp-content\/uploads\/2019\/02\/ema-ch5-photo21-72c-1.jpg\"><img loading=\"lazy\" decoding=\"async\" class=\"wp-image-2695 aligncenter\" src=\"http:\/\/egyptianwisdomcenter.org\/wp-content\/uploads\/2019\/02\/ema-ch5-photo21-72c-1.jpg\" alt=\"\" width=\"224\" height=\"149\" \/><\/a><\/p>\n<p>&nbsp;<\/p>\n<p><strong>5.<\/strong> Al Tempio di Luxor troviamo questo <strong>tecnica di giunzione organica <\/strong>alle grandi statue di granito sedute. Una fessura inclinata del granito \u00e8 stata \u201criparata\u201d prevedendo due intagli a coda di rondine. La procedura simbolica (o meglio ancora organica) \u00e8 inevitabile.<\/p>\n<p><a href=\"http:\/\/egyptianwisdomcenter.org\/wp-content\/uploads\/2019\/02\/ema-ch5-photo22-72c-1.jpg\"><img loading=\"lazy\" decoding=\"async\" class=\"wp-image-2696 aligncenter\" src=\"http:\/\/egyptianwisdomcenter.org\/wp-content\/uploads\/2019\/02\/ema-ch5-photo22-72c-1.jpg\" alt=\"\" width=\"184\" height=\"276\" \/><\/a><\/p>\n<p><a href=\"http:\/\/egyptianwisdomcenter.org\/wp-content\/uploads\/2019\/02\/ema-ch5-photo23-72c-1.jpg\"><img loading=\"lazy\" decoding=\"async\" class=\"wp-image-2697 aligncenter\" src=\"http:\/\/egyptianwisdomcenter.org\/wp-content\/uploads\/2019\/02\/ema-ch5-photo23-72c-1.jpg\" alt=\"\" width=\"181\" height=\"235\" \/><\/a><\/p>\n<p>&nbsp;<\/p>\n<p><strong>6.<\/strong> Troviamo tipi simili di statue che si uniscono nelle sfingi dalla testa umana che si estendono per 2 miglia (3 km) tra i templi di Luxor e Karnak.<\/p>\n<p><a href=\"http:\/\/egyptianwisdomcenter.org\/wp-content\/uploads\/2019\/02\/ema-ch5-photo24-72c-1.jpg\"><img loading=\"lazy\" decoding=\"async\" class=\"wp-image-2698 aligncenter\" src=\"http:\/\/egyptianwisdomcenter.org\/wp-content\/uploads\/2019\/02\/ema-ch5-photo24-72c-1.jpg\" alt=\"\" width=\"242\" height=\"161\" \/><\/a><\/p>\n<p><a href=\"http:\/\/egyptianwisdomcenter.org\/wp-content\/uploads\/2019\/02\/ema-ch5-photo25-72c-1.jpg\"><img loading=\"lazy\" decoding=\"async\" class=\"wp-image-2699 aligncenter\" src=\"http:\/\/egyptianwisdomcenter.org\/wp-content\/uploads\/2019\/02\/ema-ch5-photo25-72c-1.jpg\" alt=\"\" width=\"237\" height=\"158\" \/><\/a><\/p>\n<p>&nbsp;<\/p>\n<p><strong>7.<\/strong> Su questa imponente strada lastricata tra i due templi di Luxor e Karnak, incontriamo un&#039;altra applicazione dei modelli di giuntura organica nei blocchi di pavimentazione che sono disposti in stile mosaico per evitare angoli appuntiti e linee di fessura continue, come gli enormi blocchi di pavimentazione attorno alle piramidi di Giza. Si possono vedere chiaramente questi blocchi molto resistenti, perfettamente adattati, ad angolo quadrato che sono lunghi diversi metri.<\/p>\n<p><a href=\"http:\/\/egyptianwisdomcenter.org\/wp-content\/uploads\/2019\/02\/ema-ch5-photo26-72c-1.jpg\"><img loading=\"lazy\" decoding=\"async\" class=\"wp-image-2700 aligncenter\" src=\"http:\/\/egyptianwisdomcenter.org\/wp-content\/uploads\/2019\/02\/ema-ch5-photo26-72c-1.jpg\" alt=\"\" width=\"260\" height=\"173\" \/><\/a><\/p>\n<p><a href=\"http:\/\/egyptianwisdomcenter.org\/wp-content\/uploads\/2019\/02\/ema-ch5-photo27-72c-1.jpg\"><img loading=\"lazy\" decoding=\"async\" class=\"wp-image-2701 aligncenter\" src=\"http:\/\/egyptianwisdomcenter.org\/wp-content\/uploads\/2019\/02\/ema-ch5-photo27-72c-1.jpg\" alt=\"\" width=\"255\" height=\"170\" \/><\/a><\/p>\n<p>&nbsp;<\/p>\n<p><strong>8.<\/strong> Pi\u00f9 a nord, nell&#039;altopiano di Giza, troviamo lo stesso modello organico sulla strada rialzata dalla Piramide di Khafra al Tempio della Valle, vicino alla Sfinge.<\/p>\n<p><a href=\"http:\/\/egyptianwisdomcenter.org\/wp-content\/uploads\/2019\/02\/ema-ch5-photo28-72c-1.jpg\"><img loading=\"lazy\" decoding=\"async\" class=\"wp-image-2702 aligncenter\" src=\"http:\/\/egyptianwisdomcenter.org\/wp-content\/uploads\/2019\/02\/ema-ch5-photo28-72c-1.jpg\" alt=\"\" width=\"254\" height=\"169\" \/><\/a><\/p>\n<p><a href=\"http:\/\/egyptianwisdomcenter.org\/wp-content\/uploads\/2019\/02\/ema-ch5-photo29-72c-1.jpg\"><img loading=\"lazy\" decoding=\"async\" class=\"wp-image-2703 aligncenter\" src=\"http:\/\/egyptianwisdomcenter.org\/wp-content\/uploads\/2019\/02\/ema-ch5-photo29-72c-1.jpg\" alt=\"\" width=\"263\" height=\"175\" \/><\/a><\/p>\n<p>&nbsp;<\/p>\n<p><strong>9.<\/strong> Gli stessi modelli in enormi blocchi di pavimentazione perfettamente adattati si trovano attorno alla base della Piramide di Khafra.<\/p>\n<p><a href=\"http:\/\/egyptianwisdomcenter.org\/wp-content\/uploads\/2019\/02\/ema-ch5-photo30-72c-1.jpg\"><img loading=\"lazy\" decoding=\"async\" class=\"wp-image-2704 aligncenter\" src=\"http:\/\/egyptianwisdomcenter.org\/wp-content\/uploads\/2019\/02\/ema-ch5-photo30-72c-1.jpg\" alt=\"\" width=\"266\" height=\"177\" \/><\/a><\/p>\n<p>&nbsp;<\/p>\n<p><strong>10.<\/strong> Gli stessi modelli sono presenti in tutto l\u2019altopiano di Giza.<\/p>\n<p>Gli antichi egizi, nel corso della storia, hanno evitato giunzioni semplici, brusche e ad incastro. La creazione di angoli continui e ininterrotti ha permesso alle energie di fluire senza ostacoli.<\/p>\n<p>&nbsp;<\/p>\n<p><span style=\"color: #ff0000;\"><strong>[Un estratto da <\/strong><\/span><strong>L&#039;architettura metafisica dell&#039;antico Egitto di Moustafa Gadalla<\/strong><span style=\"color: #ff0000;\"><strong>]<\/strong><\/span><\/p>\n<p><a href=\"https:\/\/egyptianwisdomcenter.org\/it\/prodotto\/lantica-architettura-metafisica-egiziana\/\"><span style=\"color: #0000ff;\"><strong>https:\/\/egyptianwisdomcenter.org\/product\/the-ancient-egyptian-metaphysical-architecture\/<\/strong><\/span><\/a><\/p>\n<p><img decoding=\"async\" class=\"aligncenter\" src=\"https:\/\/books2read-prod.s3.amazonaws.com\/CACHE\/images\/ubl_book_images\/book_display_image_DzTMfrV\/372fcbccd1ea208063914bdc7d930cad\" \/><\/p>\n<div dir=\"auto\">\n<p style=\"text-align: center;\"><a href=\"https:\/\/egyptianwisdomcenter.org\/it\/prodotto\/lantica-architettura-metafisica-egiziana\/\"><span style=\"color: #0000ff;\"><strong>https:\/\/egyptianwisdomcenter.org\/product\/the-ancient-egyptian-metaphysical-architecture\/<\/strong><\/span><\/a><\/p>\n<\/div>","protected":false},"excerpt":{"rendered":"<p>Energy Flow And Connectivity In Egyptian Works &nbsp; &nbsp; In the Litany of Re, the cosmic creative force\u2014being Re\u2014is described as: &#8220;The [&hellip;]<\/p>","protected":false},"author":3,"featured_media":0,"parent":0,"menu_order":0,"comment_status":"closed","ping_status":"closed","template":"","meta":{"footnotes":""},"class_list":["post-267","page","type-page","status-publish","hentry"],"aioseo_notices":[],"_links":{"self":[{"href":"https:\/\/egyptianwisdomcenter.org\/it\/wp-json\/wp\/v2\/pages\/267","targetHints":{"allow":["GET"]}}],"collection":[{"href":"https:\/\/egyptianwisdomcenter.org\/it\/wp-json\/wp\/v2\/pages"}],"about":[{"href":"https:\/\/egyptianwisdomcenter.org\/it\/wp-json\/wp\/v2\/types\/page"}],"author":[{"embeddable":true,"href":"https:\/\/egyptianwisdomcenter.org\/it\/wp-json\/wp\/v2\/users\/3"}],"replies":[{"embeddable":true,"href":"https:\/\/egyptianwisdomcenter.org\/it\/wp-json\/wp\/v2\/comments?post=267"}],"version-history":[{"count":0,"href":"https:\/\/egyptianwisdomcenter.org\/it\/wp-json\/wp\/v2\/pages\/267\/revisions"}],"wp:attachment":[{"href":"https:\/\/egyptianwisdomcenter.org\/it\/wp-json\/wp\/v2\/media?parent=267"}],"curies":[{"name":"wp","href":"https:\/\/api.w.org\/{rel}","templated":true}]}}