{"id":292,"date":"2018-11-02T00:00:00","date_gmt":"2018-11-02T04:00:00","guid":{"rendered":"http:\/\/egyptianwisdomcenter.org\/false-doors-the-physical-metaphysical-threshold\/"},"modified":"2023-02-14T20:11:41","modified_gmt":"2023-02-15T01:11:41","slug":"false-doors-the-physical-metaphysical-threshold-2","status":"publish","type":"page","link":"https:\/\/egyptianwisdomcenter.org\/it\/false-porte-la-soglia-fisica-metafisica-2\/","title":{"rendered":"\u201cFalse porte\u201d: la soglia fisica metafisica"},"content":{"rendered":"<h2 style=\"text-align: center;\"><span style=\"color: #ff0000;\"><strong>\u201cFalse porte\u201d: la soglia fisica metafisica<\/strong><\/span><\/h2>\n<p>&nbsp;<\/p>\n<p>Sul lato occidentale di TUTTI i templi, santuari e tombe private egiziane di tutte le epoche della storia dell&#039;antico Egitto, c&#039;\u00e8 sempre una crepa nel muro, o ci\u00f2 che viene comunemente descritto come una crepa nel muro. <em>falsa porta<\/em>.<\/p>\n<p>L&#039;ovest \u00e8 il punto d&#039;ingresso dello spirito defunto. \u00c8 la soglia tra il regno fisico terrestre e il regno metafisico.<\/p>\n<p>La \u201cfalsa porta\u201d \u00e8 fondamentalmente una forma di muro incassato con prese di pietra simili nei dettagli ad una normale porta\/finestra che \u00e8 in grado di aprirsi e chiudersi. La \u201cfalsa porta\u201d pu\u00f2 assumere la forma di &#039;<em>mehrab<\/em>&#039;, una nicchia nel muro che pu\u00f2 contenere un&#039;effigie o una reliquia.<\/p>\n<p>Nei templi divini, la falsa porta si trova proprio in fondo al santuario e funge da interfaccia tra la sfera divina e quella umana.<\/p>\n<p>Le forme di azione umana in arrivo e il flusso direzionale terminano alla falsa porta, e il flusso delle benedizioni divine inizia e scorre verso l&#039;esterno verso l&#039;ingresso del tempio.<\/p>\n<p>Guardando, ad esempio, l&#039;imponente tempio di Medinet Habu sulla sponda occidentale di Luxor - e guardando il suo Muro Occidentale -<\/p>\n<p><a href=\"http:\/\/egyptianwisdomcenter.org\/wp-content\/uploads\/2019\/02\/ema-ch5-photo3-72c-1.jpg\"><img decoding=\"async\" class=\"wp-image-2677 aligncenter\" src=\"http:\/\/egyptianwisdomcenter.org\/wp-content\/uploads\/2019\/02\/ema-ch5-photo3-72c-1.jpg\" alt=\"\" width=\"258\" height=\"123\" \/><\/a><\/p>\n<p>troviamo\u2014la falsa porta:<\/p>\n<p><a href=\"http:\/\/egyptianwisdomcenter.org\/wp-content\/uploads\/2019\/02\/ema-ch6-photo1-72c-1.jpg\"><img decoding=\"async\" class=\"wp-image-2747 aligncenter\" src=\"http:\/\/egyptianwisdomcenter.org\/wp-content\/uploads\/2019\/02\/ema-ch6-photo1-72c-1.jpg\" alt=\"\" width=\"179\" height=\"200\" \/><\/a><\/p>\n<p>&nbsp;<\/p>\n<p>Pi\u00f9 a nord, ad Abydos, troviamo una falsa porta simile sul muro occidentale.<\/p>\n<p><a href=\"http:\/\/egyptianwisdomcenter.org\/wp-content\/uploads\/2019\/02\/ema-ch6-photo2-72c-1.jpg\"><img decoding=\"async\" class=\"wp-image-2748 aligncenter\" src=\"http:\/\/egyptianwisdomcenter.org\/wp-content\/uploads\/2019\/02\/ema-ch6-photo2-72c-1.jpg\" alt=\"\" width=\"174\" height=\"190\" \/><\/a><\/p>\n<p>&nbsp;<\/p>\n<p>Allo stesso modo, in centinaia di tombe\/mastabe nell&#039;altopiano di Giza:<\/p>\n<p><a href=\"http:\/\/egyptianwisdomcenter.org\/wp-content\/uploads\/2019\/02\/ema-ch6-photo3-72c-1.jpg\"><img loading=\"lazy\" decoding=\"async\" class=\"wp-image-2749 aligncenter\" src=\"http:\/\/egyptianwisdomcenter.org\/wp-content\/uploads\/2019\/02\/ema-ch6-photo3-72c-1.jpg\" alt=\"\" width=\"194\" height=\"152\" \/><\/a><\/p>\n<p>&nbsp;<\/p>\n<p>False porte si trovano anche lungo le pareti occidentali delle tombe di Saqqara:<\/p>\n<p><a href=\"http:\/\/egyptianwisdomcenter.org\/wp-content\/uploads\/2019\/02\/ema-ch6-photo4-72c-1.jpg\"><img loading=\"lazy\" decoding=\"async\" class=\"wp-image-2750 aligncenter\" src=\"http:\/\/egyptianwisdomcenter.org\/wp-content\/uploads\/2019\/02\/ema-ch6-photo4-72c-1.jpg\" alt=\"\" width=\"182\" height=\"281\" \/><\/a><\/p>\n<p>&nbsp;<\/p>\n<p>Il termine &quot;falsa porta&quot; \u00e8 di per s\u00e9 un termine improprio, poich\u00e9, dal punto di vista egiziano, queste caratteristiche erano portali perfettamente funzionanti attraverso i quali lo spirito del defunto poteva uscire o entrare nella tomba interna per ricevere le offerte presentate loro.<\/p>\n<h3><strong>Caratteristiche complementari alle false porte nelle tombe:<\/strong><\/h3>\n<p style=\"padding-left: 30px;\">1. La maggior parte di questi pannelli mostrano il proprietario in pose in piedi o seduti davanti a un tavolo con le offerte. La figura del proprietario \u00e8 scolpita in aspetto frontale, uscente dalla soglia della porta. Sugli stipiti della falsa porta compaiono anche i rilievi del defunto in posa eretta, che rappresentano cos\u00ec il proprietario che si avvicina per ricevere le offerte funerarie.<\/p>\n<p><a href=\"http:\/\/egyptianwisdomcenter.org\/wp-content\/uploads\/2019\/02\/ema-ch6-photo5-72c-1.jpg\"><img loading=\"lazy\" decoding=\"async\" class=\"wp-image-2751 aligncenter\" src=\"http:\/\/egyptianwisdomcenter.org\/wp-content\/uploads\/2019\/02\/ema-ch6-photo5-72c-1.jpg\" alt=\"\" width=\"171\" height=\"211\" \/><\/a><\/p>\n<p style=\"padding-left: 30px;\">2. Un tavolo di offerte davanti alla figura del defunto \u00e8 pieno di pani affettati e testi semplici che enumerano varie offerte di cibo e bevande che vanno dal pane base e dalla birra alla carne di manzo e pollame, verdure, vestiti e oli sacramentali . L&#039;altare, con le sue fette di pane, pu\u00f2 essere integrato da altre tavole contenenti offerte o vasi da libagione.<\/p>\n<p style=\"padding-left: 30px;\">3. I visitatori portano gli animali e gli uccelli sacrificali e fanno a pezzi il toro sacrificale davanti alla porta della tomba. Al centro c&#039;\u00e8 il defunto, seduto sotto il suo padiglione (a significare un regno diverso) e che riceve il sacrificio.<\/p>\n<p style=\"padding-left: 30px;\">4. Dietro la porta c&#039;\u00e8 il pozzo funerario principale. Il pozzo principale conduceva dalla met\u00e0 del tetto della mastaba alla camera sepolcrale.<\/p>\n<p><a href=\"http:\/\/egyptianwisdomcenter.org\/wp-content\/uploads\/2019\/02\/ema-ch6-photo8-72c-1.jpg\"><img loading=\"lazy\" decoding=\"async\" class=\"size-full wp-image-2752 aligncenter\" src=\"http:\/\/egyptianwisdomcenter.org\/wp-content\/uploads\/2019\/02\/ema-ch6-photo8-72c-1.jpg\" alt=\"\" width=\"194\" height=\"349\" \/><\/a><\/p>\n<p>&nbsp;<\/p>\n<h3><strong>Gli incontri del Festival alle \u201cfalse\u201d porte<\/strong><\/h3>\n<p>Nelle feste e nei giorni delle offerte, quando i visitatori presentavano il banchetto con i riti consueti, questa grande figura dipinta, nell&#039;atto di avanzare, e vista alla luce di torce tremolanti o di lampade fumanti, poteva ben apparire dotata di vita. Era come se lo stesso antenato defunto uscisse dal muro e si presentasse misteriosamente davanti ai suoi discendenti per reclamare il loro omaggio. L&#039;iscrizione sull&#039;architrave ripete, ancora una volta, il nome e il grado del defunto. Ritratti fedeli di lui e di altri membri della sua famiglia figurano nei bassorilievi sugli stipiti delle porte. Le scene lo raffigurano seduto tranquillamente a un tavolo con i dettagli della festa attentamente registrati al suo fianco, dal primo momento in cui gli viene portata l&#039;acqua per le abluzioni a quello in cui, esaurita ogni abilit\u00e0 culinaria, non deve far altro che tornare alla sua dimora. in uno stato di beatificata soddisfazione.<\/p>\n<p>Per favore divino, l&#039;anima (o meglio i doppi [Ka-s] del pane, della carne e delle bevande) pass\u00f2 nell&#039;altro mondo e l\u00ec rinfresc\u00f2 il doppio umano [Ka]. Non era tuttavia necessario che l&#039;offerta avesse un&#039;esistenza materiale per essere efficace. Il primo venuto che ripeteva ad alta voce il nome e le formule inscritte sulla pietra assicurava allo sconosciuto occupante, solo con questo mezzo, il possesso immediato di tutte le cose che aveva enumerato.<\/p>\n<p>&nbsp;<\/p>\n<p><span style=\"color: #ff0000;\"><strong>[Un estratto da <a href=\"https:\/\/egypt-tehuti.org\/product\/ancient-egyptian-architecture\/\">L&#039;architettura metafisica dell&#039;antico Egitto di Moustafa Gadalla<\/a>]<\/strong><\/span><\/p>\n<p><img decoding=\"async\" class=\"aligncenter\" src=\"https:\/\/books2read-prod.s3.amazonaws.com\/CACHE\/images\/ubl_book_images\/book_display_image_DzTMfrV\/372fcbccd1ea208063914bdc7d930cad\" \/><\/p>\n<div dir=\"auto\" style=\"text-align: center;\"><a href=\"https:\/\/egyptianwisdomcenter.org\/it\/prodotto\/lantica-architettura-metafisica-egiziana\/\"><span style=\"color: #0000ff;\">https:\/\/egyptianwisdomcenter.org\/product\/the-ancient-egyptian-metaphysical-architecture\/<\/span><\/a><\/div>","protected":false},"excerpt":{"rendered":"<p>&#8220;False Doors&#8221;\u2014The Physical Metaphysical Threshold &nbsp; On the western side of ALL Egyptian temples, shrines, and private tombs of all eras of [&hellip;]<\/p>","protected":false},"author":3,"featured_media":0,"parent":0,"menu_order":0,"comment_status":"closed","ping_status":"closed","template":"","meta":{"footnotes":""},"class_list":["post-292","page","type-page","status-publish","hentry"],"aioseo_notices":[],"_links":{"self":[{"href":"https:\/\/egyptianwisdomcenter.org\/it\/wp-json\/wp\/v2\/pages\/292","targetHints":{"allow":["GET"]}}],"collection":[{"href":"https:\/\/egyptianwisdomcenter.org\/it\/wp-json\/wp\/v2\/pages"}],"about":[{"href":"https:\/\/egyptianwisdomcenter.org\/it\/wp-json\/wp\/v2\/types\/page"}],"author":[{"embeddable":true,"href":"https:\/\/egyptianwisdomcenter.org\/it\/wp-json\/wp\/v2\/users\/3"}],"replies":[{"embeddable":true,"href":"https:\/\/egyptianwisdomcenter.org\/it\/wp-json\/wp\/v2\/comments?post=292"}],"version-history":[{"count":0,"href":"https:\/\/egyptianwisdomcenter.org\/it\/wp-json\/wp\/v2\/pages\/292\/revisions"}],"wp:attachment":[{"href":"https:\/\/egyptianwisdomcenter.org\/it\/wp-json\/wp\/v2\/media?parent=292"}],"curies":[{"name":"wp","href":"https:\/\/api.w.org\/{rel}","templated":true}]}}