{"id":299,"date":"2018-11-02T00:00:00","date_gmt":"2018-11-02T04:00:00","guid":{"rendered":"http:\/\/egyptianwisdomcenter.org\/stylistic-ornamentation-and-decoration\/"},"modified":"2023-01-03T01:33:31","modified_gmt":"2023-01-03T06:33:31","slug":"stylistic-ornamentation-and-decoration-2","status":"publish","type":"page","link":"https:\/\/egyptianwisdomcenter.org\/it\/ornamenti-e-decorazioni-stilistiche-2\/","title":{"rendered":"Ornamentazione e decorazione stilistica"},"content":{"rendered":"<h2 style=\"text-align: center;\"><span style=\"color: #ff0000;\"><strong>Dettagli architettonici egiziani stilistici<\/strong><\/span><\/h2>\n<p>&nbsp;<\/p>\n<p>Diverse caratteristiche stilistiche architettoniche furono utilizzate anche nell&#039;antico Egitto, come:<\/p>\n<p><span style=\"text-decoration: underline; color: #ff0000;\"><strong>Architrave <\/strong><\/span>\u2013 L\u2019architrave veniva ricavato in Egitto dalla trave di pietra, estendendosi da pilastro a pilastro nelle tombe e nei templi.<\/p>\n<p><a href=\"http:\/\/egyptianwisdomcenter.org\/wp-content\/uploads\/2019\/02\/ema-ch6-photo6372c-1.jpg\"><img fetchpriority=\"high\" decoding=\"async\" class=\"wp-image-2803 aligncenter\" src=\"http:\/\/egyptianwisdomcenter.org\/wp-content\/uploads\/2019\/02\/ema-ch6-photo6372c-1.jpg\" alt=\"\" width=\"290\" height=\"193\" \/><\/a><\/p>\n<p>&nbsp;<\/p>\n<p>Sin dalla I dinastia, la pi\u00f9 piccola tomba-mastaba privata presenta un tipico architrave sopra la porta d&#039;ingresso.<\/p>\n<p>L&#039;architrave in pietra veniva utilizzato per aumentare le dimensioni dei loro templi e aggiungere un portico.<\/p>\n<p><a href=\"http:\/\/egyptianwisdomcenter.org\/wp-content\/uploads\/2019\/02\/ema-ch6-photo32-72c-1.jpg\"><img decoding=\"async\" class=\"wp-image-2776 aligncenter\" src=\"http:\/\/egyptianwisdomcenter.org\/wp-content\/uploads\/2019\/02\/ema-ch6-photo32-72c-1.jpg\" alt=\"\" width=\"262\" height=\"177\" \/><\/a><\/p>\n<p><a href=\"http:\/\/egyptianwisdomcenter.org\/wp-content\/uploads\/2019\/02\/ema-ch6-photo33-72c-1.jpg\"><img decoding=\"async\" class=\"wp-image-2777 aligncenter\" src=\"http:\/\/egyptianwisdomcenter.org\/wp-content\/uploads\/2019\/02\/ema-ch6-photo33-72c-1.jpg\" alt=\"\" width=\"261\" height=\"174\" \/><\/a><\/p>\n<p>&nbsp;<\/p>\n<p>Anche i dentelli quadrati sopra un architrave furono utilizzati fin dagli albori della storia dell&#039;Egitto e possono essere visti sulla facciata di una tomba a Beni Hassan e sul soffitto di una delle tombe rupestri delle Piramidi, imitando le travi delle palme.<\/p>\n<p>Qui \u00e8 mostrato in dettaglio nel complesso dei templi di Karnak a Luxor:<\/p>\n<p><a href=\"http:\/\/egyptianwisdomcenter.org\/wp-content\/uploads\/2019\/02\/ema-ch6-photo6672c-1.jpg\"><img loading=\"lazy\" decoding=\"async\" class=\"wp-image-2804 aligncenter\" src=\"http:\/\/egyptianwisdomcenter.org\/wp-content\/uploads\/2019\/02\/ema-ch6-photo6672c-1.jpg\" alt=\"\" width=\"187\" height=\"255\" \/><\/a><\/p>\n<p>&nbsp;<\/p>\n<p><strong><span style=\"text-decoration: underline;\">Cornice<\/span> <\/strong>\u2013 Veniva utilizzato costantemente come dettaglio significativo nella progettazione delle cosiddette false porte che si trovano in ogni tomba e tempio nell\u2019antico Egitto. Nota anche altre funzionalit\u00e0.<\/p>\n<p>Di seguito \u00e8 riportato un esempio completamente dipinto proveniente da una tomba di Saqqara di circa 45 secoli fa.<\/p>\n<p><a href=\"http:\/\/egyptianwisdomcenter.org\/wp-content\/uploads\/2019\/02\/ema-ch6-photo4-72c-1.jpg\"><img loading=\"lazy\" decoding=\"async\" class=\"wp-image-2750 aligncenter\" src=\"http:\/\/egyptianwisdomcenter.org\/wp-content\/uploads\/2019\/02\/ema-ch6-photo4-72c-1.jpg\" alt=\"\" width=\"188\" height=\"290\" \/><\/a><\/p>\n<p>&nbsp;<\/p>\n<p>Per i loro simboli, gli egiziani sceglievano spesso oggetti come il loto e altri fiori, e questi, cos\u00ec come vari animali o le loro teste, erano adatti a formare una cornice, in particolare nelle loro case e tombe, o per decorare articoli di mobili di fantasia. e vestirsi.<\/p>\n<p><span style=\"text-decoration: underline;\"><strong>Toro <\/strong><\/span>\u2013 Il toro \u00e8 stato utilizzato in Egitto sin dalla sua storia pi\u00f9 remota, pi\u00f9 di 5.000 anni fa, ed \u00e8 mostrato qui come un dettaglio significativo della cosiddetta Falsa Porta in ogni tomba e tempio egiziano.<\/p>\n<p><a href=\"http:\/\/egyptianwisdomcenter.org\/wp-content\/uploads\/2019\/02\/ema-ch6-photo1-72c-1.jpg\"><img loading=\"lazy\" decoding=\"async\" class=\"wp-image-2747 aligncenter\" src=\"http:\/\/egyptianwisdomcenter.org\/wp-content\/uploads\/2019\/02\/ema-ch6-photo1-72c-1.jpg\" alt=\"\" width=\"216\" height=\"241\" \/><\/a><\/p>\n<p>&nbsp;<\/p>\n<h3><span style=\"color: #ff0000;\"><strong>Ornamentazione e decorazione stilistica<\/strong><\/span><\/h3>\n<p>Molte persone perdono il talento artistico degli antichi egizi concentrandosi solo sulle rappresentazioni figurative negli edifici egiziani.<\/p>\n<p>Alcune variazioni artistiche vengono notate da alcuni, ma anche in seguito ci viene detto che le avevano gli egiziani <em>nessuna immaginazione <\/em>e quindi non potevano che imitare la natura, come questi tappi di colonne di palme che assomigliano alle abbondanti palme in Egitto.<\/p>\n<p><a href=\"http:\/\/egyptianwisdomcenter.org\/wp-content\/uploads\/2019\/02\/ema-ch6bw-48-96c-1.jpg\"><img loading=\"lazy\" decoding=\"async\" class=\"size-full wp-image-2419 aligncenter\" src=\"http:\/\/egyptianwisdomcenter.org\/wp-content\/uploads\/2019\/02\/ema-ch6bw-48-96c-1.jpg\" alt=\"\" width=\"211\" height=\"193\" \/><\/a><\/p>\n<p>I modelli di design in Egitto possono generalmente essere classificati come floreali, geometrici, figurativi o una combinazione di due o tutti e tre.<\/p>\n<p>IL <span style=\"text-decoration: underline;\"><strong>modelli figurativi <\/strong><\/span>dominano naturalmente templi e tombe; ma i motivi floreali e geometrici abbondano.<\/p>\n<p>La mentalit\u00e0 occidentale \u00e8 ossessionata dal dare un nome a ogni variazione di questi modelli e dall\u2019attaccare un aggettivo greco\/romano a ciascuno, nonostante la sua preesistenza in Egitto.<\/p>\n<p>IL <span style=\"text-decoration: underline;\"><strong>floreale <\/strong><\/span>il tipo \u00e8 raffigurato in una gamma di maturit\u00e0 della pianta, dal bocciolo chiuso al fiore aperto.<\/p>\n<p>Le colonne del tempio in Egitto erano pi\u00f9 che semplici strutture portanti. Le colonne fanno parte del tempio organico e vivente animato.<\/p>\n<p>Appaiono con boccioli chiusi:<\/p>\n<p><a href=\"http:\/\/egyptianwisdomcenter.org\/wp-content\/uploads\/2019\/02\/ema-ch6-photo6672c-1.jpg\"><img loading=\"lazy\" decoding=\"async\" class=\"wp-image-2804 aligncenter\" src=\"http:\/\/egyptianwisdomcenter.org\/wp-content\/uploads\/2019\/02\/ema-ch6-photo6672c-1.jpg\" alt=\"\" width=\"180\" height=\"245\" \/><\/a><\/p>\n<p><a href=\"http:\/\/egyptianwisdomcenter.org\/wp-content\/uploads\/2019\/02\/ema-ch6-photo6772c-1.jpg\"><img loading=\"lazy\" decoding=\"async\" class=\"wp-image-2805 aligncenter\" src=\"http:\/\/egyptianwisdomcenter.org\/wp-content\/uploads\/2019\/02\/ema-ch6-photo6772c-1.jpg\" alt=\"\" width=\"158\" height=\"314\" \/><\/a><\/p>\n<p>&nbsp;<\/p>\n<p>e fiori aperti:<\/p>\n<p><a href=\"http:\/\/egyptianwisdomcenter.org\/wp-content\/uploads\/2019\/02\/ema-ch6-photo6872c-1.jpg\"><img loading=\"lazy\" decoding=\"async\" class=\"wp-image-2806 aligncenter\" src=\"http:\/\/egyptianwisdomcenter.org\/wp-content\/uploads\/2019\/02\/ema-ch6-photo6872c-1.jpg\" alt=\"\" width=\"179\" height=\"203\" \/><\/a><\/p>\n<p>&nbsp;<\/p>\n<p><span style=\"text-decoration: underline;\"><strong>Motivi di disegno geometrico<\/strong><\/span> sono dappertutto, dai soffitti stellati.<\/p>\n<p><a href=\"http:\/\/egyptianwisdomcenter.org\/wp-content\/uploads\/2019\/02\/ema-ch6-photo6972c-1.jpg\"><img loading=\"lazy\" decoding=\"async\" class=\"wp-image-2807 aligncenter\" src=\"http:\/\/egyptianwisdomcenter.org\/wp-content\/uploads\/2019\/02\/ema-ch6-photo6972c-1.jpg\" alt=\"\" width=\"272\" height=\"161\" \/><\/a><\/p>\n<p>&nbsp;<\/p>\n<p>A tutti i tipi di modelli nelle tombe e nei templi di tutto l&#039;Egitto, molto prima che arrivassero in Europa.<\/p>\n<p><a href=\"http:\/\/egyptianwisdomcenter.org\/wp-content\/uploads\/2019\/02\/ema-ch6-photo7072c-1.jpg\"><img loading=\"lazy\" decoding=\"async\" class=\"wp-image-2808 aligncenter\" src=\"http:\/\/egyptianwisdomcenter.org\/wp-content\/uploads\/2019\/02\/ema-ch6-photo7072c-1.jpg\" alt=\"\" width=\"246\" height=\"125\" \/><\/a><\/p>\n<p><a href=\"http:\/\/egyptianwisdomcenter.org\/wp-content\/uploads\/2019\/02\/ema-ch6-photo7172c-1.jpg\"><img loading=\"lazy\" decoding=\"async\" class=\"wp-image-2809 aligncenter\" src=\"http:\/\/egyptianwisdomcenter.org\/wp-content\/uploads\/2019\/02\/ema-ch6-photo7172c-1.jpg\" alt=\"\" width=\"262\" height=\"170\" \/><\/a><\/p>\n<p><a href=\"http:\/\/egyptianwisdomcenter.org\/wp-content\/uploads\/2019\/02\/ema-ch6-photo7272c-1.jpg\"><img loading=\"lazy\" decoding=\"async\" class=\"wp-image-2810 aligncenter\" src=\"http:\/\/egyptianwisdomcenter.org\/wp-content\/uploads\/2019\/02\/ema-ch6-photo7272c-1.jpg\" alt=\"\" width=\"252\" height=\"224\" \/><\/a><\/p>\n<p><a href=\"http:\/\/egyptianwisdomcenter.org\/wp-content\/uploads\/2019\/02\/ema-ch6-photo7372c-1.jpg\"><img loading=\"lazy\" decoding=\"async\" class=\"wp-image-2812 aligncenter\" src=\"http:\/\/egyptianwisdomcenter.org\/wp-content\/uploads\/2019\/02\/ema-ch6-photo7372c-1.jpg\" alt=\"\" width=\"242\" height=\"161\" \/><\/a><\/p>\n<p><a href=\"http:\/\/egyptianwisdomcenter.org\/wp-content\/uploads\/2019\/02\/ema-ch6-photo7472c-1.jpg\"><img loading=\"lazy\" decoding=\"async\" class=\"wp-image-2813 aligncenter\" src=\"http:\/\/egyptianwisdomcenter.org\/wp-content\/uploads\/2019\/02\/ema-ch6-photo7472c-1.jpg\" alt=\"\" width=\"253\" height=\"129\" \/><\/a><\/p>\n<p><a href=\"http:\/\/egyptianwisdomcenter.org\/wp-content\/uploads\/2019\/02\/ema-ch6-photo7572c-1.jpg\"><img loading=\"lazy\" decoding=\"async\" class=\"wp-image-2814 aligncenter\" src=\"http:\/\/egyptianwisdomcenter.org\/wp-content\/uploads\/2019\/02\/ema-ch6-photo7572c-1.jpg\" alt=\"\" width=\"242\" height=\"230\" \/><\/a><\/p>\n<p><a href=\"http:\/\/egyptianwisdomcenter.org\/wp-content\/uploads\/2019\/02\/ema-ch6-photo7672c-1.jpg\"><img loading=\"lazy\" decoding=\"async\" class=\"wp-image-2815 aligncenter\" src=\"http:\/\/egyptianwisdomcenter.org\/wp-content\/uploads\/2019\/02\/ema-ch6-photo7672c-1.jpg\" alt=\"\" width=\"247\" height=\"164\" \/><\/a><\/p>\n<p>&nbsp;<\/p>\n<p>&nbsp;<\/p>\n<p><span style=\"text-decoration: underline;\"><strong>Decorazioni figurative<\/strong><\/span> si trovano in tanti posti.<\/p>\n<p>L&#039;avvoltoio:<\/p>\n<p><a href=\"http:\/\/egyptianwisdomcenter.org\/wp-content\/uploads\/2019\/02\/ema-ch6-photo72c-1.jpg\"><img loading=\"lazy\" decoding=\"async\" class=\"wp-image-2811 aligncenter\" src=\"http:\/\/egyptianwisdomcenter.org\/wp-content\/uploads\/2019\/02\/ema-ch6-photo72c-1.jpg\" alt=\"\" width=\"292\" height=\"158\" \/><\/a><\/p>\n<p>&nbsp;<\/p>\n<p>Etor che indossa un sistro in testa:<\/p>\n<p><a href=\"http:\/\/egyptianwisdomcenter.org\/wp-content\/uploads\/2019\/02\/ema-ch6-photo78-72c-1.jpg\"><img loading=\"lazy\" decoding=\"async\" class=\"wp-image-2817 aligncenter\" src=\"http:\/\/egyptianwisdomcenter.org\/wp-content\/uploads\/2019\/02\/ema-ch6-photo78-72c-1.jpg\" alt=\"\" width=\"187\" height=\"251\" \/><\/a><\/p>\n<p>&nbsp;<\/p>\n<p>Il cobra:<\/p>\n<p><a href=\"http:\/\/egyptianwisdomcenter.org\/wp-content\/uploads\/2019\/02\/ema-ch6-photo7972c-1.jpg\"><img loading=\"lazy\" decoding=\"async\" class=\"wp-image-2818 aligncenter\" src=\"http:\/\/egyptianwisdomcenter.org\/wp-content\/uploads\/2019\/02\/ema-ch6-photo7972c-1.jpg\" alt=\"\" width=\"260\" height=\"141\" \/><\/a><\/p>\n<p>&nbsp;<\/p>\n<p><span style=\"text-decoration: underline;\"><strong>Una combinazione di 2 o tutte e tre le forme<\/strong><\/span> di decorazioni: floreali, geometriche e figurative.<\/p>\n<p><a href=\"http:\/\/egyptianwisdomcenter.org\/wp-content\/uploads\/2019\/02\/ema-ch6-photo8072c-1.jpg\"><img loading=\"lazy\" decoding=\"async\" class=\"wp-image-2819 aligncenter\" src=\"http:\/\/egyptianwisdomcenter.org\/wp-content\/uploads\/2019\/02\/ema-ch6-photo8072c-1.jpg\" alt=\"\" width=\"272\" height=\"180\" \/><\/a><\/p>\n<p>&nbsp;<\/p>\n<p>Gli egiziani non si limitavano sempre alla semplice imitazione di oggetti naturali per ornamento.<\/p>\n<p>I loro soffitti e cornicioni offrono numerosi graziosi dispositivi fantasiosi; tra cui il guilloch\u00e9 (chiamato erroneamente bordo toscano), lo chevron e il motivo a pergamena.<\/p>\n<p>Questi oggetti possono essere visti in una tomba risalente alla VI dinastia; erano quindi conosciuti in Egitto molti secoli prima di essere successivamente adottati dai Greci e dai Romani.<\/p>\n<p><a href=\"http:\/\/egyptianwisdomcenter.org\/wp-content\/uploads\/2019\/02\/ema-ch6-photo76a-72c-1.jpg\"><img loading=\"lazy\" decoding=\"async\" class=\"wp-image-2816 aligncenter\" src=\"http:\/\/egyptianwisdomcenter.org\/wp-content\/uploads\/2019\/02\/ema-ch6-photo76a-72c-1.jpg\" alt=\"\" width=\"205\" height=\"210\" \/><\/a><\/p>\n<p>&nbsp;<\/p>\n<p><span style=\"text-decoration: underline;\"><strong>Guilloch\u00e9<\/strong><\/span>\u00a0\u2013 La forma pi\u00f9 complicata della guilloch\u00e9 copriva un intero soffitto egiziano pi\u00f9 di mille anni prima che fosse rappresentata su quegli oggetti relativamente tardi, trovati a Ninive.<\/p>\n<p><a href=\"http:\/\/egyptianwisdomcenter.org\/wp-content\/uploads\/2019\/02\/ema-ch6-photo7472c-1.jpg\"><img loading=\"lazy\" decoding=\"async\" class=\"wp-image-2813 aligncenter\" src=\"http:\/\/egyptianwisdomcenter.org\/wp-content\/uploads\/2019\/02\/ema-ch6-photo7472c-1.jpg\" alt=\"\" width=\"249\" height=\"127\" \/><\/a><\/p>\n<p><a href=\"http:\/\/egyptianwisdomcenter.org\/wp-content\/uploads\/2019\/02\/ema-ch6-photo8072c-1.jpg\"><img loading=\"lazy\" decoding=\"async\" class=\"wp-image-2819 aligncenter\" src=\"http:\/\/egyptianwisdomcenter.org\/wp-content\/uploads\/2019\/02\/ema-ch6-photo8072c-1.jpg\" alt=\"\" width=\"248\" height=\"164\" \/><\/a><\/p>\n<p>&nbsp;<\/p>\n<p><span style=\"text-decoration: underline;\"><strong>Un Chevron<\/strong><\/span> \u00e8 un tipo di ornamento comunemente presente anche nell&#039;antico Egitto.<\/p>\n<p><a href=\"http:\/\/egyptianwisdomcenter.org\/wp-content\/uploads\/2019\/02\/ema-ch6-photo7272c-1.jpg\"><img loading=\"lazy\" decoding=\"async\" class=\"wp-image-2810 aligncenter\" src=\"http:\/\/egyptianwisdomcenter.org\/wp-content\/uploads\/2019\/02\/ema-ch6-photo7272c-1.jpg\" alt=\"\" width=\"261\" height=\"232\" \/><\/a><\/p>\n<p><a href=\"http:\/\/egyptianwisdomcenter.org\/wp-content\/uploads\/2019\/02\/ema-ch6-photo7172c-1.jpg\"><img loading=\"lazy\" decoding=\"async\" class=\"wp-image-2809 aligncenter\" src=\"http:\/\/egyptianwisdomcenter.org\/wp-content\/uploads\/2019\/02\/ema-ch6-photo7172c-1.jpg\" alt=\"\" width=\"267\" height=\"173\" \/><\/a><\/p>\n<p><a href=\"http:\/\/egyptianwisdomcenter.org\/wp-content\/uploads\/2019\/02\/ema-ch6-photo8172c-1.jpg\"><img loading=\"lazy\" decoding=\"async\" class=\"wp-image-2820 aligncenter\" src=\"http:\/\/egyptianwisdomcenter.org\/wp-content\/uploads\/2019\/02\/ema-ch6-photo8172c-1.jpg\" alt=\"\" width=\"246\" height=\"364\" \/><\/a><\/p>\n<p>&nbsp;<\/p>\n<p><span style=\"text-decoration: underline;\"><strong>La Pergamena<\/strong><\/span> si trova anche nell&#039;antico Egitto.<\/p>\n<p><a href=\"http:\/\/egyptianwisdomcenter.org\/wp-content\/uploads\/2019\/02\/ema-ch6-photo6872c-1.jpg\"><img loading=\"lazy\" decoding=\"async\" class=\"wp-image-2806 aligncenter\" src=\"http:\/\/egyptianwisdomcenter.org\/wp-content\/uploads\/2019\/02\/ema-ch6-photo6872c-1.jpg\" alt=\"\" width=\"188\" height=\"213\" \/><\/a><\/p>\n<p>&nbsp;<\/p>\n<p><span style=\"text-decoration: underline;\"><strong>Colori<\/strong><\/span><\/p>\n<p>Il colore era una parte essenziale dell\u2019architettura egiziana.<\/p>\n<p>Nessuno che capisca l&#039;armonia dei colori non mancher\u00e0 di ammettere che gli antichi egizi ne conoscevano perfettamente la distribuzione e le corrette combinazioni.<\/p>\n<p><a href=\"http:\/\/egyptianwisdomcenter.org\/wp-content\/uploads\/2019\/02\/ema-ch6-photo60-72c-1.jpg\"><img loading=\"lazy\" decoding=\"async\" class=\"wp-image-2802 aligncenter\" src=\"http:\/\/egyptianwisdomcenter.org\/wp-content\/uploads\/2019\/02\/ema-ch6-photo60-72c-1.jpg\" alt=\"\" width=\"257\" height=\"211\" \/><\/a><\/p>\n<p><a href=\"http:\/\/egyptianwisdomcenter.org\/wp-content\/uploads\/2019\/02\/ema-ch6-photo8272c-1.jpg\"><img loading=\"lazy\" decoding=\"async\" class=\"wp-image-2821 aligncenter\" src=\"http:\/\/egyptianwisdomcenter.org\/wp-content\/uploads\/2019\/02\/ema-ch6-photo8272c-1.jpg\" alt=\"\" width=\"215\" height=\"266\" \/><\/a><\/p>\n<p>Ma la scelta dei colori, proprio come ogni altra cosa, riflette la profonda comprensione metafisica degli egiziani del significato e dell&#039;energia di ciascun colore, e vari colori derivano da una combinazione di colori base.<\/p>\n<p><a href=\"http:\/\/egyptianwisdomcenter.org\/wp-content\/uploads\/2019\/02\/ema-ch6-photo8372c-1.jpg\"><img loading=\"lazy\" decoding=\"async\" class=\"wp-image-2822 aligncenter\" src=\"http:\/\/egyptianwisdomcenter.org\/wp-content\/uploads\/2019\/02\/ema-ch6-photo8372c-1.jpg\" alt=\"\" width=\"205\" height=\"254\" \/><\/a><\/p>\n<p>&nbsp;<\/p>\n<p>I soffitti dei templi egiziani erano dipinti di blu e tempestati di stelle per rappresentare il firmamento (come nelle prime chiese europee); e nella parte sopra il passaggio centrale (per il quale passavano il re e i cortei religiosi) c&#039;erano avvoltoi e altri stemmi; il globo alato aveva sempre il suo posto sopra le porte. L&#039;intero edificio, cos\u00ec come le sfingi e gli altri accessori, era riccamente dipinto.<\/p>\n<p>&nbsp;<\/p>\n<p><span style=\"color: #ff0000;\"><strong>[Un estratto da <\/strong><\/span><strong>L&#039;architettura metafisica dell&#039;antico Egitto<\/strong><span style=\"color: #ff0000;\"><strong> di Moustafa Gadalla]<br \/>\n<a href=\"https:\/\/egyptianwisdomcenter.org\/it\/prodotto\/lantica-architettura-metafisica-egiziana\/\"><span style=\"color: #0000ff;\">https:\/\/egyptianwisdomcenter.org\/product\/the-ancient-egyptian-metaphysical-architecture\/<\/span><\/a><br \/>\n<\/strong><\/span><\/p>\n<p><img decoding=\"async\" class=\"aligncenter\" src=\"https:\/\/books2read-prod.s3.amazonaws.com\/CACHE\/images\/ubl_book_images\/book_display_image_DzTMfrV\/372fcbccd1ea208063914bdc7d930cad\" \/><\/p>\n<p style=\"text-align: center;\"><a href=\"https:\/\/egyptianwisdomcenter.org\/it\/prodotto\/lantica-architettura-metafisica-egiziana\/\"><span style=\"color: #ff0000;\"><strong><span style=\"color: #0000ff;\">https:\/\/egyptianwisdomcenter.org\/product\/the-ancient-egyptian-metaphysical-architecture\/<\/span><\/strong><\/span><\/a><\/p>\n<div dir=\"auto\"><\/div>","protected":false},"excerpt":{"rendered":"<p>Stylistic Egyptian Architectural Details &nbsp; Several stylistic architectural features were also used in Ancient Egypt, such as: Architrave \u2013 The architrave was [&hellip;]<\/p>","protected":false},"author":3,"featured_media":0,"parent":0,"menu_order":0,"comment_status":"closed","ping_status":"closed","template":"","meta":{"footnotes":""},"class_list":["post-299","page","type-page","status-publish","hentry"],"aioseo_notices":[],"_links":{"self":[{"href":"https:\/\/egyptianwisdomcenter.org\/it\/wp-json\/wp\/v2\/pages\/299","targetHints":{"allow":["GET"]}}],"collection":[{"href":"https:\/\/egyptianwisdomcenter.org\/it\/wp-json\/wp\/v2\/pages"}],"about":[{"href":"https:\/\/egyptianwisdomcenter.org\/it\/wp-json\/wp\/v2\/types\/page"}],"author":[{"embeddable":true,"href":"https:\/\/egyptianwisdomcenter.org\/it\/wp-json\/wp\/v2\/users\/3"}],"replies":[{"embeddable":true,"href":"https:\/\/egyptianwisdomcenter.org\/it\/wp-json\/wp\/v2\/comments?post=299"}],"version-history":[{"count":0,"href":"https:\/\/egyptianwisdomcenter.org\/it\/wp-json\/wp\/v2\/pages\/299\/revisions"}],"wp:attachment":[{"href":"https:\/\/egyptianwisdomcenter.org\/it\/wp-json\/wp\/v2\/media?parent=299"}],"curies":[{"name":"wp","href":"https:\/\/api.w.org\/{rel}","templated":true}]}}