{"id":30817,"date":"2019-03-25T16:27:52","date_gmt":"2019-03-25T20:27:52","guid":{"rendered":"https:\/\/egyptianwisdomcenter.org\/il-potere-della-piramide\/"},"modified":"2023-01-10T12:47:33","modified_gmt":"2023-01-10T17:47:33","slug":"il-potere-della-piramide","status":"publish","type":"page","link":"https:\/\/egyptianwisdomcenter.org\/it\/il-potere-della-piramide\/","title":{"rendered":"Il Potere Della Piramide"},"content":{"rendered":"<h2 style=\"text-align: center;\"><span style=\"color: #ff0000;\"><strong>Potere Piramidale<\/strong><\/span><\/h2>\n<p>&nbsp;<\/p>\n<p>Molti ricercatori hanno scoperto che c&#8217;era qualche propriet\u00e0 nella forma piramidale che lo ha reso responsabile di poteri straordinari. Hanno sperimentato vari elementi posizionando ogni elemento nella posizione equivalente della &#8220;King &#8216; s Room&#8221; all&#8217;interno di un modello in scala di una piramide correttamente orientata. Hanno scoperto che i materiali altamente deperibili sono stati conservati, smussati, lame di rasoio in acciaio al carbonio vecchio stile recuperato i loro spigoli taglienti dopo un soggiorno di una notte, ecc. Molti concludeva che la forma piramidale era responsabile, e in qualche modo cambi\u00f2 i processi fisici, chimici e biologici che potevano avvenire all&#8217;interno di quella forma. Questa sperimentazione ha portato al fenomeno noto come &#8220;piramide Power&#8221;.<\/p>\n<p>Si sente il potere di queste piramidi egiziane quando dentro o fuori di loro perch\u00e9 le loro configurazioni sono armonicamente proporzionate.<\/p>\n<p>Le piramidi sono state armoniosamente proporzionate per agire\/funzionare nello stesso modo delle <em>Serre<\/em> -cio\u00e8 per attrarre e trattenere certe energie. Nel caso della piramide egiziana, dovrebbe essere chiamato l&#8217;effetto <em>Bluehouse <\/em>.<\/p>\n<p>In caso di effetto serra, \u00e8 la ritenzione di calore dalla luce solare sulla superficie terrestre, causata da anidride carbonica atmosferica, che ammette le radiazioni a onde corte, ma assorbe la radiazione a onde lunghe emessa dalla terra.<\/p>\n<p>Nel caso dell&#8217;effetto <em>Bluehouse <\/em>, l&#8217;edificio conserva l&#8217;energia Orgone. Orgone proviene dallo spazio esterno. \u00c8 ci\u00f2 che rende le stelle scintillio, e il cielo azzurro.<\/p>\n<p>Orgone pu\u00f2 essere accumulato costruendo una scatola con legno all&#8217;esterno e lamiera all&#8217;interno. Il materiale organico consente l&#8217;Orgone attraverso, e l&#8217;interno in metallo lo riflette.<\/p>\n<p>Questa condizione\/fenomeno potrebbe quindi essere chiamato l&#8217;effetto <em>Bluehouse <\/em>. Le concentrazioni anormalmente elevate di energia PSI-org si accumulano all&#8217;interno di una tale scatola.<\/p>\n<p>PSI-org combina le abbreviazioni per l&#8217;energia psichica e Orgone. Sono nomi diversi per la stessa forza. Il campo PSI, che produce l&#8217;aura umana ed \u00e8 responsabile di tutti i poteri psichici, non \u00e8 altro che quello di Wilhelm Reich, il controverso discepolo austriaco di Freud, chiamato &#8220;energia orgone&#8221;.<\/p>\n<p>Gli Egiziani sapevano tutto sull&#8217;energia PSI-org, perch\u00e9 lo usavano. Gli antichi Egizi furono i primi a scoprire che la forma di una piramide ben proporzionata pu\u00f2 concentrare l&#8217;energia PSI-org.<\/p>\n<p>L&#8217;effetto Bluehouse aumenta drasticamente quando la superficie della piramide \u00e8 laminata.<\/p>\n<p>I primi storici e viaggiatori ci hanno detto come le pietre involucro delle piramidi usato per brillare. Le pietre dell&#8217;involucro furono scavate durante e dopo il XIII secolo, per costruire moschee e palazzi o per bruciare calce.<\/p>\n<p>Il test di questo tipo di energia \u00e8 stato fatto dal dottor Harald PUTON, un fisico belga molto competente che ha scoperto che ogni forma di energia PSI \u00e8 aumentata stando seduti sotto una piramide armoniosamente proporzionata. Tale persona \u00e8 pi\u00f9 telepatico, pi\u00f9 chiarovattante, e pi\u00f9 precognitivo. \u00c8 pi\u00f9 facile avviare esperienze fuori dal corpo in queste condizioni. Inoltre, l&#8217;aura del corpo \u00e8 pi\u00f9 intensa all&#8217;interno di una piramide.<\/p>\n<p style=\"text-align: center;\">\u0394 \u0394 \u0394<\/p>\n<p><span style=\"text-decoration: underline;\"><strong>I canali energetici degli interni delle piramidi<\/strong><\/span><\/p>\n<p>Come detto in precedenza, le autentiche piramidi di pietra solida dell&#8217;Egitto hanno passaggi stretti e alcune stanze vuote che sono totalmente prive di iscrizioni funerarie e caratteristiche.<\/p>\n<p>Gli interni di queste piramidi solide a forma di vero sono fondamentalmente una rete di convogliamento di energia. Tale rete energetica \u00e8 costituita da stanze vuote, corridoi stretti, grandi corridoi, pendii ripidi, pareti vuote, superfici lisce, ecc.<\/p>\n<p>&nbsp;<\/p>\n<p><span style=\"color: #ff0000;\"><strong>[Un estratto dalle Alla riscoperta delle piramidi egizie <\/strong><\/span><span style=\"color: #ff0000;\"><strong>di Moustafa Gadalla]<\/strong><\/span><\/p>\n<p><span style=\"color: #0000ff;\"><strong>https:\/\/egyptianwisdomcenter.org\/product\/alla-riscoperta-delle-piramidi-egizie\/<\/strong><\/span><\/p>\n<p><a href=\"https:\/\/egyptianwisdomcenter.org\/product\/05-alla-riscoperta-delle-piramidi-egizie\/\"><img decoding=\"async\" class=\"aligncenter\" src=\"https:\/\/egypt-tehuti.org\/wp-content\/uploads\/2016\/10\/cover-italian-1-e1514411031514-225x338.jpg\" \/><\/a><\/p>\n<div dir=\"auto\" style=\"text-align: center;\"><span style=\"color: #0000ff;\"><strong>https:\/\/egyptianwisdomcenter.org\/product\/alla-riscoperta-delle-piramidi-egizie\/<\/strong><\/span><\/div>\n<p>&nbsp;<\/p>\n<div dir=\"auto\"><\/div>\n","protected":false},"excerpt":{"rendered":"<p>Potere Piramidale &nbsp; Molti ricercatori hanno scoperto che c&#8217;era qualche propriet\u00e0 nella forma piramidale che lo ha reso responsabile di poteri straordinari. [&hellip;]<\/p>\n","protected":false},"author":3,"featured_media":0,"parent":0,"menu_order":0,"comment_status":"closed","ping_status":"closed","template":"","meta":{"_monsterinsights_skip_tracking":false,"_monsterinsights_sitenote_active":false,"_monsterinsights_sitenote_note":"","_monsterinsights_sitenote_category":0,"footnotes":""},"class_list":["post-30817","page","type-page","status-publish","hentry"],"aioseo_notices":[],"_links":{"self":[{"href":"https:\/\/egyptianwisdomcenter.org\/it\/wp-json\/wp\/v2\/pages\/30817","targetHints":{"allow":["GET"]}}],"collection":[{"href":"https:\/\/egyptianwisdomcenter.org\/it\/wp-json\/wp\/v2\/pages"}],"about":[{"href":"https:\/\/egyptianwisdomcenter.org\/it\/wp-json\/wp\/v2\/types\/page"}],"author":[{"embeddable":true,"href":"https:\/\/egyptianwisdomcenter.org\/it\/wp-json\/wp\/v2\/users\/3"}],"replies":[{"embeddable":true,"href":"https:\/\/egyptianwisdomcenter.org\/it\/wp-json\/wp\/v2\/comments?post=30817"}],"version-history":[{"count":0,"href":"https:\/\/egyptianwisdomcenter.org\/it\/wp-json\/wp\/v2\/pages\/30817\/revisions"}],"wp:attachment":[{"href":"https:\/\/egyptianwisdomcenter.org\/it\/wp-json\/wp\/v2\/media?parent=30817"}],"curies":[{"name":"wp","href":"https:\/\/api.w.org\/{rel}","templated":true}]}}