{"id":324,"date":"2018-11-02T00:00:00","date_gmt":"2018-11-02T04:00:00","guid":{"rendered":"http:\/\/egyptianwisdomcenter.org\/pyramid-power\/"},"modified":"2023-01-03T01:35:37","modified_gmt":"2023-01-03T06:35:37","slug":"pyramid-power-2","status":"publish","type":"page","link":"https:\/\/egyptianwisdomcenter.org\/it\/potere-piramidale-2\/","title":{"rendered":"Il potere della piramide"},"content":{"rendered":"<h2 style=\"text-align: center;\"><span style=\"color: #ff0000;\"><strong>Il potere della piramide<\/strong><\/span><\/h2>\n<p>&nbsp;<\/p>\n<p>Molti ricercatori hanno scoperto che c&#039;era qualche propriet\u00e0 nella forma piramidale che la rendeva responsabile di poteri straordinari. Hanno sperimentato vari oggetti posizionando ciascuno di essi nella posizione equivalente della \u201cStanza del Re\u201d all&#039;interno di un modello in scala di una piramide correttamente orientata. Hanno scoperto che i materiali altamente deperibili erano preservati, le lame di rasoio smussate e vecchio stile in acciaio al carbonio riacquistavano i loro bordi affilati dopo un pernottamento, ecc. Molti hanno concluso che la forma piramidale stessa era responsabile e in qualche modo ha cambiato le caratteristiche fisiche, chimiche e biologiche. processi che potrebbero aver luogo all\u2019interno di quella forma. Questa sperimentazione ha portato al fenomeno noto come \u201cPyramid Power\u201d.<\/p>\n<p>Si sente il potere di queste piramidi egiziane sia all&#039;interno che all&#039;esterno perch\u00e9 le loro configurazioni sono armonicamente proporzionate.<\/p>\n<p>Le piramidi erano armonicamente proporzionate per agire\/funzionare allo stesso modo di <em>serre<\/em> \u2013 cio\u00e8 attrarre e trattenere determinate energie. Nel caso della piramide egizia, dovrebbe essere chiamata <em>casa blu <\/em>effetto.<\/p>\n<p>Nel caso dell&#039;effetto serra, si tratta della ritenzione del calore proveniente dalla luce solare sulla superficie terrestre, causata dall&#039;anidride carbonica atmosferica, che ammette la radiazione a onde corte ma assorbe la radiazione a onda lunga emessa dalla Terra.<\/p>\n<p>Nel caso del <em>casa blu <\/em>Per effetto dell&#039;effetto, l&#039;edificio trattiene l&#039;energia orgonica. L&#039;orgone viene dallo spazio. \u00c8 ci\u00f2 che fa brillare le stelle e il cielo azzurro.<\/p>\n<p>L&#039;orgone pu\u00f2 essere accumulato costruendo una scatola con legno all&#039;esterno e lamiera all&#039;interno. Il materiale organico lascia passare l&#039;orgone e l&#039;interno metallico lo riflette.<\/p>\n<p>Questa condizione\/fenomeno potrebbe quindi essere chiamata il <em>casa blu <\/em>effetto. All&#039;interno di una scatola del genere si accumulano concentrazioni anormalmente elevate di energia psi-org.<\/p>\n<p>Psi-org combina le abbreviazioni per energia psichica e orgonica. Sono nomi diversi per la stessa forza. Il campo psi, che produce l&#039;aura umana ed \u00e8 responsabile di tutti i poteri psichici, non \u00e8 altro che ci\u00f2 che Wilhelm Reich, il controverso discepolo austriaco di Freud, chiamava &quot;energia orgonica&quot;.<\/p>\n<p>Gli egiziani sapevano tutto dell&#039;energia psi-org, perch\u00e9 la usavano. Gli antichi egizi furono i primi a scoprire che la forma di una piramide ben proporzionata pu\u00f2 concentrare l&#039;energia psi-org.<\/p>\n<p>L&#039;effetto bluehouse aumenta drasticamente quando la superficie della piramide \u00e8 laminata.<\/p>\n<p>I primi storici e viaggiatori ci hanno raccontato come brillavano le pietre dell&#039;involucro delle piramidi. Le pietre da rivestimento furono estratte durante e dopo il XIII secolo, per costruire moschee e palazzi o per bruciare la calce.<\/p>\n<p>I test su questo tipo di energia sono stati condotti dal Dr. Harald Puton, un fisico belga molto competente, il quale ha scoperto che ogni forma di energia psi viene aumentata sedendosi sotto una piramide cos\u00ec armonicamente proporzionata. Una persona del genere \u00e8 pi\u00f9 telepatica, pi\u00f9 chiaroveggente e pi\u00f9 precognitiva. \u00c8 pi\u00f9 facile iniziare esperienze fuori dal corpo in queste condizioni. Inoltre, l&#039;aura del corpo \u00e8 pi\u00f9 intensa all&#039;interno di una piramide.<\/p>\n<p style=\"text-align: center;\">\u0394\u0394\u0394<\/p>\n<p><span style=\"text-decoration: underline;\"><strong>I canali energetici degli interni delle piramidi<\/strong><\/span><\/p>\n<p>Come affermato in precedenza, le autentiche piramidi di pietra solida dell&#039;Egitto hanno passaggi stretti e alcune stanze vuote che sono totalmente prive di iscrizioni e caratteristiche funerarie.<\/p>\n<p>Gli interni di queste piramidi solide dalla vera forma sono fondamentalmente una rete di canalizzazione dell&#039;energia. Una tale rete energetica \u00e8 costituita da stanze vuote, corridoi stretti, ampi corridoi, pendii ripidi, muri vuoti, superfici lisce, ecc.<\/p>\n<p>&nbsp;<\/p>\n<p><span style=\"color: #ff0000;\"><strong>[Un estratto da <\/strong><\/span><strong>Le piramidi egiziane rivisitate<\/strong><span style=\"color: #ff0000;\"><strong> di Moustafa Gadalla]<br \/>\n<a href=\"https:\/\/egyptianwisdomcenter.org\/it\/prodotto\/the-egyptian-pyramids-revisited\/\"><span style=\"color: #0000ff;\">https:\/\/egyptianwisdomcenter.org\/product\/alla-riscoperta-delle-piramidi-egizie\/<\/span><\/a><br \/>\n<\/strong><\/span><\/p>\n<p><img decoding=\"async\" class=\"aligncenter\" src=\"https:\/\/egyptianwisdomcenter.org\/wp-content\/uploads\/2023\/01\/alla-riscoperta-delle-piramidi-egizie-1.jpg\" \/><\/p>\n<p style=\"text-align: center;\"><a href=\"https:\/\/egyptianwisdomcenter.org\/it\/prodotto\/the-egyptian-pyramids-revisited\/\"><span style=\"color: #ff0000;\"><strong><span style=\"color: #0000ff;\">https:\/\/egyptianwisdomcenter.org\/product\/alla-riscoperta-delle-piramidi-egizie\/<\/span><\/strong><\/span><\/a><\/p>\n<div dir=\"auto\"><\/div>","protected":false},"excerpt":{"rendered":"<p>Pyramid Power &nbsp; Many researchers found that there was some property in the pyramidal shape that made it responsible for extraordinary powers. [&hellip;]<\/p>","protected":false},"author":3,"featured_media":0,"parent":0,"menu_order":0,"comment_status":"closed","ping_status":"closed","template":"","meta":{"footnotes":""},"class_list":["post-324","page","type-page","status-publish","hentry"],"aioseo_notices":[],"_links":{"self":[{"href":"https:\/\/egyptianwisdomcenter.org\/it\/wp-json\/wp\/v2\/pages\/324","targetHints":{"allow":["GET"]}}],"collection":[{"href":"https:\/\/egyptianwisdomcenter.org\/it\/wp-json\/wp\/v2\/pages"}],"about":[{"href":"https:\/\/egyptianwisdomcenter.org\/it\/wp-json\/wp\/v2\/types\/page"}],"author":[{"embeddable":true,"href":"https:\/\/egyptianwisdomcenter.org\/it\/wp-json\/wp\/v2\/users\/3"}],"replies":[{"embeddable":true,"href":"https:\/\/egyptianwisdomcenter.org\/it\/wp-json\/wp\/v2\/comments?post=324"}],"version-history":[{"count":0,"href":"https:\/\/egyptianwisdomcenter.org\/it\/wp-json\/wp\/v2\/pages\/324\/revisions"}],"wp:attachment":[{"href":"https:\/\/egyptianwisdomcenter.org\/it\/wp-json\/wp\/v2\/media?parent=324"}],"curies":[{"name":"wp","href":"https:\/\/api.w.org\/{rel}","templated":true}]}}