{"id":326,"date":"2018-11-02T00:00:00","date_gmt":"2018-11-02T04:00:00","guid":{"rendered":"http:\/\/egyptianwisdomcenter.org\/the-flawed-common-construction-theory-of-the-pyramids\/"},"modified":"2023-01-03T01:36:24","modified_gmt":"2023-01-03T06:36:24","slug":"the-flawed-common-construction-theory-of-the-pyramids-2","status":"publish","type":"page","link":"https:\/\/egyptianwisdomcenter.org\/it\/lerrata-teoria-comune-della-costruzione-delle-piramidi-2\/","title":{"rendered":"L\u2019erronea \u201cteoria comune della costruzione\u201d delle piramidi"},"content":{"rendered":"<h2 style=\"text-align: center;\"><span style=\"color: #0000ff;\">L\u2019erronea \u201cteoria comune della costruzione\u201d delle piramidi<\/span><\/h2>\n<p>&nbsp;<\/p>\n<h3><span style=\"color: #ff0000;\"><strong>1. La \u201cteoria\u201d comune<\/strong><\/span><\/h3>\n<p>Molti egittologi accademici affermano che non esistono documenti dell&#039;Antico Egitto di alcun periodo che descrivano come furono costruite le piramidi. Il loro errore \u00e8 quello di aver predeterminato il metodo di costruzione e di cercare solo i documenti per affermare la loro teoria preconcetta. Pertanto, hanno inventato una teoria. La loro teoria &quot;inventata&quot; \u00e8 che:<\/p>\n<p style=\"padding-left: 30px;\">UN. I blocchi della piramide sono di due tipi:<\/p>\n<p style=\"padding-left: 60px;\">io. I blocchi centrali erano costruiti principalmente con blocchi di calcare locale estratti e cementati da un sottilissimo strato di malta.<\/p>\n<p style=\"padding-left: 60px;\">ii. Pietre dell&#039;involucro esterno realizzate in pietra calcarea a grana fine, estratte da Tura, sulla sponda orientale del Nilo, e traghettate attraverso il Nilo fino al sito.<\/p>\n<p><a href=\"http:\/\/egyptianwisdomcenter.org\/wp-content\/uploads\/2019\/02\/epr-ph-49bot-72c.jpg\"><img decoding=\"async\" class=\"size-full wp-image-1527 aligncenter\" src=\"http:\/\/egyptianwisdomcenter.org\/wp-content\/uploads\/2019\/02\/epr-ph-49bot-72c.jpg\" alt=\"\" width=\"216\" height=\"112\" \/><\/a><\/p>\n<p>&nbsp;<\/p>\n<p style=\"padding-left: 30px;\">B. Per tagliare e modellare i blocchi di pietra, gli egiziani usavano quanto segue,<\/p>\n<p style=\"padding-left: 60px;\">io. scalpelli in rame ed eventualmente utensili in ferro<\/p>\n<p style=\"padding-left: 60px;\">ii. martelli di selce, quarzo e diorite<\/p>\n<p style=\"padding-left: 60px;\">iii. grandi piedi di porco in legno<\/p>\n<p style=\"padding-left: 30px;\">C. Per trasportare i blocchi di pietra si utilizzavano slitte e rulli di legno. Successivamente le pietre \u201cestratte\u201d venivano trasportate su rampe temporanee, che aumentavano sia in altezza che in lunghezza man mano che venivano sollevate ai livelli successivi della piramide.<\/p>\n<h3><strong>UN. La \u201cfonte\u201d non identificata dei blocchi estratti<\/strong><\/h3>\n<p>Consideriamo i seguenti fatti indiscussi sulla Piramide di Khufu (Cheope) di Giza. [Fatti simili a quelli menzionati qui sono applicabili anche a tutte le piramidi in muratura.]<\/p>\n<p class=\"hanging-indent\" style=\"padding-left: 30px;\">1. La Grande Piramide contiene circa 2,6 milioni di elementi costitutivi, che pesano da due a settanta tonnellate ciascuno.<\/p>\n<p class=\"hanging-indent\" style=\"padding-left: 30px;\">2. Quasi nessuno dei blocchi piramidali corrisponde al substrato roccioso di Giza n\u00e9 chimicamente n\u00e9 mineralogicamente.<\/p>\n<p class=\"hanging-indent\" style=\"padding-left: 30px;\">3. Il substrato roccioso del Palteau di Giza \u00e8 costituito da strati, mentre i blocchi piramidali non contengono strati.<\/p>\n<p class=\"hanging-indent\" style=\"padding-left: 30px;\">4. Strati e difetti rendono impossibile il taglio della pietra a dimensioni perfettamente uniformi.<\/p>\n<p class=\"hanging-indent\" style=\"padding-left: 30px;\">5. Geologi e geochimici non sono d&#039;accordo sull&#039;origine dei blocchi piramidali. Questo da solo manda in frantumi la teoria comune secondo cui la muratura centrale della piramide fu estratta dalla roccia locale.<\/p>\n<p class=\"hanging-indent\" style=\"padding-left: 30px;\">6. La pietra naturale \u00e8 costituita da conchiglie fossili che giacciono orizzontalmente o piatte nel substrato roccioso a seguito della formazione di strati sedimentari del substrato roccioso nel corso di milioni di anni. I blocchi delle piramidi in muratura dell&#039;Egitto mostrano conchiglie mescolate, il che \u00e8 indicativo di pietra fusa artificiale. In qualsiasi calcestruzzo, gli aggregati sono mescolati e, di conseguenza, il calcestruzzo colato \u00e8 privo di strati sedimentari. Queste piramidi erano costituite essenzialmente da conchiglie calcaree fossili, un materiale eterogeneo molto difficile da tagliare con precisione.<\/p>\n<p class=\"hanging-indent\" style=\"padding-left: 30px;\">7. Gli scienziati francesi hanno scoperto che la densit\u00e0 apparente dei blocchi piramidali \u00e8 20% pi\u00f9 leggera del calcare locale. I blocchi fusi sono sempre 20-25% pi\u00f9 leggeri della roccia naturale, perch\u00e9 sono pieni di bolle d&#039;aria.<\/p>\n<h3><strong>B. Impossibilit\u00e0 di tagliare e modellare<\/strong><\/h3>\n<p class=\"hanging-indent\" style=\"padding-left: 30px;\">1. Gli strumenti di pietra o rame (che sono un metallo tenero), usati dagli egiziani a quel tempo, non possono tagliare grandi blocchi di granito o milioni di blocchi di calcare con una precisione sottilissima, e mai entro i tempi assegnati per la costruzione di queste piramidi.<\/p>\n<p class=\"hanging-indent\" style=\"padding-left: 30px;\">2. Il calcare si spacca spesso durante il taglio. Le faglie e gli strati nel substrato roccioso assicurano che per ogni blocco tagliato secondo gli standard, almeno uno si spezzer\u00e0 o verr\u00e0 dimensionato in modo improprio durante l&#039;estrazione.<\/p>\n<p style=\"padding-left: 60px;\"><strong>&gt;&gt; Considerati i molti milioni di blocchi di tutte queste piramidi, dovrebbero esserci milioni di blocchi crepati che giacciono nelle vicinanze o da qualche parte in Egitto; ma non si trovano da nessuna parte.<\/strong><\/p>\n<p style=\"padding-left: 60px;\">In breve: niente rifiuti di blocchi crepati significa niente estrazione. Gli storici antichi che documentarono le loro visite in Egitto non hanno menzionato cumuli di blocchi rotti.<\/p>\n<p style=\"padding-left: 30px;\">3. Per estrarre le pietre, alcuni suggeriscono che gli egiziani potrebbero aver riscaldato la superficie della pietra ad una temperatura molto elevata con il fuoco, quindi spruzzata sull&#039;acqua per spaccarla. Questo suggerimento non \u00e8 valido perch\u00e9:<\/p>\n<p style=\"padding-left: 60px;\"><strong> Innanzitutto<\/strong>, questo metodo porta a fornire superfici irregolari e non a realizzare blocchi di forma regolare. Questo metodo pu\u00f2 essere utilizzato solo per ridurre grandi pezzi di arenaria, granito o basalto in aggregati piccoli, irregolari e frammentati.<\/p>\n<p style=\"padding-left: 60px;\"><strong>In secondo luogo<\/strong>, il riscaldamento con il fuoco trasferisce il calcare in calce a 704<sup>o<\/sup> (1,300<sup>o<\/sup> F). In altre parole, non abbiamo pi\u00f9 pezzi di roccia solidi. Pertanto, produrre blocchi piramidali riscaldando la pietra calcarea \u00e8 impossibile.<\/p>\n<p class=\"hanging-indent\" style=\"padding-left: 30px;\">4. Ci sono circa dieci lunghezze di blocco standard in tutta la piramide. Allo stesso modo, un numero limitato di dimensioni standard si applica anche ad altre piramidi. Scolpire dimensioni cos\u00ec uniformi \u00e8 impossibile. Tuttavia, disporre di stampi standardizzati per la formatura del calcestruzzo \u00e8 una conclusione pi\u00f9 logica.<\/p>\n<p><a href=\"http:\/\/egyptianwisdomcenter.org\/wp-content\/uploads\/2019\/02\/epr-ch7-photo1-96c.jpg\"><img fetchpriority=\"high\" decoding=\"async\" class=\"wp-image-1411 aligncenter\" src=\"http:\/\/egyptianwisdomcenter.org\/wp-content\/uploads\/2019\/02\/epr-ch7-photo1-96c.jpg\" alt=\"\" width=\"293\" height=\"219\" \/><\/a><\/p>\n<p class=\"hanging-indent\" style=\"padding-left: 30px;\">5. Un altro fatto affermativo \u00e8 quanto sono lunghi alcuni blocchi. \u00c8 stato notato che i blocchi pi\u00f9 lunghi nelle piramidi hanno sempre la stessa lunghezza. Questa \u00e8 una prova estremamente forte a favore dell&#039;uso di stampi per colata.<\/p>\n<p><a href=\"http:\/\/egyptianwisdomcenter.org\/wp-content\/uploads\/2019\/02\/epr-ch7-photo2-96c.jpg\"><img decoding=\"async\" class=\"size-full wp-image-1412 aligncenter\" src=\"http:\/\/egyptianwisdomcenter.org\/wp-content\/uploads\/2019\/02\/epr-ch7-photo2-96c.jpg\" alt=\"\" width=\"288\" height=\"192\" \/><\/a><\/p>\n<h3><strong>C. La logistica della teoria delle rampe fabbricate<\/strong><\/h3>\n<p class=\"hanging-indent\">\u0394 Questa \u00e8 un&#039;invenzione totale, ma \u00e8 stata ripetuta cos\u00ec tante volte da diventare un <em>fatto<\/em>, nella mente della maggior parte delle persone.<\/p>\n<p class=\"hanging-indent\">\u0394 Erodoto non ha mai menzionato tali rampe. Il suo resoconto storico descriveva la tipica strada rialzata in pietra tra la base della piramide e il Tempio della Valle. Questa strada rialzata era una caratteristica permanente che era, come descrisse Erodoto, lunga 3300\u2032 (1006 m), larga 60\u2032 (18 m) e alta 48\u2032 (15 m), e non veniva utilizzata per trasportare blocchi.<\/p>\n<p class=\"hanging-indent\">\u0394 Molti accademici vogliono credere che l&#039;unico modo per costruire la piramide sia aumentare sia l&#039;altezza che la lunghezza di una rampa temporanea man mano che viene sollevata ai livelli successivi della piramide.<\/p>\n<p class=\"hanging-indent\">\u0394 La teoria delle persone bloccate sulle rampe fa riferimento a quella che sembra essere una rampa di fango, trovata nel complesso di Sekhemket a Saqqara. Anche se era una rampa, era alta solo 23\u2032 (7 m). Le piramidi costruite sono molto pi\u00f9 alte di cos\u00ec.<\/p>\n<p class=\"hanging-indent\">\u0394 L&#039;ingegnere civile danese P. Garde-Hanson ha calcolato che per costruire una rampa fino alla cima della piramide di Khufu sarebbero necessari 17,5 milioni di iarde cubi (13,4 milioni di metri cubi) di materiale (7 volte la quantit\u00e0 necessaria per la piramide stessa) ). Per costruire una rampa del genere sarebbe stata necessaria una forza lavoro di 240.000 persone, durante i 23 anni di regno di Cheope.<\/p>\n<p class=\"hanging-indent\">\u0394 Smantellare la rampa al completamento della piramide di Cheope avrebbe richiesto una forza lavoro di 300.000 persone e altri otto anni. Una quantit\u00e0 cos\u00ec enorme di rifiuti non \u00e8 visibile da nessuna parte nelle vicinanze e non \u00e8 mai stata menzionata dagli storici precedenti.<\/p>\n<p class=\"hanging-indent\">\u0394 Dopo aver raggiunto cifre cos\u00ec incredibili, Garde-Hanson ha teorizzato una combinazione di rampa e dispositivo di sollevamento. Teorizz\u00f2 una rampa che sarebbe arrivata a met\u00e0 della piramide. A un livello del genere sarebbe stato utilizzato circa il 90% del materiale necessario per la piramide. Il secondo elemento della sua teoria modificata, ovvero il misterioso dispositivo di sollevamento, era ed \u00e8 tuttora una questione irrisolta.<\/p>\n<p class=\"hanging-indent\" style=\"padding-left: 30px;\">Ipoteticamente, siamo d&#039;accordo con le teorie di Garde-Hanson e proviamo a visualizzare le cifre sconcertanti: 4.000 cavatori tutto l&#039;anno che producono 330 blocchi al giorno. Durante la stagione delle inondazioni, 4.000 blocchi al giorno vengono trasportati nel Nilo, traghettati, trascinati su per la rampa fino all&#039;altopiano di Giza e posizionati nel nucleo.<span style=\"text-decoration: underline;\">ad una velocit\u00e0 di 6,67 blocchi al minuto<\/span>! Immagina 6,67 blocchi ogni 60 secondi!<\/p>\n<p class=\"hanging-indent\" style=\"padding-left: 30px;\">Questo tasso \u00e8 impossibile da raggiungere. Questo \u00e8 un altro motivo per ignorare la validit\u00e0 delle teorie dell\u2019estrazione e della rampa.<\/p>\n<p class=\"hanging-indent\">\u0394\u00a0 <span style=\"text-decoration: underline;\">Costruire e rimuovere tali rampe sarebbe stato un compito molto pi\u00f9 impegnativo che costruire le piramidi stesse<\/span>. Pertanto, mentre gli accademici inventano \u201cmezzi primitivi\u201d per gli antichi egizi, complicano le loro stesse teorie infondate.<\/p>\n<p style=\"text-align: center;\">\u0394\u0394\u0394<\/p>\n<h3><span style=\"color: #ff0000;\"><strong>2. Le tre piramidi dimenticate di Snefru<\/strong><\/span><\/h3>\n<p>Snefru, durante il suo regno di 24 anni, fu in grado di costruire le due piramidi principali a Dahshur e una terza piramide a Meidum. Ci\u00f2 significa che, nel corso dei suoi 24 anni di regno, fu responsabile della produzione di circa nove milioni di tonnellate di pietra, molte volte la quantit\u00e0 della Grande Piramide di Giza. Anche provare a calcolare la logistica di tale lavoro utilizzando termini moderni \u00e8 schiacciante.<\/p>\n<p style=\"text-align: center;\">\u0394\u0394\u0394<\/p>\n<h3><span style=\"color: #ff0000;\"><strong>3. Domande riassuntive che confutano la \u201cteoria comune\u201d di fabbricazione occidentale<\/strong><\/span><\/h3>\n<p>Non avendo una mente aperta, questi accademici rendevano difficile trovare risposte a molte domande.<\/p>\n<p>Sulla base degli elementi della \u201cteoria comune\u201d del taglio, del trasporto e del sollevamento delle pietre, come possiamo rispondere logicamente alle seguenti domande:<\/p>\n<p class=\"hanging-indent\" style=\"padding-left: 30px;\">1. Dove hanno preso l&#039;enorme quantit\u00e0 di materiali necessari per costruire questa e altre piramidi? Non esiste alcuna prova fisica di tale fonte?<\/p>\n<p class=\"hanging-indent\" style=\"padding-left: 30px;\">2. Come sono riusciti a rendere assolutamente piatti i lati inclinati delle piramidi?<\/p>\n<p class=\"hanging-indent\" style=\"padding-left: 30px;\">3. Come hanno fatto a far incontrare i quattro lati inclinati in un punto perfetto in cima?<\/p>\n<p class=\"hanging-indent\" style=\"padding-left: 30px;\">4. Come hanno fatto a livellare cos\u00ec tanto i livelli?<\/p>\n<p class=\"hanging-indent\" style=\"padding-left: 30px;\">5. Come hanno tagliato le pietre in modo che si incastrassero insieme in modo cos\u00ec preciso?<\/p>\n<p class=\"hanging-indent\" style=\"padding-left: 30px;\">6. Quali strumenti hanno utilizzato?<\/p>\n<p class=\"hanging-indent\" style=\"padding-left: 30px;\">7. Come potrebbe manovrare il numero necessario di lavoratori (stimato in 240-300.000 persone) nel cantiere ristretto?<\/p>\n<p class=\"hanging-indent\" style=\"padding-left: 30px;\">8. Come hanno fatto a tagliare i blocchi in modo cos\u00ec uniforme?<\/p>\n<p class=\"hanging-indent\" style=\"padding-left: 30px;\">9. Come hanno fatto a posizionare alcuni dei blocchi pi\u00f9 pesanti della piramide, a un&#039;altezza cos\u00ec grande?<\/p>\n<p class=\"hanging-indent\" style=\"padding-left: 30px;\">10. Come sono stati realizzati 115.000 blocchi di rivestimento per adattarli alla larghezza di un capello e pi\u00f9 vicini, come nel caso della piramide di Cheope?<\/p>\n<p class=\"hanging-indent\" style=\"padding-left: 30px;\">11. Come \u00e8 stato svolto tutto il lavoro in circa 20 anni?<\/p>\n<p>Tutte queste domande invalidano la \u201cteoria comune\u201d. Il buon senso, insieme alle prove fisiche, portano alla conclusione che i blocchi siano stati realizzati dall\u2019uomo, come verr\u00e0 spiegato pi\u00f9 avanti.<\/p>\n<p>&nbsp;<\/p>\n<p><span style=\"color: #ff0000;\"><strong>[Un estratto da <\/strong><\/span><strong>Le piramidi egiziane rivisitate da Moustafa Gadalla<\/strong><span style=\"color: #ff0000;\"><strong>]<br \/>\n<a href=\"https:\/\/egyptianwisdomcenter.org\/it\/prodotto\/the-egyptian-pyramids-revisited\/\"><span style=\"color: #0000ff;\">https:\/\/egyptianwisdomcenter.org\/product\/alla-riscoperta-delle-piramidi-egizie\/<\/span><\/a><br \/>\n<\/strong><\/span><img decoding=\"async\" class=\"aligncenter\" src=\"https:\/\/egyptianwisdomcenter.org\/wp-content\/uploads\/2023\/01\/alla-riscoperta-delle-piramidi-egizie-1.jpg\" \/><\/p>\n<div dir=\"auto\" style=\"text-align: center;\"><a href=\"https:\/\/egyptianwisdomcenter.org\/it\/prodotto\/the-egyptian-pyramids-revisited\/\"><span style=\"color: #ff0000;\"><strong><span style=\"color: #0000ff;\">https:\/\/egyptianwisdomcenter.org\/product\/alla-riscoperta-delle-piramidi-egizie\/<\/span><\/strong><\/span><\/a><\/div>","protected":false},"excerpt":{"rendered":"<p>The Flawed &#8220;Common Construction Theory&#8221; Of The Pyramids &nbsp; 1. The Common &#8216;Theory&#8217; Many academic Egyptologists claim that there are no Ancient [&hellip;]<\/p>","protected":false},"author":3,"featured_media":0,"parent":0,"menu_order":0,"comment_status":"closed","ping_status":"closed","template":"","meta":{"footnotes":""},"class_list":["post-326","page","type-page","status-publish","hentry"],"aioseo_notices":[],"_links":{"self":[{"href":"https:\/\/egyptianwisdomcenter.org\/it\/wp-json\/wp\/v2\/pages\/326","targetHints":{"allow":["GET"]}}],"collection":[{"href":"https:\/\/egyptianwisdomcenter.org\/it\/wp-json\/wp\/v2\/pages"}],"about":[{"href":"https:\/\/egyptianwisdomcenter.org\/it\/wp-json\/wp\/v2\/types\/page"}],"author":[{"embeddable":true,"href":"https:\/\/egyptianwisdomcenter.org\/it\/wp-json\/wp\/v2\/users\/3"}],"replies":[{"embeddable":true,"href":"https:\/\/egyptianwisdomcenter.org\/it\/wp-json\/wp\/v2\/comments?post=326"}],"version-history":[{"count":0,"href":"https:\/\/egyptianwisdomcenter.org\/it\/wp-json\/wp\/v2\/pages\/326\/revisions"}],"wp:attachment":[{"href":"https:\/\/egyptianwisdomcenter.org\/it\/wp-json\/wp\/v2\/media?parent=326"}],"curies":[{"name":"wp","href":"https:\/\/api.w.org\/{rel}","templated":true}]}}