{"id":32764,"date":"2019-03-26T11:00:51","date_gmt":"2019-03-26T15:00:51","guid":{"rendered":"http:\/\/egyptianwisdomcenter.org\/la-dualita-di-ra-e-osiride\/"},"modified":"2023-01-10T06:24:22","modified_gmt":"2023-01-10T11:24:22","slug":"la-dualita-di-ra-e-osiride","status":"publish","type":"page","link":"https:\/\/egyptianwisdomcenter.org\/it\/la-dualita-di-ra-e-osiride\/","title":{"rendered":"La Dualit\u00e0 Di Ra E Osiride"},"content":{"rendered":"<h2 style=\"text-align: center;\"><span style=\"color: #ff0000;\"><strong>La Dualit\u00e0 Di Ra E Osiride<\/strong><\/span><\/h2>\n<p>&nbsp;<\/p>\n<p>I testi egizi si riferiscono a Ra e Osiride come alle <em>anime gemelle<\/em>.<\/p>\n<p>Etimologicamente parlando, diventa evidente la relazione tra Re\/Ra e Osiride. La parola egiziana per Osiride \u00e8 Ausar.<\/p>\n<p>La parola Aus significa <em>forza di<\/em> o <em>radice<\/em> <em>di<\/em>. Il nome Ausar consiste di due parti, Aus e Ra, e significa <em>la forza di Ra<\/em>, cio\u00e8 la <em>ri-nascita di Ra<\/em>.<\/p>\n<p>Il ciclo perpetuo dell\u2019esistenza \u2013 quello della vita e della morte \u2013 \u00e8 simboleggiato da Ra (Re) e Ausar (Osiride). Ra \u00e8 il Neter vivente che muore per diventare Ausar \u2013 il Neter dei morti. Ausar risorge e rivive di nuovo come Ra. La creazione \u00e8 costante: \u00e8 un flusso vitale che progredisce verso la morte. Ma dalla morte nasce un nuovo Ra, che fa germogliare nuova vita. Ra \u00e8 il principio cosmico di energia che avanza verso la morte, mentre Ausar rappresenta il processo di rinascita. Cos\u00ec, le condizioni di vita e morte diventano intercambiabili: vivere significa morire lentamente, morire significa risorgere a nuova vita. Nella morte il defunto si identifica con Ausar, ma egli torner\u00e0 di nuovo in vita e sar\u00e0 identificato con Ra.<\/p>\n<p>Il ciclo continuo di Ausar e Ra domina i testi dell\u2019Antico Egitto. Per esempio:<\/p>\n<ul>\n<li>Nel <em>Libro del ritorno nel giorno<\/em> sia Ausar che Ra vivono, muoiono e rinascono. Nell\u2019oltretomba le anime di Ausar e Ra si incontrano [si veda l\u2019illustrazione sottostante tratta dal <em>Papiro di Ani<\/em>] e si uniscono per formare un\u2019entit\u00e0 descritta in modo molto eloquente:<\/li>\n<\/ul>\n<p style=\"padding-left: 30px;\"><strong><em>\u201c[Io] Sono le sue due anime nei suoi gemelli\u201d.<\/em><\/strong><\/p>\n<p>&nbsp;<\/p>\n<p>Nel capitolo 17 del <em>Libro del ritorno nel giorno<\/em>, il defunto, identificato con Ausar, afferma:<\/p>\n<p style=\"padding-left: 30px;\"><strong><em>\u00abIo sono Ieri, e conosco Domani\u00bb<\/em><\/strong>.<\/p>\n<ul>\n<li>E il commento egiziano a questo passaggio spiega:<\/li>\n<\/ul>\n<p style=\"padding-left: 30px;\"><strong><em>\u00abChi \u00e8 questo? \u2013 Ieri \u00e8 Ausar, e domani \u00e8 Ra?\u00bb<\/em><\/strong><\/p>\n<ul>\n<li>Nella tomba della regina Nefertari (moglie di Ramses II), si trova una nota rappresentazione del Neter (dio) solare defunto dal corpo mummiforme e la testa in forma di ariete, accompagnato da una iscrizione a destra e a sinistra.<\/li>\n<\/ul>\n<p><img decoding=\"async\" class=\"size-full wp-image-253 aligncenter\" src=\"https:\/\/ecitalian.pressbooks.com\/wp-content\/uploads\/sites\/52546\/2016\/10\/neter-ram.png\" alt=\"neter-ram\" width=\"131\" height=\"165\" \/><\/p>\n<p style=\"padding-left: 30px; text-align: center;\"><strong><em>\u00abQuesto \u00e8 Ra che viene a riposare in Ausar\u00bb<\/em><\/strong>.<br \/>\n<strong><em>\u00abQuesto \u00e8 Ausar che viene a riposare in Ra\u00bb<\/em><\/strong>.<\/p>\n<ul>\n<li><em>La Litania di Ra<\/em> \u00e8 fondamentalmente un ampliamento dettagliato di un breve passaggio del capitolo 17 del <em>Libro del ritorno nel giorno<\/em>, che descrive l\u2019unione di Ausar e Ra in un\u2019<strong>Anima Gemella.<\/strong><\/li>\n<\/ul>\n<p>&nbsp;<\/p>\n<p><span style=\"color: #ff0000;\"><strong>[Un estratto dalla Cosmologia egizia: l&#039;universo animato, terza edizione<\/strong><\/span><span style=\"color: #ff0000;\"><strong> di Moustafa Gadalla]<\/strong><\/span><\/p>\n<p><strong><span style=\"color: #0000ff;\">https:\/\/egyptianwisdomcenter.org\/product\/cosmologia-egizia-luniverso-animato-terza-edizione\/<\/span><\/strong><\/p>\n<p><img decoding=\"async\" class=\"aligncenter\" src=\"https:\/\/egypt-tehuti.org\/wp-content\/uploads\/2016\/10\/cover-italian-3-e1514411507492-225x338.jpg\" \/><\/p>\n<div dir=\"auto\" style=\"text-align: center;\"><span style=\"color: #0000ff;\"><strong>https:\/\/egyptianwisdomcenter.org\/product\/cosmologia-egizia-luniverso-animato-terza-edizione\/<\/strong><\/span><\/div>\n<div dir=\"auto\"><\/div>","protected":false},"excerpt":{"rendered":"<p>La Dualit\u00e0 Di Ra E Osiride &nbsp; I testi egizi si riferiscono a Ra e Osiride come alle anime gemelle. Etimologicamente parlando, [&hellip;]<\/p>","protected":false},"author":3,"featured_media":0,"parent":0,"menu_order":0,"comment_status":"closed","ping_status":"closed","template":"","meta":{"footnotes":""},"class_list":["post-32764","page","type-page","status-publish","hentry"],"aioseo_notices":[],"_links":{"self":[{"href":"https:\/\/egyptianwisdomcenter.org\/it\/wp-json\/wp\/v2\/pages\/32764","targetHints":{"allow":["GET"]}}],"collection":[{"href":"https:\/\/egyptianwisdomcenter.org\/it\/wp-json\/wp\/v2\/pages"}],"about":[{"href":"https:\/\/egyptianwisdomcenter.org\/it\/wp-json\/wp\/v2\/types\/page"}],"author":[{"embeddable":true,"href":"https:\/\/egyptianwisdomcenter.org\/it\/wp-json\/wp\/v2\/users\/3"}],"replies":[{"embeddable":true,"href":"https:\/\/egyptianwisdomcenter.org\/it\/wp-json\/wp\/v2\/comments?post=32764"}],"version-history":[{"count":0,"href":"https:\/\/egyptianwisdomcenter.org\/it\/wp-json\/wp\/v2\/pages\/32764\/revisions"}],"wp:attachment":[{"href":"https:\/\/egyptianwisdomcenter.org\/it\/wp-json\/wp\/v2\/media?parent=32764"}],"curies":[{"name":"wp","href":"https:\/\/api.w.org\/{rel}","templated":true}]}}