{"id":3556,"date":"2019-03-02T14:52:32","date_gmt":"2019-03-02T19:52:32","guid":{"rendered":"https:\/\/egyptianwisdomcenter.org\/la-dualidad-de-ra-y-osiris\/"},"modified":"2023-01-12T13:30:06","modified_gmt":"2023-01-12T18:30:06","slug":"la-dualidad-de-ra-y-osiris","status":"publish","type":"page","link":"https:\/\/egyptianwisdomcenter.org\/it\/la-dualidad-de-ra-y-osiris\/","title":{"rendered":"La Dualidad De RA Y Osiris"},"content":{"rendered":"<h2 style=\"text-align: center;\"><span style=\"color: #ff0000;\"><strong>La Dualidad De RA y Osiris<\/strong><\/span><\/h2>\n<p>&nbsp;<\/p>\n<p><span lang=\"ES\">Los textos egipcios se refieren a Ra y Osiris como <em>las Almas Gemelas<\/em>.<\/span><\/p>\n<p><span lang=\"ES\">Etimol\u00f3gicamente, la relaci\u00f3n entre Re\/Ra y Osiris se antoja evidente. La palabra egipcia para referirse a Osiris es Aus-Ra.<\/span><\/p>\n<p><span lang=\"ES\">La palabra Aus significa e<em>l poder de, o la ra\u00edz de.<\/em> En este sentido, el nombre Ausar consta de dos partes, Aus-Ra, que significa <em>el poder de Ra<\/em>, o tambi\u00e9n <em>el renacer de Ra.<\/em><\/span><\/p>\n<p><span lang=\"ES\">El ciclo perpetuo de la existencia, el ciclo de la vida y la muerte, se simboliza a trav\u00e9s de Ra (Re) y Ausar (Osiris). Ra es el neter viviente que desciende a la muerte para convertirse en Ausar, el neter de la muerte. Ausar asciende y cobra vida nuevamente como Ra. La creaci\u00f3n es continua: es un flujo de vida progresando hacia la muerte. Pero desde la muerte, nace un nuevo Ra, brotando la nueva vida. Ra es el principio c\u00f3smico de la energ\u00eda que se mueve hacia la muerte, y Ausar representa el proceso del renacer. De este modo, los t\u00e9rminos de la vida y la muerte se convierten en intercambiables: la vida significa la extinci\u00f3n lenta y la muerte significa la resurrecci\u00f3n a una nueva vida. La persona muerta en la muerte se identifica con Ausar, pero \u00e9l volver\u00e1 a la vida nuevamente y se identificar\u00e1 con Ra.<\/span><\/p>\n<p style=\"line-height: 24.5pt; vertical-align: baseline; margin: 0in 0in 11.25pt;\"><span lang=\"ES\">El ciclo perpetuo de Ausar y Ra domina los textos del Antiguo Egipto, como:<\/span><\/p>\n<ul>\n<li>En el <em>Libro para Salir a la Luz del D\u00eda<\/em>, tanto Ausar como Ra viven, mueren y vuelven a nacer. En el Inframundo, las almas de Ausar y de Ra se encuentran (v\u00e9ase la ilustraci\u00f3n del Papiro de Ani, que aparece a continuaci\u00f3n), y se unifican para formar una entidad, descrita as\u00ed de elocuentemente:<\/li>\n<\/ul>\n<p style=\"padding-left: 30px;\"><em><strong>Yo soy Sus Dos Almas en sus Gemelos.<\/strong><\/em><\/p>\n<p><img loading=\"lazy\" decoding=\"async\" class=\"size-full wp-image-247 aligncenter\" src=\"https:\/\/ecspan.pressbooks.com\/wp-content\/uploads\/sites\/52544\/2016\/12\/ra-ausar-300x210-300x210.png\" alt=\"\" width=\"300\" height=\"210\" \/><\/p>\n<p style=\"margin: 0in 0in 0.0001pt; line-height: 24.5pt; vertical-align: baseline;\"><span lang=\"ES\">En el cap\u00edtulo 17 del <em>Libro para Salir a la Luz del D\u00eda<\/em>, el difunto, identificado con Ausar, dice:<\/span><\/p>\n<p style=\"padding-left: 30px;\"><em><strong>Yo soy el ayer y conozco el ma\u00f1ana.<\/strong><\/em><\/p>\n<ul>\n<li>Y las cr\u00f3nicas egipcias a este pasaje explican:<\/li>\n<\/ul>\n<p style=\"padding-left: 30px;\"><strong><em>\u00bfQu\u00e9 significa esto? \u2013 \u00bfAusar es el ayer y Ra es el ma\u00f1ana? <\/em><\/strong><\/p>\n<ul>\n<li>En la tumba de la Reina Nefertari (esposa de Rams\u00e9s II), aparece una reconocida representaci\u00f3n del neter solar de la muerte (dios), como un cuerpo con forma de momia con la cabeza de un carnero, acompa\u00f1ado por una inscripci\u00f3n, a la derecha y a la izquierda:<\/li>\n<\/ul>\n<p><img loading=\"lazy\" decoding=\"async\" class=\"size-full wp-image-378 aligncenter\" src=\"https:\/\/pressbooks.com\/app\/uploads\/sites\/52544\/2016\/12\/ec3-ch6-1-72c.jpg\" alt=\"\" width=\"158\" height=\"200\" \/><\/p>\n<p style=\"padding-left: 30px; text-align: center;\"><em><strong>Este es Ra quien viene a descansar en Ausar. <\/strong><\/em><br \/>\n<em><strong>Este es Ausar quien viene a descansar en Ra.<\/strong><\/em><\/p>\n<ul>\n<li>La <em>Letan\u00eda de Ra<\/em> es b\u00e1sicamente una ampliaci\u00f3n detallada de un fragmento del cap\u00edtulo 17 del <em>Libro para Salir a la Luz del D\u00eda<\/em>, que describe la fusi\u00f3n de Ausar y Ra en un <strong><em>Alma Gemela<\/em><\/strong>.<\/li>\n<\/ul>\n<p>&nbsp;<\/p>\n<p>&nbsp;<\/p>\n<p><span style=\"color: #ff0000;\"><strong>[Un fragmento de Cosmolog\u00eda Egipcia : El Universo Animado , Tercera Edici\u00f3n <\/strong><\/span><span style=\"color: #ff0000;\"><strong>por Moustafa Gadalla]<\/strong><\/span><\/p>\n<div dir=\"auto\">\n<p><span style=\"color: #0000ff;\"><strong>https:\/\/egyptianwisdomcenter.org\/product\/cosmologia-egipcia-el-universo-animado-tercera-edicion\/<\/strong><\/span><\/p>\n<p><img decoding=\"async\" class=\"aligncenter\" src=\"https:\/\/egypt-tehuti.org\/wp-content\/uploads\/2016\/10\/cover-spanish-1-e1514493781273-225x338.jpg\" \/><\/p>\n<p style=\"text-align: center;\"><span style=\"color: #0000ff;\"><strong>https:\/\/egyptianwisdomcenter.org\/product\/cosmologia-egipcia-el-universo-animado-tercera-edicion\/<\/strong><\/span><\/p>\n<\/div>\n","protected":false},"excerpt":{"rendered":"<p>La Dualidad De RA y Osiris &nbsp; Los textos egipcios se refieren a Ra y Osiris como las Almas Gemelas. Etimol\u00f3gicamente, la [&hellip;]<\/p>\n","protected":false},"author":3,"featured_media":0,"parent":0,"menu_order":0,"comment_status":"closed","ping_status":"closed","template":"","meta":{"_monsterinsights_skip_tracking":false,"_monsterinsights_sitenote_active":false,"_monsterinsights_sitenote_note":"","_monsterinsights_sitenote_category":0,"footnotes":""},"class_list":["post-3556","page","type-page","status-publish","hentry"],"aioseo_notices":[],"_links":{"self":[{"href":"https:\/\/egyptianwisdomcenter.org\/it\/wp-json\/wp\/v2\/pages\/3556","targetHints":{"allow":["GET"]}}],"collection":[{"href":"https:\/\/egyptianwisdomcenter.org\/it\/wp-json\/wp\/v2\/pages"}],"about":[{"href":"https:\/\/egyptianwisdomcenter.org\/it\/wp-json\/wp\/v2\/types\/page"}],"author":[{"embeddable":true,"href":"https:\/\/egyptianwisdomcenter.org\/it\/wp-json\/wp\/v2\/users\/3"}],"replies":[{"embeddable":true,"href":"https:\/\/egyptianwisdomcenter.org\/it\/wp-json\/wp\/v2\/comments?post=3556"}],"version-history":[{"count":0,"href":"https:\/\/egyptianwisdomcenter.org\/it\/wp-json\/wp\/v2\/pages\/3556\/revisions"}],"wp:attachment":[{"href":"https:\/\/egyptianwisdomcenter.org\/it\/wp-json\/wp\/v2\/media?parent=3556"}],"curies":[{"name":"wp","href":"https:\/\/api.w.org\/{rel}","templated":true}]}}