{"id":362,"date":"2018-11-04T00:00:00","date_gmt":"2018-11-04T04:00:00","guid":{"rendered":"http:\/\/egyptianwisdomcenter.org\/the-imagery-and-alphabetical-writing-modes\/"},"modified":"2023-01-03T00:31:57","modified_gmt":"2023-01-03T05:31:57","slug":"the-imagery-and-alphabetical-writing-modes-2","status":"publish","type":"page","link":"https:\/\/egyptianwisdomcenter.org\/it\/le-modalita-di-scrittura-immaginifica-e-alfabetica-2\/","title":{"rendered":"Le modalit\u00e0 di scrittura per immagini e alfabetica"},"content":{"rendered":"<h2 style=\"text-align: center;\"><span style=\"color: #ff0000;\">Le modalit\u00e0 di scrittura per immagini e alfabetica<\/span><\/h2>\n<p>&nbsp;<\/p>\n<p>Tutti i primi scrittori greci e romani affermarono che esistevano fondamentalmente due forme di scrittura dell&#039;antico Egitto: i geroglifici (immagini pittoriche) e la forma alfabetica. Il mondo accademico occidentale divide arbitrariamente il tipo alfabetico dell&#039;antico Egitto in due forme: ieratico e demotico. [Leggi la valutazione di tali affermazioni infondate in\u00a0<em>Le modalit\u00e0 di scrittura universali dell&#039;antico Egitto<\/em>\u00a0di Moustafa Gadalla.]<\/p>\n<p>Va sottolineato che non un solo scrittore classico, incluso Clemente d&#039;Alessandria (in <em>Stromata Libro V, <\/em>Capitolo IV<em>)<\/em> \u2013 ha mai indicato che la forma di scrittura alfabetica egiziana fosse una forma \u201ccorsiva\u201d o \u201cdegenerata\u201d dei geroglifici pittorici dell\u2019antico Egitto. Eppure, spudoratamente, alcuni \u201cstudiosi\u201d hanno invocato la scrittura di Clemente d\u2019Alessandria per insistere sul fatto che dai geroglifici egiziani \u00e8 nata una scrittura pi\u00f9 corsiva a noi nota come <em>ieratico<\/em>, e fuori <em>ieratico <\/em>ancora una volta emerse una scrittura molto rapida chiamata a volte <em>encoriale <\/em>O <em>demotico<\/em>.<\/p>\n<p>Molti studiosi onesti, tuttavia, hanno confermato la verit\u00e0 storica secondo cui gli scritti pittorici sono una serie di immagini portatrici di significati concettuali e non di valori sonori individuali, come l&#039;egittologo britannico WM Flinders Petrie, che scrisse nel suo libro, <em>La formazione degli alfabeti <\/em>[pag. 6]:<\/p>\n<p style=\"padding-left: 30px;\"><strong><em>\u201cLa questione se i segni [alfabetici] derivassero dai geroglifici pi\u00f9 pittorici, o fossero un sistema indipendente, \u00e8 stata cos\u00ec poco osservata dagli scrittori sull\u2019argomento, che la questione \u00e8 stata decisa pi\u00f9 di una volta senza alcuna considerazione del vari dettagli coinvolti.<\/em><\/strong><\/p>\n<p>Nella XII dinastia (2000-1780 a.C.) venivano utilizzati pi\u00f9 o meno costantemente circa 700 segni. Esistono un numero praticamente illimitato di questi simboli naturali. Poich\u00e9 decifrare i geroglifici metafisici dell&#039;Antico Egitto va oltre le capacit\u00e0 del mondo accademico occidentale, lo hanno soprannominato un <em>primitivo <\/em>forma di scrittura!<\/p>\n<p>Gli egittologi accademici scelsero con disinvoltura 24 segni tra centinaia di geroglifici e li chiamarono &quot;alfabeto&quot;. Poi hanno dato varie \u201cfunzioni\u201d alle altre centinaia di segni, chiamandoli \u201csillabici\u201d, \u201cdeterminativi\u201d, ecc. Hanno inventato le regole man mano che andavano avanti, e il risultato finale \u00e8 stato il caos. Si pu\u00f2 facilmente vedere la lotta del mondo accademico per comprendere i testi geroglifici (metafisici) dell\u2019Antico Egitto.<\/p>\n<p>Un segno pittorico NON ha valore sonoro SINGOLARE. Solo una singola lettera alfabetica ha un suono singolare corrispondente - come era il caso nella lingua alfabetica TOTALMENTE estranea degli antichi egizi conosciuta come scritture &quot;ieratiche&quot; e &quot;demotiche&quot; - una forma molto distinta e indipendente che non ha nulla a che fare con la lettera egiziana. forma geroglifica delle comunicazioni cosmiche. Maggiori informazioni sulla lingua alfabetica degli antichi egizi in <em>Le modalit\u00e0 di scrittura universali dell&#039;antico Egitto <\/em>di Moustafa Gadalla.<\/p>\n<p>Il linguaggio metafisico del geroglifico egiziano \u00e8 coerente con il fatto che ci sono, in effetti, cose che non possono essere espresse a parole. Si rendono manifesti. Sono ci\u00f2 che \u00e8 mistico. Di fronte a queste \u201ccose\u201d mistiche, la realt\u00e0 che autorizza la parola e la parola \u00e8 condannata a occuparsi solo delle apparenze. La realt\u00e0, sia essa forma logica o forme di vita, resta ostinatamente fuori del discorso. Vincola ci\u00f2 che diciamo, ma rifiuta di essere detto. Se non ammettiamo l\u2019esistenza di una realt\u00e0 trascendente al di fuori del discorso, diventiamo solipsisti senza motivo di parlare. Quindi, parlare dipende dal silenzio. Possiamo parlare insieme solo consegnando le ragioni del nostro parlare ad un silenzio rispettoso.<\/p>\n<p>&nbsp;<\/p>\n<p><span style=\"color: #ff0000;\"><strong>[Un estratto da <\/strong><\/span><strong>Il geroglifico egiziano: linguaggio metafisico di Moustafa Gadalla<\/strong><span style=\"color: #ff0000;\"><strong>]<br \/>\n<a href=\"https:\/\/egyptianwisdomcenter.org\/it\/prodotto\/il-linguaggio-metafisico-del-geroglifico-egiziano\/\"><span style=\"color: #0000ff;\">https:\/\/egyptianwisdomcenter.org\/product\/il-linguaggio-metafisico-dei-geroglifici-egizi\/<\/span><\/a><br \/>\n<\/strong><\/span><\/p>\n<p><img decoding=\"async\" class=\"aligncenter\" src=\"https:\/\/books2read-prod.s3.amazonaws.com\/CACHE\/images\/ubl_book_images\/book_display_image_HdDDHlu\/8bf5efaff503f1ace8ddab1942515082\" \/><\/p>\n<div dir=\"auto\" style=\"text-align: center;\"><a href=\"https:\/\/egyptianwisdomcenter.org\/it\/prodotto\/il-linguaggio-metafisico-del-geroglifico-egiziano\/\"><span style=\"color: #ff0000;\"><strong><span style=\"color: #0000ff;\">https:\/\/egyptianwisdomcenter.org\/product\/il-linguaggio-metafisico-dei-geroglifici-egizi\/<\/span><\/strong><\/span><\/a><\/div>","protected":false},"excerpt":{"rendered":"<p>The Imagery And Alphabetical Writing Modes &nbsp; All early Greek and Roman writers affirmed that there were basically two forms of Ancient [&hellip;]<\/p>","protected":false},"author":3,"featured_media":0,"parent":0,"menu_order":0,"comment_status":"closed","ping_status":"closed","template":"","meta":{"footnotes":""},"class_list":["post-362","page","type-page","status-publish","hentry"],"aioseo_notices":[],"_links":{"self":[{"href":"https:\/\/egyptianwisdomcenter.org\/it\/wp-json\/wp\/v2\/pages\/362","targetHints":{"allow":["GET"]}}],"collection":[{"href":"https:\/\/egyptianwisdomcenter.org\/it\/wp-json\/wp\/v2\/pages"}],"about":[{"href":"https:\/\/egyptianwisdomcenter.org\/it\/wp-json\/wp\/v2\/types\/page"}],"author":[{"embeddable":true,"href":"https:\/\/egyptianwisdomcenter.org\/it\/wp-json\/wp\/v2\/users\/3"}],"replies":[{"embeddable":true,"href":"https:\/\/egyptianwisdomcenter.org\/it\/wp-json\/wp\/v2\/comments?post=362"}],"version-history":[{"count":0,"href":"https:\/\/egyptianwisdomcenter.org\/it\/wp-json\/wp\/v2\/pages\/362\/revisions"}],"wp:attachment":[{"href":"https:\/\/egyptianwisdomcenter.org\/it\/wp-json\/wp\/v2\/media?parent=362"}],"curies":[{"name":"wp","href":"https:\/\/api.w.org\/{rel}","templated":true}]}}