{"id":364,"date":"2018-11-04T00:00:00","date_gmt":"2018-11-04T04:00:00","guid":{"rendered":"http:\/\/egyptianwisdomcenter.org\/images-language-of-the-mind-consciousness-divine\/"},"modified":"2023-01-03T00:34:22","modified_gmt":"2023-01-03T05:34:22","slug":"images-language-of-the-mind-consciousness-divine-2","status":"publish","type":"page","link":"https:\/\/egyptianwisdomcenter.org\/it\/linguaggio-delle-immagini-della-mente-coscienza-divina-2\/","title":{"rendered":"Immagini: linguaggio della mente\/coscienza\/divino"},"content":{"rendered":"<h2 style=\"text-align: center;\"><span style=\"color: #ff0000;\"><strong>Immagini: linguaggio della mente\/coscienza\/divino<\/strong><\/span><\/h2>\n<p>&nbsp;<\/p>\n<p>Come esseri umani ci diciamo:<\/p>\n<p style=\"padding-left: 30px;\">&#8211;\u00a0<strong>IMMAGINE<\/strong>\u00a0Questo.<br \/>\n- Puoi\u00a0<strong>IMMAGINARE<\/strong>\u00a0&#8230;.?<br \/>\n- Fai\u00a0<strong>VEDERE<\/strong>\u00a0il mio punto?<\/p>\n<p>L\u2019uso di parole come IMMAGINE \u2013 IMMAGINA \u2013 VEDI il mio punto \u2013 riflette profondamente il modo in cui la nostra mente elabora le informazioni che ci raggiungono attraverso i nostri sensi. Elaboriamo TUTTE le informazioni in arrivo tramite IMMAGINI.<\/p>\n<p>La comunicazione linguistica consiste nella trasmissione di idee o concetti immateriali da una persona (scrittore o parlante) a un&#039;altra (lettore o ascoltatore) mediante segni materiali come segni sulla carta o vibrazioni delle onde dell&#039;aria.<\/p>\n<p>Leggendo un testo intraprendiamo un processo di visione attraverso il quale i segni materiali vengono tradotti in concetti nel nostro cervello.<\/p>\n<p>L&#039;interpretazione tradizionale della comunicazione pretende di trattare il segno materiale come la mera apparenza di una realt\u00e0 ideale sottostante.<\/p>\n<p>Quando la comunicazione viene interpretata in questo modo, il gioco dei segni non viene trattato come una realt\u00e0 a s\u00e9 stante. Piuttosto, il segno \u00e8 considerato il significante, l\u2019indicatore o l\u2019apparenza di una realt\u00e0 essenziale significata che lo sottende. Questa realt\u00e0 \u00e8 il contenuto concettuale che in qualche modo \u00e8 contenuto nel cervello della persona comunicante.<\/p>\n<p>Questo pensiero apparentemente moderno era noto non solo agli antichi Egizi, come vediamo nel testo della S<em>habaka Stele <\/em>che risale solo al 700 a.C., ma prove linguistiche, filologiche e di altro tipo sono conclusive a sostegno della sua derivazione da un testo originale almeno pi\u00f9 di 2.000 anni prima. La sezione 55 di questo documento egiziano recita:<\/p>\n<p style=\"padding-left: 30px;\"><strong><em>\u201cLa vista degli occhi, l&#039;udito delle orecchie e l&#039;odore dell&#039;aria con il naso si riferiscono al cuore. \u00c8 questo che fa emergere ogni (concetto) compiuto, ed \u00e8 la lingua che annuncia ci\u00f2 che pensa il cuore. I sensi riferiscono al cuore, Con questo materiale di relazione, il cuore concepisce e libera il pensiero, che la lingua, come un araldo, mette in espressione efficace<\/em><\/strong>.&#8221;<\/p>\n<p>IL <em>cuore <\/em>nell&#039;Antico Egitto simboleggia la coscienza. In questo modo, le informazioni canalizzate attraverso i cinque poteri della sensazione vengono portate alla facolt\u00e0 dell&#039;immaginazione, la cui dimora fisica \u00e8 il lobo frontale del cervello.<\/p>\n<p>I dati raccolti dai cinque sensi \u2013 questa conoscenza intima e ricevuta \u2013 sono unificati dall&#039;immaginazione. Il processo di \u201csaldatura\u201d immaginativa non segue il percorso della ragione e della logica. La mente accumula dati percettivi e ne trae \u201csenso\u201d. A sua volta, l&#039;immaginazione unifica in modo simile, non logico.<\/p>\n<p>L&#039;immaginazione si sposta da una cosa all&#039;altra. Date molte cose di natura quasi totalmente divergente ma che possiedono una millesima parte di una qualit\u00e0 in comune (a condizione che sia nuova o distinta), queste cose appartengono a una categoria immaginativa e non a un insieme naturale grossolano \u2013 cio\u00e8, non a un raccolta di dati ottenuta mediante semplice copiatura. Il linguaggio apr\u00ec il nuovo regno della spiritualit\u00e0, dove concetti, ricordi e deduzioni acquisirono un&#039;importanza decisiva in contrasto con l&#039;attivit\u00e0 psichica inferiore, che si occupava delle percezioni immediate degli organi di senso. \u00c8 stata sicuramente una delle tappe pi\u00f9 importanti nel cammino per diventare umani.<\/p>\n<p><strong>In quanto tali, le vere immagini rappresentative nella mente\/coscienza sono le vere realt\u00e0 dell&#039;universo. <\/strong>Si dovrebbe concludere allora che esiste una piena corrispondenza tra coscienza e mondo. \u00c8 la coscienza trascendentalista che d\u00e0 origine al paradiso mondano, ancora una volta con la caratteristica aggiuntiva necessaria per preservarlo come paradiso, che i suoi occupanti sanno di essere l\u00ec. Pi\u00f9 precisamente, sono certi della corrispondenza tra coscienza e coscienza, e cos\u00ec ogni coscienza possibile; e cos\u00ec, il mondo.<\/p>\n<p>&nbsp;<\/p>\n<p><span style=\"color: #ff0000;\"><strong>[Un estratto da <\/strong><\/span><strong>Il geroglifico egiziano: linguaggio metafisico di Moustafa Gadalla<\/strong><span style=\"color: #ff0000;\"><strong>]<br \/>\n<a href=\"https:\/\/egyptianwisdomcenter.org\/it\/prodotto\/il-linguaggio-metafisico-del-geroglifico-egiziano\/\"><span style=\"color: #0000ff;\">https:\/\/egyptianwisdomcenter.org\/product\/il-linguaggio-metafisico-dei-geroglifici-egizi\/<\/span><\/a><br \/>\n<\/strong><\/span><\/p>\n<p><img decoding=\"async\" class=\"aligncenter\" src=\"https:\/\/books2read-prod.s3.amazonaws.com\/CACHE\/images\/ubl_book_images\/book_display_image_HdDDHlu\/8bf5efaff503f1ace8ddab1942515082\" \/><\/p>\n<p style=\"text-align: center;\"><a href=\"https:\/\/egyptianwisdomcenter.org\/it\/prodotto\/il-linguaggio-metafisico-del-geroglifico-egiziano\/\"><span style=\"color: #ff0000;\"><strong><span style=\"color: #0000ff;\">https:\/\/egyptianwisdomcenter.org\/product\/il-linguaggio-metafisico-dei-geroglifici-egizi\/<\/span><\/strong><\/span><\/a><\/p>","protected":false},"excerpt":{"rendered":"<p>Images: Language Of The Mind\/Consciousness\/Divine &nbsp; As human beings, we say to each other: &#8211;\u00a0PICTURE\u00a0this. &#8211; Can you\u00a0IMAGINE\u00a0&#8230;.? &#8211; Do you\u00a0SEE\u00a0my point? [&hellip;]<\/p>","protected":false},"author":3,"featured_media":0,"parent":0,"menu_order":0,"comment_status":"closed","ping_status":"closed","template":"","meta":{"footnotes":""},"class_list":["post-364","page","type-page","status-publish","hentry"],"aioseo_notices":[],"_links":{"self":[{"href":"https:\/\/egyptianwisdomcenter.org\/it\/wp-json\/wp\/v2\/pages\/364","targetHints":{"allow":["GET"]}}],"collection":[{"href":"https:\/\/egyptianwisdomcenter.org\/it\/wp-json\/wp\/v2\/pages"}],"about":[{"href":"https:\/\/egyptianwisdomcenter.org\/it\/wp-json\/wp\/v2\/types\/page"}],"author":[{"embeddable":true,"href":"https:\/\/egyptianwisdomcenter.org\/it\/wp-json\/wp\/v2\/users\/3"}],"replies":[{"embeddable":true,"href":"https:\/\/egyptianwisdomcenter.org\/it\/wp-json\/wp\/v2\/comments?post=364"}],"version-history":[{"count":0,"href":"https:\/\/egyptianwisdomcenter.org\/it\/wp-json\/wp\/v2\/pages\/364\/revisions"}],"wp:attachment":[{"href":"https:\/\/egyptianwisdomcenter.org\/it\/wp-json\/wp\/v2\/media?parent=364"}],"curies":[{"name":"wp","href":"https:\/\/api.w.org\/{rel}","templated":true}]}}