{"id":367,"date":"2018-11-04T00:00:00","date_gmt":"2018-11-04T04:00:00","guid":{"rendered":"http:\/\/egyptianwisdomcenter.org\/an-overview-of-the-egyptian-formation-of-ideograms\/"},"modified":"2023-01-01T04:21:10","modified_gmt":"2023-01-01T09:21:10","slug":"an-overview-of-the-egyptian-formation-of-ideograms","status":"publish","type":"page","link":"https:\/\/egyptianwisdomcenter.org\/it\/una-panoramica-della-formazione-egiziana-degli-ideogrammi-2\/","title":{"rendered":"Una panoramica della formazione egiziana degli ideogrammi"},"content":{"rendered":"<h2 style=\"text-align: center;\"><span style=\"color: #ff0000;\"><strong>Una panoramica della formazione egiziana degli ideogrammi<\/strong><\/span><\/h2>\n<p>&nbsp;<\/p>\n<p>Gli ideogrammi geroglifici egiziani si formano secondo le leggi naturali. Il carattere del segno scritto egiziano inerisce in questa capacit\u00e0 naturale di ricreare processi.<\/p>\n<p><strong>Gli ideogrammi possono essere definiti come immagini destinate a rappresentare cose o pensieri. <span style=\"color: #0000ff;\">Esistono due tipi di ideogrammi:<\/span><\/strong><\/p>\n<p style=\"padding-left: 30px;\"><span style=\"color: #0000ff;\"><strong>1. Immagini o rappresentazioni reali di oggetti.<\/strong><\/span><br \/>\nCopiare \u00e8 semplicemente riflettere qualcosa che gi\u00e0 esiste, inerte. Attraverso l&#039;imitazione, allarghiamo la natura stessa e diventiamo natura; oppure scopriamo in noi stessi la parte attiva della natura.<\/p>\n<p style=\"padding-left: 30px;\"><span style=\"color: #0000ff;\"><strong>2. Simboli pittorici, utilizzati per suggerire idee astratte<\/strong>.<\/span><br \/>\nImitare attraverso l&#039;immaginazione significa creare oggetti d&#039;arte da affiancare agli oggetti naturali del mondo. Il metodo di creazione artistica e la forma dell&#039;oggetto creato sono realizzazioni specificamente umane delle forze creative universali presenti in natura. \u00c8 la forza dell\u2019immaginazione attraverso la quale possiamo sentirci legati, in modo simpatetico, alla pi\u00f9 ampia forza \u201clatente\u201d del cosmo. Nel creare nuovi oggetti con l&#039;aiuto dell&#039;immaginazione, il mistico non diserta la realt\u00e0 costruendo cose estranee e innaturali. L&#039;immaginazione non interferisce con il mondo, ma lo muove secondo natura.<\/p>\n<p><span style=\"color: #ff0000;\"><strong>-La ricchezza della conoscenza nelle formazioni pittoriche egiziane<\/strong><\/span><\/p>\n<p>Un simbolo, per definizione, non \u00e8 ci\u00f2 che rappresenta, ma ci\u00f2 che rappresenta; cosa suggerisce. Un simbolo rivela alla mente una realt\u00e0 altra da s\u00e9. Le parole trasmettono informazioni; i simboli evocano la comprensione.<\/p>\n<p>Un simbolo scelto rappresenta quella funzione o principio a tutti i livelli simultaneamente: dalla manifestazione fisica pi\u00f9 semplice e ovvia di quella funzione a quella pi\u00f9 astratta e metafisica. Senza riconoscere il semplice fatto relativo all\u2019intento del simbolismo, continueremo a ignorare la ricchezza della conoscenza e della saggezza egiziana.<\/p>\n<p>Questo linguaggio simbolico rappresenta una ricchezza di dati fisici, fisiologici, psicologici e spirituali nei simboli\/segni.<\/p>\n<p><span style=\"color: #ff0000;\"><strong>-La rappresentazione dell&#039;uomo indica l&#039;Universo<\/strong><\/span><\/p>\n<p>In tutto il mondo si usano molte frasi che affermano costantemente che l&#039;essere umano \u00e8 fatto a immagine di Dio \u2013 cio\u00e8 un universo in miniatura \u2013 e che comprendere l&#039;universo significa comprendere se stessi e viceversa.<\/p>\n<p>Tuttavia, nessuna cultura ha mai messo in pratica questi principi come gli antichi egizi. Centrale per la loro completa comprensione dell\u2019universo era la consapevolezza che l\u2019uomo era stato creato a immagine di Dio e, come tale, rappresentava l\u2019immagine di tutta la creazione.<\/p>\n<p>Coerentemente con tale pensiero, un essere umano raffigurato rappresenta sia l\u2019universo nel suo insieme sia l\u2019essere umano, sulla Terra. La differenza tra i due sar\u00e0 chiara nel contesto del testo.<\/p>\n<p><span style=\"color: #ff0000;\"><strong>-Simbolismo animale<\/strong><\/span><\/p>\n<p>L&#039;attenta osservazione e la profonda conoscenza del mondo naturale da parte degli egiziani permise loro di identificare alcuni animali con qualit\u00e0 specifiche che potevano simboleggiare determinate funzioni e principi divini in modo particolarmente puro e sorprendente.<\/p>\n<p>Quando parliamo di lealt\u00e0, non c&#039;\u00e8 modo migliore per esprimere lealt\u00e0 che tramite un cane.<\/p>\n<p>Quando parliamo dell\u2019aspetto protettivo della maternit\u00e0, non c\u2019\u00e8 modo migliore per esprimerlo che con una leonessa.<\/p>\n<p>Questa espressione simbolica di profonda comprensione spirituale \u00e8 stata presentata in tre forme principali. Il primo e il secondo sono umani con la testa di animale, o una forma animale pura.<\/p>\n<p>La terza forma \u00e8 l&#039;opposto dell&#039;uomo con la testa di animale. In questo caso, abbiamo un uccello dalla testa umana, come il Ba, che rappresenta l&#039;anima del corpo che aleggia sul corpo. La raffigurazione del Ba, quindi, \u00e8 l&#039;aspetto divino del terrestre.<\/p>\n<p><span style=\"color: #ff0000;\"><strong>-Accessori, Emblemi, Colore, ecc.<\/strong><\/span><\/p>\n<p>Nel simbolismo egiziano, il ruolo preciso del <em>neteru <\/em>(dei\/dee) sono rivelati in molti modi: attraverso l&#039;abito, il copricapo, la corona, la piuma, l&#039;animale, la pianta, il colore, la posizione, la dimensione, il gesto, l&#039;oggetto sacro (mazzafrusto, scettro, bastone, ankh), ecc. Questo linguaggio simbolico rappresenta una ricchezza di dati fisici, fisiologici, psicologici e spirituali nei simboli presentati.<\/p>\n<p><span style=\"color: #ff0000;\"><strong>-Forme di azione <\/strong><\/span><\/p>\n<p>Praticamente tutte le figure sulle pareti dei monumenti egiziani sono di profilo, indicative dell&#039;azione e dell&#039;interazione tra le varie figure simboliche. \u00c8 evidente un&#039;ampia variet\u00e0 di azioni nelle forme.<\/p>\n<p>Bisogna vedere queste raffigurazioni nella giusta prospettiva (come si relazionano tra loro questa serie di raffigurazioni?), ma prima, come si inseriscono queste rappresentazioni nel quadro generale (nel contesto del testo)?<\/p>\n<p><span style=\"color: #ff0000;\"><strong>-Orientamenti dei caratteri geroglifici<\/strong><\/span><\/p>\n<p>I caratteri geroglifici possono essere scritti in colonne o in linee orizzontali, che a volte devono essere lette da sinistra a destra e talvolta da destra a sinistra. Non esisteva una regola fissa sulla direzione in cui dovevano essere scritti i caratteri, ma le teste erano sempre rivolte verso l&#039;inizio della frase.<\/p>\n<p>L&#039;orientamento dei caratteri poteva essere influenzato da una moltitudine di fattori, come il tipo di materiale scritto, la posizione del testo rispetto a figure o altri testi, o la natura dell&#039;iscrizione. In alcuni casi, i testi sono stati scritti deliberatamente al contrario. Ci sono anche esempi di iscrizioni che hanno senso solo se lette dal basso verso l&#039;alto!<\/p>\n<p><span style=\"color: #0000ff;\"><strong>I caratteri geroglifici sono disposti in un flusso di testo geroglifico in:<\/strong><\/span><\/p>\n<p style=\"padding-left: 30px;\"><strong>UN<\/strong>. Forme singolari<br \/>\n<strong>B<\/strong>. Un singolo simbolo in forma doppia o tripla per riflettere la dualit\u00e0 o la pluralit\u00e0.<br \/>\n<strong>C<\/strong>. Combina due simboli in un&#039;unica forma, ad esempio una gamba con un coltello, per indicare il significato combinato di &quot;divieto di accesso&quot;.<br \/>\n<strong>D<\/strong>. Un cluster\/gruppo di 2-3 immagini separate che mostrano una connettivit\u00e0 lasca di pensiero\/concetto specifico in una struttura doppia o tripla.<\/p>\n<p>Nei capitoli seguenti verranno fornite informazioni pi\u00f9 dettagliate su un ampio campione di geroglifici egiziani, divisi in cinque gruppi: capitoli da 4 a 8:<\/p>\n<p style=\"padding-left: 30px;\">4. Immagini geroglifiche di animali<br \/>\n5. Immagini geroglifiche umane con teste umane e animali<br \/>\n6. Immagini geroglifiche di parti del corpo umano<br \/>\n7. Immagini geroglifiche della natura e delle figure geometriche<br \/>\n8. Immagini geroglifiche di oggetti creati dall&#039;uomo<\/p>\n<p>&nbsp;<\/p>\n<p><span style=\"color: #ff0000;\"><strong>[Un estratto da <\/strong><\/span><strong>Il geroglifico egiziano: linguaggio metafisico di Moustafa Gadalla<span style=\"color: #ff0000;\">]<\/span><\/strong><span style=\"color: #ff0000;\"><strong><br \/>\n<span style=\"color: #0000ff;\">https:\/\/egyptianwisdomcenter.org\/product\/il-linguaggio-metafisico-dei-geroglifici-egizi\/<\/span><br \/>\n<\/strong><\/span><\/p>\n<p><img decoding=\"async\" class=\"aligncenter\" src=\"http:\/\/egyptianwisdomcenter.org\/wp-content\/uploads\/2019\/02\/cover-metlang-225x338-225x338.jpg\" alt=\"Il linguaggio metafisico del geroglifico egiziano\" \/><\/p>\n<p style=\"text-align: center;\"><span style=\"color: #ff0000;\"><strong><span style=\"color: #0000ff;\">https:\/\/egyptianwisdomcenter.org\/product\/il-linguaggio-metafisico-dei-geroglifici-egizi\/<\/span><\/strong><\/span><\/p>","protected":false},"excerpt":{"rendered":"<p>An Overview of the Egyptian Formation of Ideograms &nbsp; Egyptian hieroglyphic ideograms are formed in accordance with natural laws. The character of [&hellip;]<\/p>","protected":false},"author":3,"featured_media":0,"parent":0,"menu_order":0,"comment_status":"closed","ping_status":"closed","template":"","meta":{"footnotes":""},"class_list":["post-367","page","type-page","status-publish","hentry"],"aioseo_notices":[],"_links":{"self":[{"href":"https:\/\/egyptianwisdomcenter.org\/it\/wp-json\/wp\/v2\/pages\/367","targetHints":{"allow":["GET"]}}],"collection":[{"href":"https:\/\/egyptianwisdomcenter.org\/it\/wp-json\/wp\/v2\/pages"}],"about":[{"href":"https:\/\/egyptianwisdomcenter.org\/it\/wp-json\/wp\/v2\/types\/page"}],"author":[{"embeddable":true,"href":"https:\/\/egyptianwisdomcenter.org\/it\/wp-json\/wp\/v2\/users\/3"}],"replies":[{"embeddable":true,"href":"https:\/\/egyptianwisdomcenter.org\/it\/wp-json\/wp\/v2\/comments?post=367"}],"version-history":[{"count":0,"href":"https:\/\/egyptianwisdomcenter.org\/it\/wp-json\/wp\/v2\/pages\/367\/revisions"}],"wp:attachment":[{"href":"https:\/\/egyptianwisdomcenter.org\/it\/wp-json\/wp\/v2\/media?parent=367"}],"curies":[{"name":"wp","href":"https:\/\/api.w.org\/{rel}","templated":true}]}}