{"id":368,"date":"2018-11-04T00:00:00","date_gmt":"2018-11-04T04:00:00","guid":{"rendered":"http:\/\/egyptianwisdomcenter.org\/astronomical-consciousness\/"},"modified":"2023-10-20T16:30:44","modified_gmt":"2023-10-20T20:30:44","slug":"astronomical-consciousness-2","status":"publish","type":"page","link":"https:\/\/egyptianwisdomcenter.org\/it\/coscienza-astronomica-2\/","title":{"rendered":"Coscienza astronomica"},"content":{"rendered":"<h2 style=\"text-align: center;\"><span style=\"color: #0000ff;\">Coscienza astronomica<\/span><\/h2>\n<p>&nbsp;<\/p>\n<h3><span style=\"color: #ff0000;\"><strong>1. Coscienza cosmica e astronomia<\/strong><\/span><\/h3>\n<p>L&#039;Egitto, riconoscendo l&#039;influenza dei cieli sulla terra, osservava i cieli con la massima attenzione. I dati dell&#039;astronomia venivano studiati per il loro significato: vale a dire lo studio delle corrispondenze tra eventi del cielo ed eventi della terra. Astronomia e astrologia erano, per loro, due facce della stessa medaglia.<\/p>\n<p>I documenti dell&#039;Antico Egitto su tutti gli argomenti mostrano una completa coordinazione e corrispondenza tra le attivit\u00e0 degli Egizi sulla terra e i vari cicli dell&#039;universo (come alcune applicazioni sono descritte in questo libro).<\/p>\n<p>Gli egiziani erano molto consapevoli della loro dipendenza dai cicli della terra e del cielo. Pertanto, ai sacerdoti del tempio veniva assegnato il compito di osservare i movimenti di questi corpi celesti. Erano anche responsabili di annotare altri eventi celesti e di interpretarli.<\/p>\n<p>Numerosi monumenti si possono trovare in tutti i siti dell&#039;Antico Egitto, attestando la loro piena consapevolezza e conoscenza della cosmologia e dell&#039;astronomia.<\/p>\n<p>Clemente Alessandrino (200 d.C.) rifer\u00ec della conoscenza avanzata dell&#039;astronomia nell&#039;antico Egitto. Ha fatto riferimento a cinque volumi interconnessi dell&#039;Antico Egitto sull&#039;astronomia: uno contenente un elenco delle stelle fisse, un altro sui fenomeni del sole e della luna, altri due sul sorgere delle stelle e un altro contenente una cosmografia e geografia, il corso del sole, della luna e dei cinque pianeti. Questi riferimenti indicano una comprensione completa dell&#039;astronomia senza eguali anche ai nostri tempi.<\/p>\n<p>Mentre il mondo accademico occidentale attribuisce la conoscenza dell&#039;astronomia ai greci, i greci stessi attribuivano la loro conoscenza astronomica ai sacerdoti egiziani.<\/p>\n<p>Il Grande Strabone [64 aEV-25 dC] ammise, nel c. 20 a.C. (circa 100 anni dopo Ipparco) che:<\/p>\n<p style=\"padding-left: 30px;\"><strong><em>\u201cI sacerdoti egiziani sono supremi nella scienza del cielo\u2026[gli egiziani]\u2026impartiscono alcuni dei loro precetti; anche se ne nascondono la maggior parte. [Gli Egiziani] rivelarono ai Greci i segreti dell&#039;anno intero, che questi ultimi ignorarono come molte altre cose\u201d.<\/em><\/strong><\/p>\n<p>(Maggiori informazioni sull\u2019anno solare egiziano pi\u00f9 accurato pi\u00f9 avanti in questo capitolo.)<\/p>\n<p>Gli astronomi che studiano l\u2019Egitto sostengono da tempo che l\u2019astronomia egiziana fosse molto avanzata; che la precessione degli equinozi era loro nota, cos\u00ec come lo era il sistema eliocentrico e molti altri fenomeni presumibilmente scoperti solo di recente.<\/p>\n<p>&nbsp;<\/p>\n<h3><span style=\"color: #ff0000;\"><strong>2. Keplero e l&#039;astronomia egiziana<\/strong><\/span><\/h3>\n<p>Alcuni decenni fa, coloro che sostenevano che l\u2019astronomia avesse raggiunto uno stato avanzato molto prima dell\u2019invenzione del telescopio venivano generalmente ridicolizzati o ignorati. L&#039;astronomia &quot;moderna&quot; \u00e8 attribuita alle opere di Giovanni Keplero [1571-1630 d.C.], al quale viene attribuito il merito di aver &quot;scoperto&quot; le tre leggi planetarie senza il &quot;beneficio di un telescopio&quot;.<\/p>\n<p style=\"padding-left: 30px;\">Legge 1. L&#039;orbita di un pianeta\/cometa attorno al sole \u00e8 un&#039;ellisse con il centro di massa del sole in un fuoco.<\/p>\n<p style=\"padding-left: 30px;\">Legge 2. Una linea che congiunge un pianeta\/cometa e il sole spazza aree uguali in intervalli di tempo uguali.<\/p>\n<p style=\"padding-left: 30px;\">Legge 3. I quadrati dei periodi dei pianeti sono proporzionali ai cubi del loro semiasse maggiore.<\/p>\n<p>Le leggi planetarie che mostrano le relazioni tra i pianeti, le distanze, le variazioni di velocit\u00e0, le configurazioni dell&#039;orbita, ecc. non possono mai essere determinate senza osservazioni, misurazioni, registrazioni e analisi regolari; eppure nessuno di questi accademici occidentali ci dice come Keplero sia arrivato (dal nulla) a queste leggi planetarie. In verit\u00e0, lo stesso Keplero si vantava sulla stampa, alla fine <em>Libro V <\/em>della sua serie <em>Armonia del mondo<\/em>, che ha riscoperto le leggi perdute dell&#039;Egitto, come indicato di seguito:<\/p>\n<p style=\"padding-left: 30px;\"><strong><em>\u201cOra, diciotto mesi dopo la prima luce, tre mesi dopo il vero giorno, ma pochissimi giorni dopo che il puro sole di quello studio meraviglioso cominci\u00f2 a splendere, nulla mi trattiene; \u00e8 mio piacere cedere alla frenesia ispirata, \u00e8 mio piacere schernire gli uomini mortali con la candida consapevolezza che <span style=\"text-decoration: underline;\">Sto rubando i vasi d&#039;oro degli egiziani<\/span> per costruire con loro una tenda al mio Dio, molto, molto lontano dai confini dell&#039;Egitto\u00bb.<\/em><\/strong><\/p>\n<p>Il giubilante Keplero non afferm\u00f2 di aver scoperto nulla da solo. Piuttosto, era tutto antico egiziano.<\/p>\n<p>&nbsp;<\/p>\n<h3><span style=\"color: #ff0000;\"><strong>3. Osservazioni e registrazioni astronomiche<\/strong><\/span><\/h3>\n<p>Numerosi monumenti si possono trovare in tutti i siti dell&#039;Antico Egitto, attestando la loro piena consapevolezza e conoscenza della cosmologia e dell&#039;astronomia. Un tipo sistematico di osservazione astronomica inizi\u00f2 nell&#039;antico Egitto molto presto. Gli antichi egizi raccoglievano informazioni, creando mappe delle costellazioni basate su osservazioni e registrazioni.<\/p>\n<p>Un tipo sistematico di osservazione astronomica inizi\u00f2 molto presto. I pi\u00f9 antichi testi astronomici attualmente conosciuti si trovano sui coperchi di bare di legno risalenti alla IX dinastia (2150 aC circa).<\/p>\n<p>Questi testi sono chiamati <em>calendari diagonali <\/em>O <em>orologi stellari diagonali<\/em>, che significano gli obiettivi e i contenuti di questi testi: osservare e documentare il rapporto tra il movimento degli astri e il tempo.<\/p>\n<p>La parola &quot;diagonale&quot; significa misurazione degli angoli; cio\u00e8, la distanza dell&#039;arco di movimento durante un periodo di tempo specifico.<\/p>\n<p>Le misurazioni angolari sono in concomitanza con la divisione egiziana del cielo in 36 segmenti angolari. Ciascuno ha un angolo centrale di 10 gradi, per un totale di 360 gradi.<\/p>\n<p>Questi testi danno i nomi dei decani (stelle che sorgevano a intervalli di dieci giorni contemporaneamente al sole), di cui erano 36.<\/p>\n<p>Carte stellari pi\u00f9 elaborate furono trovate nel Nuovo Regno (1550\u20131070 aEV) sul soffitto della tomba di Senenmut, l&#039;architetto della regina Hatshepsut, e sul soffitto del tempio di Abydos. Nelle tombe di Set I e Ramses IV, VII e IX, le iscrizioni relative al primo e al 16\u00b0 giorno di ogni mese indicano la posizione occupata da una stella in ciascuna delle 12 ore della notte rispetto a una figura seduta (sopra l&#039;orecchio sinistro, sopra l&#039;orecchio destro, ecc.).<\/p>\n<p>&nbsp;<\/p>\n<h3><span style=\"color: #ff0000;\"><strong>4. Cronometraggio REALE egiziano<\/strong><\/span><\/h3>\n<p>La conoscenza del cronometraggio degli antichi egizi si riflette nella divisione del giorno in 12 ore del giorno e 12 ore della notte. La durata dell&#039;ora non era fissa, ma variava con le stagioni. Le giornate lunghe in estate significavano ore del giorno pi\u00f9 lunghe e il contrario nei mesi invernali. Il 21 marzo e il 23 settembre, quando il sole attraversa l&#039;equatore e il giorno e la notte hanno ovunque la stessa durata, sono conosciuti come &quot;equinozi&quot; (notti uguali). La lunghezza variabile dell&#039;ora indica la loro comprensione dell&#039;equinozio cos\u00ec come la loro piena comprensione della misurazione accurata del tempo, come spiegato di seguito.<\/p>\n<p><img decoding=\"async\" class=\"aligncenter\" src=\"http:\/\/egyptianwisdomcenter.org\/wp-content\/uploads\/2019\/02\/aecr-ch11-2.jpg\" \/><\/p>\n<p>Poich\u00e9 la terra gira attorno al sole nel piano della sua orbita una volta all&#039;anno, la linea di riferimento verso il sole cambia costantemente e la durata di un giorno solare non \u00e8 il tempo reale di una rotazione della terra. \u00c8 quindi che la nostra astronomia \u201cmoderna\u201d riconosce che il tempo reale di una rotazione della terra, detto giorno siderale, si basa su una rotazione rispetto all&#039;equinozio di primavera, quando la durata del giorno e della notte sono esattamente lo stesso.<\/p>\n<p>Gli antichi egizi conoscevano i segreti del tempo perch\u00e9 osservavano e studiavano il movimento apparente delle stelle, della luna e del sole. Poich\u00e9 tutti i corpi celesti sono in costante movimento apparente rispetto all&#039;osservatore, \u00e8 estremamente importante conoscere l&#039;ora esatta dell&#039;osservazione di un corpo celeste, cosa che gli antichi egizi padroneggiavano molto tempo fa.<\/p>\n<p>Il movimento di ciascun corpo celeste veniva misurato in variazione angolare come combinazione di declinazione e ascensione retta; queste sono le coordinate fornite delle stelle su una mappa del cielo.<\/p>\n<p>Le osservazioni sono state registrate e tracciate su una griglia sovrapponendo, sotto il centro del cielo, una figura umana seduta in posizione eretta, con la sommit\u00e0 della testa posta sotto lo zenit. La griglia era tipicamente composta da 8 segmenti orizzontali e 12 segmenti verticali, che rappresentavano le 12 ore della notte. Su una parte di questa figura venivano indicate le stelle che si avvicinavano allo zenit e la loro posizione veniva indicata negli elenchi delle stelle: sopra l&#039;orecchio sinistro, sopra l&#039;orecchio destro, ecc.<\/p>\n<p>I testi astronomici dell&#039;Antico Egitto danno la posizione delle stelle durante le 12 ore della notte ad intervalli di 15 giorni e da questa informazione si pu\u00f2 misurare il cambiamento di posizione di un particolare punto nel cielo. Queste misurazioni e registrazioni frequenti e regolari li portarono a correlare la velocit\u00e0 dei corpi celesti e, come tali, gli antichi egizi furono in grado di registrare irregolarit\u00e0 maggiori e minori nel movimento percepito di questi corpi celesti.<\/p>\n<p>Mappe dei cieli e tavole stellari furono realizzate in Egitto fin dai tempi pi\u00f9 antichi; le stelle vengono raggruppate per formare costellazioni simili a quelle raffigurate sui soffitti della tomba. Riferimenti astronomici all&#039;importante costellazione della Gamba del Toro (Orsa Maggiore), a Sirio, a Orione e ad altri gruppi stellari si trovano nei testi delle piramidi della V e VI dinastia.<\/p>\n<p>Elenchi dei decani o stelle di dieci giorni (o gruppi di stelle) associati alle tavole delle stelle orarie erano gi\u00e0 in uso sulle bare delle dinastie XI e XII di Assyut.<\/p>\n<p><a href=\"https:\/\/pressbooks.com\/app\/uploads\/sites\/43032\/2015\/11\/aecr-ch11-1-200c-1-1.jpg\"><img decoding=\"async\" class=\"wp-image-915 aligncenter\" src=\"http:\/\/egyptianwisdomcenter.org\/wp-content\/uploads\/2019\/02\/aecr-ch11-1-200c-1-1-e1522603208227.jpg\" alt=\"\" width=\"291\" height=\"163\" \/><\/a><\/p>\n<p style=\"text-align: center;\"><strong>Elenco delle stelle del 16 di Babeh (Paophi) \u2014 27 ottobre \u2014 da Ramses<\/strong><br \/>\n<strong>Tomba di IX a Ta-Apet (Tebe).<\/strong><\/p>\n<p>Nel caso della tomba di Ramses IX (1131-1112 aC), il soffitto mostra le posizioni delle varie stelle nell&#039;arco di 12 periodi consecutivi di 15 giorni. Da queste carte stellari, gli antichi egizi determinavano le posizioni e i cambiamenti di posizione e\/o tempo delle stelle. Pertanto gli antichi Egizi erano consapevoli del fatto che le stelle si spostavano lentamente e che questo era facilmente misurabile al transito sul meridiano; e cos\u00ec gli antichi egizi conoscevano e calcolavano il tasso di cambiamento precessionale.<\/p>\n<p>Gli Antichi Egizi facevano riferimento alle stelle che definiscono il perimetro delle varie costellazioni, come:<\/p>\n<p style=\"padding-left: 30px;\">gamba del gigante<br \/>\nartiglio dell&#039;oca<br \/>\ntesta dell&#039;oca<br \/>\nostacolare la parte dell&#039;oca<br \/>\nstella tra migliaia<br \/>\nstella S&#039;ar<br \/>\npunta del dito della costellazione S&#039;ah. (Orione)<br \/>\nle stelle di S&#039;ah. (Orione)<br \/>\nstella che segue Sirio<br \/>\npunta del dito delle stelle gemelle<br \/>\nstelle dell&#039;acqua<br \/>\npunta del dito del S&#039;ah.<br \/>\ntesta del leone<br \/>\ncoda del leone<\/p>\n<p>&nbsp;<\/p>\n<h3><span style=\"color: #ff0000;\"><strong>5. Il ciclo zodiacale<\/strong><\/span><\/h3>\n<p><a href=\"http:\/\/egyptianwisdomcenter.org\/wp-content\/uploads\/2019\/02\/ec3-136.jpg\"><img decoding=\"async\" class=\"size-medium wp-image-873 aligncenter\" src=\"http:\/\/egyptianwisdomcenter.org\/wp-content\/uploads\/2019\/02\/ec3-136-300x129.jpg\" alt=\"\" width=\"300\" height=\"129\" \/><\/a><\/p>\n<p>La mappa stellare del polo nord del cielo, dalla tomba di Seti I [1333\u20131304 a.C.] [mostrata sopra], rafforza<br \/>\nil significato antico egiziano della parola zodiaco: un cerchio di animali.<\/p>\n<p>Il motivo principale della nostra consapevolezza, sulla Terra, dello zodiaco sono le complesse interazioni tra Terra, sole e luna. Tra i numerosi volumi dei testi dell&#039;Antico Egitto, come riconosciuto da Clemente Alessandrino, c&#039;era un intero volume sui fenomeni del sole e della luna. Il significato del sole e della luna nel ritmo cosmico \u00e8 attribuito allegoricamente a Iside e Osiride, che fu meglio descritto da Diodoro di Sicilia, <em>Libro I<\/em>, 11. 5-6:<\/p>\n<p style=\"padding-left: 30px;\"><strong><em>Questi due neteru (dei), sostengono, regolano l&#039;intero universo. . .<br \/>\n<\/em><\/strong><\/p>\n<p>Le azioni gemelle del Sole e della Luna sulla Terra sono la causa della precessione. La Luna e il Sole attirano entrambi, gravitazionalmente, il rigonfiamento equatoriale della nostra terra. La luna cerca di trascinare il rigonfiamento nel piano della sua orbita attorno alla Terra, e il sole cerca di trascinare questo rigonfiamento nel piano dell&#039;orbita terrestre attorno al sole. Di conseguenza, la Terra non ruota attorno al proprio asse, ma pi\u00f9 come una trottola leggermente decentrata. Il risultato combinato di queste due tendenze fa s\u00ec che l\u2019asse terrestre formi nello spazio un doppio cono, centrato sul centro della Terra \u2013 una sorta di oscillazione. Questo movimento \u00e8 chiamato precessione.<\/p>\n<p><a href=\"http:\/\/egyptianwisdomcenter.org\/wp-content\/uploads\/2019\/02\/aecr-ch11-2.jpg\"><img decoding=\"async\" class=\"size-full wp-image-760 aligncenter\" src=\"http:\/\/egyptianwisdomcenter.org\/wp-content\/uploads\/2019\/02\/aecr-ch11-2.jpg\" alt=\"\" width=\"292\" height=\"156\" \/><\/a><\/p>\n<p>La Terra ruota da ovest a est sul suo asse polare e gira attorno al sole su un&#039;orbita ellittica con il sole in uno dei fuochi dell&#039;ellisse. Completa una rivoluzione in un periodo di 365,2564 giorni. L&#039;inclinazione della Terra (23\u00bd gradi con la perpendicolare al piano orbitale), combinata con la sua rivoluzione attorno al sole, fa s\u00ec che la durata del giorno e della notte cambi e causa anche le diverse stagioni [mostrate sopra].<\/p>\n<p>Ci sono diverse componenti di questo movimento traballante della Terra. Sono semplicemente componenti di frequenza diverse degli stessi effetti fisici: il tiro alla fune tra i tre corpi.<\/p>\n<p>Se il cielo \u00e8 considerato come uno sfondo costellato, allora a causa dell&#039;oscillazione della Terra attorno al suo asse, l&#039;equinozio di primavera ogni anno si innalza su uno sfondo di costellazioni che cambia gradualmente. L&#039;effetto non \u00e8 reale, ma <em>apparente<\/em>, e coinvolge solo le stelle. Le stelle in realt\u00e0 non si muovono, ma sembrano muoversi a causa dell&#039;oscillazione precessionale della Terra. Gli astronomi chiamano questa precessione degli equinozi.<\/p>\n<p>Il continuo spostamento della posizione delle stelle agisce come una sorta di orologio stellare per il nostro pianeta. Gli antichi egizi, conoscendo l&#039;esatto tasso di cambiamento processionale e le coordinate di una stella, erano in grado di determinare la sua altitudine al meridiano in un dato momento, o il suo punto di levata sull&#039;orizzonte orientale.<\/p>\n<p>La precessione degli equinozi attraverso le costellazioni d\u00e0 i nomi alle dodici et\u00e0 dello zodiaco. Ci vogliono circa 2.160 anni affinch\u00e9 l&#039;equinozio precessioni attraverso un segno zodiacale. Pertanto, ci vogliono circa 25.920 anni affinch\u00e9 l\u2019equinozio di primavera attraversi l\u2019intero circuito delle costellazioni dei dodici segni zodiacali. Questo ciclo completo \u00e8 chiamato il Grande\/Intero Anno.<\/p>\n<p>Ciascuna delle et\u00e0\/segni zodiacali \u00e8 divisa in tre segmenti uguali rappresentati da tre figure umane insieme agli egiziani che dividono il cielo in 36 segmenti angolari. Ciascuno ha un angolo centrale di 10 gradi, per un totale di 360 gradi.<\/p>\n<p>Come affermato e mostrato sopra, questi decani sono per lo pi\u00f9 raffigurati in un flusso lineare dal primo periodo della storia egiziana recuperata.<\/p>\n<p><img decoding=\"async\" class=\"aligncenter\" src=\"http:\/\/egyptianwisdomcenter.org\/wp-content\/uploads\/2019\/02\/aecr-ch11-debdera5-300x115.jpg\" \/><\/p>\n<p>Queste stesse rappresentazioni e organizzazioni del decano sono esattamente le stesse migliaia di anni dopo, sia in flusso lineare nella sala ipostile del Tempio di Dendera [vedi fotografia nell&#039;Appendice C] sia in flusso circolare, come mostrato qui nello stesso tempio egizio. , con gli stessi tripli decani per ciascuna delle dodici costellazioni zodiacali<\/p>\n<p><img decoding=\"async\" class=\"aligncenter\" src=\"http:\/\/egyptianwisdomcenter.org\/wp-content\/uploads\/2019\/02\/aecr-ch11-dendera1-300x300.jpg\" \/><\/p>\n<p>Sezione dello zodiaco di Dendera:<\/p>\n<p><img decoding=\"async\" class=\"aligncenter\" src=\"http:\/\/egyptianwisdomcenter.org\/wp-content\/uploads\/2019\/02\/aecr-ch11-dendera2-300x142.jpg\" \/><\/p>\n<p>Una sezione ingrandita dello zodiaco di Dendera:<\/p>\n<p><a href=\"http:\/\/egyptianwisdomcenter.org\/wp-content\/uploads\/2019\/02\/aecr-ch11-dendera3.jpg\"><img loading=\"lazy\" decoding=\"async\" class=\"size-medium wp-image-705 aligncenter\" src=\"http:\/\/egyptianwisdomcenter.org\/wp-content\/uploads\/2019\/02\/aecr-ch11-dendera3-300x235.jpg\" alt=\"\" width=\"300\" height=\"235\" \/><\/a><\/p>\n<p>&nbsp;<\/p>\n<p>Di seguito \u00e8 riportata la tabella dello zodiaco egiziano che mostra gli elementi principali con meno dettagli rispetto alla tabella originale.<\/p>\n<p><img loading=\"lazy\" decoding=\"async\" class=\"size-medium wp-image-68444 aligncenter\" src=\"https:\/\/egyptianwisdomcenter.org\/wp-content\/uploads\/2023\/10\/aecr-ch11-dendera4-200c-1-1-300x296.jpg\" alt=\"\" width=\"300\" height=\"296\" srcset=\"https:\/\/egyptianwisdomcenter.org\/wp-content\/uploads\/2023\/10\/aecr-ch11-dendera4-200c-1-1-300x296.jpg 300w, https:\/\/egyptianwisdomcenter.org\/wp-content\/uploads\/2023\/10\/aecr-ch11-dendera4-200c-1-1-230x227.jpg 230w, https:\/\/egyptianwisdomcenter.org\/wp-content\/uploads\/2023\/10\/aecr-ch11-dendera4-200c-1-1-350x345.jpg 350w, https:\/\/egyptianwisdomcenter.org\/wp-content\/uploads\/2023\/10\/aecr-ch11-dendera4-200c-1-1-480x473.jpg 480w, https:\/\/egyptianwisdomcenter.org\/wp-content\/uploads\/2023\/10\/aecr-ch11-dendera4-200c-1-1-45x45.jpg 45w, https:\/\/egyptianwisdomcenter.org\/wp-content\/uploads\/2023\/10\/aecr-ch11-dendera4-200c-1-1-420x414.jpg 420w, https:\/\/egyptianwisdomcenter.org\/wp-content\/uploads\/2023\/10\/aecr-ch11-dendera4-200c-1-1-100x100.jpg 100w, https:\/\/egyptianwisdomcenter.org\/wp-content\/uploads\/2023\/10\/aecr-ch11-dendera4-200c-1-1.jpg 660w\" sizes=\"(max-width: 300px) 100vw, 300px\" \/><\/p>\n<p>&nbsp;<\/p>\n<p>I segni dello zodiaco sono rappresentati in due posizioni nel tempio Het-Heru (Hathor) a Dendera. \u00c8 chiaramente dell&#039;Antico Egitto, con le sue figure, simboli, ecc. Lo stesso esatto simbolismo delle et\u00e0 zodiacali raffigurate, divinit\u00e0, figure, ecc. si trova in numerosi templi e tombe dell&#039;Antico Egitto in tutto il paese, molto prima dell&#039;era greco-romana.<\/p>\n<p>Il mondo accademico occidentale ignor\u00f2 le schiaccianti prove fisiche, nonch\u00e9 l\u2019affermazione delle fonti dell\u2019Antico Egitto, secondo cui la precessione degli equinozi era nota in Egitto da tempo immemorabile. Il mondo accademico attribu\u00ec il merito al \u201cgreco\u201d Ipparco di Alessandria [160-125 aC circa]. Questo \u00e8 l\u2019ennesimo patetico tentativo di attribuire a un europeo un risultato importante. Eppure, in questo caso, Ipparco (che non si \u00e8 mai dichiarato come la fonte) non avrebbe mai potuto fare da solo qualcosa che richiedesse osservazioni, misurazioni e registrazioni astronomiche per secoli e millenni.<\/p>\n<p>Mentre il mondo accademico occidentale attribuisce la conoscenza dell&#039;astronomia ai greci, i greci stessi attribuivano la loro conoscenza astronomica ai sacerdoti egiziani. Il Grande Strabone [64 aEV-25 dC] ammise, nel c. 20 a.C. (circa 100 anni dopo Ipparco), che:<\/p>\n<p style=\"padding-left: 30px;\"><strong><em>I sacerdoti egiziani sono supremi nella scienza del cielo\u2026[gli egiziani]\u2026impartiscono alcuni dei loro precetti; anche se ne nascondono la maggior parte. [Gli Egiziani] rivelarono ai Greci i segreti dell\u2019anno intero, che questi ultimi ignorarono come tante altre cose\u2026<\/em><\/strong><\/p>\n<p>&nbsp;<\/p>\n<p><span style=\"color: #ff0000;\"><strong>[Estratti da <\/strong><\/span><strong>Cosmologia egiziana: l&#039;universo animato, terza edizione di Moustafa Gadalla<\/strong><span style=\"color: #ff0000;\"><strong><br \/>\n<a href=\"https:\/\/egyptianwisdomcenter.org\/it\/prodotto\/cosmologia-egiziana-luniverso-animato-terza-edizione\/\"><span style=\"color: #0000ff;\">https:\/\/egyptianwisdomcenter.org\/product\/cosmologia-egizia-luniverso-animato-terza-edizione\/<\/span><\/a><\/strong><\/span><\/p>\n<p><img loading=\"lazy\" decoding=\"async\" class=\"aligncenter\" src=\"https:\/\/egyptianwisdomcenter.org\/wp-content\/uploads\/2023\/01\/cosmologia-egizia-l-universo-animato-terza-edizione-1.jpg\" width=\"212\" height=\"318\" \/><\/p>\n<p style=\"text-align: center;\"><a href=\"https:\/\/egyptianwisdomcenter.org\/it\/prodotto\/cosmologia-egiziana-luniverso-animato-terza-edizione\/\"><span style=\"color: #ff0000;\"><strong><span style=\"color: #0000ff;\">https:\/\/egyptianwisdomcenter.org\/product\/cosmologia-egizia-luniverso-animato-terza-edizione\/<\/span><\/strong><\/span><\/a><\/p>\n<p style=\"text-align: center;\"><strong>&#8212;&#8212;<\/strong><\/p>\n<p><span style=\"color: #ff0000;\"><strong>E da <\/strong><\/span><strong>Antico Egitto: cultura rivelata, seconda edizione di Moustafa Gadalla<\/strong><span style=\"color: #ff0000;\"><strong><br \/>\n<a href=\"https:\/\/egyptianwisdomcenter.org\/it\/prodotto\/lantica-cultura-egiziana-ha-rivelato-la-seconda-edizione\/\"><span style=\"color: #0000ff;\">https:\/\/egyptianwisdomcenter.org\/product\/alla-scoperta-della-cultura-dellantico-egitto\/<\/span><\/a><\/strong><\/span><\/p>\n<p><img loading=\"lazy\" decoding=\"async\" class=\"aligncenter\" src=\"https:\/\/books2read-prod.s3.amazonaws.com\/CACHE\/images\/ubl_book_images\/book_display_image_6heB7g0\/9bcff3df91ca713a9cfe93997d847840\" alt=\"La cultura dell&#039;antico Egitto rivelata\" width=\"226\" height=\"339\" \/><\/p>\n<p style=\"text-align: center;\"><a href=\"https:\/\/egyptianwisdomcenter.org\/it\/prodotto\/lantica-cultura-egiziana-ha-rivelato-la-seconda-edizione\/\"><span style=\"color: #ff0000;\"><strong><span style=\"color: #0000ff;\">https:\/\/egyptianwisdomcenter.org\/product\/alla-scoperta-della-cultura-dellantico-egitto\/<\/span><\/strong><\/span><\/a><\/p>\n<div dir=\"auto\">\n<div dir=\"auto\"><\/div>\n<\/div>","protected":false},"excerpt":{"rendered":"<p>Astronomical Consciousness &nbsp; 1. Cosmic Consciousness And Astronomy Egypt, recognizing the influence of the heavens on earth, observed the skies with the [&hellip;]<\/p>","protected":false},"author":3,"featured_media":0,"parent":0,"menu_order":0,"comment_status":"closed","ping_status":"closed","template":"","meta":{"footnotes":""},"class_list":["post-368","page","type-page","status-publish","hentry"],"aioseo_notices":[],"_links":{"self":[{"href":"https:\/\/egyptianwisdomcenter.org\/it\/wp-json\/wp\/v2\/pages\/368","targetHints":{"allow":["GET"]}}],"collection":[{"href":"https:\/\/egyptianwisdomcenter.org\/it\/wp-json\/wp\/v2\/pages"}],"about":[{"href":"https:\/\/egyptianwisdomcenter.org\/it\/wp-json\/wp\/v2\/types\/page"}],"author":[{"embeddable":true,"href":"https:\/\/egyptianwisdomcenter.org\/it\/wp-json\/wp\/v2\/users\/3"}],"replies":[{"embeddable":true,"href":"https:\/\/egyptianwisdomcenter.org\/it\/wp-json\/wp\/v2\/comments?post=368"}],"version-history":[{"count":2,"href":"https:\/\/egyptianwisdomcenter.org\/it\/wp-json\/wp\/v2\/pages\/368\/revisions"}],"predecessor-version":[{"id":68457,"href":"https:\/\/egyptianwisdomcenter.org\/it\/wp-json\/wp\/v2\/pages\/368\/revisions\/68457"}],"wp:attachment":[{"href":"https:\/\/egyptianwisdomcenter.org\/it\/wp-json\/wp\/v2\/media?parent=368"}],"curies":[{"name":"wp","href":"https:\/\/api.w.org\/{rel}","templated":true}]}}