{"id":377,"date":"2018-11-04T00:00:00","date_gmt":"2018-11-04T04:00:00","guid":{"rendered":"http:\/\/egyptianwisdomcenter.org\/the-advanced-egyptian-medical-library\/"},"modified":"2023-01-03T01:43:15","modified_gmt":"2023-01-03T06:43:15","slug":"the-advanced-egyptian-medical-library-2","status":"publish","type":"page","link":"https:\/\/egyptianwisdomcenter.org\/it\/la-biblioteca-medica-egiziana-avanzata-2\/","title":{"rendered":"La biblioteca medica egiziana avanzata"},"content":{"rendered":"<h2 style=\"text-align: center;\"><span style=\"color: #0000ff;\">La biblioteca medica egiziana avanzata<\/span><\/h2>\n<p>&nbsp;<\/p>\n<h3><span style=\"color: #ff0000;\"><strong>1. Reputazione internazionale<\/strong><\/span><\/h3>\n<p>Il segno familiare di oggi per la prescrizione, Rx, ha avuto origine nell&#039;antico Egitto. Nel II secolo, Galeno us\u00f2 simboli mistici per impressionare i suoi pazienti. Di conseguenza, ha preso in prestito l&#039;occhio di Horus dall&#039;allegoria egiziana. La storia racconta come Horus attacc\u00f2 suo zio Set (Seth) per vendicare l&#039;omicidio di suo padre. Nel combattimento, l&#039;occhio di Horus fu fatto a pezzi, dopo di che Thoth (Tehuti) lo restaur\u00f2 per Horus.<\/p>\n<p><a href=\"http:\/\/egyptianwisdomcenter.org\/wp-content\/uploads\/2019\/02\/aecr-ch10-1-72c-1.jpg\"><img decoding=\"async\" class=\"size-full wp-image-1076 aligncenter\" src=\"http:\/\/egyptianwisdomcenter.org\/wp-content\/uploads\/2019\/02\/aecr-ch10-1-72c-1.jpg\" alt=\"\" width=\"94\" height=\"56\" \/><\/a><\/p>\n<p>Il simbolo egiziano dell&#039;occhio si \u00e8 gradualmente evoluto nell&#039;odierno segno familiare per la prescrizione, Rx, utilizzato in tutto il mondo, indipendentemente dalla lingua utilizzata.<\/p>\n<p>Molti dei rimedi e delle prescrizioni egiziane sono stati trasmessi in Europa attraverso gli scritti di Plinio, Dioscoride, Galeno e altri scrittori greci.<\/p>\n<p>Warren R. Dawson, nel <em>L&#039;eredit\u00e0 dell&#039;Egitto<\/em>, scrive:<\/p>\n<p style=\"padding-left: 30px;\"><strong><em>Le opere degli scrittori classici sono... spesso semplicemente il trampolino di lancio attraverso il quale gran parte dell&#039;antica conoscenza medica ha raggiunto l&#039;Europa, a parte i prestiti diretti... Dall&#039;Egitto abbiamo i primi libri di medicina, le prime osservazioni di anatomia, i primi esperimenti di chirurgia e farmacia, il primo utilizzo di stecche, bende, compresse e altri apparecchi, e il primo vocabolario anatomico e medico...<\/em><\/strong><\/p>\n<p>\u00c8 evidente che la scienza medica degli egiziani era ricercata ed apprezzata all&#039;estero. Erodoto ci disse che Ciro e Dario mandarono entrambi in Egitto a cercare medici. Anche in tempi successivi continuarono ad essere celebrati per la loro abilit\u00e0. Ammiano dice che bastava che un medico dicesse di aver studiato in Egitto, per raccomandarlo. Plinio menziona anche i medici che si recavano dall&#039;Egitto a Roma.<\/p>\n<p>La cura che gli egiziani dedicavano alla propria salute fu motivo di stupore per gli osservatori stranieri; in particolare greci e romani. Plinio pensava che il gran numero di medici significasse che la popolazione dell&#039;Egitto soffriva di un gran numero di malattie: una logica paradossale. Erodoto, invece, rifer\u00ec che non esistevano popoli pi\u00f9 sani degli egiziani.<\/p>\n<p>&nbsp;<\/p>\n<h3><span style=\"color: #ff0000;\"><strong>2. La professione medica<\/strong><\/span><\/h3>\n<p><strong>I Medici<\/strong><\/p>\n<p>I nomi e i titoli di oltre un centinaio di medici sono stati determinati in base ai ritrovamenti archeologici, con dettagli sufficienti per ottenere un quadro complessivo della pratica medica. Il nome di Imhotep [terza dinastia] \u00e8 stato per sempre legato alla medicina egiziana, e in seguito fu divinizzato e identificato con Asclepio, il dio greco della guarigione.<\/p>\n<p>Gi\u00e0 nell&#039;Antico Regno la professione medica era altamente organizzata, con medici che ricoprivano una variet\u00e0 di gradi e specialit\u00e0. Il medico ordinario era superato dal sorvegliante dei medici, dal capo dei medici, dal pi\u00f9 anziano dei medici e dall&#039;ispettore dei medici. \u00c8 stata fatta una distinzione tra medici e chirurghi.<\/p>\n<p>Ogni medico era ben preparato e esercitava solo nella sua area di specializzazione. I medici egiziani erano altamente specializzati. Erodoto sottolinea che non potevano praticare nessun ramo diverso dal proprio.<\/p>\n<p>C&#039;erano gli oculisti, gli specialisti dell&#039;intestino (Guardiani dell&#039;ano), i medici specializzati nelle malattie interne che conoscono i segreti e si specializzavano nei fluidi corporei, i medici del naso, quelli specializzati nelle malattie delle vie aeree superiori, i medici dell&#039;addome, e dentisti.<\/p>\n<p><strong>La condotta e la pratica<\/strong><\/p>\n<p>Alcuni strumenti e strumenti chirurgici sono raffigurati in tombe e templi, come:<\/p>\n<ul>\n<li>La Tomba di Ankh-mahor a Saqqara, che contiene diversi rilievi medici e chirurgici unici. Tra questi c&#039;era un coltello di selce che alcuni considerarono una prova della sua remota origine. Le pi\u00f9 recenti ricerche chirurgiche confermano gli strumenti di selce dell&#039;antichit\u00e0. Si \u00e8 scoperto che per alcune operazioni neurologiche e ottiche, l&#039;ossidiana possiede qualit\u00e0 che non possono essere eguagliate dall&#039;acciaio pi\u00f9 pregiato, e una versione aggiornata del vecchio coltello di selce sta tornando in uso.<\/li>\n<li>Sulla parete del corridoio esterno del tempio di Kom Ombo, una scatola di strumenti chirurgici \u00e8 scolpita in rilievo. La scatola include cesoie per metalli, bisturi chirurgici, seghe, sonde, spatole, piccoli ganci e pinzette.<\/li>\n<\/ul>\n<p>Gli interventi chirurgici venivano eseguiti dagli antichi egizi, anche in epoca pre-dinastica. Sono state trovate mummie con parti del cranio tagliate molto accuratamente, indicando un livello molto avanzato di chirurgia cerebrale. Sono stati ritrovati numerosi teschi di questo tipo, il che indica la natura delle operazioni; e talvolta la sezione mozzata del cranio si era saldata all&#039;osso genitore, dimostrando che il paziente era sopravvissuto all&#039;operazione.<\/p>\n<p>Sebbene non siano state riportate cicatrici chirurgiche nelle mummie (a parte le incisioni degli imbalsamatori), ci sono tredici riferimenti alle &quot;cuciture&quot; nel Papiro Smith. Il Papiro menziona anche le ferite che venivano unite con un nastro adesivo fatto di lino. Era disponibile anche la biancheria per fasciature, legature e suture. Gli aghi erano probabilmente di rame.<\/p>\n<p>I medici egiziani distinguevano tra ferite sterili (pulite) e ferite infette (purulente). I primi venivano scritti usando il determinativo per &quot;sangue&quot; o &quot;catarro&quot;, i secondi usando il determinativo per &quot;efflusso puzzolente&quot; o &quot;feci&quot;. Una miscela di grasso di stambecco, olio di abete e piselli tritati erano ingredienti usati come unguento per pulire una ferita infetta. Ogni tempio aveva un laboratorio su larga scala dove venivano preparati e immagazzinati i farmaci.<\/p>\n<p>Quando i primi papiri medici egiziani furono decifrati dagli studiosi tedeschi, rimasero scioccati. Chiamavano la medicina egiziana \u201c<em>farmacologia delle acque reflue<\/em>\u201d perch\u00e9 gli egiziani trattavano varie infiammazioni, infezioni e ferite applicando sterco e sostanze simili.<\/p>\n<p>La successiva invenzione della penicillina e degli antibiotici, negli ultimi decenni, ci ha fatto capire che gli antichi Egizi applicavano versioni rudimentali e organiche di questi rimedi. Ci\u00f2 che i tedeschi descrivevano come \u201c<em>farmacologia delle acque reflue<\/em>\u201d \u00e8 stato recentemente ratificato come \u201cmedicina moderna\u201d. Inoltre, gli egiziani conoscevano i diversi tipi di antibiotici. Le loro prescrizioni richiedevano che tipi specifici di antibiotici corrispondessero a malattie specifiche.<\/p>\n<p>Il mondo accademico, studiando le tecniche dell&#039;Antico Egitto di fornire statue con occhi intarsiati, concluse che gli egiziani dovevano aver compreso non solo l&#039;anatomia dell&#039;occhio, ma anche le sue propriet\u00e0 rifrattive. Gli egiziani approssimarono queste propriet\u00e0 utilizzando combinazioni di pietre e cristalli (fino a quattro tipi diversi, in un unico occhio). Quando vengono scattate fotografie di queste statue egiziane, gli occhi sembrano effettivamente reali.<\/p>\n<p>&nbsp;<\/p>\n<h3><span style=\"color: #ff0000;\"><strong>3. La Biblioteca medica<\/strong><\/span><\/h3>\n<p>Secondo Clemens Alexandrinus, che visse ad Alessandria intorno al 200 d.C., i sacerdoti dell&#039;Egitto protodinastico avevano scritto la somma totale della loro conoscenza in 42 libri sacri, che erano conservati nei templi e portati in processioni religiose. Sei di questi libri riguardavano esclusivamente la medicina e trattavano di anatomia, malattie in generale, chirurgia, rimedi, malattie degli occhi e malattie delle donne.<\/p>\n<p>Numerosi papiri medici sono sopravvissuti ai secoli. Contengono prescrizioni per il trattamento di malattie dei polmoni, del fegato, dello stomaco e della vescica e per vari disturbi della testa e del cuoio capelluto (comprese ricette per prevenire la caduta o l&#039;ingrigimento dei capelli). Contengono anche prescrizioni per i disturbi reumatici e artritici e per le malattie della donna.<\/p>\n<p>Molti altri papiri egiziani che trattano disturbi non fisici sono soprannominati \u201cpapiri magici\u201d dal mondo accademico occidentale. Di seguito \u00e8 riportato un riepilogo dei principali papiri medici:<\/p>\n<p><span style=\"color: #ff0000;\"><strong>Papiro di Edwin Smith<\/strong><\/span><\/p>\n<p>Il papiro Edwin Smith \u00e8 stato datato intorno al 1600 a.C. La presenza di parole dell&#039;Antico Regno nel testo suggerisce che il papiro sia stato copiato da lavori precedenti risalenti al 2500 a.C. circa, quando furono costruite le piramidi.<\/p>\n<p>Questo \u00e8 il primo libro di chirurgia al mondo. Contiene un totale di 48 casi chirurgici di natura traumatica, sistematicamente sistemati dalla testa e generalmente scendendo lungo il corpo fino agli arti inferiori.<\/p>\n<p>Ogni caso \u00e8 preceduto da una breve didascalia che esprime una diagnosi sommaria, seguita da un&#039;altra diagnosi dettagliata, da una prognosi breve ma chiaramente formulata e, talvolta, dalla terapia.<\/p>\n<p>La diagnosi fu stabilita dopo che furono fatte osservazioni straordinariamente precise. Nella sua conclusione, proponeva tre possibilit\u00e0: un medico poteva agire con pieno successo, poteva provare con qualche probabilit\u00e0 di successo, oppure non aveva alcuna possibilit\u00e0; in tal caso, non dovrebbe fare nulla.<\/p>\n<p>Le tecniche erano numerose e varie. Le fratture sono state fissate correttamente, sono state applicate delle stecche e le ferite sono state suturate. C&#039;era una specie di cerotto adesivo che faceva miracoli con le ossa rotte. Fratture perfettamente guarite possono essere osservate in numerose mummie.<\/p>\n<p>Le frasi pi\u00f9 emozionanti si trovano proprio all&#039;inizio di questo papiro:<\/p>\n<p style=\"padding-left: 30px;\"><strong><em>Il conteggio di qualsiasi cosa con le dita [viene fatto] per riconoscere la direzione in cui va il cuore. Ci sono vasi in esso che conducono ad ogni parte del corpo... Quando un prete Sekhmet, qualsiasi medico... mette le dita sulla testa... sulle due mani, al posto del cuore... parla... in ogni vaso, ogni parte del il corpo.<\/em><\/strong><\/p>\n<p>Il papiro medico dimostra che gli egiziani comprendevano il rapporto tra il cuore e la circolazione del sangue, che credevano che il cuore fosse la fonte della vita nel corpo e che sentivano il polso e lo misuravano confrontandolo con il proprio polso. .<\/p>\n<p>Gli egiziani credevano inoltre che tutti i &quot;succhi interni del corpo&quot; scorressero attraverso vasi che si irradiavano dal cuore e si raccoglievano nell&#039;ano, da dove potevano essere nuovamente ridistribuiti alle varie parti del corpo. Aria, sangue, urina, muco, sperma e feci scorrevano nel sistema; di solito in armonia, ma occasionalmente sfugge di mano e quindi causa una malattia.<\/p>\n<p><span style=\"text-decoration: underline;\">Il papiro Smith contiene quella che \u00e8 probabilmente la prima descrizione documentata del cervello umano:<\/span><\/p>\n<p style=\"padding-left: 30px;\"><strong><em>Quando esamini un uomo con una... ferita sulla testa, che arriva fino all&#039;osso; il suo cranio \u00e8 rotto; rotto \u00e8 il cervello del suo cranio... questi avvolgimenti che nascono nel metallo colato. C&#039;\u00e8 qualcosa... che trema (e) svolazza sotto le tue dita come il punto debole nella testa di un bambino che non \u00e8 ancora indurito... Il sangue scorre dalle sue due narici.<\/em><\/strong><\/p>\n<p>I progressi nella neurologia moderna dimostrano che gli egiziani comprendevano, in dettaglio, il funzionamento del sistema nervoso e la relazione tra le aree del cervello e il modo in cui queste aree controllavano le funzioni corporee.<\/p>\n<p><span style=\"color: #ff0000;\"><strong>Papiro medico di Ebers<\/strong><\/span><\/p>\n<p>La data di origine del <em>Papiro medico di Ebers <\/em>\u00e8 intorno al 1555 a.C. \u00c8 considerato un manuale per l&#039;insegnamento dell&#039;anatomia e della farmacia. Contiene 876 rimedi e menziona 500 diverse sostanze utilizzate nei trattamenti medici.<\/p>\n<p>IL <em>Papiro di Ebers <\/em>descrive il trattamento e la prescrizione di disturbi di stomaco, tosse, raffreddore, morsi, disturbi e malattie della testa, disturbi del fegato, ustioni e altri tipi di ferite, prurito, foruncoli, cisti e simili, disturbi delle dita delle mani e dei piedi, unguenti per ferite e dolori alle vene, ai muscoli e ai nervi, malattie della lingua, mal di denti, dolori alle orecchie, malattie delle donne, preparati di bellezza, rimedi casalinghi contro i parassiti, due libri sul cuore e sulle vene e diagnosi di tumori.<\/p>\n<p><span style=\"color: #ff0000;\"><strong>Papiro di Berlino<\/strong><\/span><\/p>\n<p>Il papiro di Berlino \u00e8 stato datato tra il 1350 e il 1200 a.C.<\/p>\n<p>Si occupa del parto e dei neonati.<\/p>\n<p>Esso<span style=\"text-decoration: underline;\"> contiene un test di gravidanza<\/span> che riconosceva che l&#039;urina portava il fattore di gravidanza. Richiede di macerare un po&#039; di grano e un po&#039; di orzo nella sua urina. Se il grano germoglier\u00e0, sar\u00e0 un maschio; se germoglia l&#039;orzo sar\u00e0 una femmina.<\/p>\n<p>Nel 1963, Ghalioungui scopr\u00ec che mentre l&#039;urina di donne non incinte impediva la crescita dell&#039;orzo e del grano (moderni), era impossibile rilevare il sesso di un feto dal tasso di crescita di entrambi i cereali; forse perch\u00e9 i cereali e i terreni erano entrambi diversi nell&#039;antico Egitto. Tuttavia, il fatto che <span style=\"text-decoration: underline;\">gli egiziani riconoscevano che l&#039;urina portava il fattore della gravidanza<\/span> \u00e8 stato notevole. La standardizzazione di test affidabili sulle urine per la gravidanza non \u00e8 avvenuta fino al 1929.<\/p>\n<p>\u00c8 sorprendente sapere che questa ricetta egiziana \u00e8 arrivata in Europa; poich\u00e9 in un libro ingegnoso del XVII secolo, Peter Boyer scrisse:<\/p>\n<p style=\"padding-left: 30px;\"><strong><em>Farai due buchi nel terreno, in uno getterai l&#039;orzo e nell&#039;altro il grano, poi verserai in entrambi l&#039;acqua della donna incinta e ricoprirai di nuovo con la terra. Se il grano spunta prima dell&#039;orzo, sar\u00e0 un maschio, ma se spunta prima l&#039;orzo, devi aspettarti una figlia.<\/em><\/strong><\/p>\n<p>C&#039;\u00e8 anche un piccolo libro in inglese, intitolato <em>L&#039;ostetrica esperta<\/em>, in cui questa ricetta appare in una forma leggermente modificata.<\/p>\n<p><span style=\"color: #ff0000;\"><strong>Il papiro Hearst<\/strong><\/span><\/p>\n<p>Questo \u00e8 stato datato intorno al 1550 a.C. e sembra essere la linea guida per un medico praticante. Contiene oltre 250 prescrizioni e incantesimi e ha una sezione su ossa e morsi, afflizioni di dita, tumori, ustioni e malattie delle donne, orecchie, occhi e denti.<\/p>\n<p>&nbsp;<\/p>\n<h3><span style=\"color: #ff0000;\"><strong>4. Cure e prescrizioni<\/strong><\/span><\/h3>\n<p>Gli antichi Egizi conoscevano perfettamente gli usi delle erbe e le terapie naturali, al punto da perfezionare il procedimento di imbalsamazione dei cadaveri dei loro defunti, un&#039;impresa che l&#039;uomo moderno non \u00e8 ancora in grado di conquistare.<\/p>\n<p>Le varie prescrizioni contenute nei papiri Ebers e Hearst, cos\u00ec come in altri papiri medici, sono abbastanza razionali e presentano applicazioni naturali per alleviare i sintomi. Queste prescrizioni sono il prodotto della conoscenza delle propriet\u00e0 fisiologiche generali e delle azioni delle piante, degli animali e dei minerali, nonch\u00e9 del corpo umano.<\/p>\n<p>IL <em>Papiro di Ebers<\/em> da solo contiene 876 rimedi e menziona 500 sostanze utilizzate nelle cure mediche. Fornisce ricette per molti rimedi, come cerotti, balsami e unguenti di origine vegetale, minerale e anche animale.<\/p>\n<p>Gli ingredienti a volte venivano tritati e altre volte bolliti o frullati. Alcuni venivano setacciati attraverso un pezzo di stoffa o diluiti con acqua limpida, birra, vino, olio o latte.<\/p>\n<p>Dal <em>Papiro di Ebers, <\/em>apprendiamo che una singola prescrizione pu\u00f2 comprendere fino a 35 sostanze.<\/p>\n<p>Le prescrizioni venivano date in forme diverse; sia come bevanda che sotto forma di pillole o come olio per sfregamento o fermentazione. Alcune prescrizioni sono state inalate.<\/p>\n<p>Hanno pesato e misurato le loro prescrizioni con molta attenzione.<\/p>\n<p>I dosaggi del medicinale variavano a seconda dell\u2019et\u00e0, del peso e del sesso del paziente.<\/p>\n<p>Le piante medicinali erano ben note. Le piante medicinali non originarie dell&#039;Egitto venivano importate dall&#039;esterno dell&#039;Egitto. L&#039;abete proveniva dalla Siria e dall&#039;Asia Minore. La sua resina pungente era preziosa come antisettico e materiale per l&#039;imbalsamazione. L&#039;olio di abete veniva usato come antielmintico e per pulire le ferite infette. Dall&#039;Africa orientale provenivano l&#039;aloe, usata per &#039;espellere il catarro dal naso&#039;, e la cannella, ingrediente essenziale nell&#039;unguento per le gengive ulcerate, e nell&#039;incenso.<\/p>\n<p>Un componente importante nella maggior parte dei rimedi era il miele. Il miele \u00e8 altamente resistente alla crescita batterica. Ha anche un&#039;azione antibiotica per la presenza di un enzima battericida chiamato <em>inibire<\/em>. Negli studi moderni, il miele ha dimostrato di essere efficace contro i batteri dello stafilococco, della salmonella e della candida. Viene anche usato per trattare ferite chirurgiche, ustioni e ulcere, avendo qualit\u00e0 di guarigione pi\u00f9 rapide rispetto al trattamento convenzionale.<\/p>\n<p>Un altro prodotto delle api, chiamato propoli (colla delle api), \u00e8 un materiale duro e resinoso derivato dalle api dai succhi delle piante e viene utilizzato dalle api per sigillare le crepe nei loro alveari. La propoli ha anche propriet\u00e0 antibiotiche e conservanti. Un piccolo topolino, che si insinu\u00f2 in un alveare dell&#039;Antico Egitto 3.000 anni fa, fu ritrovato perfettamente conservato, ricoperto di propoli e senza alcun segno di decomposizione.<\/p>\n<p>La birra \u00e8 menzionata anche come agente mediante il quale venivano somministrati molti farmaci e la birra era una bevanda popolare e salutare.<\/p>\n<p>Conoscevano e sfruttavano i benefici del lievito, applicandolo crudo su foruncoli e ulcere e ingoiandolo per eliminare i disturbi digestivi. Il lievito contiene vitamina B e agenti antibiotici.<\/p>\n<p>In precedenza abbiamo menzionato l\u2019uso degli antibiotici per curare ferite o ferite aperte nell\u2019antico Egitto.<\/p>\n<p>In sintesi, l\u2019Antico Egitto era molto avanzato e apprezzato per i suoi prodotti medici, a cui Plinio faceva spesso riferimento nei suoi scritti.<\/p>\n<p>Omero, nel <em>Odissea<\/em>, descrive le numerose medicine preziose date da Polidamna, la moglie di Thonis, a Elena, mentre era in Egitto:<\/p>\n<p style=\"padding-left: 30px;\"><strong><em>\u2026 un paese il cui suolo fertile produce un\u2019infinit\u00e0 di farmaci, alcuni salutari e altri dannosi; dove ogni medico possiede la conoscenza al di sopra di tutti gli altri uomini.<\/em><\/strong><\/p>\n<p>&nbsp;<\/p>\n<div dir=\"auto\">\n<p><strong><span style=\"color: #ff0000;\">[Un estratto da\u00a0<\/span><\/strong><strong>Antico Egitto: cultura rivelata, seconda edizione<span style=\"color: #ff0000;\"> di Moustafa Gadalla]<br \/>\n<a href=\"https:\/\/egyptianwisdomcenter.org\/it\/prodotto\/lantica-cultura-egiziana-ha-rivelato-la-seconda-edizione\/\"><span style=\"color: #0000ff;\">https:\/\/egyptianwisdomcenter.org\/product\/alla-scoperta-della-cultura-dellantico-egitto\/<\/span><\/a><br \/>\n<\/span><\/strong><\/p>\n<p><img decoding=\"async\" class=\"aligncenter\" src=\"https:\/\/egyptianwisdomcenter.org\/wp-content\/uploads\/2023\/01\/a-cultura-do-antigo-egito-revelada-1.jpg\" \/><\/p>\n<div dir=\"auto\" style=\"text-align: center;\"><a href=\"https:\/\/egyptianwisdomcenter.org\/it\/prodotto\/lantica-cultura-egiziana-ha-rivelato-la-seconda-edizione\/\"><span style=\"color: #0000ff;\"><strong>https:\/\/egyptianwisdomcenter.org\/product\/alla-scoperta-della-cultura-dellantico-egitto\/<\/strong><\/span><\/a><\/div>\n<\/div>","protected":false},"excerpt":{"rendered":"<p>The Advanced Egyptian Medical Library &nbsp; 1. International Reputations Today\u2019s familiar sign for prescription, Rx, originated in Ancient Egypt. In the 2nd [&hellip;]<\/p>","protected":false},"author":3,"featured_media":0,"parent":0,"menu_order":0,"comment_status":"closed","ping_status":"closed","template":"","meta":{"footnotes":""},"class_list":["post-377","page","type-page","status-publish","hentry"],"aioseo_notices":[],"_links":{"self":[{"href":"https:\/\/egyptianwisdomcenter.org\/it\/wp-json\/wp\/v2\/pages\/377","targetHints":{"allow":["GET"]}}],"collection":[{"href":"https:\/\/egyptianwisdomcenter.org\/it\/wp-json\/wp\/v2\/pages"}],"about":[{"href":"https:\/\/egyptianwisdomcenter.org\/it\/wp-json\/wp\/v2\/types\/page"}],"author":[{"embeddable":true,"href":"https:\/\/egyptianwisdomcenter.org\/it\/wp-json\/wp\/v2\/users\/3"}],"replies":[{"embeddable":true,"href":"https:\/\/egyptianwisdomcenter.org\/it\/wp-json\/wp\/v2\/comments?post=377"}],"version-history":[{"count":0,"href":"https:\/\/egyptianwisdomcenter.org\/it\/wp-json\/wp\/v2\/pages\/377\/revisions"}],"wp:attachment":[{"href":"https:\/\/egyptianwisdomcenter.org\/it\/wp-json\/wp\/v2\/media?parent=377"}],"curies":[{"name":"wp","href":"https:\/\/api.w.org\/{rel}","templated":true}]}}