{"id":381,"date":"2018-11-04T00:00:00","date_gmt":"2018-11-04T04:00:00","guid":{"rendered":"http:\/\/egyptianwisdomcenter.org\/mathematics-and-numerology\/"},"modified":"2023-01-06T00:13:15","modified_gmt":"2023-01-06T05:13:15","slug":"mathematics-and-numerology-2","status":"publish","type":"page","link":"https:\/\/egyptianwisdomcenter.org\/it\/matematica-e-numerologia-2\/","title":{"rendered":"Matematica E Numerologia"},"content":{"rendered":"<h2 style=\"text-align: center;\"><span style=\"color: #ff0000;\"><strong>Matematica E Numerologia<\/strong><\/span><\/h2>\n<p>&nbsp;<\/p>\n<p>Per gli antichi egizi, i due numeri primari nell&#039;universo sono 2 e 3. Tutti i fenomeni, senza eccezione, sono di natura polare e in linea di principio tripli. Pertanto, i numeri 2 e 3 sono gli unici numeri primari da cui derivano altri numeri.<\/p>\n<p>Due simboleggia il potere della molteplicit\u00e0 \u2013 il ricettacolo femminile e mutevole \u2013 mentre Tre simboleggia il maschio. Questa era la musica delle sfere: le armonie universali suonate tra questi due simboli universali primordiali femminili e maschili di Iside e Osiride, il cui matrimonio celeste produsse il bambino Horus. Plutarco conferm\u00f2 questa conoscenza egiziana nel <em>Moralia vol. V<\/em>:<\/p>\n<p style=\"padding-left: 30px;\"><strong><em>\u201cTre (Osiride) \u00e8 il primo numero dispari perfetto: quattro \u00e8 un quadrato il cui lato \u00e8 il numero pari due (Iside); ma cinque (Horus) \u00e8 in qualche modo simile a suo padre, e in qualche modo simile a sua madre, essendo composto di tre pi\u00f9 due\u2026\u201d<\/em><\/strong><\/p>\n<p>Il significato dei due numeri primari 2 e 3 (come rappresentati da Iside e Osiride fu reso molto chiaro da Diodoro di Sicilia [<em>Libro I<\/em>, 11. 5]:<\/p>\n<p style=\"padding-left: 30px;\"><strong><em>\u201cQuesti due neteru (dei), sostengono, regolano l\u2019intero universo, dando nutrimento e crescita a tutte le cose\u2026\u201d<\/em><\/strong><\/p>\n<p>Nel mondo animato dell&#039;Antico Egitto i numeri non designavano semplicemente delle quantit\u00e0 ma erano considerati definizioni concrete dei principi energetici formativi della natura. Gli egiziani chiamavano questi principi energetici neteru (dei, dee).<\/p>\n<p>Per gli egiziani i numeri non erano solo pari e dispari. Questi numeri animati nell&#039;Antico Egitto furono menzionati da Plutarco in <em>Moralia, vol. V<\/em>, quando descrisse il triangolo egiziano 3-4-5:<\/p>\n<p style=\"padding-left: 30px;\"><strong><em>&quot;La posizione verticale, quindi, pu\u00f2 essere paragonata al maschio, la base alla femmina, e l&#039;ipotenusa al figlio di entrambi, e cos\u00ec Osiride pu\u00f2 essere considerata l&#039;origine, Iside come il destinatario e Horus come il risultato perfetto.&quot;<\/em><\/strong><\/p>\n<p>La vitalit\u00e0 e le interazioni tra questi numeri mostrano come sono maschili e femminili, attivi e passivi, verticali e orizzontali, ecc. Il significato divino dei numeri \u00e8 personificato nelle tradizioni dell&#039;antico Egitto da Seshat, l&#039;Enumeratore. La netert (dea) Seshat \u00e8 anche descritta come: <em>Signora della scrittura (s)<\/em>, <em>Scriba<\/em>, <em>Capo della Casa dei Libri Divini <\/em>(Archivio) e <em>la Signora dei Costruttori<\/em>.<\/p>\n<p>Seshat \u00e8 strettamente associato a Thoth (Tehuti) ed \u00e8 considerata la sua controparte femminile.<\/p>\n<p>Il concetto egiziano di simbolismo numerico fu successivamente reso popolare in Occidente da e attraverso Pitagora [ca. 580\u2013500 a.C.]. \u00c8 noto che Pitagora studi\u00f2 per circa 20 anni in Egitto, nel VI secolo a.C.<\/p>\n<p>Pitagora e i suoi immediati seguaci non hanno lasciato nulla dei loro scritti. Tuttavia, il mondo accademico occidentale ha attribuito a lui e ai cosiddetti <em>Pitagorici<\/em>. Hanno ricevuto un assegno in bianco dal mondo accademico occidentale.<\/p>\n<p>Si dice che Pitagora e i suoi seguaci considerino i numeri come concetti divini; idee del Dio che cre\u00f2 un universo di infinita variet\u00e0 e diede un ordine soddisfacente a uno schema numerico. Gli stessi principi furono affermati pi\u00f9 di 13 secoli prima della nascita di Pitagora nell&#039;intestazione del papiro egiziano noto come <em>Rhind Papiro matematico <\/em>[1848\u20131801 a.C.], che promette:<\/p>\n<p style=\"padding-left: 30px;\"><strong><em>\u201cRegole per indagare la natura e per conoscere tutto ci\u00f2 che esiste, ogni mistero, ogni segreto.\u201d<\/em><\/strong><\/p>\n<p>L\u2019intento \u00e8 molto chiaro: gli antichi egizi credevano e stabilivano le regole dei numeri e delle loro interazioni (la cosiddetta matematica) come base di \u201ctutto ci\u00f2 che esiste\u201d.<\/p>\n<p>Tutti gli elementi di design nell&#039;arte e negli edifici egiziani (dimensioni, proporzioni, numeri, ecc.) erano basati sul simbolismo numerico egiziano, come il nome egiziano antico per il tempio pi\u00f9 grande dell&#039;Egitto, il complesso del tempio di Karnak, che \u00e8 <strong><em>Apet-sut<\/em><\/strong>, Senso <em>Enumeratore dei luoghi<\/em>. Il nome del tempio parla da solo. Questo tempio inizi\u00f2 nel Medio Regno nel ca. 1971 a.C. e fu aggiunto continuamente per i successivi 1.500 anni. [Per ulteriori informazioni sui numeri e il loro significato, vedere <em>Cosmologia egiziana: l&#039;universo animato e l&#039;architettura metafisica dell&#039;antico Egitto <\/em>di Moustafa Gadalla.]<\/p>\n<p>Per quanto riguarda l&#039;attuale ristretta applicazione della materia \u201cmatematica\u201d, la perfezione dei monumenti dell&#039;Antico Egitto testimonia la loro superiore conoscenza. Per cominciare, gli egiziani avevano un sistema di numerazione decimale, con un segno per 1, un altro per 10, 100, 1.000 e cos\u00ec via. Le prove all&#039;inizio della I dinastia (2575 a.C.) mostrano che il sistema di notazione era noto fino al segno di 1.000.000. Usavano addizioni e sottrazioni. La moltiplicazione, ad eccezione dei casi pi\u00f9 semplici in cui un numero doveva essere raddoppiato o moltiplicato per dieci, implicava un processo di raddoppio e addizione (che, tra l&#039;altro, \u00e8 il modo in cui funziona il processo informatico). Le nostre tabelline si basano totalmente sulla memorizzazione e niente di pi\u00f9, e non possono in alcun modo essere considerate una conquista umana. Il processo informatico \u00e8 pi\u00f9 semplice, pi\u00f9 accurato e pi\u00f9 veloce, come tutti sappiamo.<\/p>\n<p>Gli accademici ignorano la conoscenza racchiusa nelle numerose opere dell\u2019Antico Egitto. Vogliono fare riferimento solo ad alcuni papiri dell&#039;Antico Egitto recuperati che provengono da un papiro del Medio Regno e ad alcuni frammenti di altri testi di natura simile. Lo studio della matematica inizi\u00f2 molto prima che venissero scritti i papiri \u201cmatematici\u201d ritrovati. Questi papiri ritrovati non rappresentano un trattato di matematica nel senso moderno, cio\u00e8 non contengono una serie di regole per affrontare problemi di diverso genere, ma si limitano a presentare una serie di tabelle ed esempi elaborati con l&#039;ausilio di le tavole. I quattro papiri pi\u00f9 citati sono:<\/p>\n<ol>\n<li>Il papiro \u201cmatematico\u201d Rhind (ora al British Museum), una copia di un documento pi\u00f9 antico durante il re Nemara (1849\u20131801 a.C.), 12<sup>th<\/sup> Dinastia. Contiene una serie di esempi a cui gli egittologi accademici hanno assegnato i numeri di serie 1-84.<\/li>\n<li>Del XII secolo \u00e8 anche il Papiro \u201cmatematico\u201d di Mosca (al Museo delle Belle Arti di Mosca).<sup>th<\/sup> Dinastia. Contiene una serie di esempi a cui gli egittologi accademici hanno assegnato i numeri di serie 1-19. Quattro esempi sono geometrici.<\/li>\n<li>I frammenti di Kahun.<\/li>\n<li>Il Papiro di Berlino 6619, che consiste di quattro frammenti riprodotti con i numeri 1-4.<\/li>\n<\/ol>\n<p>Ecco una sinossi del contenuto del Papiro \u201cmatematico\u201d Rhind:<\/p>\n<ul>\n<li>Aritmetica<\/li>\n<\/ul>\n<p style=\"padding-left: 60px;\">\u2013 Divisione di vari numeri.<br \/>\n\u2013 Moltiplicazione di frazioni.<br \/>\n\u2013 Soluzioni di equazioni di primo grado.<br \/>\n\u2013 Divisione degli elementi in proporzioni disuguali.<\/p>\n<ul>\n<li>Misurazione<\/li>\n<\/ul>\n<p style=\"padding-left: 60px;\">\u2013 Volumi e cubatura dei contenitori cilindrici e pettali rettangolari parallelopi<\/p>\n<ul>\n<li>Aree di:<\/li>\n<\/ul>\n<p style=\"padding-left: 60px;\">\u2013 rettangolo<br \/>\n\u2013 cerchio<br \/>\n\u2013 triangolo<br \/>\n\u2013 triangolo troncato<br \/>\n\u2013 trapezio<\/p>\n<ul>\n<li>Bastone o angolo di un pendio di una piramide e di un cono.<\/li>\n<li>Problemi vari:<\/li>\n<\/ul>\n<p style=\"padding-left: 60px;\">\u2013 Divisioni in azioni in progressione aritmetica.<br \/>\n\u2013 Progressione geometrica.<\/p>\n<p><strong>Altri processi matematici conosciuti da altri papiri includono:<\/strong><\/p>\n<ul>\n<li>Quadrato e radice quadrata di quantit\u00e0 che coinvolgono frazioni semplici [Berlino 6619].<\/li>\n<li>Soluzione di equazioni del secondo grado [Papiro di Berlino 6619].<\/li>\n<li><strong>Va notato che il Papiro Rhind mostra che il calcolo della pendenza della piramide [Rhind nn. 56-60] impiega i principi di un triangolo quadrilatero, che \u00e8 chiamato <em>Teorema di Pitagora<\/em>. Questo papiro egiziano \u00e8 datato migliaia di anni prima che Pitagora camminasse su questa terra.<\/strong><\/li>\n<\/ul>\n<p>Questo teorema afferma che il quadrato dell&#039;ipotenusa di un triangolo rettangolo \u00e8 uguale alla somma dei quadrati degli altri due lati. Plutarco spieg\u00f2 la relazione tra i tre lati del triangolo rettangolo 3:4:5, che lui (come tutte le persone del suo tempo) chiam\u00f2 il Triangolo \u201cOsiride\u201d.<\/p>\n<p>&nbsp;<\/p>\n<p><span style=\"color: #ff0000;\"><strong>[Un estratto da <\/strong><\/span><strong>Antico Egitto: cultura rivelata, seconda edizione di Moustafa Gadalla<\/strong><span style=\"color: #ff0000;\"><strong>]<br \/>\n<a href=\"https:\/\/egyptianwisdomcenter.org\/it\/prodotto\/lantica-cultura-egiziana-ha-rivelato-la-seconda-edizione\/\"><span style=\"color: #0000ff;\">https:\/\/egyptianwisdomcenter.org\/product\/alla-scoperta-della-cultura-dellantico-egitto\/<\/span><\/a><\/strong><\/span><\/p>\n<p><img decoding=\"async\" class=\"aligncenter\" src=\"https:\/\/books2read-prod.s3.amazonaws.com\/CACHE\/images\/ubl_book_images\/book_display_image_6heB7g0\/9bcff3df91ca713a9cfe93997d847840\" alt=\"La cultura dell&#039;antico Egitto rivelata\" \/><\/p>\n<p style=\"text-align: center;\"><a href=\"https:\/\/egyptianwisdomcenter.org\/it\/prodotto\/lantica-cultura-egiziana-ha-rivelato-la-seconda-edizione\/\"><span style=\"color: #ff0000;\"><strong><span style=\"color: #0000ff;\">https:\/\/egyptianwisdomcenter.org\/product\/alla-scoperta-della-cultura-dellantico-egitto\/<\/span><\/strong><\/span><\/a><\/p>\n<div dir=\"auto\"><\/div>\n<p>&nbsp;<\/p>","protected":false},"excerpt":{"rendered":"<p>Mathematics And Numerology &nbsp; For the Ancient Egyptians, the two primary numbers in the universe are 2 and 3. All phenomena, without [&hellip;]<\/p>","protected":false},"author":3,"featured_media":0,"parent":0,"menu_order":0,"comment_status":"closed","ping_status":"closed","template":"","meta":{"footnotes":""},"class_list":["post-381","page","type-page","status-publish","hentry"],"aioseo_notices":[],"_links":{"self":[{"href":"https:\/\/egyptianwisdomcenter.org\/it\/wp-json\/wp\/v2\/pages\/381","targetHints":{"allow":["GET"]}}],"collection":[{"href":"https:\/\/egyptianwisdomcenter.org\/it\/wp-json\/wp\/v2\/pages"}],"about":[{"href":"https:\/\/egyptianwisdomcenter.org\/it\/wp-json\/wp\/v2\/types\/page"}],"author":[{"embeddable":true,"href":"https:\/\/egyptianwisdomcenter.org\/it\/wp-json\/wp\/v2\/users\/3"}],"replies":[{"embeddable":true,"href":"https:\/\/egyptianwisdomcenter.org\/it\/wp-json\/wp\/v2\/comments?post=381"}],"version-history":[{"count":0,"href":"https:\/\/egyptianwisdomcenter.org\/it\/wp-json\/wp\/v2\/pages\/381\/revisions"}],"wp:attachment":[{"href":"https:\/\/egyptianwisdomcenter.org\/it\/wp-json\/wp\/v2\/media?parent=381"}],"curies":[{"name":"wp","href":"https:\/\/api.w.org\/{rel}","templated":true}]}}