{"id":382,"date":"2018-11-04T00:00:00","date_gmt":"2018-11-04T04:00:00","guid":{"rendered":"http:\/\/egyptianwisdomcenter.org\/squaring-the-circle\/"},"modified":"2023-10-21T12:22:12","modified_gmt":"2023-10-21T16:22:12","slug":"squaring-the-circle-2","status":"publish","type":"page","link":"https:\/\/egyptianwisdomcenter.org\/it\/squaring-the-circle-2\/","title":{"rendered":"Squaring The Circle"},"content":{"rendered":"<h2 style=\"text-align: center;\"><span style=\"color: #ff0000;\"><strong>Squaring The Circle<\/strong><\/span><\/h2>\n<h3 style=\"text-align: center;\"><span style=\"color: #0000ff;\"><strong>La manifestazione della creazione<\/strong><\/span><\/h3>\n<p>&nbsp;<\/p>\n<p>La \u201cquadratura del cerchio\u201d per gli antichi egizi rappresentava la realizzazione della creazione, il processo di trasformazione del concetto di creazione nella sua manifestazione effettiva.<\/p>\n<p>Tale trasformazione \u00e8 riflessa ed evidente in tutti i papiri \u201cmatematici\u201d dell\u2019Antico Egitto. In tutti questi papiri l&#039;area del cerchio era ottenuta da <strong>quadratura del cerchio<\/strong>. Il diametro era sempre rappresentato come 9 cubiti. I papiri dell&#039;antico Egitto equiparano il cerchio di 9 cubiti di diametro a un quadrato con i lati di 8 cubiti.<\/p>\n<p><img decoding=\"async\" class=\"size-full wp-image-68458 aligncenter\" src=\"https:\/\/egyptianwisdomcenter.org\/wp-content\/uploads\/2023\/10\/eh-49-300-150x150-1.jpg\" alt=\"\" width=\"150\" height=\"150\" srcset=\"https:\/\/egyptianwisdomcenter.org\/wp-content\/uploads\/2023\/10\/eh-49-300-150x150-1.jpg 150w, https:\/\/egyptianwisdomcenter.org\/wp-content\/uploads\/2023\/10\/eh-49-300-150x150-1-45x45.jpg 45w, https:\/\/egyptianwisdomcenter.org\/wp-content\/uploads\/2023\/10\/eh-49-300-150x150-1-100x100.jpg 100w\" sizes=\"(max-width: 150px) 100vw, 150px\" \/><\/p>\n<p>Il numero 9, come il diametro, rappresenta l&#039;Enneade, il gruppo di 9 neteru (dei, dee) che hanno prodotto gli ingredienti della creazione. I 9 sono tutti aspetti di Re, la forza creativa cosmica primordiale il cui simbolo \u00e8\/era il cerchio.<\/p>\n<p>8 corrisponde al mondo fisico come lo sperimentiamo. 8 \u00e8 il numero di Thoth, e a Khmunu (Hermopolis), Thoth \u00e8 conosciuto come il <strong>Maestro della Citt\u00e0 degli Otto.<\/strong><\/p>\n<p>Musicalmente, il rapporto 8:9 \u00e8 il tono perfetto. Il rapporto 8:9 \u00e8 presente nelle opere dell&#039;Antico Egitto, come la proporzione della camera interna del santuario superiore del Tempio di Luxor.<\/p>\n<p>I modelli metafisici sottostanti dell&#039;universo manifesto sono rappresentati nella relazione di <strong>quadratura del cerchio <\/strong>(Re e Thoth: concepiti e manifestati).<\/p>\n<p>Thoth trasform\u00f2 il concetto di creazione (simboleggiato in un cerchio) in una realt\u00e0 fisica e metafisica. Tale trasformazione si riflette nel processo dell\u2019Antico Egitto di \u201cquadratura del cerchio\u201d.<\/p>\n<p>L&#039;area di un cerchio avente un diametro di 9 cubiti = 63,61725.<\/p>\n<p>L&#039;area del cerchio quadrato avente il lato di 8 cubiti = 64.<\/p>\n<p>La differenza = 64 \u2013 63,61725 = 0,38.<\/p>\n<p>Tale differenza = 0,6%, che riflette la considerazione dell&#039;Antico Egitto di una leggera deviazione dalla perfezione nel mondo manifestato.<\/p>\n<p>Un buon esempio di questa lieve imperfezione \u00e8 l&#039;orbita della Terra attorno al sole, che segue una forma ellittica e non un cerchio perfetto.<\/p>\n<p>Musicalmente, il rapporto 8:9 \u00e8 il tono perfetto.<\/p>\n<p>Il rapporto 8:9 = 2 alla sua 3a potenza e 3 alla sua 2a potenza. Questa \u00e8 la relazione perfetta tra i reciproci di 2 e 3 e le loro potenze reciproche di 3 e 2. I numeri 2 e 3 sono i due numeri cosmici primari, come verr\u00e0 discusso nel capitolo 9 di questo libro.<\/p>\n<p>Le pareti del tempio egizio erano ricoperte di immagini animate, compresi geroglifici, per facilitare la comunicazione tra il sopra e il sotto.<\/p>\n<p>La struttura dell&#039;Antico Egitto era solitamente un quadrato, che rappresentava il mondo manifestato (quadratura del cerchio). Inoltre, la griglia quadrata stessa aveva un significato simbolico per il mondo manifestato, il che rendeva anche facile costruire i rettangoli radice di 2, 3 e 5, sullo\/attraverso lo sfondo del quadrato. Gli angoli dei quadrati e dei rettangoli radice erano definiti da tacche lungo il perimetro o accuratamente definiti da linee incise.<\/p>\n<p>&nbsp;<\/p>\n<p><span style=\"color: #ff0000;\"><strong>[Un estratto da <span style=\"color: #000000;\">L&#039;architettura metafisica dell&#039;antico Egitto<\/span> di Moustafa Gadalla]<br \/>\n<a href=\"https:\/\/egyptianwisdomcenter.org\/it\/prodotto\/lantica-architettura-metafisica-egiziana\/\"><span style=\"color: #0000ff;\">https:\/\/egyptianwisdomcenter.org\/product\/the-ancient-egyptian-metaphysical-architecture\/<\/span><\/a><br \/>\n<\/strong><\/span><\/p>\n<p><img decoding=\"async\" class=\"aligncenter\" src=\"https:\/\/books2read-prod.s3.amazonaws.com\/CACHE\/images\/ubl_book_images\/book_display_image_DzTMfrV\/372fcbccd1ea208063914bdc7d930cad\" \/><\/p>\n<p style=\"text-align: center;\"><a href=\"https:\/\/egyptianwisdomcenter.org\/it\/prodotto\/lantica-architettura-metafisica-egiziana\/\"><span style=\"color: #0000ff;\"><strong>https:\/\/egyptianwisdomcenter.org\/product\/the-ancient-egyptian-metaphysical-architecture\/<\/strong><\/span><\/a><\/p>\n<div dir=\"auto\"><\/div>\n<div dir=\"auto\"><\/div>","protected":false},"excerpt":{"rendered":"<p>Squaring The Circle The Manifestation Of Creation &nbsp; \u201cSquaring the circle\u201d for the Ancient Egyptians represented the realization of creation\u2014the transformation process [&hellip;]<\/p>","protected":false},"author":3,"featured_media":0,"parent":0,"menu_order":0,"comment_status":"closed","ping_status":"closed","template":"","meta":{"footnotes":""},"class_list":["post-382","page","type-page","status-publish","hentry"],"aioseo_notices":[],"_links":{"self":[{"href":"https:\/\/egyptianwisdomcenter.org\/it\/wp-json\/wp\/v2\/pages\/382","targetHints":{"allow":["GET"]}}],"collection":[{"href":"https:\/\/egyptianwisdomcenter.org\/it\/wp-json\/wp\/v2\/pages"}],"about":[{"href":"https:\/\/egyptianwisdomcenter.org\/it\/wp-json\/wp\/v2\/types\/page"}],"author":[{"embeddable":true,"href":"https:\/\/egyptianwisdomcenter.org\/it\/wp-json\/wp\/v2\/users\/3"}],"replies":[{"embeddable":true,"href":"https:\/\/egyptianwisdomcenter.org\/it\/wp-json\/wp\/v2\/comments?post=382"}],"version-history":[{"count":4,"href":"https:\/\/egyptianwisdomcenter.org\/it\/wp-json\/wp\/v2\/pages\/382\/revisions"}],"predecessor-version":[{"id":68471,"href":"https:\/\/egyptianwisdomcenter.org\/it\/wp-json\/wp\/v2\/pages\/382\/revisions\/68471"}],"wp:attachment":[{"href":"https:\/\/egyptianwisdomcenter.org\/it\/wp-json\/wp\/v2\/media?parent=382"}],"curies":[{"name":"wp","href":"https:\/\/api.w.org\/{rel}","templated":true}]}}