{"id":383,"date":"2018-11-04T00:00:00","date_gmt":"2018-11-04T04:00:00","guid":{"rendered":"http:\/\/egyptianwisdomcenter.org\/the-sacred-ratios\/"},"modified":"2023-01-06T00:14:11","modified_gmt":"2023-01-06T05:14:11","slug":"the-sacred-ratios-2","status":"publish","type":"page","link":"https:\/\/egyptianwisdomcenter.org\/it\/i-rapporti-sacri-2\/","title":{"rendered":"Le Sacre Rapporti"},"content":{"rendered":"<h2 style=\"text-align: center;\"><span style=\"color: #0000ff;\"><strong>Le Sacre \u201cRapporti\u201d<\/strong><\/span><\/h2>\n<p>&nbsp;<\/p>\n<p>Gli antichi egizi lo sapevano <em>numeri trascendenti<\/em> <em>pi<\/em> E <em>phi<\/em>. Manifestavano la loro conoscenza nelle proporzioni armoniche dei loro edifici e delle loro opere d&#039;arte.<\/p>\n<p><span style=\"color: #ff0000;\"><strong>1. La proporzione aurea<\/strong> <\/span>(Quale <em>numericamente<\/em> = 1,618), a cui il mondo accademico occidentale ha recentemente assegnato un simbolo arbitrario \u2013 la lettera dell\u2019alfabeto greco \u03c6 (phi) \u2013 era conosciuta e utilizzata molto prima dei Greci. E quel che \u00e8 peggio \u00e8 che non esiste alcuna prova concreta che i Greci lo sapessero!<\/p>\n<p>Integrit\u00e0 e onest\u00e0 richiedono che per questa proporzione venga utilizzato un termine dell&#039;antico Egitto; cio\u00e8 la proporzione Neb (aurea). Neb significa oro; divine. Questa proporzione \u00e8 anche conosciuta nei testi occidentali come <em>D&#039;oro <\/em>E <em>Divine<\/em>, a partire dal XIX secolo.<\/p>\n<p>La proporzione Neb (aurea) pu\u00f2 essere derivata matematicamente dalla serie di sommatoria, di cui gli antichi egizi manifestavano la conoscenza almeno 4.500 anni fa. Man mano che la Serie della Somma procede (2, 3, 5, 8, 13, 21, 34, 55, 89, 144,\u2026), il rapporto tra i numeri successivi tende verso la Proporzione Neb (Aurea). I rapporti 55:34, 89:55, 144:89, ecc. hanno tutti lo stesso \u201cvalore\u201d di 1,618. Come mostrato in precedenza, i templi e i santuari dell\u2019Antico Egitto erano segmentati lungo i numeri progressivi della Serie di Somma, ovvero i punti significativi lungo l\u2019asse del piano di costruzione.<\/p>\n<p>La proporzione Neb (aurea) pu\u00f2 anche essere derivata graficamente, in diversi modi che erano tutti comuni negli edifici egiziani nel corso della sua storia dinastica. [Vedi i dettagli delle varie modalit\u00e0 di accesso <em>L&#039;architettura metafisica dell&#039;antico Egitto <\/em>di Moustafa Gadalla.]<\/p>\n<p><span style=\"color: #ff0000;\"><strong>2. L&#039;indice del cerchio<\/strong><\/span> \u00e8 la rappresentazione funzionale del cerchio. \u00c8 il rapporto tra la circonferenza del cerchio e il suo diametro. \u00c8 reso popolare nel mondo accademico occidentale dalla lettera greca <em>pi <\/em>e dato un valore di 3.1415927.<\/p>\n<p>Gli egiziani manifestarono la loro conoscenza delle propriet\u00e0 del cerchio e di altre curve gi\u00e0 nei loro documenti sopravvissuti. Un documento della III dinastia [~ 2630 a.C.] mostra la definizione della curva di un tetto, a Saqqara, mediante un sistema di coordinate [mostrato qui]. Ci\u00f2 dimostra che la loro conoscenza del cerchio ha permesso loro di calcolare le coordinate lungo questa curva verticale. Di conseguenza, gli operai edili seguivano dimensioni precise nelle curve circolari eseguite.<\/p>\n<p><a href=\"http:\/\/egyptianwisdomcenter.org\/wp-content\/uploads\/2019\/02\/aecr-ch12-2-72c-1.jpg\"><img decoding=\"async\" class=\"size-full wp-image-1086 aligncenter\" src=\"http:\/\/egyptianwisdomcenter.org\/wp-content\/uploads\/2019\/02\/aecr-ch12-2-72c-1.jpg\" alt=\"\" width=\"151\" height=\"124\" \/><\/a><\/p>\n<p>Anche gli egiziani avevano costruito i loro capitelli con nove elementi, e occasionalmente con sette, oltre a poligoni a 6, 8, 11 e 13 lati, perch\u00e9 conoscevano le propriet\u00e0 del cerchio e la sua relazione con le coordinate perpendicolari e altre figure geometriche.<\/p>\n<p>Tale applicazione era evidente in Egitto almeno 2.000 anni prima che Archimede camminasse su questa terra.<\/p>\n<p><span style=\"text-decoration: underline; color: #ff0000;\">La tipica disposizione della porta dell&#039;Antico Egitto incorporava entrambi i rapporti sacri (pi e phi)<\/span>, come qui illustrato e spiegato.<\/p>\n<p><a href=\"http:\/\/egyptianwisdomcenter.org\/wp-content\/uploads\/2019\/02\/epr-ph-pyrpower3.jpg\"><img decoding=\"async\" class=\"wp-image-877 aligncenter\" src=\"http:\/\/egyptianwisdomcenter.org\/wp-content\/uploads\/2019\/02\/epr-ph-pyrpower3.jpg\" alt=\"\" width=\"168\" height=\"280\" \/><\/a><\/p>\n<p style=\"padding-left: 30px;\">1. Il contorno generale nel piano verticale \u00e8 il doppio quadrato, rapporto 1:2. [H = 2B]<\/p>\n<p style=\"padding-left: 30px;\">2. La larghezza dell&#039;apertura si basa su un quadrato inscritto in un semicerchio, il tipico modo antico egiziano di proporzionare un rettangolo radice cinque. Pertanto, lo spessore dello stipite della porta \u00e8 pari a 0,618 la larghezza dell&#039;apertura.<\/p>\n<p style=\"padding-left: 30px;\">3. L&#039;altezza dell&#039;apertura (h) = 3,1415 = pi greco<\/p>\n<p>&nbsp;<\/p>\n<div dir=\"auto\">\n<p><strong><span style=\"color: #ff0000;\">[Un estratto da\u00a0<\/span><\/strong><strong>Antico Egitto: cultura rivelata, seconda edizione<span style=\"color: #ff0000;\"> di Moustafa Gadalla]<br \/>\n<a href=\"https:\/\/egyptianwisdomcenter.org\/it\/prodotto\/lantica-cultura-egiziana-ha-rivelato-la-seconda-edizione\/\"><span style=\"color: #0000ff;\">https:\/\/egyptianwisdomcenter.org\/product\/alla-scoperta-della-cultura-dellantico-egitto\/<\/span><\/a><br \/>\n<\/span><\/strong><\/p>\n<p><img decoding=\"async\" class=\"aligncenter\" src=\"https:\/\/egyptianwisdomcenter.org\/wp-content\/uploads\/2023\/01\/a-cultura-do-antigo-egito-revelada-1.jpg\" \/><\/p>\n<div dir=\"auto\" style=\"text-align: center;\"><a href=\"https:\/\/egyptianwisdomcenter.org\/it\/prodotto\/lantica-cultura-egiziana-ha-rivelato-la-seconda-edizione\/\"><span style=\"color: #0000ff;\"><strong>https:\/\/egyptianwisdomcenter.org\/product\/alla-scoperta-della-cultura-dellantico-egitto\/<\/strong><\/span><\/a><\/div>\n<\/div>","protected":false},"excerpt":{"rendered":"<p>The Sacred \u201cRatios\u201d &nbsp; The Ancient Egyptians knew the transcendental numbers pi and phi. They manifested their knowledge in their harmonic proportioning [&hellip;]<\/p>","protected":false},"author":3,"featured_media":0,"parent":0,"menu_order":0,"comment_status":"closed","ping_status":"closed","template":"","meta":{"footnotes":""},"class_list":["post-383","page","type-page","status-publish","hentry"],"aioseo_notices":[],"_links":{"self":[{"href":"https:\/\/egyptianwisdomcenter.org\/it\/wp-json\/wp\/v2\/pages\/383","targetHints":{"allow":["GET"]}}],"collection":[{"href":"https:\/\/egyptianwisdomcenter.org\/it\/wp-json\/wp\/v2\/pages"}],"about":[{"href":"https:\/\/egyptianwisdomcenter.org\/it\/wp-json\/wp\/v2\/types\/page"}],"author":[{"embeddable":true,"href":"https:\/\/egyptianwisdomcenter.org\/it\/wp-json\/wp\/v2\/users\/3"}],"replies":[{"embeddable":true,"href":"https:\/\/egyptianwisdomcenter.org\/it\/wp-json\/wp\/v2\/comments?post=383"}],"version-history":[{"count":0,"href":"https:\/\/egyptianwisdomcenter.org\/it\/wp-json\/wp\/v2\/pages\/383\/revisions"}],"wp:attachment":[{"href":"https:\/\/egyptianwisdomcenter.org\/it\/wp-json\/wp\/v2\/media?parent=383"}],"curies":[{"name":"wp","href":"https:\/\/api.w.org\/{rel}","templated":true}]}}