{"id":393,"date":"2018-11-04T00:00:00","date_gmt":"2018-11-04T04:00:00","guid":{"rendered":"http:\/\/egyptianwisdomcenter.org\/the-egyptian-alphabetic-writing-styles\/"},"modified":"2023-01-06T00:19:50","modified_gmt":"2023-01-06T05:19:50","slug":"the-egyptian-alphabetic-writing-styles-2","status":"publish","type":"page","link":"https:\/\/egyptianwisdomcenter.org\/it\/gli-stili-di-scrittura-alfabetica-egiziana-2\/","title":{"rendered":"Gli stili di scrittura alfabetica egiziana"},"content":{"rendered":"<h2 style=\"text-align: center;\"><span style=\"color: #0000ff;\">Gli stili di scrittura alfabetica egiziana<\/span><\/h2>\n<p>&nbsp;<\/p>\n<h3><span style=\"color: #ff0000;\"><strong>1. La subdola categorizzazione occidentale delle scritture alfabetiche egiziane<\/strong><\/span><\/h3>\n<p>Come affermato in precedenza, nonostante tutti i fatti, il mondo accademico occidentale ha inventato una storia su come la scrittura ieratica fosse degenerata dai simboli pittorici geroglifici e che la scrittura \u201cdemotica\u201d fosse un&#039;ulteriore degenerazione della gi\u00e0 degenerata scrittura \u201cieratica\u201d! Hanno poi inventato la storia secondo cui i cristiani in Egitto adottarono l\u2019alfabeto \u201cgreco\u201d e aggiunsero alcune lettere aggiuntive dalla versione \u201cdemotica\u201d pi\u00f9 degenerata in modo da poterlo utilizzare per i loro scritti religiosi! Nessun fatto a supporto di sorta. L\u2019intero schema subdolo \u00e8 duplice:<\/p>\n<p style=\"padding-left: 30px;\">1. Negare l&#039;Egitto come origine dell&#039;alfabeto.<\/p>\n<p style=\"padding-left: 30px;\">2. Collocare un paese europeo come fonte di <em>vero <\/em>alfabeti con \u201cvocali\u201d.<\/p>\n<p>Ecco le delineazioni artificiali del mondo accademico occidentale sugli stili di scrittura alfabetica dell&#039;antico Egitto:<\/p>\n<p><span style=\"text-decoration: underline;\"><strong>io. La scrittura erroneamente chiamata \u201cieratica\u201d.<\/strong><\/span> \u00e8 considerato, dagli accademici occidentali, una forma unica di scrittura corsiva della lingua egiziana. Gli accademici occidentali sostengono inoltre che questo stile \u201cunico\u201d fosse ampiamente utilizzato dai sacerdoti per testi letterari o religiosi, nonch\u00e9 per documenti aziendali e personali.<\/p>\n<p>Ci\u00f2 \u00e8 assolutamente falso e fuorviante, poich\u00e9 \u201cieratico\u201d significa <em>sacro\/religioso, <\/em>ed \u00e8 un ossimoro definire \u201cieratica\u201d una scrittura che non ha alcuno scopo sacro\/religioso! Il mondo accademico occidentale ha classificato gli scritti egiziani di natura pi\u00f9 banale come \u201cieratici\u201d; come quelli trovati su pezzi di ceramica e pietra chiamati ostraka, cos\u00ec come etichette su vasi!!<\/p>\n<p>Eppure, non c\u2019\u00e8 nulla di sacro\/ieratico nelle etichette sulle bottiglie!<\/p>\n<p>Anche i frammenti di ostraka [mostrati sotto] riportano iscrizioni erroneamente chiamate \u201cieratiche\u201d dalle accademie occidentali! Gli argomenti trovati su tali ostraka sono banali [non ieratici\/sacri], come ad esempio:<\/p>\n<p style=\"padding-left: 30px;\">\u2013 Documenti di lavoro, memorandum di lavoro, rapporti di ispezione.<br \/>\n\u2013 Elenchi degli operai, delle razioni e delle provviste.<br \/>\n\u2013 Una registrazione di un visitatore del cantiere.<br \/>\n\u2013 L&#039;elenco di una spedizione in cava.<br \/>\n\u2013 Registrazioni giornaliere del lavoro svolto.<br \/>\n\u2013 Appunti delle visite di ispezione degli scribi e dei superiori.<br \/>\n\u2013 Elenchi degli operai qualificati e non qualificati impiegati in un cantiere edile.<\/p>\n<p><a href=\"http:\/\/egyptianwisdomcenter.org\/wp-content\/uploads\/2019\/02\/eu-ch6-1-96c-1.jpg\"><img decoding=\"async\" class=\"size-full wp-image-1373 aligncenter\" src=\"http:\/\/egyptianwisdomcenter.org\/wp-content\/uploads\/2019\/02\/eu-ch6-1-96c-1.jpg\" alt=\"\" width=\"384\" height=\"101\" \/><\/a><\/p>\n<p style=\"text-align: center;\"><strong>. . .<\/strong><\/p>\n<p><span style=\"text-decoration: underline;\"><strong>ii. Scrittura encoriale\/demotica<\/strong><\/span> \u00e8 considerato dagli accademici occidentali una forma unica di scrittura corsiva della lingua egiziana. Le accademie occidentali sostengono inoltre che questo stile \u201cunico\u201d fosse utilizzato per le faccende quotidiane, presso gli antichi egizi. Gli accademici occidentali sostengono che si trattasse di una specie di abbreviazione molto corsiva per la scrittura rapida, piena di legature, abbreviazioni e altre peculiarit\u00e0 ortografiche. In quanto tali, queste accademie sostengono che la documentazione demotica \u00e8 dominata da materiale legale, amministrativo e commerciale, composizioni letterarie, testi scientifici e persino \u201ctesti religiosi\u201d scritti con una grafia pi\u00f9 calligrafica.<\/p>\n<p><a href=\"http:\/\/egyptianwisdomcenter.org\/wp-content\/uploads\/2019\/02\/eu-ch6-2-96c-1.jpg\"><img fetchpriority=\"high\" decoding=\"async\" class=\"size-full wp-image-1374 aligncenter\" src=\"http:\/\/egyptianwisdomcenter.org\/wp-content\/uploads\/2019\/02\/eu-ch6-2-96c-1.jpg\" alt=\"\" width=\"269\" height=\"458\" \/><\/a><\/p>\n<p>Se le accademie sostengono che questa scrittura fosse usata per \u201ctesti religiosi\u201d oltre che per documenti commerciali, come \u00e8 possibile chiamare questa forma corsiva rapida \u201c<em>Demotico<\/em>&quot; quando \u00e8 stato utilizzato <em>Ieratico\/sacro <\/em>scopi nella scrittura religiosa?!<\/p>\n<p style=\"text-align: center;\"><strong>. . .<\/strong><\/p>\n<p style=\"text-align: left;\"><span style=\"text-decoration: underline;\"><strong>iii. Scrittura copta<\/strong><\/span> \u00e8 considerato dagli accademici occidentali una forma unica di scrittura corsiva della lingua egiziana. Viene inoltre affermato dalle accademie occidentali, per pura ripetizione (e contrariamente ai fatti), che intorno al 300 d.C. fu sviluppata una forma di scrittura \u201ccopta\u201d per l\u2019uso della popolazione cristiana in Egitto, che consisteva nelle lettere dell\u2019alfabeto greco con un altri sei caratteri (derivati dalla scrittura demotica dell&#039;antico Egitto) per esprimere suoni peculiari della lingua egiziana! Di seguito \u00e8 mostrata la &quot;scrittura copta&quot; dai codici di Nag Hammadi. \u00c8 scritto in onciali e ha la stessa identica forma delle lettere dell&#039;antico Egitto migliaia di anni prima dell&#039;era greca.<\/p>\n<p><a href=\"http:\/\/egyptianwisdomcenter.org\/wp-content\/uploads\/2019\/02\/eu-ch6-3-96c-1.jpg\"><img decoding=\"async\" class=\"size-full wp-image-1375 aligncenter\" src=\"http:\/\/egyptianwisdomcenter.org\/wp-content\/uploads\/2019\/02\/eu-ch6-3-96c-1.jpg\" alt=\"\" width=\"235\" height=\"135\" \/><\/a><\/p>\n<p>La cosiddetta scrittura &quot;copta&quot;\/&quot;greca&quot; \u00e8 in realt\u00e0 una forma di scrittura onciale dell&#039;antico Egitto. Furono i Greci ad adottarli dagli Egiziani, quando vennero in Egitto come mercenari o per studiare, e non il contrario.<\/p>\n<p>Nel 17<sup>th<\/sup> secolo, padre Athanasius Kircher ha riconosciuto, nei suoi estesi lavori analitici, che la scrittura \u201cgreca\u201d \u00e8 di origine antico-egiziana. E per questo \u00e8 stato gravemente ridicolizzato dai suoi connazionali europei.<\/p>\n<p>&nbsp;<\/p>\n<h3><span style=\"color: #ff0000;\"><strong>2. Le due vere scritture alfabetiche egiziane primarie<\/strong><strong> [Onciali e corsivo]\u00a0\u00a0\u00a0\u00a0 <\/strong><\/span><\/h3>\n<p>Clemente d&#039;Alessandria, in <em>Stromata Libro V<\/em>, Capitolo IV, ci parla chiaramente dei REALI due stili primari di scritture alfabetiche; cos\u00ec come i geroglifici egiziani pittorici non correlati:<\/p>\n<p style=\"padding-left: 30px;\"><strong><em>\u201cOra quelli che erano istruiti tra gli egiziani impararono prima di tutto <span style=\"text-decoration: underline;\">quello stile delle lettere egiziane<\/span> che si chiama epistolografico <\/em><\/strong>[corsivo cio\u00e8 &#039;composto da una serie di lettere&#039;]<strong><em>; <span style=\"text-decoration: underline;\">e in secondo luogo, lo stile ieratico, eseguito dagli scribi sacerdotali<\/span>; e infine, e per ultimo, il Geroglifico,\u2026<\/em><\/strong><strong><em>&#8220;<\/em><\/strong><\/p>\n<p>Il terzo elemento, ovvero i geroglifici egiziani e la loro natura, i loro significati, ecc., \u00e8 stato discusso in precedenza.<\/p>\n<p>Clemente non afferm\u00f2 mai che lo stile \u201cieratico\u201d egiziano fosse una forma \u201ccorsiva\u201d o \u201cdegenerata\u201d dei geroglifici. I geroglifici erano in particolare l&#039;ultima forma da lui menzionata.<\/p>\n<p><strong>L&#039;ultimo modo di scrivere che \u00e8 geroglifico NON \u00e8 quello di lettere e parole, ma Clemente riafferm\u00f2 ci\u00f2 che TUTTI gli scrittori dell&#039;antichit\u00e0 avevano indicato: che i geroglifici egiziani sono di tre nature: imitativi, figurativi e allegorici.<\/strong><\/p>\n<p>Quindi Clemente di Alessandria specifica due modalit\u00e0 di scrittura alfabetica primarie: una per uso domestico\/comune\/pubblico e un&#039;altra eseguita esclusivamente dai sacerdoti egiziani e utilizzata esclusivamente per scritti religiosi.<\/p>\n<table>\n<tbody>\n<tr>\n<td style=\"text-align: center;\"><strong>Stile corsivo<\/strong><\/td>\n<td style=\"text-align: center;\"><strong>Stile sacerdotale [religioso].<\/strong><\/td>\n<\/tr>\n<tr>\n<td style=\"text-align: center;\">Un fluido, rotondo,<\/td>\n<td style=\"text-align: center;\">Quadrato, non inclinato, segmentato<\/td>\n<\/tr>\n<tr>\n<td style=\"text-align: center;\">Legato<\/td>\n<td style=\"text-align: center;\">Onciali: lettere scritte separatamente<\/td>\n<\/tr>\n<tr>\n<td style=\"text-align: center;\">Scrittura a mano [cufico]<\/td>\n<td style=\"text-align: center;\">Formale\/Libro<\/td>\n<\/tr>\n<tr>\n<td style=\"text-align: center;\">Facile da scrivere<\/td>\n<td style=\"text-align: center;\">Facile da leggere<\/td>\n<\/tr>\n<tr>\n<td style=\"text-align: center;\">Affari interni [secolare\/civile]<\/td>\n<td style=\"text-align: center;\">Questioni teologiche<\/td>\n<\/tr>\n<\/tbody>\n<\/table>\n<p>Per facilitare il compito ai lettori che sono stati fuorviati dalle false categorizzazioni degli accademici occidentali, offriamo qui le vere delineazioni con riferimenti incrociati agli stili di scrittura egiziani errati riferiti al mondo accademico occidentale:<\/p>\n<p><span style=\"text-decoration: underline; color: #ff0000;\"><strong>io. Stile corsivo pulito<\/strong> <\/span>[erroneamente etichettato dal mondo accademico occidentale come stile \u201cieratico\u201d]<\/p>\n<p>Si trattava di un&#039;applicazione pi\u00f9 attenta utilizzata per documenti legali, professionali [scientifici e medici] e governativi. Questi venivano eseguiti con cura da scribi specializzati e altamente qualificati secondo gli standard stabiliti in ciascuna di tali applicazioni, identificate come forme calligrafiche specifiche [di cui parleremo pi\u00f9 avanti in questo capitolo].<\/p>\n<p>Come tutta la scrittura corsiva egiziana, era legata\/non legata secondo un sistema specifico, come discusso in precedenza. In quanto tale, mostra che alcune lettere hanno forme diverse quando vengono utilizzate come prima lettera di una parola (iniziale) rispetto a quando vengono utilizzate altrove nella parola (mediale, finale).<\/p>\n<p><a href=\"http:\/\/egyptianwisdomcenter.org\/wp-content\/uploads\/2019\/02\/eu-ch6-5-96c-1.jpg\"><img loading=\"lazy\" decoding=\"async\" class=\"size-full wp-image-1376 aligncenter\" src=\"http:\/\/egyptianwisdomcenter.org\/wp-content\/uploads\/2019\/02\/eu-ch6-5-96c-1.jpg\" alt=\"\" width=\"365\" height=\"163\" \/><\/a><\/p>\n<p>Sopra \u00e8 mostrato un esempio dello stile erroneamente etichettato (dal mondo accademico occidentale) \u201cieratico\u201d come appare nel papiro Ebers, che assomiglia esattamente allo stile erroneamente etichettato (dal mondo accademico occidentale) \u201cScrittura demotica!<\/p>\n<p><span style=\"text-decoration: underline; color: #ff0000;\"><strong>ii. Stile corsivo pubblico<\/strong><\/span> [erroneamente etichettato dagli accademici occidentali come stile \u201cdemotico\u201d]<\/p>\n<p>Le scritture che non erano destinate ad essere di pubblico dominio ma destinate agli affari e agli affari quotidiani non erano limitate a nessuna forma [calligrafica] standard stabilita e non venivano eseguite da scribi ufficiali.<\/p>\n<p>Tale categoria di scritti\/documenti\/scritti si estendeva alle lettere private.<\/p>\n<p>Come tutta la scrittura corsiva egiziana, era legata\/non legata secondo un sistema specifico, come discusso in precedenza. Pertanto, mostra che alcune lettere hanno forme diverse quando vengono utilizzate come prima lettera di una parola (iniziale) rispetto a quando vengono utilizzate altrove nella parola (mediale, finale).<\/p>\n<p>Poich\u00e9 tali scritture erano eseguite da scribi non professionisti, c&#039;erano differenze \u2013 spesso minori ma comunque evidenti \u2013 nella scrittura, nel vocabolario, nella morfologia e\/o nella sintassi; come ci si aspetterebbe lo stesso con la calligrafia moderna.<\/p>\n<p>Come era comune con questo tipo di categoria di scrittura incontrollata, vi era un uso frequente di abbreviazioni, soprattutto con parole usate frequentemente.<\/p>\n<p><span style=\"text-decoration: underline; color: #ff0000;\"><strong>iii. Stile sacro\/ieratico<\/strong><\/span> [erroneamente etichettato dal mondo accademico occidentale come stile \u201ccopto\u201d]<\/p>\n<p>Nei loro scritti sacri, i sacerdoti dell&#039;Antico Egitto [come confermato nella dichiarazione di Clemente sopra] usavano gli onciali, la forma non corsiva non collegata delle lettere alfabetiche. Come affermato in un capitolo precedente, ciascuna lettera alfabetica nella lingua dell&#039;antico Egitto [che fu copiata nel successivo &quot;arabo&quot;] ha quattro forme, la prima delle quali \u00e8 la forma della lettera onciale.<\/p>\n<p>Nonostante tutto il rumore\/asserzioni accademiche, NON esiste un singolo testo religioso egiziano scritto in quello che erroneamente etichettato come scrittura \u201cieratica\u201d, che \u00e8 una scrittura corsiva e non onciale.<\/p>\n<p>Il mondo accademico occidentale ribattezz\u00f2 la VERA scrittura onciale che gli antichi egizi usavano per scopi religiosi come \u201ccopto\u201d, che dichiararono essere \u201cun\u2019adozione egiziana dell\u2019alfabeto greco con alcune lettere aggiuntive dal demotico\u201d! Non esiste un solo documento storico che confermi le loro affermazioni inventate.<\/p>\n<p>&nbsp;<\/p>\n<p><span style=\"color: #ff0000;\"><strong>[Estratti da <\/strong><\/span><strong>Modalit\u00e0 di scrittura universale dell&#039;antico Egitto di Moustafa Gadalla<\/strong><span style=\"color: #ff0000;\"><strong>]<br \/>\n<a href=\"https:\/\/egyptianwisdomcenter.org\/it\/prodotto\/modalita-di-scrittura-universali-dellantico-egitto\/\"><span style=\"color: #0000ff;\">https:\/\/egyptianwisdomcenter.org\/product\/ancient-egyptian-universal-writing-modes\/<\/span><\/a><\/strong><\/span><\/p>\n<p><img decoding=\"async\" class=\"aligncenter\" src=\"https:\/\/books2read-prod.s3.amazonaws.com\/CACHE\/images\/ubl_book_images\/book_display_image_47HRC95\/515452d8b8f6b949614788303f629e63\" \/><\/p>\n<p style=\"text-align: center;\"><a href=\"https:\/\/egyptianwisdomcenter.org\/it\/prodotto\/modalita-di-scrittura-universali-dellantico-egitto\/\"><strong style=\"color: #ff0000;\"><span style=\"color: #0000ff;\">https:\/\/egyptianwisdomcenter.org\/product\/ancient-egyptian-universal-writing-modes\/<\/span><\/strong><\/a><\/p>\n<div dir=\"auto\">\n<p>&nbsp;<\/p>\n<\/div>","protected":false},"excerpt":{"rendered":"<p>The Egyptian Alphabetic Writing Styles &nbsp; 1. The Devious Western Categorization Of Egyptian Alphabetical Scripts As stated earlier, despite all the facts, [&hellip;]<\/p>","protected":false},"author":3,"featured_media":0,"parent":0,"menu_order":0,"comment_status":"closed","ping_status":"closed","template":"","meta":{"footnotes":""},"class_list":["post-393","page","type-page","status-publish","hentry"],"aioseo_notices":[],"_links":{"self":[{"href":"https:\/\/egyptianwisdomcenter.org\/it\/wp-json\/wp\/v2\/pages\/393","targetHints":{"allow":["GET"]}}],"collection":[{"href":"https:\/\/egyptianwisdomcenter.org\/it\/wp-json\/wp\/v2\/pages"}],"about":[{"href":"https:\/\/egyptianwisdomcenter.org\/it\/wp-json\/wp\/v2\/types\/page"}],"author":[{"embeddable":true,"href":"https:\/\/egyptianwisdomcenter.org\/it\/wp-json\/wp\/v2\/users\/3"}],"replies":[{"embeddable":true,"href":"https:\/\/egyptianwisdomcenter.org\/it\/wp-json\/wp\/v2\/comments?post=393"}],"version-history":[{"count":0,"href":"https:\/\/egyptianwisdomcenter.org\/it\/wp-json\/wp\/v2\/pages\/393\/revisions"}],"wp:attachment":[{"href":"https:\/\/egyptianwisdomcenter.org\/it\/wp-json\/wp\/v2\/media?parent=393"}],"curies":[{"name":"wp","href":"https:\/\/api.w.org\/{rel}","templated":true}]}}