{"id":400,"date":"2018-11-04T00:00:00","date_gmt":"2018-11-04T04:00:00","guid":{"rendered":"http:\/\/egyptianwisdomcenter.org\/an-overview-of-the-egyptian-musical-heritage\/"},"modified":"2023-01-03T00:37:38","modified_gmt":"2023-01-03T05:37:38","slug":"an-overview-of-the-egyptian-musical-heritage-2","status":"publish","type":"page","link":"https:\/\/egyptianwisdomcenter.org\/it\/una-panoramica-del-patrimonio-musicale-egiziano-2\/","title":{"rendered":"Una panoramica del patrimonio musicale egiziano"},"content":{"rendered":"<h2 style=\"text-align: center;\"><span style=\"color: #ff0000;\">Una panoramica del patrimonio musicale egiziano<\/span><\/h2>\n<p>&nbsp;<\/p>\n<p>La storia archeologica e tradizionale della musica egiziana \u00e8 molto pi\u00f9 ricca che in qualsiasi altro paese. I rilievi murali dei templi e delle tombe dell&#039;Antico Egitto raffigurano numerosi tipi e forme di strumenti musicali, le tecniche con cui questi strumenti dovevano essere suonati e accordati, l&#039;esecuzione d&#039;insieme e molto altro ancora.<\/p>\n<p>Queste scene musicali mostrano visibilmente le mani del suonatore d&#039;arpa che colpiscono alcune corde,<\/p>\n<p><a href=\"http:\/\/egyptianwisdomcenter.org\/wp-content\/uploads\/2019\/02\/emus-ch1-photo1-96c.jpg\"><img decoding=\"async\" class=\"size-full wp-image-1381 aligncenter\" src=\"http:\/\/egyptianwisdomcenter.org\/wp-content\/uploads\/2019\/02\/emus-ch1-photo1-96c.jpg\" alt=\"\" width=\"192\" height=\"216\" \/><\/a><\/p>\n<p>e i suonatori di strumenti a fiato che suonano insieme determinati accordi.<\/p>\n<p><a href=\"http:\/\/egyptianwisdomcenter.org\/wp-content\/uploads\/2019\/02\/emus-ch1-photo2-96c.jpg\"><img decoding=\"async\" class=\"size-full wp-image-1390 aligncenter\" src=\"http:\/\/egyptianwisdomcenter.org\/wp-content\/uploads\/2019\/02\/emus-ch1-photo2-96c.jpg\" alt=\"\" width=\"192\" height=\"152\" \/><\/a><\/p>\n<p>Le distanze dei tasti del liuto mostrano chiaramente che gli intervalli e le scale corrispondenti possono essere misurati e calcolati. [L&#039;analisi dettagliata \u00e8 mostrata in un capitolo successivo di questo libro.]<\/p>\n<p><a href=\"http:\/\/egyptianwisdomcenter.org\/wp-content\/uploads\/2019\/02\/emus-ch1-photo3-96c.jpg\"><img decoding=\"async\" class=\"size-full wp-image-1391 aligncenter\" src=\"http:\/\/egyptianwisdomcenter.org\/wp-content\/uploads\/2019\/02\/emus-ch1-photo3-96c.jpg\" alt=\"\" width=\"240\" height=\"157\" \/><\/a><\/p>\n<p>Le posizioni delle mani degli arpisti sulle corde indicano chiaramente rapporti come la Quarta, la Quinta e l&#039;Ottava, rivelando un&#039;indiscutibile conoscenza delle leggi che governano l&#039;armonia musicale.<\/p>\n<p>Il suono degli strumenti musicali \u00e8 anche raffigurato come controllato dai movimenti delle mani dei direttori d&#039;orchestra, che ci aiutano anche a identificare determinati toni, intervalli e funzioni del suono, come mostrato a sinistra nella raffigurazione sotto.<\/p>\n<p><a href=\"http:\/\/egyptianwisdomcenter.org\/wp-content\/uploads\/2019\/02\/emus-ch1-photo4-96c.jpg\"><img loading=\"lazy\" decoding=\"async\" class=\"size-full wp-image-1392 aligncenter\" src=\"http:\/\/egyptianwisdomcenter.org\/wp-content\/uploads\/2019\/02\/emus-ch1-photo4-96c.jpg\" alt=\"\" width=\"240\" height=\"167\" \/><\/a><\/p>\n<p>Gli intervalli di quarta, quinta e ottava erano i pi\u00f9 comuni nelle rappresentazioni dell&#039;antico Egitto. Curt Sachs [nel suo libro, <em>Storia degli strumenti musicali<\/em>] ha scoperto che su 17 arpisti rappresentati nelle opere d&#039;arte egiziane (con sufficiente realismo e distinzione per essere registrazioni affidabili), sette suonano un accordo di quarta, cinque un accordo di quinta e cinque un accordo di ottava.<\/p>\n<p>L&#039;ottava di otto termini era chiamata Harmonia o scala armonica dell&#039;ottacordo, ed era descritta nei primi scritti greci come l&#039;ottacordo dorico, strutturato sulla base dell&#039;ottava, della quarta e della quinta, i tre intervalli consonantici. Questi tre intervalli consonantici si riferiscono alle tre stagioni del calendario dell&#039;Antico Egitto, come vedremo pi\u00f9 avanti nel libro.<\/p>\n<p>Si \u00e8 scoperto che le arpe pi\u00f9 frequentemente raffigurate avevano sette corde e, secondo lo studio di Curt Sachs sugli strumenti egiziani, gli egiziani accordavano le loro arpe nella stessa serie diatonica di intervalli.<\/p>\n<p>&gt;&gt; Una delle due arpe trovate raffigurate nella tomba di Ramses III ha 13 corde, dove se la corda pi\u00f9 lunga rappresentasse pros-lambanomenos, o Re, le rimanenti 12 corde sarebbero pi\u00f9 di <span style=\"text-decoration: underline;\"><strong>forniscono tutti i toni, semitoni e quarti di tono dei generi diatonico, cromatico ed enarmonico nell&#039;ambito di un&#039;ottava.<\/strong><\/span><\/p>\n<p><a href=\"http:\/\/egyptianwisdomcenter.org\/wp-content\/uploads\/2019\/02\/harp.png\" rel=\"attachment wp-att-308\"><img loading=\"lazy\" decoding=\"async\" class=\"size-full wp-image-308 aligncenter\" src=\"http:\/\/egyptianwisdomcenter.org\/wp-content\/uploads\/2019\/02\/harp.png\" alt=\"arpa\" width=\"188\" height=\"185\" \/><\/a><\/p>\n<p>Oltre alle numerose rappresentazioni di scene musicali raffigurate nei templi e nelle tombe di tutti i periodi della storia dinastica dell&#039;Egitto, abbiamo anche accesso a centinaia di vari strumenti musicali dell&#039;antico Egitto che sono stati recuperati dalle loro tombe. Questi strumenti egiziani sono oggi diffusi nei musei e nelle collezioni private di tutto il mondo.<\/p>\n<p>Le scene musicali raffigurate nelle tombe dell&#039;Antico Egitto, cos\u00ec come gli strumenti rinvenuti dell&#039;Antico e del Medio Regno, indicano i rapporti tra le corde aperte dell&#039;arpa e i tasti densamente ordinati sui lunghi manici degli strumenti a corda, cos\u00ec come le misure tra le fori per le dita negli strumenti a fiato che rivelano\/confermano che:<\/p>\n<p style=\"padding-left: 30px;\">UN. erano conosciuti\/usati diversi tipi di scale musicali.<\/p>\n<p style=\"padding-left: 30px;\">B. le scale a gradini stretti erano comuni fin dalla prima storia egiziana conosciuta (pi\u00f9 di 5.000 anni fa).<\/p>\n<p style=\"padding-left: 30px;\">C. le tecniche di esecuzione e accordatura degli strumenti a corda prevedevano l&#039;esecuzione solista e accordale degli strumenti.<\/p>\n<p style=\"padding-left: 30px;\">D. le tecniche di esecuzione degli strumenti a fiato fornivano piccoli incrementi e l&#039;effetto dell&#039;organo.<\/p>\n<p style=\"padding-left: 30px;\">e. erano in uso sia il metodo ciclico (su e gi\u00f9) che il metodo divisivo di accordatura.<\/p>\n<p>Gli antichi egizi erano\/sono famosi in tutto il mondo per la loro padronanza delle tecniche di esecuzione dei loro strumenti musicali. L\u2019abilit\u00e0 degli Egiziani, nell\u2019uso di questi strumenti, fu affermata da Ateneo, il quale afferm\u00f2 (nei suoi testi [iv, 25]) che \u201c<strong><em>sia ai Greci che ai \u201cbarbari\u201d veniva insegnata la musica dai nativi egiziani<\/em><\/strong>.&#8221;<\/p>\n<p>Dopo la fine dell\u2019era faraonica dell\u2019Antico Egitto, l\u2019Egitto continu\u00f2 ad essere il centro di apprendimento della musica per i paesi arabizzati\/islamizzati.<\/p>\n<p><a href=\"http:\/\/egyptianwisdomcenter.org\/wp-content\/uploads\/2019\/02\/emus-ch1-photo6-96c.jpg\"><img loading=\"lazy\" decoding=\"async\" class=\"size-full wp-image-1393 aligncenter\" src=\"http:\/\/egyptianwisdomcenter.org\/wp-content\/uploads\/2019\/02\/emus-ch1-photo6-96c.jpg\" alt=\"\" width=\"240\" height=\"167\" \/><\/a><\/p>\n<p>Tutti questi risultati, insieme ai primi scritti storici del patrimonio musicale egiziano, nonch\u00e9 alle tradizioni dei moderni abitanti del Nilo, confermano di fornire il caso pi\u00f9 autentico della storia musicale dell&#039;antico Egitto.<\/p>\n<p>Sfortunatamente, gran parte di queste prove CHIARAMENTE EGIZIANE sono state distorte pi\u00f9 e pi\u00f9 volte nel corso della storia, dal mondo accademico occidentale. A proposito dell\u2019Antico Egitto, praticamente tutti gli accademici occidentali nutrono disprezzo e invidia verso questa grande civilt\u00e0. Il tipico accademico occidentale contemporaneamente: 1) descriver\u00e0 gli egiziani come molto conservatori, che non cambiavano n\u00e9 si evolvevano e che non avevano immaginazione, ecc.; e 2) descrivere le conquiste dell&#039;Antico Egitto come prese in prestito\/rubate\/copiate da non egiziani. \u00c8 irrazionale che qualcuno utilizzi simultaneamente questi argomenti contraddittori.<\/p>\n<p>Il fatto \u00e8 che gli Egiziani (Antichi e Baladi) sono notevolmente tradizionalisti fino all&#039;eccesso, come attestato da TUTTI i primi storici, come Erodoto, che, in <em>Le Storie<\/em>, Libro Secondo, 79, afferma:<\/p>\n<p style=\"padding-left: 30px;\"><strong><em>\u201cGli egiziani mantengono le loro usanze native e non ne adottano mai nessuna dall\u2019estero<\/em><\/strong>.&#8221;<\/p>\n<p>Erodoto, in <em>Le Storie<\/em>, Libro Secondo, 91, afferma anche:<\/p>\n<p style=\"padding-left: 30px;\">&#8220;<strong><em>Gli egiziani non sono disposti ad adottare le usanze greche, o, per parlare in generale, quelle di qualsiasi altro paese<\/em><\/strong>.&#8221;<\/p>\n<p>&nbsp;<\/p>\n<p><strong>[Un estratto da<\/strong> <span style=\"color: #ff0000;\"><strong>Il duraturo sistema musicale dell&#039;antico Egitto, teoria e pratica: seconda edizione di Moustafa Gadalla<\/strong><\/span>]<br \/>\n<a href=\"https:\/\/egyptianwisdomcenter.org\/it\/prodotto\/la-duratura-teoria-e-pratica-del-sistema-musicale-egiziano-seconda-edizione\/\"><strong><span style=\"color: #0000ff;\">https:\/\/egyptianwisdomcenter.org\/product\/strumenti-musicali-egizi\/<\/span><\/strong><\/a><\/p>\n<p><img decoding=\"async\" class=\"aligncenter\" src=\"https:\/\/egyptianwisdomcenter.org\/wp-content\/uploads\/2023\/01\/strumenti-musicali-egizi-2.jpg\" \/><\/p>\n<p style=\"text-align: center;\"><a href=\"https:\/\/egyptianwisdomcenter.org\/it\/prodotto\/la-duratura-teoria-e-pratica-del-sistema-musicale-egiziano-seconda-edizione\/\"><strong><span style=\"color: #0000ff;\">https:\/\/egyptianwisdomcenter.org\/product\/strumenti-musicali-egizi\/<\/span><\/strong><\/a><\/p>\n<div dir=\"auto\"><\/div>","protected":false},"excerpt":{"rendered":"<p>An Overview Of The Egyptian Musical Heritage &nbsp; The archaeological and traditional Egyptian history of music is much more abundant than in [&hellip;]<\/p>","protected":false},"author":3,"featured_media":0,"parent":0,"menu_order":0,"comment_status":"closed","ping_status":"closed","template":"","meta":{"footnotes":""},"class_list":["post-400","page","type-page","status-publish","hentry"],"aioseo_notices":[],"_links":{"self":[{"href":"https:\/\/egyptianwisdomcenter.org\/it\/wp-json\/wp\/v2\/pages\/400","targetHints":{"allow":["GET"]}}],"collection":[{"href":"https:\/\/egyptianwisdomcenter.org\/it\/wp-json\/wp\/v2\/pages"}],"about":[{"href":"https:\/\/egyptianwisdomcenter.org\/it\/wp-json\/wp\/v2\/types\/page"}],"author":[{"embeddable":true,"href":"https:\/\/egyptianwisdomcenter.org\/it\/wp-json\/wp\/v2\/users\/3"}],"replies":[{"embeddable":true,"href":"https:\/\/egyptianwisdomcenter.org\/it\/wp-json\/wp\/v2\/comments?post=400"}],"version-history":[{"count":0,"href":"https:\/\/egyptianwisdomcenter.org\/it\/wp-json\/wp\/v2\/pages\/400\/revisions"}],"wp:attachment":[{"href":"https:\/\/egyptianwisdomcenter.org\/it\/wp-json\/wp\/v2\/media?parent=400"}],"curies":[{"name":"wp","href":"https:\/\/api.w.org\/{rel}","templated":true}]}}