{"id":413,"date":"2018-11-04T00:00:00","date_gmt":"2018-11-04T04:00:00","guid":{"rendered":"http:\/\/egyptianwisdomcenter.org\/energizing-the-diatonic-week\/"},"modified":"2023-01-03T00:39:30","modified_gmt":"2023-01-03T05:39:30","slug":"energizing-the-diatonic-week-2","status":"publish","type":"page","link":"https:\/\/egyptianwisdomcenter.org\/it\/energizzante-la-settimana-diatonica-2\/","title":{"rendered":"Energizzante la settimana diatonica"},"content":{"rendered":"<h2 style=\"text-align: center;\"><span style=\"color: #0000ff;\">Energizzante la settimana diatonica<\/span><\/h2>\n<p>&nbsp;<\/p>\n<h3><span style=\"color: #ff0000;\"><strong>1. La scala musicale naturale<\/strong><\/span><\/h3>\n<p>Prima di procedere con ulteriori informazioni sulla conoscenza dell&#039;Antico Egitto, dovremmo rivedere alcuni termini semplici e fondamentali della nostra nomenclatura moderna.<\/p>\n<p>\u2022 Considerare una stringa di una determinata lunghezza come unit\u00e0. Mettilo in vibrazione; produce un suono, mostrato qui come <em>Fare<\/em>.<\/p>\n<p>\u2022 Fermare la corda nel suo punto centrale e farla vibrare per met\u00e0. La frequenza delle vibrazioni prodotte \u00e8 doppia rispetto a quella data dall&#039;intera corda, ed il tono si alza di un&#039;ottava [qui indicato come <em>Fare<\/em><sup><em>1<\/em><\/sup>].<\/p>\n<p>\u2022 Tra la nota originale (prodotta dall&#039;intera lunghezza\u2014Do) e il suono prodotto al mezzo punto (la sua ottava,\u00a0<em>Fare<\/em><sup><em>1)<\/em><\/sup>\u00a0ci sono sei posizioni in cui l&#039;orecchio interpreta sei suoni armonici diversi (<em>Re, Mi, Fa, Sol, La, Si<\/em>) situati a distanze disuguali l&#039;uno dall&#039;altro. La reazione a tutti i suoni dei toni naturali \u00e8 caratterizzata da un inconfondibile senso di equilibrio.<\/p>\n<p><a href=\"http:\/\/egyptianwisdomcenter.org\/wp-content\/uploads\/2019\/02\/musical-scale.png\"><img fetchpriority=\"high\" decoding=\"async\" class=\"size-full wp-image-320 aligncenter\" src=\"http:\/\/egyptianwisdomcenter.org\/wp-content\/uploads\/2019\/02\/musical-scale.png\" alt=\"\" width=\"336\" height=\"192\" \/><\/a><\/p>\n<p>\u2022 Ai sette suoni naturali vengono assegnate le lettere <em>A B C D E F,<\/em> E <em>G<\/em>, per le sillabe: <em>La, Si, Do, Re, Mi, Fa<\/em>e Sol.<\/p>\n<p>L&#039;intervallo tra ciascuno di questi toni \u00e8 il seguente (usando Do (C) come punto di partenza):<\/p>\n<p style=\"padding-left: 30px;\">Do e Re \u2014 (C e D) \u2014 tono intero<br \/>\nRe e Mi \u2014 (Re e Mi) \u2014 tono intero<br \/>\nMi e Fa \u2014 (Mi e Fa) \u2014 semitono<br \/>\nFa e Sol \u2014 (Fa e Sol) \u2014 tono intero<br \/>\nSol e La \u2014 (Sol e La) \u2014 tono intero<br \/>\nLa e Si \u2014 (A e B) \u2014 tono intero<br \/>\nSi e Do \u2014 (B e C<sup>1<\/sup>) \u2013 semitono<\/p>\n<p>La distinzione tra tono intero e semitono pu\u00f2 essere facilmente riconosciuta su una tastiera. L&#039;intervallo tra <em>Fare <\/em>(C) e <em>Rif <\/em>(D) ha in mezzo un tasto nero ed \u00e8 quindi quello di a <em>tono intero<\/em>, ma tra <em>Mi<\/em> (E) e <em>Fa<\/em> (F) e <em>S\u00ec<\/em> (Gruppo musicale <em>Fare<\/em> (C) dove manca il tasto nero, l&#039;intervallo \u00e8 solo quello di un semitono.<\/p>\n<p><a href=\"http:\/\/egyptianwisdomcenter.org\/wp-content\/uploads\/2019\/02\/semitones.png\"><img decoding=\"async\" class=\"size-full wp-image-755 aligncenter\" src=\"http:\/\/egyptianwisdomcenter.org\/wp-content\/uploads\/2019\/02\/semitones.png\" alt=\"\" width=\"172\" height=\"141\" \/><\/a><\/p>\n<p>Pertanto, ciascuna scala diatonica ha due semitoni, tra Mi (Mi) e <em>F<\/em> (Fa) e <em>B<\/em> (Si) e <em>C<\/em> (Fare).<\/p>\n<p>La scala diatonica (<em>A, B, C, D, E, F, G<\/em>) pu\u00f2 iniziare da qualsiasi suono naturale, ad esempio <em>C<\/em>, fino a raggiungere la sua ottava a <em>C<\/em><sup><em>1<\/em><\/sup> (in una serie crescente\u2014ascendente), o a <em>C1<\/em> (in una serie discendente-discendente).<\/p>\n<p>Pertanto, ci sono sette tipi di scale diatoniche, in ciascuna direzione: su e gi\u00f9. Ad ogni scala si fa riferimento con il suo primo tono, come la scala C, la scala D, ecc. Di seguito sono mostrati alcuni esempi.<\/p>\n<p><a href=\"http:\/\/egyptianwisdomcenter.org\/wp-content\/uploads\/2019\/02\/scales.png\"><img decoding=\"async\" class=\"size-full wp-image-323 aligncenter\" src=\"http:\/\/egyptianwisdomcenter.org\/wp-content\/uploads\/2019\/02\/scales.png\" alt=\"\" width=\"404\" height=\"156\" \/><\/a><\/p>\n<p>&nbsp;<\/p>\n<h3><span style=\"color: #ff0000;\"><strong>2. I Due Centri Energetici<\/strong><\/span><\/h3>\n<p>L&#039;attuale maggioranza silenziosa del popolo egiziano (Baladi) correla specifiche attivit\u00e0 della propria vita quotidiana a determinati giorni della settimana. Queste attivit\u00e0 sono concentrate in due periodi focali: la vigilia del luned\u00ec (domenica sera) e la vigilia del venerd\u00ec (gioved\u00ec sera), con maggiore attenzione alla vigilia del venerd\u00ec (questo non ha assolutamente nulla a che fare con l&#039;Islam). Le cerimonie matrimoniali sono consentite solo in queste due notti, con preferenza alla vigilia del venerd\u00ec. Migliaia di santuari locali (niente legati all&#039;Islam) vengono visitati in entrambe queste vigilie, con particolare preferenza alla vigilia del venerd\u00ec. Le persone trascorrono la notte della vigilia del venerd\u00ec presso le tombe dei parenti defunti (contrariamente all&#039;Islam). Il rapporto tra coppie sposate \u00e8 molto speciale la vigilia del venerd\u00ec. Le attivit\u00e0 di corteggiamento di tutti i tipi sono pi\u00f9 diffuse la vigilia del venerd\u00ec. Tutti i tipi di attivit\u00e0 (taglio dei capelli, lavoro di macellaio, ecc.) seguono lo stesso schema.<\/p>\n<p>Sin dai tempi dell&#039;Antico Egitto, la settimana iniziava con una nota alta (musicale), vale a dire il sabato. [L&#039;equiparazione del Sabato a Saturno, il pi\u00f9 alto, sar\u00e0 chiarita alla fine di questo capitolo.] Pertanto, la disposizione della settimana, con le due vigilie focali speciali, appare come segue:<\/p>\n<p><a href=\"https:\/\/emus.pressbooks.com\/wp-content\/uploads\/sites\/42623\/2015\/12\/week-layout.png\" rel=\"attachment wp-att-324\"><img loading=\"lazy\" decoding=\"async\" class=\"aligncenter wp-image-324 size-full\" src=\"http:\/\/egyptianwisdomcenter.org\/wp-content\/uploads\/2019\/02\/week-layout-e1484688023856.png\" alt=\"disposizione settimanale\" width=\"162\" height=\"200\" \/><\/a><\/p>\n<p>Le attivit\u00e0 concentrate verso entrambe le estremit\u00e0 della settimana (con due centri di attivit\u00e0, uno pi\u00f9 prominente dell&#039;altro) corrispondono a una forma ellittica conforme alla prima legge planetaria di Keplero.<\/p>\n<p><a href=\"http:\/\/egyptianwisdomcenter.org\/wp-content\/uploads\/2019\/02\/egg-shaped-plane.png\"><img loading=\"lazy\" decoding=\"async\" class=\"size-full wp-image-756 aligncenter\" src=\"http:\/\/egyptianwisdomcenter.org\/wp-content\/uploads\/2019\/02\/egg-shaped-plane.png\" alt=\"\" width=\"222\" height=\"158\" \/><\/a><\/p>\n<p>Giovanni Keplero (1571-1630) riscopr\u00ec, da fonti egiziane, che l&#039;orbita di un pianeta\/cometa attorno al suo sole \u00e8 un percorso a forma di uovo (ellisse). Ogni sistema planetario \u00e8 equilibrato solo quando l&#039;orbita del pianeta \u00e8 un piano a forma di uovo che ha due fuochi, con il centro di massa del sole in uno dei fuochi. Allo stesso modo, le tradizioni egiziane seguono lo stesso modello. Tutti gli aspetti del loro pensiero e della loro societ\u00e0 possono essere spiegati dalle caratteristiche a forma di uovo, compresa la musica.<\/p>\n<p>&nbsp;<\/p>\n<h3><span style=\"color: #ff0000;\"><strong>3. La scala dorica egiziana<\/strong><\/span><\/h3>\n<p>La sequenza pi\u00f9 popolare della scala diatonica in tutta la storia egiziana (antica e presente) \u00e8 la scala pi\u00f9 brillante, ovvero la scala D, che recita:<\/p>\n<p style=\"text-align: center;\">RE\u2014MI\u2022FA\u2014SOL\u2014LA\u2014SI\u2022DO\u2014RE<sup>1<\/sup><br \/>\n[\u2014denota intervallo completo, \u2022 denota met\u00e0 intervallo]<\/p>\n<p><a href=\"http:\/\/egyptianwisdomcenter.org\/wp-content\/uploads\/2019\/02\/d-scale.png\" rel=\"attachment wp-att-326\"><img loading=\"lazy\" decoding=\"async\" class=\"aligncenter size-full wp-image-326\" src=\"http:\/\/egyptianwisdomcenter.org\/wp-content\/uploads\/2019\/02\/d-scale.png\" alt=\"scala d\" width=\"252\" height=\"138\" \/><\/a><\/p>\n<p>A causa della presenza di due semiintervalli nella scala diatonica intermedia <em>E-F<\/em> E <em>AVANTI CRISTO<\/em>, la scala D \u00e8 l&#039;unica scala simmetrica in entrambe le direzioni: ascendente o discendente.<\/p>\n<p>Applicando la sequenza dei sette suoni naturali della scala D ai sette giorni della settimana, otteniamo:<\/p>\n<p><a href=\"http:\/\/egyptianwisdomcenter.org\/wp-content\/uploads\/2019\/02\/d-scale-week.png\" rel=\"attachment wp-att-327\"><img loading=\"lazy\" decoding=\"async\" class=\"aligncenter size-full wp-image-327\" src=\"http:\/\/egyptianwisdomcenter.org\/wp-content\/uploads\/2019\/02\/d-scale-week.png\" alt=\"settimana-scala-d\" width=\"238\" height=\"239\" \/><\/a><\/p>\n<p>Non si pu\u00f2 fare a meno di notare la simmetria dei giorni feriali che hanno anche la forma di un&#039;ellisse con due fuochi domenica-luned\u00ec e gioved\u00ec-venerd\u00ec. Questa scala \u00e8 identica alle tradizioni egiziane delle attivit\u00e0 polari settimanali, come affermato in precedenza.<\/p>\n<p>La scala D ascendente \u00e8 il modello per le comunicazioni deliberate con i regni superiori. In una scala D ascendente, il primo &#039;intervallo&#039; (semitono) si trova in mezzo <em>E<\/em> (Mi) e <em>F<\/em> (Fa). In questo frangente non \u00e8 necessaria troppa energia e l&#039;ottava si sviluppa in modo fluido <em>B<\/em> (Si). Tuttavia, il secondo semitono intermedio <em>B<\/em> (Si) e <em>C<\/em> (Do) necessita di un&#039;energia molto pi\u00f9 forte per il suo sviluppo richiesto rispetto a quella intermedia <em>E<\/em> (Mi) e <em>F<\/em> (Fa), perch\u00e9 le vibrazioni dell&#039;ottava a questo punto hanno un tono considerevolmente pi\u00f9 alto. Queste sono le ragioni delle attivit\u00e0 egiziane leggere tra domenica e luned\u00ec e delle attivit\u00e0 maggiori tra gioved\u00ec e venerd\u00ec.<\/p>\n<p>La scala D discendente rappresenta le comunicazioni tra i regni superiori e il nostro regno terreno. Considerata dal basso, un&#039;ottava discendente si sviluppa molto pi\u00f9 facilmente di un&#039;ottava ascendente. Le forze soprannaturali richiedono meno sforzi per comunicare con noi sulla terra. Il primo semitono si verifica immediatamente, in mezzo <em>C<\/em> (Fare) e <em>B<\/em> (Si). Non \u00e8 necessaria molta energia in questo frangente, dove l&#039;energia necessaria si trova spesso anche nel <em>C<\/em> (Do) stesso o nelle vibrazioni laterali evocate da <em>C<\/em> (Fare). L&#039;ottava si sviluppa dolcemente <em>F<\/em> (Fa). Il secondo semitono <em>F-E<\/em> (<em>Fa-Mi<\/em>) richiede uno shock considerevolmente meno forte del primo.<\/p>\n<p>Si chiama la scala pi\u00f9 favorita in Egitto <strong><em>Bayati<\/em>.<\/strong> \u00c8 una scala D e quindi fornisce la perfetta comunicazione armoniosa tra il sopra e il sotto, da e verso.<\/p>\n<p>La scala D era conosciuta nell&#039;antica Grecia come <em>Dorian <\/em>scala\/modalit\u00e0. Lo troveremo pi\u00f9 tardi <strong>Dor-ian<\/strong> \u00e8 un termine egiziano che era e continua ad essere usato in Egitto.<\/p>\n<p>&nbsp;<\/p>\n<h3><span style=\"color: #ff0000;\"><strong>4. I Dori egiziani<\/strong><\/span><\/h3>\n<p>Platone, Aristotele, Plutarco e altri notabili greci scrivevano ai loro tempi sullo scarso status della musica nel loro paese. Hanno sempre fatto riferimento ad un sistema musicale pi\u00f9 antico e superiore nelle isole greche. Questo sistema pi\u00f9 antico era basato sul sistema musicale dorico. Gli antichi testi greci sulla musica usano sempre Dorian come aggettivo: modo dorico, scala dorica, ecc.<\/p>\n<p>Erodoto (500 a.C.), il padre greco della storia, afferm\u00f2 di provenire da Alicarnasso, una citt\u00e0 doriana. Ha affermato chiaramente la connessione tra i Dori e l&#039;Egitto <em>Le Storie<\/em> [Libro Sesto, Sezioni 53-55]:<\/p>\n<p style=\"padding-left: 30px;\">[53] . . . <strong><em>se si dovesse risalire, generazione dopo generazione, alla stirpe di Danae, figlia di Acrisio, i capi dei Dori risulterebbe essere egiziani di nascita.<\/em><\/strong><\/p>\n<p style=\"padding-left: 30px;\">[55] <strong><em>Di tutto questo si \u00e8 detto abbastanza. Altri hanno spiegato come e attraverso quali conquiste divennero re sui Dori, nonostante fossero egiziani, quindi non entrer\u00f2 in questo argomento. Registrer\u00f2 cose che altri non hanno raccolto.<\/em><\/strong><\/p>\n<p>Erodoto, in [55] sopra, afferm\u00f2 che tale fatto era di dominio pubblico al suo tempo (500 a.C.) e non necessitava di elaborazione.<\/p>\n<p>Altre somiglianze tra i Dori e gli Egiziani furono citate pi\u00f9 volte da Erodoto, come in <em>Le Storie<\/em> [Libro Secondo, Sezione 91].<\/p>\n<p>L&#039;influenza dorica egiziana si estese in tutto il bacino del Mediterraneo. A Tarentum, nell&#039;Italia meridionale, il celebre centro pitagorico fu fondato da Pitagora e dai suoi seguaci dopo aver trascorso 20 anni a studiare in Egitto nel V secolo a.C. Il centro divenne il loro grande quartier generale culturale e filosofico.<\/p>\n<p>In tema di musica, questa regione dorico\/dorica dell&#039;Italia meridionale ha fornito notabili come:<\/p>\n<p style=\"padding-left: 30px;\">\u2022 Filolao, noto pitagorico celebre.<\/p>\n<p style=\"padding-left: 30px;\">\u2022 Archita di Tarentum (ca. 400 aC).<\/p>\n<p style=\"padding-left: 30px;\">\u2022 Aristosseno di Tarentum (ca. 320 aC).<\/p>\n<p>I loro scritti mostrano un ampio uso del sistema dell&#039;Antico Egitto tramandato loro da Pitagora. Ma a causa di una perdita di principi, i loro scritti sono frammentati, errati e confusi.<\/p>\n<p>&nbsp;<\/p>\n<p><span style=\"color: #ff0000;\"><strong>[Un estratto da <span style=\"color: #000000;\">Il duraturo sistema musicale dell&#039;antico Egitto, teoria e pratica: seconda edizione di Moustafa Gadalla<\/span>]<br \/>\n<a href=\"https:\/\/egyptianwisdomcenter.org\/it\/prodotto\/la-duratura-teoria-e-pratica-del-sistema-musicale-egiziano-seconda-edizione\/\"><span style=\"color: #0000ff;\">https:\/\/egyptianwisdomcenter.org\/product\/strumenti-musicali-egizi\/<\/span><\/a><\/strong><\/span><\/p>\n<p><img decoding=\"async\" class=\"aligncenter\" src=\"https:\/\/egyptianwisdomcenter.org\/wp-content\/uploads\/2023\/01\/strumenti-musicali-egizi-2.jpg\" \/><\/p>\n<div dir=\"auto\" style=\"text-align: center;\"><a href=\"https:\/\/egyptianwisdomcenter.org\/it\/prodotto\/la-duratura-teoria-e-pratica-del-sistema-musicale-egiziano-seconda-edizione\/\"><span style=\"color: #ff0000;\"><strong><span style=\"color: #0000ff;\">https:\/\/egyptianwisdomcenter.org\/product\/strumenti-musicali-egizi\/<\/span><\/strong><\/span><\/a><\/div>","protected":false},"excerpt":{"rendered":"<p>Energizing The Diatonic Week &nbsp; 1. The Natural Musical Scale Before we proceed with more information about the Ancient Egyptian knowledge, we [&hellip;]<\/p>","protected":false},"author":3,"featured_media":0,"parent":0,"menu_order":0,"comment_status":"closed","ping_status":"closed","template":"","meta":{"footnotes":""},"class_list":["post-413","page","type-page","status-publish","hentry"],"aioseo_notices":[],"_links":{"self":[{"href":"https:\/\/egyptianwisdomcenter.org\/it\/wp-json\/wp\/v2\/pages\/413","targetHints":{"allow":["GET"]}}],"collection":[{"href":"https:\/\/egyptianwisdomcenter.org\/it\/wp-json\/wp\/v2\/pages"}],"about":[{"href":"https:\/\/egyptianwisdomcenter.org\/it\/wp-json\/wp\/v2\/types\/page"}],"author":[{"embeddable":true,"href":"https:\/\/egyptianwisdomcenter.org\/it\/wp-json\/wp\/v2\/users\/3"}],"replies":[{"embeddable":true,"href":"https:\/\/egyptianwisdomcenter.org\/it\/wp-json\/wp\/v2\/comments?post=413"}],"version-history":[{"count":0,"href":"https:\/\/egyptianwisdomcenter.org\/it\/wp-json\/wp\/v2\/pages\/413\/revisions"}],"wp:attachment":[{"href":"https:\/\/egyptianwisdomcenter.org\/it\/wp-json\/wp\/v2\/media?parent=413"}],"curies":[{"name":"wp","href":"https:\/\/api.w.org\/{rel}","templated":true}]}}