{"id":421,"date":"2018-11-04T00:00:00","date_gmt":"2018-11-04T04:00:00","guid":{"rendered":"http:\/\/egyptianwisdomcenter.org\/the-cycle-of-fifths-and-the-egyptian-musical-measuring-unit\/"},"modified":"2023-01-03T00:40:33","modified_gmt":"2023-01-03T05:40:33","slug":"the-cycle-of-fifths-and-the-egyptian-musical-measuring-unit-2","status":"publish","type":"page","link":"https:\/\/egyptianwisdomcenter.org\/it\/il-ciclo-delle-quinte-e-lunita-di-misura-musicale-egiziana-2\/","title":{"rendered":"Il ciclo delle quinte e l&#039;unit\u00e0 di misura musicale egiziana"},"content":{"rendered":"<h2 style=\"text-align: center;\"><span style=\"color: #0000ff;\">Il ciclo delle quinte e l&#039;unit\u00e0 di misura musicale egiziana<\/span><\/h2>\n<p>&nbsp;<\/p>\n<h3><span style=\"color: #ff0000;\"><strong>1. Panta (Tutto) \u00e8 un derivato di Pente (Cinque)<\/strong><\/span><\/h3>\n<p>Gli antichi egizi esprimevano la loro conoscenza di tutti gli argomenti sotto forma di racconto, come notato da tutti i primi storici greci e romani. La storia di Iside e Osiride era il modello egiziano, utilizzato per spiegare tutti gli aspetti della conoscenza.<\/p>\n<p>Il ruolo di Iside e Osiride, in relazione alle tre stagioni ritmiche egiziane, \u00e8 meglio descritto in <em>Diodoro di Sicilia <\/em>[Libro I, 11,5-6]<i>:<\/i><\/p>\n<p style=\"padding-left: 30px;\"><strong><em>Questi due neteru (dei), sostengono, regolano l&#039;intero universo, dando nutrimento e crescita a tutte le cose per mezzo di un sistema di tre stagioni che completano l&#039;intero ciclo attraverso un movimento inosservabile. . . e queste stagioni, bench\u00e9 per natura assai opposte tra loro, completano il ciclo dell&#039;anno nella pi\u00f9 piena armonia.<\/em><\/strong><\/p>\n<p>Per gli egiziani Iside e Osiride regolavano la musica delle sfere. Le armonie universali si svolgono tra questi due simboli universali primordiali maschili e femminili di Iside e Osiride, il cui matrimonio celeste produsse il figlio Horus.<\/p>\n<p>Plutarco scrisse sul significato numerico della triade egiziana Iside<strong>, <\/strong>Osiride e Horus dentro <em>Moralia vol. V<\/em>\u00a0che gli antichi egizi equiparavano il numero due a Iside, tre a Osiride e cinque a Horus.<\/p>\n<p style=\"padding-left: 30px;\"><strong><em>Tre (Osiride) \u00e8 il primo numero dispari perfetto: quattro \u00e8 un quadrato il cui lato \u00e8 il numero pari due (Iside); ma cinque (Horus) \u00e8 in qualche modo simile a suo padre, e in qualche modo simile a sua madre, essendo composto di tre pi\u00f9 due. E panta (tutto) \u00e8 un derivato di pente (cinque), e parlano del conteggio come di una \u201cnumerazione per cinque\u201d.<\/em><\/strong><\/p>\n<p>Il significato e la funzione del numero cinque, nell&#039;Antico Egitto, sono indicati dal modo in cui era scritto. Il numero cinque nell&#039;Antico Egitto era scritto come due II sopra tre III (o talvolta come una stella a cinque punte). In altre parole, il numero cinque (il figlio-Horus) \u00e8 il risultato della relazione tra il numero due (la madre-Iside) e il numero tre (il padre-Osiride).<\/p>\n<p>Musicalmente, il rapporto\/rapporto di 2:3 sulla corda vibrante e sulla tastiera determina la vibrazione della Quinta Perfetta, che raggiunge cinque intervalli (come mostrato qui).<\/p>\n<p><a href=\"http:\/\/egyptianwisdomcenter.org\/wp-content\/uploads\/2019\/02\/fifth-octave.png\"><img decoding=\"async\" class=\"size-full wp-image-339 aligncenter\" src=\"http:\/\/egyptianwisdomcenter.org\/wp-content\/uploads\/2019\/02\/fifth-octave.png\" alt=\"\" width=\"213\" height=\"158\" \/><\/a><\/p>\n<p><a href=\"http:\/\/egyptianwisdomcenter.org\/wp-content\/uploads\/2019\/02\/musical-scale.png\"><img fetchpriority=\"high\" decoding=\"async\" class=\"size-full wp-image-320 aligncenter\" src=\"http:\/\/egyptianwisdomcenter.org\/wp-content\/uploads\/2019\/02\/musical-scale.png\" alt=\"\" width=\"336\" height=\"192\" \/><\/a><\/p>\n<p>Su un monocordo, il suono della Quinta naturale viene prodotto quando la corda viene tenuta premuta in un punto che divide la corda in un rapporto 2:3 (come illustrato sopra).<\/p>\n<p>L&#039;intervallo di Quinta offre la pi\u00f9 forte armonia possibile tra due toni diversi. \u00c8 il primo intervallo armonico a cui si riferiscono tutti gli altri intervalli armonici.<\/p>\n<p>Plutarco afferm\u00f2 l&#039;importanza della Quinta per gli Egiziani, nel suo <em>Moralia vol. V<\/em>:<\/p>\n<p style=\"padding-left: 30px;\"><strong><em>E panta (tutto) \u00e8 un derivato di pente (cinque), e loro [gli egiziani] parlano del conteggio come di una \u201cnumerazione per cinque\u201d.<\/em><\/strong><\/p>\n<p>&nbsp;<\/p>\n<h3><span style=\"color: #ff0000;\"><strong>2. Progressione della quinta armonica<\/strong><\/span><\/h3>\n<p>Gli antichi Egizi contavano \u201cper cinque\u201d, e la progressione pi\u00f9 forte e naturale da un\u2019armonia all\u2019altra \u00e8 il risultato di tale sviluppo.<\/p>\n<p>Tutte le scale musicali sono generate attraverso la progressione della Quinta. La forma\/relazione di questa prima consonanza \u00e8 la prima Quinta stabilita dal matrimonio celeste di Iside e Osiride. A loro volta divennero un modello da formare, attraverso una successione di relazioni simili, in una progressione geometrica.<\/p>\n<p>I sette toni della scala diatonica (<em>Do, Re, Mi, Fa, Sol, La, Si<\/em>) sono il risultato di tre progressioni di Quinte. Per semplificare il tutto illustreremo sulla tastiera le tre progressioni della Quinta, cos\u00ec:<\/p>\n<p><a href=\"http:\/\/egyptianwisdomcenter.org\/wp-content\/uploads\/2019\/02\/fifth-progression.png\"><img decoding=\"async\" class=\"size-full wp-image-340 aligncenter\" src=\"http:\/\/egyptianwisdomcenter.org\/wp-content\/uploads\/2019\/02\/fifth-progression.png\" alt=\"\" width=\"451\" height=\"191\" \/><\/a><\/p>\n<p style=\"padding-left: 30px;\"><strong>1. <\/strong>Se iniziamo da qualsiasi nota musicale, diciamo la met\u00e0 <em>C<\/em> (Do), come generatore, quindi trova le sue due Quinte reciproche, come mostrato sopra (<em>F<\/em> E <em>G<\/em>):<\/p>\n<p style=\"padding-left: 30px;\"><strong>2. <\/strong>La seconda progressione (da <em>F<\/em> E <em>G<\/em>) genera altre due Quinte reciproche (<em>B <\/em>E <em>D<\/em>), dalle due Quinte sopra citate. Ci\u00f2 si traduce nella scala pentatonica.<\/p>\n<p><a href=\"http:\/\/egyptianwisdomcenter.org\/wp-content\/uploads\/2019\/02\/2nd-progression.png\"><img loading=\"lazy\" decoding=\"async\" class=\"size-full wp-image-341 aligncenter\" src=\"http:\/\/egyptianwisdomcenter.org\/wp-content\/uploads\/2019\/02\/2nd-progression.png\" alt=\"\" width=\"199\" height=\"88\" \/><\/a><\/p>\n<p style=\"padding-left: 30px;\"><strong>3. <\/strong>Terza progressione (da <em>B<\/em> E <em>D<\/em>): aggiungendo altre due Quinte reciproche (<em>E <\/em>E <em>UN<\/em>), si ottiene la scala eptatonica.<\/p>\n<p><a href=\"http:\/\/egyptianwisdomcenter.org\/wp-content\/uploads\/2019\/02\/3rd-progression.png\"><img loading=\"lazy\" decoding=\"async\" class=\"size-full wp-image-342 aligncenter\" src=\"http:\/\/egyptianwisdomcenter.org\/wp-content\/uploads\/2019\/02\/3rd-progression.png\" alt=\"\" width=\"197\" height=\"87\" \/><\/a><\/p>\n<p>La scala diatonica \u00e8 quindi formata da sette termini adiacenti qualsiasi di una serie geometrica, governata dalla costante 3\/2 o 2\/3: la proporzione della quinta perfetta. I sette toni musicali naturali sono quindi ottenuti dall&#039;operazione generativa che si estende tre volte, ma non di pi\u00f9.<\/p>\n<p>Per illustrare il ciclo delle Quinte consecutive, che producono la scala diatonica sulla tastiera, immaginiamo che i toni lungo la linea superiore (EBFCGDA) siano disposti in cerchio con il tono <em>C<\/em>\u2014il tono del generatore nel nostro caso\u2014in alto. Il risultato sar\u00e0 il diagramma comune noto come Ciclo\/Cerchio delle Quinte, come mostrato qui. Dalla nota <em>C<\/em> (Fare), si procede tre volte in ciascuna direzione, per raggiungere i sette toni della scala diatonica.<\/p>\n<p><a href=\"http:\/\/egyptianwisdomcenter.org\/wp-content\/uploads\/2019\/02\/fifth-cycle.png\"><img loading=\"lazy\" decoding=\"async\" class=\"size-full wp-image-343 aligncenter\" src=\"http:\/\/egyptianwisdomcenter.org\/wp-content\/uploads\/2019\/02\/fifth-cycle.png\" alt=\"\" width=\"178\" height=\"164\" \/><\/a><\/p>\n<p>La progressione armonica lungo il ciclo delle Quinte Perfette \u00e8 la pi\u00f9 naturale, e una successione di armonie non in questo rapporto ha il carattere di un ritardo o di una sospensione di questa progressione naturale. Da una sola data Quinta scaturisce tutto il sistema musicale, il quale naturalmente deve essere nella stessa proporzione della prima. Non vi \u00e8 stata alcuna manomissione di questa proporzione n\u00e9 sostituzione con un&#039;altra.<\/p>\n<p>Come notato in precedenza, gli egiziani capivano che il numero 2 (rappresentato da Iside) e il numero 3 (rappresentato da Osiride) regolano l&#039;intero universo, compresa la musica.<\/p>\n<p>Tutte le relazioni tra intervalli possono essere ridotte a 3<sup>X<\/sup>:2<sup>s\u00ec<\/sup> o 2<sup>X<\/sup>:3<sup>s\u00ec<\/sup>. I seguenti sono tre esempi per illustrare tale fatto:<\/p>\n<p style=\"padding-left: 30px;\">\u2022 Il tono perfetto = 8:9 = 2<sup>3<\/sup>:3<sup>2<\/sup><br \/>\nQuesto \u00e8 anche il rapporto musicale perfetto, perch\u00e9 \u00e8 il rapporto tra i reciproci di 2 e 3 e le loro potenze reciproche di 3 e 2.<\/p>\n<p style=\"padding-left: 30px;\">\u2022 L&#039;intervallo, <em>riflusso<\/em>, determinato in termini di vibrazioni al secondo, \u00e8 65536\/59049, che equivale a 2<sup>16<\/sup>\/3<sup>10<\/sup>.<\/p>\n<p style=\"padding-left: 30px;\">\u2022 L&#039;intervallo, diciamo 384 centesimi, determinato dalle vibrazioni al secondo, \u00e8 8192\/6561 = 2<sup>13<\/sup>\/3<sup>8<\/sup>.<\/p>\n<p>La progressione delle Quinte per raggiungere i sette toni della scala diatonica, come illustrato in una precedente illustrazione sotto la tastiera, ci mostra che le Quinte generate (autoprodotte) non coincidono mai con le ottave progressive.<\/p>\n<p>La tastiera, per\u00f2, non pu\u00f2 darci la vera rappresentazione del rapporto tra la progressione delle quinte e delle ottave. Dobbiamo quindi seguire l&#039;esempio mostrato nella precedente illustrazione del monoaccordo dove si mostra che la Quinta Perfetta \u00e8 prodotta da 2\/3 della lunghezza totale della corda e l&#039;ottava a \u00bd della sua lunghezza.<\/p>\n<p>Una progressione per Quinte Perfette significher\u00e0 trovare la successiva Quinta Perfetta a 2\/3 dei 2\/3 originali della lunghezza, ecc. \u00c8 facile vedere che qualsiasi progresso in quinte significa moltiplicare per il rapporto 2:3 da solo, e nessuna potenza di 3 potr\u00e0 mai coincidere con una potenza di 2, richiesta dall&#039;ottava.<\/p>\n<p>Continuiamo l&#039;espansione per quinte in entrambe le direzioni (su e gi\u00f9 per la scala). Le successive trasposizioni della scala producono numerosi diesis e bemolle, disposti per quinte. Il ciclo delle Quinte Perfette autoprodotte \u00e8 tracciato lungo la sua lunghezza\/circonferenza: si immagina che la corda sia avvolta a forma di cerchio.<\/p>\n<p>Si \u00e8 riscontrato che dopo 53 Quinte naturali, qualsiasi nuova Quinta coincide opportunamente con una Quinta precedente esistente. L&#039;incremento tra le 53 Quinte naturali era\/\u00e8 chiamato a <em>virgola<\/em>. Pertanto gli Egizi definirono il sistema tonale, con riferimento al Circolo delle Quinte, sulla base dell&#039;unit\u00e0 di misura detta <em>virgola<\/em>, suddividendo l&#039;ottava in 53 gradini uguali. Questo <em>virgola<\/em> ha un valore di 22,6415 centesimi. (UN <em>cento<\/em> \u00e8 un&#039;unit\u00e0 standard per misurare gli intervalli musicali. Un\u2019ottava equivale a 1200 centesimi.)<\/p>\n<p>\u00c8 interessante notare che i trattati europei del Medioevo si riferiscono a questa particolare virgola di 22,6415 centesimi come ad un <em>\u201cVirgola araba\u201d<\/em>, anche se nessuna documentazione scritta araba nel mondo arabizzato lo ha mai menzionato o utilizzato, ad eccezione delle popolazioni di lingua araba dell&#039;Egitto. In quanto tale, pu\u00f2 essere ed era\/\u00e8 solo una virgola egiziana.<\/p>\n<p>L&#039;analisi degli strumenti musicali dell&#039;Antico Egitto \u00e8 coerente con i multipli della virgola egiziana [vedere i capitoli sotto Gli strumenti musicali egiziani, pi\u00f9 avanti in questo libro].<\/p>\n<p>Misuriamo le distanze in pollici e centimetri. Misuriamo il peso in libbre, grammi e chilogrammi. Nella musica, l&#039;Occidente nel 19<sup>th<\/sup> secolo decise di utilizzare unit\u00e0 standard per misurare gli intervalli musicali. La loro scelta \u00e8 stata il centesimo, dove un&#039;ottava = 1.200 centesimi.<\/p>\n<p>Il sistema egiziano fin dalla sua prima storia utilizzava il musical <em>virgola<\/em> ci\u00f2 equivale a 22,6415 centesimi e il suo terzo valore \u00e8 7,55 centesimi, chiamandolo buk el-nunu, ovvero il <em>bocca del bambino<\/em> come riportato dai primi scrittori greci.<\/p>\n<p>L&#039;uso di questi incrementi discreti \u201cunici\u201d della virgola egiziana e del buk-nunu \u00e8 stato dimostrato con coerenza in tutti gli strumenti dell&#039;antico Egitto.<\/p>\n<p>Nelle distanze tra i buchi degli strumenti a fiato.<\/p>\n<p><a href=\"http:\/\/egyptianwisdomcenter.org\/wp-content\/uploads\/2019\/02\/emus-ch1-photo2-96c.jpg\"><img loading=\"lazy\" decoding=\"async\" class=\"size-full wp-image-1481 aligncenter\" src=\"http:\/\/egyptianwisdomcenter.org\/wp-content\/uploads\/2019\/02\/emus-ch1-photo2-96c.jpg\" alt=\"\" width=\"192\" height=\"152\" \/><\/a><\/p>\n<p>Nelle distanze tra i tasti negli strumenti a corda.<\/p>\n<p><a href=\"http:\/\/egyptianwisdomcenter.org\/wp-content\/uploads\/2019\/02\/frets2.png\"><img loading=\"lazy\" decoding=\"async\" class=\"size-full wp-image-395 aligncenter\" src=\"http:\/\/egyptianwisdomcenter.org\/wp-content\/uploads\/2019\/02\/frets2.png\" alt=\"\" width=\"357\" height=\"124\" \/><\/a><\/p>\n<p>Nei rapporti tra le lunghezze delle corde dell&#039;arpa.<\/p>\n<p><a href=\"http:\/\/egyptianwisdomcenter.org\/wp-content\/uploads\/2019\/02\/harper.png\"><img loading=\"lazy\" decoding=\"async\" class=\"size-full wp-image-384 aligncenter\" src=\"http:\/\/egyptianwisdomcenter.org\/wp-content\/uploads\/2019\/02\/harper.png\" alt=\"\" width=\"194\" height=\"257\" \/><\/a><\/p>\n<p>Ogni virgola egiziana \u00e8 composta da tre parti uguali, che gli egiziani chiamavano\/chiamano <strong>buk-nunu<\/strong>-che significa il <em>bocca del bambino<\/em>. Questo era\/\u00e8 un termine egiziano e non arabo (la bocca di un bambino in arabo lo \u00e8 <em>Fam El Radee-a<\/em>). \u00c8 da notare che la divisione in terzi \u00e8 coerente con il concetto di Quinta, poich\u00e9 2\/3 di virgola sono la Quinta all&#039;interno della virgola.<\/p>\n<p>I tre <strong>buk-nunu<\/strong> racchiusi in una virgola sono da considerare i Tre in Uno, il concetto egiziano di trinit\u00e0 [maggiori informazioni su questo argomento in <em>Cosmologia egiziana: l&#039;universo animato<\/em>, dello stesso autore].<\/p>\n<p>La dimensione di <strong>buk-nunu<\/strong> \u00e8 direttamente correlato al caratteristico calendario dell&#039;Antico Egitto, come vedremo nel prossimo capitolo.<\/p>\n<p>&nbsp;<\/p>\n<div dir=\"auto\">\n<div>\n<p style=\"padding-left: 30px;\"><strong style=\"font-size: 16px;\">[Un estratto da <span style=\"color: #ff0000;\">Il duraturo sistema musicale dell&#039;antico Egitto, teoria e pratica<\/span>: Seconda edizione di Moustafa Gadalla]<br \/>\n<a href=\"https:\/\/egyptianwisdomcenter.org\/it\/prodotto\/la-duratura-teoria-e-pratica-del-sistema-musicale-egiziano-seconda-edizione\/\"><span style=\"color: #0000ff;\">https:\/\/egyptianwisdomcenter.org\/product\/strumenti-musicali-egizi\/<\/span><\/a><\/strong><\/p>\n<p style=\"padding-left: 30px;\"><strong style=\"font-size: 16px;\"><br \/>\n<\/strong><img decoding=\"async\" class=\"aligncenter\" src=\"https:\/\/egyptianwisdomcenter.org\/wp-content\/uploads\/2023\/01\/strumenti-musicali-egizi-2.jpg\" \/><\/p>\n<\/div>\n<p style=\"padding-left: 30px;\"><a href=\"https:\/\/egyptianwisdomcenter.org\/it\/prodotto\/la-duratura-teoria-e-pratica-del-sistema-musicale-egiziano-seconda-edizione\/\"><strong style=\"font-size: 16px;\"><span style=\"color: #0000ff;\">https:\/\/egyptianwisdomcenter.org\/product\/strumenti-musicali-egizi\/<\/span><\/strong><\/a><\/p>\n<\/div>","protected":false},"excerpt":{"rendered":"<p>The Cycle Of Fifths And The Egyptian Musical Measuring Unit &nbsp; 1. Panta (All) Is A Derivative Of Pente (Five) The Ancient [&hellip;]<\/p>","protected":false},"author":3,"featured_media":0,"parent":0,"menu_order":0,"comment_status":"closed","ping_status":"closed","template":"","meta":{"footnotes":""},"class_list":["post-421","page","type-page","status-publish","hentry"],"aioseo_notices":[],"_links":{"self":[{"href":"https:\/\/egyptianwisdomcenter.org\/it\/wp-json\/wp\/v2\/pages\/421","targetHints":{"allow":["GET"]}}],"collection":[{"href":"https:\/\/egyptianwisdomcenter.org\/it\/wp-json\/wp\/v2\/pages"}],"about":[{"href":"https:\/\/egyptianwisdomcenter.org\/it\/wp-json\/wp\/v2\/types\/page"}],"author":[{"embeddable":true,"href":"https:\/\/egyptianwisdomcenter.org\/it\/wp-json\/wp\/v2\/users\/3"}],"replies":[{"embeddable":true,"href":"https:\/\/egyptianwisdomcenter.org\/it\/wp-json\/wp\/v2\/comments?post=421"}],"version-history":[{"count":0,"href":"https:\/\/egyptianwisdomcenter.org\/it\/wp-json\/wp\/v2\/pages\/421\/revisions"}],"wp:attachment":[{"href":"https:\/\/egyptianwisdomcenter.org\/it\/wp-json\/wp\/v2\/media?parent=421"}],"curies":[{"name":"wp","href":"https:\/\/api.w.org\/{rel}","templated":true}]}}