{"id":429,"date":"2018-11-04T00:00:00","date_gmt":"2018-11-04T04:00:00","guid":{"rendered":"http:\/\/egyptianwisdomcenter.org\/the-all-encompassing-capacities-of-ancient-egyptian-harps\/"},"modified":"2023-01-03T00:41:51","modified_gmt":"2023-01-03T05:41:51","slug":"the-all-encompassing-capacities-of-ancient-egyptian-harps-2","status":"publish","type":"page","link":"https:\/\/egyptianwisdomcenter.org\/it\/le-capacita-onnicomprensive-delle-antiche-arpe-egiziane-2\/","title":{"rendered":"Le capacit\u00e0 onnicomprensive delle antiche arpe egiziane"},"content":{"rendered":"<h2 style=\"text-align: center;\"><span style=\"color: #ff0000;\">Le capacit\u00e0 onnicomprensive delle antiche arpe egiziane<\/span><\/h2>\n<p>&nbsp;<\/p>\n<p>Le arpe dell&#039;antico Egitto variavano notevolmente nella forma, nelle dimensioni e nel numero delle corde. Sono rappresentati nei dipinti antichi con 4, 6, 7, 8, 9, 10, 11, 12, 14, 17, 20, 21 e 22 corde.<\/p>\n<p><a href=\"http:\/\/egyptianwisdomcenter.org\/wp-content\/uploads\/2019\/02\/emus-ch15-photo4-96c.jpg\"><img decoding=\"async\" class=\"size-full wp-image-1406 aligncenter\" src=\"http:\/\/egyptianwisdomcenter.org\/wp-content\/uploads\/2019\/02\/emus-ch15-photo4-96c.jpg\" alt=\"\" width=\"259\" height=\"168\" \/><\/a><\/p>\n<p><a href=\"http:\/\/egyptianwisdomcenter.org\/wp-content\/uploads\/2019\/02\/emus-ch15-photo5-96c.jpg\"><img fetchpriority=\"high\" decoding=\"async\" class=\"size-full wp-image-1407 aligncenter\" src=\"http:\/\/egyptianwisdomcenter.org\/wp-content\/uploads\/2019\/02\/emus-ch15-photo5-96c.jpg\" alt=\"\" width=\"259\" height=\"196\" \/><\/a><\/p>\n<p><a href=\"http:\/\/egyptianwisdomcenter.org\/wp-content\/uploads\/2019\/02\/emus-ch15-photo6-96c.jpg\"><img decoding=\"async\" class=\"wp-image-1408 aligncenter\" src=\"http:\/\/egyptianwisdomcenter.org\/wp-content\/uploads\/2019\/02\/emus-ch15-photo6-96c.jpg\" alt=\"\" width=\"181\" height=\"254\" \/><\/a><\/p>\n<div>\n<p>Esistevano fondamentalmente due tipi di arpe:<\/p>\n<p style=\"padding-left: 30px;\"><strong>1. <\/strong>La piccola arpa portatile (da spalla) (arco poco profondo). Le arpe da spalla si trovano in gran numero nei musei di tutto il mondo. Come tutti gli strumenti del genere, avevano una regolazione che poteva essere spostata dalla parte anteriore a quella posteriore e dall&#039;alto verso il basso o viceversa. Era una specie di asta di sospensione per le corde, che consentiva una rapida accordatura su diverse altezze.<\/p>\n<p style=\"padding-left: 30px;\"><a href=\"https:\/\/emus.pressbooks.com\/wp-content\/uploads\/sites\/42623\/2015\/11\/portable-harp.png\"><img loading=\"lazy\" decoding=\"async\" class=\"aligncenter wp-image-800 size-full\" src=\"http:\/\/egyptianwisdomcenter.org\/wp-content\/uploads\/2019\/02\/portable-harp-e1484696124557.png\" width=\"136\" height=\"190\" \/><\/a><\/p>\n<p style=\"padding-left: 30px;\"><strong>2. <\/strong>L&#039;arpa pi\u00f9 grande, arcuata (ad arco) o arpa angolare. Ci sono state diverse variazioni delle grandi arpe in Egitto, ad esempio nella loro struttura e dimensione, a seconda del reggicorda e se si trova sulla parte superiore o inferiore e se il risonatore \u00e8 diritto o piegato. [Qui \u00e8 mostrata una scena della tomba di Amenemhet, Beni Hassan, 12<sup>th<\/sup> Dinastia.]<\/p>\n<p style=\"padding-left: 30px;\"><a href=\"https:\/\/emus.pressbooks.com\/wp-content\/uploads\/sites\/42623\/2015\/11\/bow-harp.png\"><img loading=\"lazy\" decoding=\"async\" class=\"aligncenter wp-image-801 size-full\" src=\"http:\/\/egyptianwisdomcenter.org\/wp-content\/uploads\/2019\/02\/bow-harp-e1484696139970.png\" width=\"138\" height=\"160\" \/><\/a><\/p>\n<p>Per quanto riguarda il suono, non c&#039;\u00e8 quasi alcuna differenza tra l&#039;arco e l&#039;arpa angolare.<\/p>\n<p>La numerosa variet\u00e0 delle arpe dell&#039;antico Egitto rivela la ricchezza delle loro capacit\u00e0 di produzione musicale. La seguente panoramica si basa solo sul rapporto tra le stringhe aperte.<\/p>\n<p>&gt; Va notato che molti pi\u00f9 toni musicali pi\u00f9 piccoli possono essere ottenuti suonando con una sola mano, come mostrato in precedenza.<\/p>\n<p style=\"padding-left: 30px;\"><strong>1. <\/strong>Con arpe da 4 a 22 corde, alcune arpe sarebbero state in grado di produrre un&#039;ampia gamma di note per diverse ottave. Il rapporto tra il pi\u00f9 breve e il pi\u00f9 lungo \u00e8 da 1:3 a 1:4 (cio\u00e8 da 1 a 2 ottave). Con la tecnica di suonare con una sola mano [vedi sezione precedente] si possono ottenere possibilit\u00e0 illimitate di vari toni e ottave.<\/p>\n<p style=\"padding-left: 30px;\"><strong>2. <\/strong>Gli intervalli di quarta, quinta e ottava erano i pi\u00f9 comuni nelle rappresentazioni dell&#039;antico Egitto. Curt Sachs [nel suo libro, <em>Storia degli strumenti musicali<\/em>] ha scoperto che su 17 arpisti rappresentati nelle opere d&#039;arte egiziane con sufficiente realismo e distinzione per essere registrazioni affidabili, sette suonano un accordo di quarta, cinque un accordo di quinta e cinque un accordo di ottava.<\/p>\n<p style=\"padding-left: 30px;\"><strong>3. <\/strong>Il rapporto tra la corda pi\u00f9 corta e quella pi\u00f9 lunga di diverse arpe dell&#039;antico Egitto \u00e8 di circa 2:3. Poich\u00e9 questo intervallo \u00e8 diviso tra cinque corde, la scala fornirebbe una gamma di toni compresa tra i mezzi toni e i toni pieni. Sulle arpe a dieci corde, ci\u00f2 darebbe un intervallo medio di un semitono (minore) (90 centesimi = 4 virgole).<\/p>\n<p style=\"padding-left: 30px;\"><strong>4. <\/strong>Una delle due arpe trovate nella tomba di Ramses III ha 13 corde, dove se rappresentata la corda pi\u00f9 lunga <em>pro-lambanomenos<\/em>, O <em>D<\/em>, le restanti 12 corde fornirebbero pi\u00f9 che tutti i toni, semitoni e quarti di tono dei generi diatonico, cromatico ed enarmonico, nell&#039;ambito di un&#039;ottava.<\/p>\n<p><a href=\"http:\/\/egyptianwisdomcenter.org\/wp-content\/uploads\/2019\/02\/emus-ch15-photo13-96c.jpg\"><img loading=\"lazy\" decoding=\"async\" class=\"size-full wp-image-1416 aligncenter\" src=\"http:\/\/egyptianwisdomcenter.org\/wp-content\/uploads\/2019\/02\/emus-ch15-photo13-96c.jpg\" alt=\"\" width=\"300\" height=\"172\" \/><\/a><\/p>\n<p style=\"padding-left: 30px;\">L&#039;accordatura di quest&#039;arpa a 13 corde pu\u00f2 fornire i quattro tetracordi, <em>hypaton, mesone, sinemmenone<\/em>, E <em>diezeugnenon<\/em>, con <em>proslambanomenos<\/em> in basso:<\/p>\n<p style=\"padding-left: 30px;\"><a href=\"http:\/\/egyptianwisdomcenter.org\/wp-content\/uploads\/2019\/02\/scale.png\" rel=\"attachment wp-att-385\"><img loading=\"lazy\" decoding=\"async\" class=\"aligncenter size-medium wp-image-385\" src=\"http:\/\/egyptianwisdomcenter.org\/wp-content\/uploads\/2019\/02\/scale-300x51.png\" alt=\"scala\" width=\"300\" height=\"51\" \/><\/a><\/p>\n<p style=\"padding-left: 30px;\"><strong>5. <\/strong>Si \u00e8 scoperto che le arpe pi\u00f9 frequentemente raffigurate avevano sette corde e, secondo lo studio di Curt Sachs sugli strumenti egiziani, gli egiziani accordavano le loro arpe nella stessa serie diatonica di intervalli.<\/p>\n<p style=\"padding-left: 30px;\"><strong>6. <\/strong>Sembra che un&#039;arpa dell&#039;antico Egitto con 20 corde [trovata a Luxor (Tebe)] avesse la scala pentatonica che correva su quattro ottave. E l&#039;arpa a 21 corde [del Museo di Parigi] probabilmente aveva lo stesso ordine di intervalli, con l&#039;aggiunta della nota chiave in alto.<\/p>\n<p>&nbsp;<\/p>\n<p style=\"padding-left: 30px;\"><strong style=\"font-size: 16px;\">[Un estratto da <span style=\"color: #ff0000;\">Il duraturo sistema musicale dell&#039;antico Egitto, teoria e pratica<\/span>: Seconda edizione di Moustafa Gadalla]<br \/>\n<a href=\"https:\/\/egyptianwisdomcenter.org\/it\/prodotto\/la-duratura-teoria-e-pratica-del-sistema-musicale-egiziano-seconda-edizione\/\"><span style=\"color: #0000ff;\">https:\/\/egyptianwisdomcenter.org\/product\/strumenti-musicali-egizi\/<\/span><\/a><\/strong><\/p>\n<p style=\"padding-left: 30px;\"><strong style=\"font-size: 16px;\"><br \/>\n<\/strong><img decoding=\"async\" class=\"aligncenter\" src=\"https:\/\/egyptianwisdomcenter.org\/wp-content\/uploads\/2023\/01\/strumenti-musicali-egizi-2.jpg\" \/><\/p>\n<\/div>\n<p style=\"padding-left: 30px;\"><a href=\"https:\/\/egyptianwisdomcenter.org\/it\/prodotto\/la-duratura-teoria-e-pratica-del-sistema-musicale-egiziano-seconda-edizione\/\"><strong style=\"font-size: 16px;\"><span style=\"color: #0000ff;\">https:\/\/egyptianwisdomcenter.org\/product\/strumenti-musicali-egizi\/<\/span><\/strong><\/a><\/p>\n<div dir=\"auto\"><\/div>\n<div dir=\"auto\"><\/div>","protected":false},"excerpt":{"rendered":"<p>The All-Encompassing Capacities Of Ancient Egyptian Harps &nbsp; The Ancient Egyptian harps varied greatly in form, size, and the number of their [&hellip;]<\/p>","protected":false},"author":3,"featured_media":0,"parent":0,"menu_order":0,"comment_status":"closed","ping_status":"closed","template":"","meta":{"footnotes":""},"class_list":["post-429","page","type-page","status-publish","hentry"],"aioseo_notices":[],"_links":{"self":[{"href":"https:\/\/egyptianwisdomcenter.org\/it\/wp-json\/wp\/v2\/pages\/429","targetHints":{"allow":["GET"]}}],"collection":[{"href":"https:\/\/egyptianwisdomcenter.org\/it\/wp-json\/wp\/v2\/pages"}],"about":[{"href":"https:\/\/egyptianwisdomcenter.org\/it\/wp-json\/wp\/v2\/types\/page"}],"author":[{"embeddable":true,"href":"https:\/\/egyptianwisdomcenter.org\/it\/wp-json\/wp\/v2\/users\/3"}],"replies":[{"embeddable":true,"href":"https:\/\/egyptianwisdomcenter.org\/it\/wp-json\/wp\/v2\/comments?post=429"}],"version-history":[{"count":0,"href":"https:\/\/egyptianwisdomcenter.org\/it\/wp-json\/wp\/v2\/pages\/429\/revisions"}],"wp:attachment":[{"href":"https:\/\/egyptianwisdomcenter.org\/it\/wp-json\/wp\/v2\/media?parent=429"}],"curies":[{"name":"wp","href":"https:\/\/api.w.org\/{rel}","templated":true}]}}