{"id":437,"date":"2018-11-04T00:00:00","date_gmt":"2018-11-04T04:00:00","guid":{"rendered":"http:\/\/egyptianwisdomcenter.org\/the-musical-orchestras\/"},"modified":"2023-01-03T00:42:56","modified_gmt":"2023-01-03T05:42:56","slug":"the-musical-orchestras-2","status":"publish","type":"page","link":"https:\/\/egyptianwisdomcenter.org\/it\/le-orchestre-musicali-2-2\/","title":{"rendered":"Le Orchestre Musicali"},"content":{"rendered":"<h2 style=\"text-align: center;\"><span style=\"color: #ff0000;\"><strong>L&#039;Orchestra Musicale<\/strong><\/span><\/h2>\n<p>&nbsp;<\/p>\n<p>Gli strumenti musicali differiscono per bussola, variet\u00e0 di forza di una singola nota, valore dell&#039;accento, valore di sopravvivenza, velocit\u00e0 di articolazione per una nota ripetuta e quante note ciascuno strumento pu\u00f2 suonare contemporaneamente. Pertanto, gli antichi egizi utilizzavano una variet\u00e0 di strumenti per fornire un sistema\/gamma completo di suoni musicali.<\/p>\n<p>Va notato che la panoramica degli strumenti musicali dell\u2019Antico Egitto in questo libro \u00e8 limitata agli strumenti che possono essere paragonati agli strumenti attuali. Alcuni degli strumenti degli antichi egizi differiscono troppo dalla classificazione odierna per essere classificati con qualcuno di essi.<\/p>\n<p>Le bande musicali erano varie, nell&#039;Antico Egitto. Ensemble sempre pi\u00f9 piccoli venivano impiegati per vari scopi, come evidente dalle scene musicali raffigurate negli edifici dell&#039;antico Egitto. \u00c8 sufficientemente evidente, dalle sculture degli antichi egizi, che i loro musicisti conoscevano la triplice sinfonia: l&#039;armonia di strumenti, voci, e di voci e strumenti. Il suono degli strumenti musicali era controllato dai movimenti delle mani dei direttori d&#039;orchestra (chironomidi). I gesti delle loro mani mostrano una variet\u00e0 di modi di suonare: unisono, accordo, polifonia, ecc., come mostrato in precedenza.<\/p>\n<p>L&#039;orchestra\/ensemble egiziano era costituito generalmente dai quattro gruppi di strumenti:<\/p>\n<p style=\"padding-left: 30px;\"><strong>1. <\/strong>Strumenti a corda con corde aperte, come il trigonone, la lira, l&#039;arpa, ecc. [Vedi capitolo 15.]<\/p>\n<p style=\"padding-left: 30px;\"><strong>2. <\/strong>Strumenti a corda con corde fermate sul manico, come il tanboura, la chitarra, l&#039;oud\/liuto, ecc. [Vedi Capitolo 15.]<\/p>\n<p style=\"padding-left: 30px;\"><strong>3. <\/strong>Strumenti a fiato come il flauto, la pipa, ecc. [Vedi capitolo 16.]<\/p>\n<p style=\"padding-left: 30px;\"><strong>4. <\/strong>Strumenti a percussione come tamburi, batacchi, campanelli, ecc. [Vedi capitolo 17.]<\/p>\n<p>Il chironomide presiedeva l&#039;insieme musicale e, mediante una serie di gesti, determinava l&#039;altezza e gli intervalli su cui i musicisti basavano la loro esecuzione. I dettagli di questo esame sono riportati in uno studio apposito [H. Hickmann, <em>La Chironomia nell&#039;Antico Egitto<\/em>, Rivista di lingua egiziana e dell&#039;antiquariato 83, 2, 1958.].<\/p>\n<div>\n<p>Variazioni sinfoniche e polifoniche sono rappresentate nelle scene musicali degli edifici dell&#039;Antico Egitto dell&#039;Antico Regno (4500 anni fa), con un regista che guida l&#039;intero ensemble mediante gesti visibili. Uno o pi\u00f9 chironomidi venivano raffigurati per indicare il tipo di performance. Va notato che raffigurare pi\u00f9 di un chironomide per uno strumento \u00e8 simbolico dell&#039;azione intesa nella rappresentazione artistica dell&#039;Antico Egitto.<\/p>\n<\/div>\n<p>I chironomidi egiziani guidavano i musicisti fondamentalmente in tre modi diversi, per fornire tonalit\u00e0 singole, doppie e triple, come segue:<\/p>\n<p style=\"text-align: left;\"><strong>1. <\/strong>I chironomidi indicano segni manuali identici; quindi i musicisti stanno suonando all&#039;unisono.<\/p>\n<p><a href=\"http:\/\/egyptianwisdomcenter.org\/wp-content\/uploads\/2019\/02\/chironomids.png\" rel=\"attachment wp-att-366\"><img decoding=\"async\" class=\"aligncenter size-medium wp-image-366\" src=\"http:\/\/egyptianwisdomcenter.org\/wp-content\/uploads\/2019\/02\/chironomids-300x150.png\" alt=\"chironomidi\" width=\"300\" height=\"150\" \/><\/a><\/p>\n<p><strong>2. <\/strong>I chironomidi indicano diversi segni delle mani; quindi i musicisti stanno suonando un accordo. Di seguito sono riportati due esempi:<\/p>\n<p style=\"padding-left: 30px;\"><strong>UN.<\/strong> Nella tomba di Ti [Saqqara, Antico Regno], abbiamo due chironomidi illustrati che danno segnali manuali diversi per un singolo strumento (arpa), rappresentando due suoni diversi; cio\u00e8 raffigurante un esempio di polifonia.<\/p>\n<p style=\"padding-left: 30px;\"><a href=\"http:\/\/egyptianwisdomcenter.org\/wp-content\/uploads\/2019\/02\/hand-signals-1.png\"><img decoding=\"async\" class=\"size-full wp-image-761 aligncenter\" src=\"http:\/\/egyptianwisdomcenter.org\/wp-content\/uploads\/2019\/02\/hand-signals-1.png\" alt=\"\" width=\"233\" height=\"180\" \/><\/a><\/p>\n<p style=\"padding-left: 30px;\">Questa rappresentazione di due chironomidi \u00e8 indicativa di doppia tonalit\u00e0, che potrebbe essere consecutiva o simultanea.<\/p>\n<p style=\"padding-left: 30px;\"><strong>B.<\/strong> Suonare un accordo con tre toni diversi \u00e8 raffigurato [mostrato sotto] nella tomba di Nencheftka [5<sup>th<\/sup> Dinastia, Saqqara, ora al Museo del Cairo]. Tre diversi segnali manuali sono mostrati dai chironomidi raffigurati.<\/p>\n<p style=\"padding-left: 30px;\"><a href=\"http:\/\/egyptianwisdomcenter.org\/wp-content\/uploads\/2019\/02\/playing-chord.png\"><img decoding=\"async\" class=\"size-full wp-image-780 aligncenter\" src=\"http:\/\/egyptianwisdomcenter.org\/wp-content\/uploads\/2019\/02\/playing-chord.png\" alt=\"\" width=\"400\" height=\"113\" \/><\/a><\/p>\n<p style=\"padding-left: 30px;\">Un altro esempio di polifonia composta da tre toni diversi \u00e8 presentato in una scena musicale da un rilievo della tomba di Nekauhor [Saqqara, 5<sup>th<\/sup> Dynasty, attualmente al Metropolitan Museum of Art, New York].<\/p>\n<p>&nbsp;<\/p>\n<div dir=\"auto\">\n<div>\n<p style=\"padding-left: 30px;\"><strong style=\"font-size: 16px;\">[Un estratto da <span style=\"color: #ff0000;\">Il duraturo sistema musicale dell&#039;antico Egitto, teoria e pratica<\/span>: Seconda edizione di Moustafa Gadalla]<br \/>\n<a href=\"https:\/\/egyptianwisdomcenter.org\/it\/prodotto\/la-duratura-teoria-e-pratica-del-sistema-musicale-egiziano-seconda-edizione\/\"><span style=\"color: #0000ff;\">https:\/\/egyptianwisdomcenter.org\/product\/strumenti-musicali-egizi\/<\/span><\/a><\/strong><\/p>\n<p style=\"padding-left: 30px;\"><strong style=\"font-size: 16px;\"><br \/>\n<\/strong><img decoding=\"async\" class=\"aligncenter\" src=\"https:\/\/egyptianwisdomcenter.org\/wp-content\/uploads\/2023\/01\/strumenti-musicali-egizi-2.jpg\" \/><\/p>\n<\/div>\n<p style=\"padding-left: 30px;\"><a href=\"https:\/\/egyptianwisdomcenter.org\/it\/prodotto\/la-duratura-teoria-e-pratica-del-sistema-musicale-egiziano-seconda-edizione\/\"><strong style=\"font-size: 16px;\"><span style=\"color: #0000ff;\">https:\/\/egyptianwisdomcenter.org\/product\/strumenti-musicali-egizi\/<\/span><\/strong><\/a><\/p>\n<\/div>","protected":false},"excerpt":{"rendered":"<p>The Musical Orchestra &nbsp; Musical instruments differ in compass, the variety of\u00a0 strength\u00a0 of\u00a0 a\u00a0 single\u00a0 note,\u00a0 accent\u00a0 value,\u00a0 survival value, the [&hellip;]<\/p>","protected":false},"author":3,"featured_media":0,"parent":0,"menu_order":0,"comment_status":"closed","ping_status":"closed","template":"","meta":{"footnotes":""},"class_list":["post-437","page","type-page","status-publish","hentry"],"aioseo_notices":[],"_links":{"self":[{"href":"https:\/\/egyptianwisdomcenter.org\/it\/wp-json\/wp\/v2\/pages\/437","targetHints":{"allow":["GET"]}}],"collection":[{"href":"https:\/\/egyptianwisdomcenter.org\/it\/wp-json\/wp\/v2\/pages"}],"about":[{"href":"https:\/\/egyptianwisdomcenter.org\/it\/wp-json\/wp\/v2\/types\/page"}],"author":[{"embeddable":true,"href":"https:\/\/egyptianwisdomcenter.org\/it\/wp-json\/wp\/v2\/users\/3"}],"replies":[{"embeddable":true,"href":"https:\/\/egyptianwisdomcenter.org\/it\/wp-json\/wp\/v2\/comments?post=437"}],"version-history":[{"count":0,"href":"https:\/\/egyptianwisdomcenter.org\/it\/wp-json\/wp\/v2\/pages\/437\/revisions"}],"wp:attachment":[{"href":"https:\/\/egyptianwisdomcenter.org\/it\/wp-json\/wp\/v2\/media?parent=437"}],"curies":[{"name":"wp","href":"https:\/\/api.w.org\/{rel}","templated":true}]}}