{"id":441,"date":"2018-11-04T00:00:00","date_gmt":"2018-11-04T04:00:00","guid":{"rendered":"http:\/\/egyptianwisdomcenter.org\/the-rhythmic-timing\/"},"modified":"2023-10-20T10:31:22","modified_gmt":"2023-10-20T14:31:22","slug":"the-rhythmic-timing-2","status":"publish","type":"page","link":"https:\/\/egyptianwisdomcenter.org\/it\/il-tempo-ritmico-2\/","title":{"rendered":"Il timing ritmico"},"content":{"rendered":"<h2 style=\"text-align: center;\"><span style=\"color: #ff0000;\">Il timing ritmico<\/span><\/h2>\n<p>&nbsp;<\/p>\n<p>L\u2019effetto emotivo della musica dipende in gran parte dal tipo di ritmo che impiega. Ritmo significa flusso: un movimento che aumenta e diminuisce di intensit\u00e0. Il flusso del ritmo assume molte forme nella musica. Gran parte del colore e della personalit\u00e0 della musica deriva dal suo ritmo. Questo pu\u00f2 essere il contrasto di impulsi forti e deboli, valori di nota lunghi e brevi, tono basso e alto, lento o veloce, uniforme o irregolare, con accenti frequenti o poco frequenti. Le combinazioni di questi elementi conferiscono al ritmo il suo carattere.<\/p>\n<p>Oltre all&#039;esecuzione musicale, il tempismo ritmico \u00e8 applicabile anche a: musica\/parole\/frasi dipende dalla sensazione e dalla memoria; infatti non dobbiamo solo sentire i suoni nell&#039;istante in cui colpiscono lo strumento, ma ricordare quelli che erano stati suonati prima, per poterli confrontare insieme. L&#039;elemento temporale che separa i toni consecutivi \u00e8 il fattore organizzativo nell&#039;udire, sentire e comprendere l&#039;intento della musica o delle parole\/frasi pronunciate.<\/p>\n<p>Il ritmo dell\u2019essere umano \u00e8 per lo pi\u00f9 legato al battito cardiaco. Il ritmo ha un effetto sul cuore e si misura anche con esso. Abbiamo un orologio incorporato dentro di noi, il polso, la cui frequenza normale \u00e8 di circa 72 battiti al minuto. [Vedi anche la relazione tra il numero 72 e buk-nunu nel testo precedente.] \u00c8 con questo metro che giudichiamo gli eventi rapidi o lenti: il loro ritmo. Quando il ritmo musicale varia dal battito cardiaco (pi\u00f9 veloce o pi\u00f9 lento), si verificher\u00e0 un&#039;eccitazione innaturale.<\/p>\n<p>Musica pi\u00f9 lenta = quiete, dolcezza, tristezza<br \/>\nTempo pi\u00f9 veloce = felicit\u00e0, gioia, vitalit\u00e0<\/p>\n<p>I numeri 2 e 3 sono i numeri di Iside e Osiride, i regolatori dell&#039;intero universo, come mostrato in precedenza. In quanto tale, praticamente tutta l&#039;organizzazione ritmica si basa su uno dei due schemi generali: il binario \u2013 forte, alternato con un tempo debole, o il ternario \u2013 forte, seguito da due tempi deboli. L&#039;uno o l&#039;altro di questi tipi \u00e8 alla base della struttura ritmica di ogni composizione. Il ritmo binario o ternario sottostante \u00e8 noto come ritmo fondamentale. Le suddivisioni di questi battiti che compaiono nel quadro generale sono chiamate ritmo sussidiario.<\/p>\n<p>I numeri 2 e 3 sono legati al ritmo naturale della respirazione e quindi si riflettono nel metodo binario e ternario di misurazione del tempo nell&#039;esecuzione musicale. Quando una persona dorme tranquillamente, il tempo tra l&#039;espirazione e l&#039;inspirazione \u00e8 due volte pi\u00f9 lungo di quello tra l&#039;inspirazione e l&#039;espirazione. \u00c8 l&#039;idea alla base di tutte le forme musicali. L&#039;in-out e l&#039;alternanza di tensione e rilassamento governano tutte le ulteriori manifestazioni.<\/p>\n<p>Battere il tempo nella musica \u00e8 molto importante, perch\u00e9 se un musicista (non un percussionista) perde il tempo, la musica suona fuori tempo e l&#039;orecchio tende a smettere di ascoltare e ad andare alla deriva. Il battito \u00e8 la pulsazione costante. Funziona come un righello con il quale possiamo misurare la durata di una nota e il tempo tra le note. Il battito del tempo pu\u00f2 essere ottenuto in uno dei seguenti modi:<\/p>\n<p style=\"padding-left: 30px;\"><strong>1. <\/strong>I musicisti imparano a tenere il tempo con l&#039;aiuto di sillabe onomatopeiche, in silenzio. La corrispondenza tra sillabe e note musicali rende questo metodo di misurazione del tempo molto naturale.<\/p>\n<p style=\"padding-left: 30px;\">Cantare con\/con la musica segue lo stesso schema e pu\u00f2 essere realizzato in due modi: 1) utilizzando determinate sillabe per la durata della nota e\/o per il tempo tra le note; 2) oppure una ricorrenza pari o alternata di numeri, contando da s\u00e9.<\/p>\n<p style=\"padding-left: 30px;\">Di solito vengono utilizzate due dimensioni di sillabe: corta e lunga \u2013 cio\u00e8 una vocale lunga\/pi\u00f9 lunga, in un rapporto di 2:1. Questi due elementi di base sono utilizzati in numerose variazioni per metri variabili: la sequenza di movimenti e pause contenuta in ciascun segmento temporale.<\/p>\n<p style=\"padding-left: 30px;\"><strong>2. <\/strong>Il battito dei piedi \u00e8 raffigurato nelle scene musicali dell&#039;Antico Egitto [mostrato in basso a destra] come metodo per tenere il tempo.<\/p>\n<p style=\"padding-left: 30px;\"><a href=\"http:\/\/egyptianwisdomcenter.org\/wp-content\/uploads\/2019\/02\/footstamping.png\"><img fetchpriority=\"high\" decoding=\"async\" class=\"size-full wp-image-781 aligncenter\" src=\"http:\/\/egyptianwisdomcenter.org\/wp-content\/uploads\/2019\/02\/footstamping.png\" alt=\"\" width=\"306\" height=\"166\" \/><\/a><\/p>\n<p style=\"padding-left: 30px;\"><strong>3. <\/strong>In molte rappresentazioni musicali negli edifici dell&#039;Antico Egitto, i musicisti sono accompagnati da una persona che batte le mani o usa i battagli per mantenere i musicisti a tempo.<\/p>\n<p><a href=\"http:\/\/egyptianwisdomcenter.org\/wp-content\/uploads\/2019\/02\/emus-ch12-photo1-96c.jpg\"><img decoding=\"async\" class=\"size-full wp-image-1396 aligncenter\" src=\"http:\/\/egyptianwisdomcenter.org\/wp-content\/uploads\/2019\/02\/emus-ch12-photo1-96c.jpg\" alt=\"\" width=\"278\" height=\"162\" \/><\/a><\/p>\n<p style=\"padding-left: 30px;\">\u00a0<strong>4. <\/strong>Gli egiziani utilizzavano i modelli di tamburi di piccoli tamburi a mano, il tamburo a calice (<em>tabla\/darabukkah<\/em>), il tamburo a cornice (<em>riqq<\/em> O <em>catrame<\/em>), o la coppia di tamburi (naqqar<em>A<\/em>) per regolare l&#039;orario.<\/p>\n<p><img decoding=\"async\" class=\"aligncenter\" src=\"https:\/\/scontent-iad3-1.xx.fbcdn.net\/v\/t1.0-9\/44223955_2171266219610740_1798531977700179968_n.jpg?_nc_cat=101&amp;_nc_ht=scontent-iad3-1.xx&amp;oh=892e3250502f62e8e76c85ad3d367372&amp;oe=5C6E89BC\" alt=\"Nessun testo alternativo automatico disponibile.\" \/><\/p>\n<p><a href=\"http:\/\/egyptianwisdomcenter.org\/wp-content\/uploads\/2019\/02\/emus-ch12-photo2-96c.jpg\"><img decoding=\"async\" class=\"size-full wp-image-1397 aligncenter\" src=\"http:\/\/egyptianwisdomcenter.org\/wp-content\/uploads\/2019\/02\/emus-ch12-photo2-96c.jpg\" alt=\"\" width=\"144\" height=\"212\" \/><\/a><\/p>\n<p><a href=\"http:\/\/egyptianwisdomcenter.org\/wp-content\/uploads\/2019\/02\/emus-ch12-photo3-96c.jpg\"><img loading=\"lazy\" decoding=\"async\" class=\"size-full wp-image-1398 aligncenter\" src=\"http:\/\/egyptianwisdomcenter.org\/wp-content\/uploads\/2019\/02\/emus-ch12-photo3-96c.jpg\" alt=\"\" width=\"227\" height=\"244\" \/><\/a><\/p>\n<p><img decoding=\"async\" class=\"aligncenter\" src=\"http:\/\/egyptianwisdomcenter.org\/wp-content\/uploads\/2019\/02\/44197045_2171267232943972_6908814371493773312_n.jpg\" alt=\"Nessun testo alternativo automatico disponibile.\" \/><\/p>\n<p style=\"padding-left: 30px;\"><strong>5. <\/strong>Le pratiche egiziane classiche avevano due tipi di ritmi che funzionavano in combinazione: <strong>silenzioso e udibile<\/strong>.<\/p>\n<p style=\"padding-left: 60px;\">\u2022 <strong>Gesti silenziosi<\/strong> venivano usati nell&#039;Antico Egitto, in vari modi dando segnali, come: sollevare l&#039;avambraccio, girare il palmo verso l&#039;alto o verso il basso, allungare o raddoppiare le dita; una mano tenuta parzialmente fuori con pollice e indice che formano un cerchio e le altre dita tenute rigidamente, mentre l&#039;altra mano \u00e8 posta sull&#039;orecchio o sul ginocchio in posizione rilassata, con il palmo rivolto verso l&#039;alto o verso il basso. Il pollice pu\u00f2 essere alzato o piegato contro l&#039;indice.<\/p>\n<p style=\"padding-left: 30px;\"><a href=\"http:\/\/egyptianwisdomcenter.org\/wp-content\/uploads\/2019\/02\/time-beating.png\"><img loading=\"lazy\" decoding=\"async\" class=\"size-full wp-image-786 aligncenter\" src=\"http:\/\/egyptianwisdomcenter.org\/wp-content\/uploads\/2019\/02\/time-beating.png\" alt=\"\" width=\"397\" height=\"147\" \/><\/a><\/p>\n<p style=\"padding-left: 60px;\">Nell&#039;eseguire questi movimenti le mani si alternavano da membro a membro con la mano destra; la mano sinistra; ed entrambe le mani.<\/p>\n<p style=\"padding-left: 60px;\">Anche le dita si alternavano. Nel tempo doppio, le quattro parti di un periodo venivano denotate indicando prima con il mignolo e successivamente aggiungendo l&#039;anulare, il medio e l&#039;indice.<\/p>\n<p><a href=\"http:\/\/egyptianwisdomcenter.org\/wp-content\/uploads\/2019\/02\/emus-ch12-photo4-96c.jpg\"><img loading=\"lazy\" decoding=\"async\" class=\"size-full wp-image-1399 aligncenter\" src=\"http:\/\/egyptianwisdomcenter.org\/wp-content\/uploads\/2019\/02\/emus-ch12-photo4-96c.jpg\" alt=\"\" width=\"295\" height=\"163\" \/><\/a><\/p>\n<p><a href=\"http:\/\/egyptianwisdomcenter.org\/wp-content\/uploads\/2019\/02\/emus-ch12-photo5-96c.jpg\"><img loading=\"lazy\" decoding=\"async\" class=\"size-full wp-image-1400 aligncenter\" src=\"http:\/\/egyptianwisdomcenter.org\/wp-content\/uploads\/2019\/02\/emus-ch12-photo5-96c.jpg\" alt=\"\" width=\"288\" height=\"210\" \/><\/a><\/p>\n<p><a href=\"http:\/\/egyptianwisdomcenter.org\/wp-content\/uploads\/2019\/02\/emus-ch12-photo6-96c.jpg\"><img loading=\"lazy\" decoding=\"async\" class=\"size-full wp-image-1401 aligncenter\" src=\"http:\/\/egyptianwisdomcenter.org\/wp-content\/uploads\/2019\/02\/emus-ch12-photo6-96c.jpg\" alt=\"\" width=\"288\" height=\"76\" \/><\/a><\/p>\n<div>\n<p style=\"padding-left: 60px;\">\u2022 <strong>Battiti udibili<\/strong> venivano forniti anche schioccando le dita; schiaffi (come la coscia) con la mano destra o con la mano sinistra; o schiaffi con entrambe le mani.<\/p>\n<p style=\"padding-left: 60px;\">Nella tomba di Amenemhet a Luxor (Tebe), datata ca. 1500 a.C., \u00e8 raffigurato un direttore d&#039;orchestra in piedi davanti e di fronte agli artisti, che batte il tempo con il tallone destro e fa schioccare sia i pollici che gli indici.<\/p>\n<p style=\"padding-left: 60px;\"><a href=\"http:\/\/egyptianwisdomcenter.org\/wp-content\/uploads\/2019\/02\/conductor.png\"><img loading=\"lazy\" decoding=\"async\" class=\"size-full wp-image-791 aligncenter\" src=\"http:\/\/egyptianwisdomcenter.org\/wp-content\/uploads\/2019\/02\/conductor.png\" alt=\"\" width=\"110\" height=\"172\" \/><\/a><\/p>\n<p><a href=\"http:\/\/egyptianwisdomcenter.org\/wp-content\/uploads\/2019\/02\/emus-ch12-photo7-96c.jpg\"><img loading=\"lazy\" decoding=\"async\" class=\"wp-image-1402 aligncenter\" src=\"http:\/\/egyptianwisdomcenter.org\/wp-content\/uploads\/2019\/02\/emus-ch12-photo7-96c.jpg\" alt=\"\" width=\"240\" height=\"213\" \/><\/a><\/p>\n<\/div>\n<p>&nbsp;<\/p>\n<div dir=\"auto\">\n<div>\n<p style=\"padding-left: 30px;\"><strong style=\"font-size: 16px;\">[Un estratto da <span style=\"color: #ff0000;\">Il duraturo sistema musicale dell&#039;antico Egitto, teoria e pratica<\/span>: Seconda edizione di Moustafa Gadalla]<br \/>\n<a href=\"https:\/\/egyptianwisdomcenter.org\/it\/prodotto\/la-duratura-teoria-e-pratica-del-sistema-musicale-egiziano-seconda-edizione\/\"><span style=\"color: #0000ff;\">https:\/\/egyptianwisdomcenter.org\/product\/strumenti-musicali-egizi\/<\/span><\/a><\/strong><\/p>\n<p style=\"padding-left: 30px;\"><strong style=\"font-size: 16px;\"><br \/>\n<\/strong><img decoding=\"async\" class=\"aligncenter\" src=\"https:\/\/egyptianwisdomcenter.org\/wp-content\/uploads\/2023\/01\/strumenti-musicali-egizi-2.jpg\" \/><\/p>\n<\/div>\n<p style=\"padding-left: 30px;\"><a href=\"https:\/\/egyptianwisdomcenter.org\/it\/prodotto\/la-duratura-teoria-e-pratica-del-sistema-musicale-egiziano-seconda-edizione\/\"><strong style=\"font-size: 16px;\"><span style=\"color: #0000ff;\">https:\/\/egyptianwisdomcenter.org\/product\/strumenti-musicali-egizi\/<\/span><\/strong><\/a><\/p>\n<\/div>","protected":false},"excerpt":{"rendered":"<p>The Rhythmic Timing &nbsp; The emotional effect of music depends largely upon the type of rhythm that it employs. Rhythm means flow: [&hellip;]<\/p>","protected":false},"author":3,"featured_media":0,"parent":0,"menu_order":0,"comment_status":"closed","ping_status":"closed","template":"","meta":{"footnotes":""},"class_list":["post-441","page","type-page","status-publish","hentry"],"aioseo_notices":[],"_links":{"self":[{"href":"https:\/\/egyptianwisdomcenter.org\/it\/wp-json\/wp\/v2\/pages\/441","targetHints":{"allow":["GET"]}}],"collection":[{"href":"https:\/\/egyptianwisdomcenter.org\/it\/wp-json\/wp\/v2\/pages"}],"about":[{"href":"https:\/\/egyptianwisdomcenter.org\/it\/wp-json\/wp\/v2\/types\/page"}],"author":[{"embeddable":true,"href":"https:\/\/egyptianwisdomcenter.org\/it\/wp-json\/wp\/v2\/users\/3"}],"replies":[{"embeddable":true,"href":"https:\/\/egyptianwisdomcenter.org\/it\/wp-json\/wp\/v2\/comments?post=441"}],"version-history":[{"count":1,"href":"https:\/\/egyptianwisdomcenter.org\/it\/wp-json\/wp\/v2\/pages\/441\/revisions"}],"predecessor-version":[{"id":68344,"href":"https:\/\/egyptianwisdomcenter.org\/it\/wp-json\/wp\/v2\/pages\/441\/revisions\/68344"}],"wp:attachment":[{"href":"https:\/\/egyptianwisdomcenter.org\/it\/wp-json\/wp\/v2\/media?parent=441"}],"curies":[{"name":"wp","href":"https:\/\/api.w.org\/{rel}","templated":true}]}}